{"id":18480,"date":"2022-07-19T13:12:04","date_gmt":"2022-07-19T19:12:04","guid":{"rendered":"https:\/\/www.iccu.com\/services\/banca-movil-y-online\/"},"modified":"2025-11-04T09:06:31","modified_gmt":"2025-11-04T16:06:31","slug":"online-banking","status":"publish","type":"page","link":"https:\/\/www.iccu.com\/es\/services\/online-banking\/","title":{"rendered":"Banca m\u00f3vil y online"},"content":{"rendered":"\n<div class=\"wp-block-group alignfull has-light-gray-background-color has-background\"><div class=\"wp-block-group__inner-container is-layout-flow wp-block-group-is-layout-flow\">\n<div class=\"wp-block-columns alignwide is-layout-flex wp-container-core-columns-is-layout-9d6595d7 wp-block-columns-is-layout-flex\">\n<div class=\"wp-block-column is-layout-flow wp-block-column-is-layout-flow\">\n<h2 class=\"wp-block-heading alignwide has-green-color has-text-color\" id=\"h-bank-on-the-go\">\u00a1Banca sobre la marcha!<\/h2>\n\n\n\n<p class=\"has-lg-font-size\">En ICCU creemos que la banca debe ser f\u00e1cil. Te proporcionamos un c\u00f3modo acceso a las herramientas adecuadas para que puedas alcanzar el \u00e9xito financiero incluso cuando est\u00e9s fuera de casa.<\/p>\n\n\n\n<div class=\"wp-block-columns is-layout-flex wp-container-core-columns-is-layout-9d6595d7 wp-block-columns-is-layout-flex\">\n<div class=\"wp-block-column is-layout-flow wp-block-column-is-layout-flow\">\n<h3 class=\"wp-block-heading is-style-default has-gray-color has-text-color\" id=\"h-videochat\"><a href=\"https:\/\/www.iccu.com\/es\/contact\/video-chat\/\">VideoChat<\/a><\/h3>\n\n\n\n<p class=\"has-lg-font-size\">Realiza operaciones bancarias cara a cara desde cualquier parte del mundo con un agente de servicio en directo a trav\u00e9s del VideoChat de ICCU. No s\u00f3lo es c\u00f3modo, sino que es seguro y f\u00e1cil de usar para hacer preguntas sobre la cuenta, abrir una cuenta nueva, solicitar un pr\u00e9stamo, \u00a1y mucho m\u00e1s! <\/p>\n\n\n\n<h3 class=\"wp-block-heading has-gray-color has-text-color\" id=\"h-cardcontrol\"><a href=\"https:\/\/www.iccu.com\/es\/services\/card-control\/\">CardControl<\/a><\/h3>\n\n\n\n<p class=\"has-lg-font-size\">Mant\u00e9n el control de todas tus tarjetas Visa de ICCU con CardControl. Activa y desactiva tu(s) tarjeta(s), establece preferencias de control y alertas, fija l\u00edmites de gasto y categor\u00edas de comercios, y mucho m\u00e1s. <\/p>\n<\/div>\n\n\n\n<div class=\"wp-block-column is-layout-flow wp-block-column-is-layout-flow\">\n<h3 class=\"wp-block-heading has-gray-color has-text-color\" id=\"h-my-credit\"><strong><a href=\"https:\/\/www.iccu.com\/es\/services\/my-credit\/\">Mi cr\u00e9dito<\/a><\/strong><\/h3>\n\n\n\n<p class=\"has-lg-font-size\">Mi cr\u00e9dito es un servicio gratuito de SavvyMoney\u00ae. Mantente al tanto de tu cr\u00e9dito comprobando tu puntuaci\u00f3n, consultando tu informe crediticio y recibiendo notificaciones actualizadas de supervisi\u00f3n del cr\u00e9dito. <\/p>\n\n\n\n<h3 class=\"wp-block-heading has-gray-color has-text-color\" id=\"h-free-zelle-money-transfers\"><a href=\"https:\/\/www.iccu.com\/es\/services\/zelle\/\">Transferencias de dinero Zelle\u00ae gratuitas<\/a><\/h3>\n\n\n\n<p class=\"has-lg-font-size\"><em>Zelle<\/em> es una forma r\u00e1pida, segura y sencilla de enviar dinero a personas en las que conf\u00edas, directamente desde la aplicaci\u00f3n m\u00f3vil de ICCU, sin importar d\u00f3nde realicen sus operaciones bancarias.<\/p>\n<\/div>\n<\/div>\n<\/div>\n<\/div>\n\n\n\n<div class=\"wp-block-columns alignwide is-layout-flex wp-container-core-columns-is-layout-9d6595d7 wp-block-columns-is-layout-flex\">\n<div class=\"wp-block-column is-layout-flow wp-block-column-is-layout-flow\" style=\"flex-basis:100%\">\n<div id=\"block_3622f027c5393194e802eac91770ef11\" class=\"js-button-group is-vertical justify-center \">\n  \n\n<button id=\"block_33f30f5baa44dec593b57163889ff921\" class=\"js-button \" onclick=oao.open('%\/ebranch')>Entrar en eBranch<\/button>\n\n\n\n\n<button id=\"block_6d6d448d089488a162517d879dcb0a24\" class=\"js-button is-style-link\" onclick=oao.open('\/services\/online-banking\/download\/')>Descarga la app ICCU<\/button>\n\n\n\n<\/div>\n\n\n\n<\/div>\n<\/div>\n<\/div><\/div>\n\n<div class=\"wp-block-group alignfull has-white-background-color has-background\"><div class=\"wp-block-group__inner-container is-layout-flow wp-block-group-is-layout-flow\">\n<div class=\"wp-block-columns alignwide is-layout-flex wp-container-core-columns-is-layout-9d6595d7 wp-block-columns-is-layout-flex\">\n<div class=\"wp-block-column is-layout-flow wp-block-column-is-layout-flow\" style=\"flex-basis:100%\">\n<h2 class=\"wp-block-heading has-text-align-left\" id=\"h-more-tools-more-resources\">M\u00e1s herramientas. M\u00e1s recursos.<\/h2>\n\n\n\n<p class=\"has-text-align-left has-lg-font-size\">En ICCU, proporcionamos a cada miembro la gran atenci\u00f3n y el servicio que necesita, as\u00ed como las herramientas espec\u00edficas para alcanzar el \u00e9xito financiero. Es una forma m\u00e1s de cuidar tu equilibrio diario.<\/p>\n<\/div>\n<\/div>\n\n\n\n<div class=\"wp-block-columns alignwide is-layout-flex wp-container-core-columns-is-layout-9d6595d7 wp-block-columns-is-layout-flex\">\n<div class=\"wp-block-column is-layout-flow wp-block-column-is-layout-flow\">\n<h3 class=\"wp-block-heading has-text-align-left has-gray-color has-text-color\" id=\"h-love-the-convenience\"><strong>Me encanta la comodidad<\/strong><\/h3>\n\n\n\n<ul class=\"wp-block-list\">\n<li><a href=\"https:\/\/www.iccu.com\/es\/services\/mobile-wallet\/\">Billetera m\u00f3vil<\/a><\/li>\n\n\n\n<li><a href=\"https:\/\/www.iccu.com\/es\/services\/online-bill-pay\/\">Pago de facturas<\/a><\/li>\n\n\n\n<li><a href=\"https:\/\/www.iccu.com\/es\/services\/online-deposit\/\">Dep\u00f3sito m\u00f3vil<\/a><\/li>\n\n\n\n<li><a href=\"https:\/\/www.iccu.com\/es\/services\/money-transfers\/\">Transferencias<\/a><\/li>\n\n\n\n<li><a href=\"https:\/\/www.iccu.com\/es\/services\/account-balance-history\/\">Saldo e historial de la cuenta<\/a><\/li>\n<\/ul>\n<\/div>\n\n\n\n<div class=\"wp-block-column is-layout-flow wp-block-column-is-layout-flow\">\n<h3 class=\"wp-block-heading has-text-align-left has-gray-color has-text-color\" id=\"h-take-control\">Toma el control<\/h3>\n\n\n\n<ul class=\"wp-block-list\">\n<li><a href=\"https:\/\/www.iccu.com\/es\/services\/account-alerts\/\">Alertas de cuenta<\/a><\/li>\n\n\n\n<li><a href=\"https:\/\/www.iccu.com\/es\/services\/savings-goals\/\">Objetivos de ahorro<\/a><\/li>\n\n\n\n<li><a href=\"https:\/\/www.iccu.com\/es\/services\/statements\/\">Declaraciones electr\u00f3nicas<\/a><\/li>\n\n\n\n<li><a href=\"https:\/\/www.iccu.com\/es\/services\/stop-payment\/\">Suspensi\u00f3n del pago<\/a><\/li>\n\n\n\n<li><a href=\"https:\/\/www.iccu.com\/es\/wellness\/\">Seguimiento del gasto<\/a><\/li>\n<\/ul>\n<\/div>\n<\/div>\n<\/div><\/div>\n","protected":false},"excerpt":{"rendered":"<p>\u00a1Banca sobre la marcha! En ICCU creemos que la banca debe ser f\u00e1cil. Te proporcionamos un c\u00f3modo acceso a las [&hellip;]<\/p>\n","protected":false},"author":1,"featured_media":17215,"parent":18454,"menu_order":0,"comment_status":"closed","ping_status":"closed","template":"product-detail-page.php","meta":{"_acf_changed":false,"_searchwp_excluded":"","footnotes":""},"class_list":["post-18480","page","type-page","status-publish","has-post-thumbnail","hentry"],"acf":[],"yoast_head":"<!-- This site is optimized with the Yoast SEO Premium plugin v27.2 (Yoast SEO v27.3) - https:\/\/yoast.com\/product\/yoast-seo-premium-wordpress\/ -->\n<title>Banca m\u00f3vil y online - ICCU<\/title>\n<meta name=\"robots\" content=\"index, follow, max-snippet:-1, max-image-preview:large, max-video-preview:-1\" \/>\n<link rel=\"canonical\" href=\"https:\/\/www.iccu.com\/es\/services\/online-banking\/\" \/>\n<meta property=\"og:locale\" content=\"es_ES\" \/>\n<meta property=\"og:type\" content=\"article\" \/>\n<meta property=\"og:title\" content=\"Banca m\u00f3vil y online\" \/>\n<meta property=\"og:description\" content=\"\u00a1Banca sobre la marcha! En ICCU creemos que la banca debe ser f\u00e1cil. Te proporcionamos un c\u00f3modo acceso a las [&hellip;]\" \/>\n<meta property=\"og:url\" content=\"https:\/\/www.iccu.com\/es\/services\/online-banking\/\" \/>\n<meta property=\"og:site_name\" content=\"ICCU\" \/>\n<meta property=\"article:publisher\" content=\"https:\/\/www.facebook.com\/IdahoCentralCreditUnion\" \/>\n<meta property=\"article:modified_time\" content=\"2025-11-04T16:06:31+00:00\" \/>\n<meta property=\"og:image\" content=\"https:\/\/www.iccu.com\/wp-content\/uploads\/2023\/02\/Mobile-Online-Banking-Family-Page_Hero.webp\" \/>\n\t<meta property=\"og:image:width\" content=\"990\" \/>\n\t<meta property=\"og:image:height\" content=\"755\" \/>\n\t<meta property=\"og:image:type\" content=\"image\/webp\" \/>\n<meta name=\"twitter:card\" content=\"summary_large_image\" \/>\n<meta name=\"twitter:site\" content=\"@Idaho_Central\" \/>\n<meta name=\"twitter:label1\" content=\"Tiempo de lectura\" \/>\n\t<meta name=\"twitter:data1\" content=\"1 minuto\" \/>\n<script type=\"application\/ld+json\" class=\"yoast-schema-graph\">{\"@context\":\"https:\\\/\\\/schema.org\",\"@graph\":[{\"@type\":\"WebPage\",\"@id\":\"https:\\\/\\\/www.iccu.com\\\/es\\\/services\\\/online-banking\\\/\",\"url\":\"https:\\\/\\\/www.iccu.com\\\/es\\\/services\\\/online-banking\\\/\",\"name\":\"Banca m\u00f3vil y online - ICCU\",\"isPartOf\":{\"@id\":\"https:\\\/\\\/www.iccu.com\\\/es\\\/#website\"},\"primaryImageOfPage\":{\"@id\":\"https:\\\/\\\/www.iccu.com\\\/es\\\/services\\\/online-banking\\\/#primaryimage\"},\"image\":{\"@id\":\"https:\\\/\\\/www.iccu.com\\\/es\\\/services\\\/online-banking\\\/#primaryimage\"},\"thumbnailUrl\":\"https:\\\/\\\/www.iccu.com\\\/wp-content\\\/uploads\\\/2023\\\/02\\\/Mobile-Online-Banking-Family-Page_Hero.webp\",\"datePublished\":\"2022-07-19T19:12:04+00:00\",\"dateModified\":\"2025-11-04T16:06:31+00:00\",\"breadcrumb\":{\"@id\":\"https:\\\/\\\/www.iccu.com\\\/es\\\/services\\\/online-banking\\\/#breadcrumb\"},\"inLanguage\":\"es\",\"potentialAction\":[{\"@type\":\"ReadAction\",\"target\":[\"https:\\\/\\\/www.iccu.com\\\/es\\\/services\\\/online-banking\\\/\"]}]},{\"@type\":\"ImageObject\",\"inLanguage\":\"es\",\"@id\":\"https:\\\/\\\/www.iccu.com\\\/es\\\/services\\\/online-banking\\\/#primaryimage\",\"url\":\"https:\\\/\\\/www.iccu.com\\\/wp-content\\\/uploads\\\/2023\\\/02\\\/Mobile-Online-Banking-Family-Page_Hero.webp\",\"contentUrl\":\"https:\\\/\\\/www.iccu.com\\\/wp-content\\\/uploads\\\/2023\\\/02\\\/Mobile-Online-Banking-Family-Page_Hero.webp\",\"width\":990,\"height\":755},{\"@type\":\"BreadcrumbList\",\"@id\":\"https:\\\/\\\/www.iccu.com\\\/es\\\/services\\\/online-banking\\\/#breadcrumb\",\"itemListElement\":[{\"@type\":\"ListItem\",\"position\":1,\"name\":\"Home\",\"item\":\"https:\\\/\\\/www.iccu.com\\\/es\\\/\"},{\"@type\":\"ListItem\",\"position\":2,\"name\":\"Servicios\",\"item\":\"https:\\\/\\\/www.iccu.com\\\/es\\\/services\\\/\"},{\"@type\":\"ListItem\",\"position\":3,\"name\":\"Banca m\u00f3vil y online\"}]},{\"@type\":\"WebSite\",\"@id\":\"https:\\\/\\\/www.iccu.com\\\/es\\\/#website\",\"url\":\"https:\\\/\\\/www.iccu.com\\\/es\\\/\",\"name\":\"ICCU\",\"description\":\"Looking after your daily balance.\",\"publisher\":{\"@id\":\"https:\\\/\\\/www.iccu.com\\\/es\\\/#organization\"},\"alternateName\":\"ICCU\",\"potentialAction\":[{\"@type\":\"SearchAction\",\"target\":{\"@type\":\"EntryPoint\",\"urlTemplate\":\"https:\\\/\\\/www.iccu.com\\\/es\\\/?s={search_term_string}\"},\"query-input\":{\"@type\":\"PropertyValueSpecification\",\"valueRequired\":true,\"valueName\":\"search_term_string\"}}],\"inLanguage\":\"es\"},{\"@type\":\"Organization\",\"@id\":\"https:\\\/\\\/www.iccu.com\\\/es\\\/#organization\",\"name\":\"ICCU\",\"url\":\"https:\\\/\\\/www.iccu.com\\\/es\\\/\",\"logo\":{\"@type\":\"ImageObject\",\"inLanguage\":\"es\",\"@id\":\"https:\\\/\\\/www.iccu.com\\\/es\\\/#\\\/schema\\\/logo\\\/image\\\/\",\"url\":\"https:\\\/\\\/www.iccu.com\\\/wp-content\\\/uploads\\\/2025\\\/03\\\/ICCU-logo-2color_696x696.png\",\"contentUrl\":\"https:\\\/\\\/www.iccu.com\\\/wp-content\\\/uploads\\\/2025\\\/03\\\/ICCU-logo-2color_696x696.png\",\"width\":696,\"height\":696,\"caption\":\"ICCU\"},\"image\":{\"@id\":\"https:\\\/\\\/www.iccu.com\\\/es\\\/#\\\/schema\\\/logo\\\/image\\\/\"},\"sameAs\":[\"https:\\\/\\\/www.facebook.com\\\/IdahoCentralCreditUnion\",\"https:\\\/\\\/x.com\\\/Idaho_Central\",\"https:\\\/\\\/www.youtube.com\\\/idahocentralcu\",\"https:\\\/\\\/www.linkedin.com\\\/company\\\/idahocentralcreditunion\\\/\",\"https:\\\/\\\/www.instagram.com\\\/idahocentralcu\\\/\"],\"description\":\"ICCU is a state-chartered credit union in the western United States, headquartered in Chubbuck, Idaho. Whether you\u2019re banking in the branch or banking on the go, ICCU is looking after your daily balance. Get great rates on auto and home loans. Check out our Visa Rewards Cards. Discover more perks with Central Plus Checking. Bank your way with drive-thru, ATM, live video chat, mobile banking. Open Saturdays. We also offer investment, insurance, and business solutions. As a member of ICCU, you\u2019ll have a financial leader that\u2019s helping you achieve financial success. Routing Number: 324173626. NMLS ID: 433926.\",\"email\":\"memberservice@iccu.com\",\"telephone\":\"(800) 456-5067\",\"foundingDate\":\"1940-06-28\",\"taxID\":\"82-0217065\",\"duns\":\"108135278\",\"numberOfEmployees\":{\"@type\":\"QuantitativeValue\",\"minValue\":\"1001\",\"maxValue\":\"5000\"}}]}<\/script>\n<!-- \/ Yoast SEO Premium plugin. -->","yoast_head_json":{"title":"Banca m\u00f3vil y online - ICCU","robots":{"index":"index","follow":"follow","max-snippet":"max-snippet:-1","max-image-preview":"max-image-preview:large","max-video-preview":"max-video-preview:-1"},"canonical":"https:\/\/www.iccu.com\/es\/services\/online-banking\/","og_locale":"es_ES","og_type":"article","og_title":"Banca m\u00f3vil y online","og_description":"\u00a1Banca sobre la marcha! En ICCU creemos que la banca debe ser f\u00e1cil. Te proporcionamos un c\u00f3modo acceso a las [&hellip;]","og_url":"https:\/\/www.iccu.com\/es\/services\/online-banking\/","og_site_name":"ICCU","article_publisher":"https:\/\/www.facebook.com\/IdahoCentralCreditUnion","article_modified_time":"2025-11-04T16:06:31+00:00","og_image":[{"width":990,"height":755,"url":"https:\/\/www.iccu.com\/wp-content\/uploads\/2023\/02\/Mobile-Online-Banking-Family-Page_Hero.webp","type":"image\/webp"}],"twitter_card":"summary_large_image","twitter_site":"@Idaho_Central","twitter_misc":{"Tiempo de lectura":"1 minuto"},"schema":{"@context":"https:\/\/schema.org","@graph":[{"@type":"WebPage","@id":"https:\/\/www.iccu.com\/es\/services\/online-banking\/","url":"https:\/\/www.iccu.com\/es\/services\/online-banking\/","name":"Banca m\u00f3vil y online - ICCU","isPartOf":{"@id":"https:\/\/www.iccu.com\/es\/#website"},"primaryImageOfPage":{"@id":"https:\/\/www.iccu.com\/es\/services\/online-banking\/#primaryimage"},"image":{"@id":"https:\/\/www.iccu.com\/es\/services\/online-banking\/#primaryimage"},"thumbnailUrl":"https:\/\/www.iccu.com\/wp-content\/uploads\/2023\/02\/Mobile-Online-Banking-Family-Page_Hero.webp","datePublished":"2022-07-19T19:12:04+00:00","dateModified":"2025-11-04T16:06:31+00:00","breadcrumb":{"@id":"https:\/\/www.iccu.com\/es\/services\/online-banking\/#breadcrumb"},"inLanguage":"es","potentialAction":[{"@type":"ReadAction","target":["https:\/\/www.iccu.com\/es\/services\/online-banking\/"]}]},{"@type":"ImageObject","inLanguage":"es","@id":"https:\/\/www.iccu.com\/es\/services\/online-banking\/#primaryimage","url":"https:\/\/www.iccu.com\/wp-content\/uploads\/2023\/02\/Mobile-Online-Banking-Family-Page_Hero.webp","contentUrl":"https:\/\/www.iccu.com\/wp-content\/uploads\/2023\/02\/Mobile-Online-Banking-Family-Page_Hero.webp","width":990,"height":755},{"@type":"BreadcrumbList","@id":"https:\/\/www.iccu.com\/es\/services\/online-banking\/#breadcrumb","itemListElement":[{"@type":"ListItem","position":1,"name":"Home","item":"https:\/\/www.iccu.com\/es\/"},{"@type":"ListItem","position":2,"name":"Servicios","item":"https:\/\/www.iccu.com\/es\/services\/"},{"@type":"ListItem","position":3,"name":"Banca m\u00f3vil y online"}]},{"@type":"WebSite","@id":"https:\/\/www.iccu.com\/es\/#website","url":"https:\/\/www.iccu.com\/es\/","name":"ICCU","description":"Looking after your daily balance.","publisher":{"@id":"https:\/\/www.iccu.com\/es\/#organization"},"alternateName":"ICCU","potentialAction":[{"@type":"SearchAction","target":{"@type":"EntryPoint","urlTemplate":"https:\/\/www.iccu.com\/es\/?s={search_term_string}"},"query-input":{"@type":"PropertyValueSpecification","valueRequired":true,"valueName":"search_term_string"}}],"inLanguage":"es"},{"@type":"Organization","@id":"https:\/\/www.iccu.com\/es\/#organization","name":"ICCU","url":"https:\/\/www.iccu.com\/es\/","logo":{"@type":"ImageObject","inLanguage":"es","@id":"https:\/\/www.iccu.com\/es\/#\/schema\/logo\/image\/","url":"https:\/\/www.iccu.com\/wp-content\/uploads\/2025\/03\/ICCU-logo-2color_696x696.png","contentUrl":"https:\/\/www.iccu.com\/wp-content\/uploads\/2025\/03\/ICCU-logo-2color_696x696.png","width":696,"height":696,"caption":"ICCU"},"image":{"@id":"https:\/\/www.iccu.com\/es\/#\/schema\/logo\/image\/"},"sameAs":["https:\/\/www.facebook.com\/IdahoCentralCreditUnion","https:\/\/x.com\/Idaho_Central","https:\/\/www.youtube.com\/idahocentralcu","https:\/\/www.linkedin.com\/company\/idahocentralcreditunion\/","https:\/\/www.instagram.com\/idahocentralcu\/"],"description":"ICCU is a state-chartered credit union in the western United States, headquartered in Chubbuck, Idaho. Whether you\u2019re banking in the branch or banking on the go, ICCU is looking after your daily balance. Get great rates on auto and home loans. Check out our Visa Rewards Cards. Discover more perks with Central Plus Checking. Bank your way with drive-thru, ATM, live video chat, mobile banking. Open Saturdays. We also offer investment, insurance, and business solutions. As a member of ICCU, you\u2019ll have a financial leader that\u2019s helping you achieve financial success. Routing Number: 324173626. NMLS ID: 433926.","email":"memberservice@iccu.com","telephone":"(800) 456-5067","foundingDate":"1940-06-28","taxID":"82-0217065","duns":"108135278","numberOfEmployees":{"@type":"QuantitativeValue","minValue":"1001","maxValue":"5000"}}]}},"_links":{"self":[{"href":"https:\/\/www.iccu.com\/es\/wp-json\/wp\/v2\/pages\/18480","targetHints":{"allow":["GET"]}}],"collection":[{"href":"https:\/\/www.iccu.com\/es\/wp-json\/wp\/v2\/pages"}],"about":[{"href":"https:\/\/www.iccu.com\/es\/wp-json\/wp\/v2\/types\/page"}],"author":[{"embeddable":true,"href":"https:\/\/www.iccu.com\/es\/wp-json\/wp\/v2\/users\/1"}],"replies":[{"embeddable":true,"href":"https:\/\/www.iccu.com\/es\/wp-json\/wp\/v2\/comments?post=18480"}],"version-history":[{"count":3,"href":"https:\/\/www.iccu.com\/es\/wp-json\/wp\/v2\/pages\/18480\/revisions"}],"predecessor-version":[{"id":33020,"href":"https:\/\/www.iccu.com\/es\/wp-json\/wp\/v2\/pages\/18480\/revisions\/33020"}],"up":[{"embeddable":true,"href":"https:\/\/www.iccu.com\/es\/wp-json\/wp\/v2\/pages\/18454"}],"wp:featuredmedia":[{"embeddable":true,"href":"https:\/\/www.iccu.com\/es\/wp-json\/wp\/v2\/media\/17215"}],"wp:attachment":[{"href":"https:\/\/www.iccu.com\/es\/wp-json\/wp\/v2\/media?parent=18480"}],"curies":[{"name":"wp","href":"https:\/\/api.w.org\/{rel}","templated":true}]}}