{"id":18486,"date":"2022-09-12T15:19:49","date_gmt":"2022-09-12T21:19:49","guid":{"rendered":"https:\/\/www.iccu.com\/services\/billetera-movil\/"},"modified":"2025-03-20T15:56:06","modified_gmt":"2025-03-20T21:56:06","slug":"mobile-wallet","status":"publish","type":"page","link":"https:\/\/www.iccu.com\/es\/services\/mobile-wallet\/","title":{"rendered":"Billetera m\u00f3vil"},"content":{"rendered":"<div id=\"navbar\" class=\"m-navbar \">\n    <ul>\n                    <li>\n                <a href=\"#apple\">Apple Pay<\/a>\n            <\/li>\n                    <li>\n                <a href=\"#samsung\">Samsung Pay<\/a>\n            <\/li>\n                    <li>\n                <a href=\"#google\">Google Pay<\/a>\n            <\/li>\n                    <li>\n                <a href=\"#fitbit\">Fitbit Pay<\/a>\n            <\/li>\n                    <li>\n                <a href=\"#garmin\">Garmin Pay<\/a>\n            <\/li>\n            <\/ul>\n<\/div>\n<div id=\"navbar-spacer\"><\/div>\n\n<div class=\"wp-block-group alignfull has-white-background-color has-background\" id=\"apple\"><div class=\"wp-block-group__inner-container is-layout-flow wp-block-group-is-layout-flow\">\n<div class=\"wp-block-columns alignwide is-layout-flex wp-container-core-columns-is-layout-9d6595d7 wp-block-columns-is-layout-flex\">\n<div class=\"wp-block-column is-layout-flow wp-block-column-is-layout-flow\">\n<h2 class=\"wp-block-heading has-text-align-left has-black-color has-text-color\" id=\"h-apple-pay\">Apple Pay<\/h2>\n<\/div>\n<\/div>\n\n\n\n<div class=\"wp-block-columns alignwide is-layout-flex wp-container-core-columns-is-layout-9d6595d7 wp-block-columns-is-layout-flex\">\n<div class=\"wp-block-column is-layout-flow wp-block-column-is-layout-flow\">\n<p class=\"has-lg-font-size\">Para a\u00f1adir tu(s) tarjeta(s) de cr\u00e9dito o d\u00e9bito de ICCU, abre la aplicaci\u00f3n Wallet y pulsa el bot\u00f3n A\u00f1adir. Haz clic en Tarjeta de d\u00e9bito o cr\u00e9dito e introduce manualmente los datos de tu tarjeta, o utiliza la funci\u00f3n de c\u00e1mara para hacer una foto de tu tarjeta. Comprueba que el n\u00famero de Apple Pay coincide con el de tu tarjeta. Ten en cuenta que la imagen predeterminada de la tarjeta puede diferir de la tarjeta real. Para hacer que tu tarjeta ICCU sea tu tarjeta predeterminada, toca y arrastra la tarjeta delante de cualquier otra tarjeta de tu cartera.    <\/p>\n\n\n\n<figure class=\"wp-block-image size-full\"><img loading=\"lazy\" decoding=\"async\" width=\"220\" height=\"70\" src=\"https:\/\/www.iccu.com\/wp-content\/uploads\/2023\/01\/Apple-Pay.webp\" alt=\"\" class=\"wp-image-4802\"\/><\/figure>\n\n\n\n<p class=\"has-lg-font-size\">Si pierdes tu dispositivo y necesitas ayuda para desactivar una tarjeta, o para cualquier otro tipo de ayuda sobre Apple Pay, <a href=\"https:\/\/www.iccu.com\/es\/contact\/\">ponte en contacto con nosotros<\/a>.<\/p>\n\n\n\n<div class=\"wp-block-buttons is-layout-flex wp-block-buttons-is-layout-flex\">\n<div class=\"wp-block-button is-style-link\"><a class=\"wp-block-button__link wp-element-button\" href=\"https:\/\/www.apple.com\/apple-pay\/\" target=\"_blank\" rel=\"noreferrer noopener\">M\u00e1s informaci\u00f3n sobre Apple Pay<\/a><\/div>\n<\/div>\n<\/div>\n\n\n\n<div class=\"wp-block-column is-layout-flow wp-block-column-is-layout-flow\">\n<h3 class=\"wp-block-heading\" id=\"h-how-to-use-apple-pay\">C\u00f3mo utilizar Apple Pay:<\/h3>\n\n\n\n<ol class=\"wp-block-list has-lg-font-size\">\n<li>Busca los iconos, mostrados anteriormente, en la caja.<\/li>\n\n\n\n<li>Coloca tu dispositivo cerca del lector sin contacto con el dedo sobre Touch ID\u2122.<\/li>\n\n\n\n<li>Espera a la sutil vibraci\u00f3n y al pitido que te indican que has recibido el pago.<\/li>\n<\/ol>\n\n\n\n<p class=\"has-xs-font-size\">Apple, el logotipo de Apple y iPhone son marcas comerciales de Apple Inc. registradas en EE.UU. y otros pa\u00edses. Apple Pay y Touch ID son marcas comerciales de Apple Inc. <\/p>\n<\/div>\n<\/div>\n<\/div><\/div>\n\n<div class=\"wp-block-group alignfull has-light-gray-background-color has-background\" id=\"samsung\"><div class=\"wp-block-group__inner-container is-layout-flow wp-block-group-is-layout-flow\">\n<div class=\"wp-block-columns alignwide is-layout-flex wp-container-core-columns-is-layout-9d6595d7 wp-block-columns-is-layout-flex\">\n<div class=\"wp-block-column is-layout-flow wp-block-column-is-layout-flow\">\n<h2 class=\"wp-block-heading has-text-align-left has-green-color has-text-color\" id=\"h-samsung-pay\">Samsung Pay<\/h2>\n<\/div>\n<\/div>\n\n\n\n<div class=\"wp-block-columns alignwide is-layout-flex wp-container-core-columns-is-layout-9d6595d7 wp-block-columns-is-layout-flex\">\n<div class=\"wp-block-column is-layout-flow wp-block-column-is-layout-flow\">\n<p class=\"has-lg-font-size\">Utilizando tu dispositivo Samsung compatible, a\u00f1ade tu(s) tarjeta(s) de cr\u00e9dito y d\u00e9bito de ICCU iniciando sesi\u00f3n en tu cuenta Samsung. A\u00f1ade tu(s) tarjeta(s) ICCU utilizando la c\u00e1mara de tu tel\u00e9fono, o introduce la informaci\u00f3n de tu tarjeta manualmente.  Para que tu tarjeta ICCU sea tu tarjeta predeterminada, abre Samsung Pay y pulsa Men\u00fa. Ve a Configuraci\u00f3n y, a continuaci\u00f3n, pulsa Gestionar tarjetas favoritas. Selecciona la tarjeta que quieras establecer como favorita.<\/p>\n\n\n\n<figure class=\"wp-block-image size-full\"><img loading=\"lazy\" decoding=\"async\" width=\"220\" height=\"70\" src=\"https:\/\/www.iccu.com\/wp-content\/uploads\/2023\/01\/Samsung-Pay.webp\" alt=\"\" class=\"wp-image-4806\"\/><\/figure>\n\n\n\n<p class=\"has-lg-font-size\">Si pierdes tu dispositivo y necesitas ayuda para desactivar una tarjeta, o para cualquier otro tipo de ayuda sobre Samsung Pay, <a href=\"https:\/\/www.iccu.com\/es\/contact\/\">ponte en contacto con nosotros<\/a>.<\/p>\n\n\n\n<div class=\"wp-block-buttons is-layout-flex wp-block-buttons-is-layout-flex\">\n<div class=\"wp-block-button is-style-link\"><a class=\"wp-block-button__link wp-element-button\" href=\"https:\/\/www.samsung.com\/us\/samsung-pay\/\" target=\"_blank\" rel=\"noreferrer noopener\">M\u00e1s informaci\u00f3n sobre Samsung Pay<\/a><\/div>\n<\/div>\n<\/div>\n\n\n\n<div class=\"wp-block-column is-layout-flow wp-block-column-is-layout-flow\">\n<h3 class=\"wp-block-heading\" id=\"h-simple-to-pay\">F\u00e1cil de pagar:<\/h3>\n\n\n\n<ol class=\"wp-block-list has-lg-font-size\">\n<li>Samsung Pay se acepta en casi cualquier lugar donde puedas deslizar o tocar tu tarjeta.<\/li>\n\n\n\n<li>Desliza el dedo hacia arriba desde el bot\u00f3n de inicio. O bien, selecciona el icono de la aplicaci\u00f3n Samsung Pay en la pantalla de inicio o en la bandeja de aplicaciones. <\/li>\n\n\n\n<li>Autoriza los pagos simplemente escaneando tu huella dactilar o introduciendo tu pin.<\/li>\n\n\n\n<li>Pasa el tel\u00e9fono por encima del lector de tarjetas de la tienda.<\/li>\n<\/ol>\n\n\n\n<p class=\"has-xs-font-size\">Samsung, Samsung Pay, Samsung Galaxy, Samsung Knox y Galaxy S (y otros nombres de dispositivos) son marcas comerciales o marcas registradas de Samsung Electronics Co., Ltd. Samsung Pay est\u00e1 disponible en determinados dispositivos Samsung. <\/p>\n<\/div>\n<\/div>\n<\/div><\/div>\n\n<div class=\"wp-block-group alignfull has-white-background-color has-background\" id=\"google\"><div class=\"wp-block-group__inner-container is-layout-flow wp-block-group-is-layout-flow\">\n<div class=\"wp-block-columns alignwide is-layout-flex wp-container-core-columns-is-layout-9d6595d7 wp-block-columns-is-layout-flex\">\n<div class=\"wp-block-column is-layout-flow wp-block-column-is-layout-flow\">\n<h2 class=\"wp-block-heading has-text-align-left has-black-color has-text-color\" id=\"h-google-pay\">Google Pay\u2122.<\/h2>\n<\/div>\n<\/div>\n\n\n\n<div class=\"wp-block-columns alignwide is-layout-flex wp-container-core-columns-is-layout-9d6595d7 wp-block-columns-is-layout-flex\">\n<div class=\"wp-block-column is-layout-flow wp-block-column-is-layout-flow\">\n<p class=\"has-lg-font-size\">Olv\u00eddate de rebuscar en la cartera y entregar una tarjeta la pr\u00f3xima vez que vayas a una tienda. Con Google Pay s\u00f3lo tienes que desbloquear tu tel\u00e9fono, colocarlo cerca de un terminal sin contacto y listo. Ni siquiera necesitas abrir una aplicaci\u00f3n. Toque y Google Pay es as\u00ed de r\u00e1pido, as\u00ed de f\u00e1cil. Para hacer que tu tarjeta ICCU sea tu tarjeta predeterminada, toca y arrastra la tarjeta delante de cualquier otra tarjeta de tu cartera.    <\/p>\n\n\n\n<figure class=\"wp-block-image size-full\"><img loading=\"lazy\" decoding=\"async\" width=\"220\" height=\"70\" src=\"https:\/\/www.iccu.com\/wp-content\/uploads\/2023\/01\/Google-Pay.webp\" alt=\"Google paga\" class=\"wp-image-4805\"\/><\/figure>\n\n\n\n<p class=\"has-lg-font-size\">Si pierdes tu dispositivo y necesitas ayuda para desactivar una tarjeta, o para cualquier otro tipo de ayuda sobre Google Pay, <a href=\"https:\/\/www.iccu.com\/es\/contact\/\">ponte en contacto con nosotros<\/a>.<\/p>\n\n\n\n<div class=\"wp-block-buttons is-layout-flex wp-block-buttons-is-layout-flex\">\n<div class=\"wp-block-button is-style-link\"><a class=\"wp-block-button__link wp-element-button\" href=\"https:\/\/pay.google.com\/about\/\" target=\"_blank\" rel=\"noreferrer noopener\">M\u00e1s informaci\u00f3n sobre Google Pay<\/a><\/div>\n<\/div>\n<\/div>\n\n\n\n<div class=\"wp-block-column is-layout-flow wp-block-column-is-layout-flow\">\n<h3 class=\"wp-block-heading\" id=\"h-setup-has-never-been-easier\">La configuraci\u00f3n nunca ha sido tan f\u00e1cil:<\/h3>\n\n\n\n<ol class=\"wp-block-list has-lg-font-size\">\n<li>Busca la aplicaci\u00f3n en tu tel\u00e9fono. Google Pay viene precargado en varios dispositivos. Si tu tel\u00e9fono no tiene la aplicaci\u00f3n, s\u00f3lo tienes que descargarla de <a href=\"https:\/\/play.google.com\/store\/apps\/details?id=com.google.android.apps.walletnfcrel&amp;pli=1\" target=\"_blank\" rel=\"noreferrer noopener\">Google Play<\/a>.  <\/li>\n\n\n\n<li>S\u00f3lo tienes que a\u00f1adir tu(s) tarjeta(s) de cr\u00e9dito o d\u00e9bito de ICCU. Si ya tienes una tarjeta en tu cuenta de Google, s\u00f3lo tienes que a\u00f1adirla a Google Pay confirmando algunos datos, o puedes a\u00f1adir una tarjeta nueva: es tan sencillo como hacer una foto.<\/li>\n\n\n\n<li>Empieza a golpear. S\u00f3lo tienes que desbloquear tu tel\u00e9fono y tocar para utilizar Google Pay en cualquiera de las m\u00e1s de un mill\u00f3n de tiendas de EE.UU. que aceptan pagos sin contacto. <\/li>\n<\/ol>\n\n\n\n<p class=\"has-xs-font-size\">Google, Google Pay y el logotipo de Google son marcas comerciales de Google Inc.<\/p>\n<\/div>\n<\/div>\n\n\n\n<div class=\"wp-block-columns alignwide is-layout-flex wp-container-core-columns-is-layout-9d6595d7 wp-block-columns-is-layout-flex\">\n<div class=\"wp-block-column is-layout-flow wp-block-column-is-layout-flow\">\n<h3 class=\"wp-block-heading\" id=\"h-fitbit-pay\">Fitbit Pay<\/h3>\n\n\n\n<p>A partir de noviembre de 2022, todos los nuevos dispositivos Fitbit utilizar\u00e1n Google Pay en Fitbit. Fitbit pay ser\u00e1 compatible con algunos dispositivos antiguos. <\/p>\n\n\n\n<div class=\"wp-block-buttons is-layout-flex wp-block-buttons-is-layout-flex\">\n<div class=\"wp-block-button is-style-link\"><a class=\"wp-block-button__link wp-element-button\" href=\"https:\/\/developers.google.com\/pay\/issuers\/support\/fitbit-faq\" target=\"_blank\" rel=\"noreferrer noopener\">M\u00e1s informaci\u00f3n sobre Fitbit Pay<\/a><\/div>\n<\/div>\n<\/div>\n<\/div>\n<\/div><\/div>\n\n<div class=\"wp-block-group alignfull has-light-gray-background-color has-background\" id=\"garmin\"><div class=\"wp-block-group__inner-container is-layout-flow wp-block-group-is-layout-flow\">\n<div class=\"wp-block-columns alignwide is-layout-flex wp-container-core-columns-is-layout-9d6595d7 wp-block-columns-is-layout-flex\">\n<div class=\"wp-block-column is-layout-flow wp-block-column-is-layout-flow\">\n<h2 class=\"wp-block-heading has-text-align-left has-black-color has-text-color\" id=\"h-garmin-pay\">Garmin Pay<\/h2>\n<\/div>\n<\/div>\n\n\n\n<div class=\"wp-block-columns alignwide is-layout-flex wp-container-core-columns-is-layout-9d6595d7 wp-block-columns-is-layout-flex\">\n<div class=\"wp-block-column is-layout-flow wp-block-column-is-layout-flow\">\n<p class=\"has-lg-font-size\">Garmin Pay es una soluci\u00f3n de pago sin contacto dise\u00f1ada para personas que siempre est\u00e1n en movimiento. Tanto si te tomas una taza de caf\u00e9 despu\u00e9s de correr por la ma\u00f1ana como si vas a comer algo mientras das un paseo, Garmin Pay te permite hacer compras r\u00e1pidamente y casi sin esfuerzo, sin necesidad de nada m\u00e1s que tu reloj. \u00bfNo tienes cartera? \u00bfNo tienes tel\u00e9fono? No hay problema.    <\/p>\n\n\n\n<figure class=\"wp-block-image size-full\"><img loading=\"lazy\" decoding=\"async\" width=\"220\" height=\"70\" src=\"https:\/\/www.iccu.com\/wp-content\/uploads\/2023\/01\/Garmin-Pay.webp\" alt=\"garmin pay\" class=\"wp-image-4804\"\/><\/figure>\n\n\n\n<p class=\"has-lg-font-size\">Si pierdes tu dispositivo y necesitas ayuda para desactivar una tarjeta, o para cualquier otro tipo de ayuda sobre Garmin Pay, <a href=\"https:\/\/www.iccu.com\/es\/contact\/\">ponte en contacto con nosotros<\/a>.<\/p>\n\n\n\n<div class=\"wp-block-buttons is-layout-flex wp-block-buttons-is-layout-flex\">\n<div class=\"wp-block-button is-style-link\"><a class=\"wp-block-button__link wp-element-button\" href=\"https:\/\/www.garmin.com\/en-US\/garmin-pay\/\" target=\"_blank\" rel=\"noreferrer noopener\">M\u00e1s informaci\u00f3n sobre Garmin Pay<\/a><\/div>\n<\/div>\n<\/div>\n\n\n\n<div class=\"wp-block-column is-layout-flow wp-block-column-is-layout-flow\">\n<h3 class=\"wp-block-heading\" id=\"h-setup-is-simple\">La configuraci\u00f3n es sencilla:<\/h3>\n\n\n\n<ol class=\"wp-block-list has-lg-font-size\">\n<li>Abre la aplicaci\u00f3n Garmin Connect Mobile y ve a Dispositivos Garmin.<\/li>\n\n\n\n<li>Selecciona tu dispositivo y pulsa Garmin Pay.<\/li>\n\n\n\n<li>Pulsa \u00abCrear tu monedero\u00bb, que te pedir\u00e1 que crees una contrase\u00f1a de 4 d\u00edgitos para mantener seguro el monedero digital de tu reloj.<\/li>\n\n\n\n<li>Una vez que hayas creado tu monedero, a\u00f1ade tu(s) tarjeta(s). Es posible que se te pida que verifiques tu identidad. <\/li>\n\n\n\n<li>Para realizar un pago, puedes acceder r\u00e1pidamente al monedero de tu dispositivo manteniendo pulsado el bot\u00f3n de acci\u00f3n para que aparezca el men\u00fa de controles. A continuaci\u00f3n, toca el icono del monedero. <\/li>\n<\/ol>\n<\/div>\n<\/div>\n<\/div><\/div>\n","protected":false},"excerpt":{"rendered":"<p>Apple Pay Para a\u00f1adir tu(s) tarjeta(s) de cr\u00e9dito o d\u00e9bito de ICCU, abre la aplicaci\u00f3n Wallet y pulsa el bot\u00f3n [&hellip;]<\/p>\n","protected":false},"author":1,"featured_media":22224,"parent":18454,"menu_order":0,"comment_status":"closed","ping_status":"closed","template":"product-detail-page.php","meta":{"_acf_changed":false,"_searchwp_excluded":"","footnotes":""},"class_list":["post-18486","page","type-page","status-publish","has-post-thumbnail","hentry"],"acf":[],"yoast_head":"<!-- This site is optimized with the Yoast SEO Premium plugin v27.2 (Yoast SEO v27.3) - https:\/\/yoast.com\/product\/yoast-seo-premium-wordpress\/ -->\n<title>Billetera m\u00f3vil - ICCU<\/title>\n<meta name=\"robots\" content=\"index, follow, max-snippet:-1, max-image-preview:large, max-video-preview:-1\" \/>\n<link rel=\"canonical\" href=\"https:\/\/www.iccu.com\/es\/services\/mobile-wallet\/\" \/>\n<meta property=\"og:locale\" content=\"es_ES\" \/>\n<meta property=\"og:type\" content=\"article\" \/>\n<meta property=\"og:title\" content=\"Billetera m\u00f3vil\" \/>\n<meta property=\"og:description\" content=\"Apple Pay Para a\u00f1adir tu(s) tarjeta(s) de cr\u00e9dito o d\u00e9bito de ICCU, abre la aplicaci\u00f3n Wallet y pulsa el bot\u00f3n [&hellip;]\" \/>\n<meta property=\"og:url\" content=\"https:\/\/www.iccu.com\/es\/services\/mobile-wallet\/\" \/>\n<meta property=\"og:site_name\" content=\"ICCU\" \/>\n<meta property=\"article:publisher\" content=\"https:\/\/www.facebook.com\/IdahoCentralCreditUnion\" \/>\n<meta property=\"article:modified_time\" content=\"2025-03-20T21:56:06+00:00\" \/>\n<meta property=\"og:image\" content=\"https:\/\/www.iccu.com\/wp-content\/uploads\/2023\/01\/Mobile-Wallet_Hero.webp\" \/>\n\t<meta property=\"og:image:width\" content=\"390\" \/>\n\t<meta property=\"og:image:height\" content=\"293\" \/>\n\t<meta property=\"og:image:type\" content=\"image\/webp\" \/>\n<meta name=\"twitter:card\" content=\"summary_large_image\" \/>\n<meta name=\"twitter:site\" content=\"@Idaho_Central\" \/>\n<meta name=\"twitter:label1\" content=\"Tiempo de lectura\" \/>\n\t<meta name=\"twitter:data1\" content=\"5 minutos\" \/>\n<script type=\"application\/ld+json\" class=\"yoast-schema-graph\">{\"@context\":\"https:\\\/\\\/schema.org\",\"@graph\":[{\"@type\":\"WebPage\",\"@id\":\"https:\\\/\\\/www.iccu.com\\\/es\\\/services\\\/mobile-wallet\\\/\",\"url\":\"https:\\\/\\\/www.iccu.com\\\/es\\\/services\\\/mobile-wallet\\\/\",\"name\":\"Billetera m\u00f3vil - ICCU\",\"isPartOf\":{\"@id\":\"https:\\\/\\\/www.iccu.com\\\/es\\\/#website\"},\"primaryImageOfPage\":{\"@id\":\"https:\\\/\\\/www.iccu.com\\\/es\\\/services\\\/mobile-wallet\\\/#primaryimage\"},\"image\":{\"@id\":\"https:\\\/\\\/www.iccu.com\\\/es\\\/services\\\/mobile-wallet\\\/#primaryimage\"},\"thumbnailUrl\":\"https:\\\/\\\/www.iccu.com\\\/wp-content\\\/uploads\\\/2025\\\/04\\\/Mobile_Wallet_Hero-scaled.webp\",\"datePublished\":\"2022-09-12T21:19:49+00:00\",\"dateModified\":\"2025-03-20T21:56:06+00:00\",\"breadcrumb\":{\"@id\":\"https:\\\/\\\/www.iccu.com\\\/es\\\/services\\\/mobile-wallet\\\/#breadcrumb\"},\"inLanguage\":\"es\",\"potentialAction\":[{\"@type\":\"ReadAction\",\"target\":[\"https:\\\/\\\/www.iccu.com\\\/es\\\/services\\\/mobile-wallet\\\/\"]}]},{\"@type\":\"ImageObject\",\"inLanguage\":\"es\",\"@id\":\"https:\\\/\\\/www.iccu.com\\\/es\\\/services\\\/mobile-wallet\\\/#primaryimage\",\"url\":\"https:\\\/\\\/www.iccu.com\\\/wp-content\\\/uploads\\\/2025\\\/04\\\/Mobile_Wallet_Hero-scaled.webp\",\"contentUrl\":\"https:\\\/\\\/www.iccu.com\\\/wp-content\\\/uploads\\\/2025\\\/04\\\/Mobile_Wallet_Hero-scaled.webp\",\"width\":2560,\"height\":1707,\"caption\":\"Person paying with their phone\"},{\"@type\":\"BreadcrumbList\",\"@id\":\"https:\\\/\\\/www.iccu.com\\\/es\\\/services\\\/mobile-wallet\\\/#breadcrumb\",\"itemListElement\":[{\"@type\":\"ListItem\",\"position\":1,\"name\":\"Home\",\"item\":\"https:\\\/\\\/www.iccu.com\\\/es\\\/\"},{\"@type\":\"ListItem\",\"position\":2,\"name\":\"Servicios\",\"item\":\"https:\\\/\\\/www.iccu.com\\\/es\\\/services\\\/\"},{\"@type\":\"ListItem\",\"position\":3,\"name\":\"Billetera m\u00f3vil\"}]},{\"@type\":\"WebSite\",\"@id\":\"https:\\\/\\\/www.iccu.com\\\/es\\\/#website\",\"url\":\"https:\\\/\\\/www.iccu.com\\\/es\\\/\",\"name\":\"ICCU\",\"description\":\"Looking after your daily balance.\",\"publisher\":{\"@id\":\"https:\\\/\\\/www.iccu.com\\\/es\\\/#organization\"},\"alternateName\":\"ICCU\",\"potentialAction\":[{\"@type\":\"SearchAction\",\"target\":{\"@type\":\"EntryPoint\",\"urlTemplate\":\"https:\\\/\\\/www.iccu.com\\\/es\\\/?s={search_term_string}\"},\"query-input\":{\"@type\":\"PropertyValueSpecification\",\"valueRequired\":true,\"valueName\":\"search_term_string\"}}],\"inLanguage\":\"es\"},{\"@type\":\"Organization\",\"@id\":\"https:\\\/\\\/www.iccu.com\\\/es\\\/#organization\",\"name\":\"ICCU\",\"url\":\"https:\\\/\\\/www.iccu.com\\\/es\\\/\",\"logo\":{\"@type\":\"ImageObject\",\"inLanguage\":\"es\",\"@id\":\"https:\\\/\\\/www.iccu.com\\\/es\\\/#\\\/schema\\\/logo\\\/image\\\/\",\"url\":\"https:\\\/\\\/www.iccu.com\\\/wp-content\\\/uploads\\\/2025\\\/03\\\/ICCU-logo-2color_696x696.png\",\"contentUrl\":\"https:\\\/\\\/www.iccu.com\\\/wp-content\\\/uploads\\\/2025\\\/03\\\/ICCU-logo-2color_696x696.png\",\"width\":696,\"height\":696,\"caption\":\"ICCU\"},\"image\":{\"@id\":\"https:\\\/\\\/www.iccu.com\\\/es\\\/#\\\/schema\\\/logo\\\/image\\\/\"},\"sameAs\":[\"https:\\\/\\\/www.facebook.com\\\/IdahoCentralCreditUnion\",\"https:\\\/\\\/x.com\\\/Idaho_Central\",\"https:\\\/\\\/www.youtube.com\\\/idahocentralcu\",\"https:\\\/\\\/www.linkedin.com\\\/company\\\/idahocentralcreditunion\\\/\",\"https:\\\/\\\/www.instagram.com\\\/idahocentralcu\\\/\"],\"description\":\"ICCU is a state-chartered credit union in the western United States, headquartered in Chubbuck, Idaho. Whether you\u2019re banking in the branch or banking on the go, ICCU is looking after your daily balance. Get great rates on auto and home loans. Check out our Visa Rewards Cards. Discover more perks with Central Plus Checking. Bank your way with drive-thru, ATM, live video chat, mobile banking. Open Saturdays. We also offer investment, insurance, and business solutions. As a member of ICCU, you\u2019ll have a financial leader that\u2019s helping you achieve financial success. Routing Number: 324173626. NMLS ID: 433926.\",\"email\":\"memberservice@iccu.com\",\"telephone\":\"(800) 456-5067\",\"foundingDate\":\"1940-06-28\",\"taxID\":\"82-0217065\",\"duns\":\"108135278\",\"numberOfEmployees\":{\"@type\":\"QuantitativeValue\",\"minValue\":\"1001\",\"maxValue\":\"5000\"}}]}<\/script>\n<!-- \/ Yoast SEO Premium plugin. -->","yoast_head_json":{"title":"Billetera m\u00f3vil - ICCU","robots":{"index":"index","follow":"follow","max-snippet":"max-snippet:-1","max-image-preview":"max-image-preview:large","max-video-preview":"max-video-preview:-1"},"canonical":"https:\/\/www.iccu.com\/es\/services\/mobile-wallet\/","og_locale":"es_ES","og_type":"article","og_title":"Billetera m\u00f3vil","og_description":"Apple Pay Para a\u00f1adir tu(s) tarjeta(s) de cr\u00e9dito o d\u00e9bito de ICCU, abre la aplicaci\u00f3n Wallet y pulsa el bot\u00f3n [&hellip;]","og_url":"https:\/\/www.iccu.com\/es\/services\/mobile-wallet\/","og_site_name":"ICCU","article_publisher":"https:\/\/www.facebook.com\/IdahoCentralCreditUnion","article_modified_time":"2025-03-20T21:56:06+00:00","og_image":[{"width":390,"height":293,"url":"https:\/\/www.iccu.com\/wp-content\/uploads\/2023\/01\/Mobile-Wallet_Hero.webp","type":"image\/webp"}],"twitter_card":"summary_large_image","twitter_site":"@Idaho_Central","twitter_misc":{"Tiempo de lectura":"5 minutos"},"schema":{"@context":"https:\/\/schema.org","@graph":[{"@type":"WebPage","@id":"https:\/\/www.iccu.com\/es\/services\/mobile-wallet\/","url":"https:\/\/www.iccu.com\/es\/services\/mobile-wallet\/","name":"Billetera m\u00f3vil - ICCU","isPartOf":{"@id":"https:\/\/www.iccu.com\/es\/#website"},"primaryImageOfPage":{"@id":"https:\/\/www.iccu.com\/es\/services\/mobile-wallet\/#primaryimage"},"image":{"@id":"https:\/\/www.iccu.com\/es\/services\/mobile-wallet\/#primaryimage"},"thumbnailUrl":"https:\/\/www.iccu.com\/wp-content\/uploads\/2025\/04\/Mobile_Wallet_Hero-scaled.webp","datePublished":"2022-09-12T21:19:49+00:00","dateModified":"2025-03-20T21:56:06+00:00","breadcrumb":{"@id":"https:\/\/www.iccu.com\/es\/services\/mobile-wallet\/#breadcrumb"},"inLanguage":"es","potentialAction":[{"@type":"ReadAction","target":["https:\/\/www.iccu.com\/es\/services\/mobile-wallet\/"]}]},{"@type":"ImageObject","inLanguage":"es","@id":"https:\/\/www.iccu.com\/es\/services\/mobile-wallet\/#primaryimage","url":"https:\/\/www.iccu.com\/wp-content\/uploads\/2025\/04\/Mobile_Wallet_Hero-scaled.webp","contentUrl":"https:\/\/www.iccu.com\/wp-content\/uploads\/2025\/04\/Mobile_Wallet_Hero-scaled.webp","width":2560,"height":1707,"caption":"Person paying with their phone"},{"@type":"BreadcrumbList","@id":"https:\/\/www.iccu.com\/es\/services\/mobile-wallet\/#breadcrumb","itemListElement":[{"@type":"ListItem","position":1,"name":"Home","item":"https:\/\/www.iccu.com\/es\/"},{"@type":"ListItem","position":2,"name":"Servicios","item":"https:\/\/www.iccu.com\/es\/services\/"},{"@type":"ListItem","position":3,"name":"Billetera m\u00f3vil"}]},{"@type":"WebSite","@id":"https:\/\/www.iccu.com\/es\/#website","url":"https:\/\/www.iccu.com\/es\/","name":"ICCU","description":"Looking after your daily balance.","publisher":{"@id":"https:\/\/www.iccu.com\/es\/#organization"},"alternateName":"ICCU","potentialAction":[{"@type":"SearchAction","target":{"@type":"EntryPoint","urlTemplate":"https:\/\/www.iccu.com\/es\/?s={search_term_string}"},"query-input":{"@type":"PropertyValueSpecification","valueRequired":true,"valueName":"search_term_string"}}],"inLanguage":"es"},{"@type":"Organization","@id":"https:\/\/www.iccu.com\/es\/#organization","name":"ICCU","url":"https:\/\/www.iccu.com\/es\/","logo":{"@type":"ImageObject","inLanguage":"es","@id":"https:\/\/www.iccu.com\/es\/#\/schema\/logo\/image\/","url":"https:\/\/www.iccu.com\/wp-content\/uploads\/2025\/03\/ICCU-logo-2color_696x696.png","contentUrl":"https:\/\/www.iccu.com\/wp-content\/uploads\/2025\/03\/ICCU-logo-2color_696x696.png","width":696,"height":696,"caption":"ICCU"},"image":{"@id":"https:\/\/www.iccu.com\/es\/#\/schema\/logo\/image\/"},"sameAs":["https:\/\/www.facebook.com\/IdahoCentralCreditUnion","https:\/\/x.com\/Idaho_Central","https:\/\/www.youtube.com\/idahocentralcu","https:\/\/www.linkedin.com\/company\/idahocentralcreditunion\/","https:\/\/www.instagram.com\/idahocentralcu\/"],"description":"ICCU is a state-chartered credit union in the western United States, headquartered in Chubbuck, Idaho. Whether you\u2019re banking in the branch or banking on the go, ICCU is looking after your daily balance. Get great rates on auto and home loans. Check out our Visa Rewards Cards. Discover more perks with Central Plus Checking. Bank your way with drive-thru, ATM, live video chat, mobile banking. Open Saturdays. We also offer investment, insurance, and business solutions. As a member of ICCU, you\u2019ll have a financial leader that\u2019s helping you achieve financial success. Routing Number: 324173626. NMLS ID: 433926.","email":"memberservice@iccu.com","telephone":"(800) 456-5067","foundingDate":"1940-06-28","taxID":"82-0217065","duns":"108135278","numberOfEmployees":{"@type":"QuantitativeValue","minValue":"1001","maxValue":"5000"}}]}},"_links":{"self":[{"href":"https:\/\/www.iccu.com\/es\/wp-json\/wp\/v2\/pages\/18486","targetHints":{"allow":["GET"]}}],"collection":[{"href":"https:\/\/www.iccu.com\/es\/wp-json\/wp\/v2\/pages"}],"about":[{"href":"https:\/\/www.iccu.com\/es\/wp-json\/wp\/v2\/types\/page"}],"author":[{"embeddable":true,"href":"https:\/\/www.iccu.com\/es\/wp-json\/wp\/v2\/users\/1"}],"replies":[{"embeddable":true,"href":"https:\/\/www.iccu.com\/es\/wp-json\/wp\/v2\/comments?post=18486"}],"version-history":[{"count":3,"href":"https:\/\/www.iccu.com\/es\/wp-json\/wp\/v2\/pages\/18486\/revisions"}],"predecessor-version":[{"id":21577,"href":"https:\/\/www.iccu.com\/es\/wp-json\/wp\/v2\/pages\/18486\/revisions\/21577"}],"up":[{"embeddable":true,"href":"https:\/\/www.iccu.com\/es\/wp-json\/wp\/v2\/pages\/18454"}],"wp:featuredmedia":[{"embeddable":true,"href":"https:\/\/www.iccu.com\/es\/wp-json\/wp\/v2\/media\/22224"}],"wp:attachment":[{"href":"https:\/\/www.iccu.com\/es\/wp-json\/wp\/v2\/media?parent=18486"}],"curies":[{"name":"wp","href":"https:\/\/api.w.org\/{rel}","templated":true}]}}