{"id":18525,"date":"2023-03-10T11:58:44","date_gmt":"2023-03-10T18:58:44","guid":{"rendered":"https:\/\/www.iccu.com\/services\/declaraciones\/"},"modified":"2025-03-24T09:29:52","modified_gmt":"2025-03-24T15:29:52","slug":"statements","status":"publish","type":"page","link":"https:\/\/www.iccu.com\/es\/services\/statements\/","title":{"rendered":"Declaraciones"},"content":{"rendered":"\n<div class=\"wp-block-group alignfull has-light-gray-background-color has-background\"><div class=\"wp-block-group__inner-container is-layout-flow wp-block-group-is-layout-flow\">\n<div class=\"wp-block-columns alignwide is-layout-flex wp-container-core-columns-is-layout-9d6595d7 wp-block-columns-is-layout-flex\">\n<div class=\"wp-block-column is-layout-flow wp-block-column-is-layout-flow\">\n<h2 class=\"wp-block-heading has-text-align-left has-green-color has-text-color\" id=\"h-tipos-de-declaraciones\">Tipos de declaraciones<\/h2>\n<\/div>\n<\/div>\n\n\n\n<div class=\"wp-block-columns alignwide is-layout-flex wp-container-core-columns-is-layout-9d6595d7 wp-block-columns-is-layout-flex\">\n<div class=\"wp-block-column is-layout-flow wp-block-column-is-layout-flow\">\n<p class=\"has-lg-font-size\">El tipo de extractos que recibas de ICCU depender\u00e1 del tipo de cuentas que tengas con nosotros. Los extractos en papel se env\u00edan la primera semana del mes para la actividad del mes anterior. Si te has suscrito a los eStatements, \u00e9stos estar\u00e1n disponibles el<sup>d\u00eda 4<\/sup> de cada mes. \u00c9stas son algunas de las Declaraciones que puedes recibir:<\/p>\n\n\n\n<ul class=\"wp-block-list has-lg-font-size\">\n<li>Extracto de cuenta de dep\u00f3sito<\/li>\n\n\n\n<li>Declaraci\u00f3n HELOC<\/li>\n\n\n\n<li>Declaraci\u00f3n de visado<\/li>\n\n\n\n<li>Declaraci\u00f3n hipotecaria<\/li>\n<\/ul>\n<\/div>\n<\/div>\n<\/div><\/div>\n\n\n\n<div class=\"wp-block-group alignfull has-white-background-color has-background\" id=\"signUp\"><div class=\"wp-block-group__inner-container is-layout-flow wp-block-group-is-layout-flow\">\n<div class=\"wp-block-columns alignwide is-layout-flex wp-container-core-columns-is-layout-9d6595d7 wp-block-columns-is-layout-flex\">\n<div class=\"wp-block-column is-layout-flow wp-block-column-is-layout-flow\"><script type=\"text\/javascript\">\n\/* <![CDATA[ *\/\nvar gform;gform||(document.addEventListener(\"gform_main_scripts_loaded\",function(){gform.scriptsLoaded=!0}),document.addEventListener(\"gform\/theme\/scripts_loaded\",function(){gform.themeScriptsLoaded=!0}),window.addEventListener(\"DOMContentLoaded\",function(){gform.domLoaded=!0}),gform={domLoaded:!1,scriptsLoaded:!1,themeScriptsLoaded:!1,isFormEditor:()=>\"function\"==typeof InitializeEditor,callIfLoaded:function(o){return!(!gform.domLoaded||!gform.scriptsLoaded||!gform.themeScriptsLoaded&&!gform.isFormEditor()||(gform.isFormEditor()&&console.warn(\"The use of gform.initializeOnLoaded() is deprecated in the form editor context and will be removed in Gravity Forms 3.1.\"),o(),0))},initializeOnLoaded:function(o){gform.callIfLoaded(o)||(document.addEventListener(\"gform_main_scripts_loaded\",()=>{gform.scriptsLoaded=!0,gform.callIfLoaded(o)}),document.addEventListener(\"gform\/theme\/scripts_loaded\",()=>{gform.themeScriptsLoaded=!0,gform.callIfLoaded(o)}),window.addEventListener(\"DOMContentLoaded\",()=>{gform.domLoaded=!0,gform.callIfLoaded(o)}))},hooks:{action:{},filter:{}},addAction:function(o,r,e,t){gform.addHook(\"action\",o,r,e,t)},addFilter:function(o,r,e,t){gform.addHook(\"filter\",o,r,e,t)},doAction:function(o){gform.doHook(\"action\",o,arguments)},applyFilters:function(o){return gform.doHook(\"filter\",o,arguments)},removeAction:function(o,r){gform.removeHook(\"action\",o,r)},removeFilter:function(o,r,e){gform.removeHook(\"filter\",o,r,e)},addHook:function(o,r,e,t,n){null==gform.hooks[o][r]&&(gform.hooks[o][r]=[]);var d=gform.hooks[o][r];null==n&&(n=r+\"_\"+d.length),gform.hooks[o][r].push({tag:n,callable:e,priority:t=null==t?10:t})},doHook:function(r,o,e){var t;if(e=Array.prototype.slice.call(e,1),null!=gform.hooks[r][o]&&((o=gform.hooks[r][o]).sort(function(o,r){return o.priority-r.priority}),o.forEach(function(o){\"function\"!=typeof(t=o.callable)&&(t=window[t]),\"action\"==r?t.apply(null,e):e[0]=t.apply(null,e)})),\"filter\"==r)return e[0]},removeHook:function(o,r,t,n){var e;null!=gform.hooks[o][r]&&(e=(e=gform.hooks[o][r]).filter(function(o,r,e){return!!(null!=n&&n!=o.tag||null!=t&&t!=o.priority)}),gform.hooks[o][r]=e)}});\n\/* ]]> *\/\n<\/script>\n\n                <div class='gf_browser_gecko gform_wrapper gravity-theme gform-theme--no-framework' data-form-theme='gravity-theme' data-form-index='0' id='gform_wrapper_3' >\n                        <div class='gform_heading'>\n                            <h2 class=\"gform_title\">eStatement Signup<\/h2>\n                            <p class='gform_description'><\/p>\n                        <\/div><form method='post' enctype='multipart\/form-data'  id='gform_3'  action='\/es\/wp-json\/wp\/v2\/pages\/18525' data-formid='3' novalidate>\n                        <div class='gform-body gform_body'><div id='gform_fields_3' class='gform_fields top_label form_sublabel_below description_below validation_below'><div id=\"field_3_1\" class=\"gfield gfield--type-text gfield_contains_required field_sublabel_below gfield--no-description field_description_below field_validation_below gfield_visibility_visible\"  ><label class='gfield_label gform-field-label' for='input_3_1'>First Name<span class=\"gfield_required\"><span class=\"gfield_required gfield_required_text\">(Obligatorio)<\/span><\/span><\/label><div class='ginput_container ginput_container_text'><input name='input_1' id='input_3_1' type='text' value='' class='medium'    placeholder='First Name' aria-required=\"true\" aria-invalid=\"false\"   \/><\/div><\/div><div id=\"field_3_3\" class=\"gfield gfield--type-text gfield--width-full gfield_contains_required field_sublabel_below gfield--no-description field_description_below field_validation_below gfield_visibility_visible\"  ><label class='gfield_label gform-field-label' for='input_3_3'>Last Name<span class=\"gfield_required\"><span class=\"gfield_required gfield_required_text\">(Obligatorio)<\/span><\/span><\/label><div class='ginput_container ginput_container_text'><input name='input_3' id='input_3_3' type='text' value='' class='medium'    placeholder='Last Name' aria-required=\"true\" aria-invalid=\"false\"   \/><\/div><\/div><div id=\"field_3_4\" class=\"gfield gfield--type-text gfield--width-full gfield_contains_required field_sublabel_below gfield--no-description field_description_below field_validation_below gfield_visibility_visible\"  ><label class='gfield_label gform-field-label' for='input_3_4'>Member Number<span class=\"gfield_required\"><span class=\"gfield_required gfield_required_text\">(Obligatorio)<\/span><\/span><\/label><div class='ginput_container ginput_container_text'><input name='input_4' id='input_3_4' type='text' value='' class='medium'    placeholder='Member Number' aria-required=\"true\" aria-invalid=\"false\"   \/><\/div><\/div><div id=\"field_3_6\" class=\"gfield gfield--type-email gfield_contains_required field_sublabel_below gfield--no-description field_description_below field_validation_below gfield_visibility_visible gpev-field\"  data-field-class=\"gpev-field\" ><label class='gfield_label gform-field-label' for='input_3_6'>Email<span class=\"gfield_required\"><span class=\"gfield_required gfield_required_text\">(Obligatorio)<\/span><\/span><\/label><div class='ginput_container ginput_container_email'>\n                            <input name='input_6' id='input_3_6' type='email' value='' class='small'   placeholder='Email' aria-required=\"true\" aria-invalid=\"false\"  \/>\n                        <\/div><\/div><div id=\"field_3_7\" class=\"gfield gfield--type-captcha field_sublabel_below gfield--no-description field_description_below field_validation_below gfield_visibility_visible\"  ><label class='gfield_label gform-field-label' for='input_3_7'>CAPTCHA<\/label><div id='input_3_7' class='ginput_container ginput_recaptcha' data-sitekey='6Lfy0SwkAAAAADQVh8QZegxERGeKWZq5YtR_76Cv'  data-theme='light' data-tabindex='0'  data-badge=''><\/div><\/div><\/div><\/div>\n        <div class='gform-footer gform_footer top_label'> <input type='submit' id='gform_submit_button_3' class='gform_button button' onclick='gform.submission.handleButtonClick(this);' data-submission-type='submit' value='Submit'  \/> \n            <input type='hidden' class='gform_hidden' name='gform_submission_method' data-js='gform_submission_method_3' value='postback' \/>\n            <input type='hidden' class='gform_hidden' name='gform_theme' data-js='gform_theme_3' id='gform_theme_3' value='gravity-theme' \/>\n            <input type='hidden' class='gform_hidden' name='gform_style_settings' data-js='gform_style_settings_3' id='gform_style_settings_3' value='{&quot;inputPrimaryColor&quot;:&quot;#204ce5&quot;}' \/>\n            <input type='hidden' class='gform_hidden' name='is_submit_3' value='1' \/>\n            <input type='hidden' class='gform_hidden' name='gform_submit' value='3' \/>\n            \n            <input type='hidden' class='gform_hidden' name='gform_currency' data-currency='USD' value='V2Sc3xE1EcmEDkgi6v\/DvQaZwfHWnvIP5LQno3kFNHyYsXn55TquTPHAd1kDpskDCyQDIxQgxmIvuI49HdhGBQyFW7W7lm25rmOR7VG0ehXuxps=' \/>\n            <input type='hidden' class='gform_hidden' name='gform_unique_id' value='' \/>\n            <input type='hidden' class='gform_hidden' name='state_3' value='WyJbXSIsIjQ1ZmU5MTQ0NTRlZTY5NDRhY2FhZTRjNDRlZjlmNzY1Il0=' \/>\n            <input type='hidden' autocomplete='off' class='gform_hidden' name='gform_target_page_number_3' id='gform_target_page_number_3' value='0' \/>\n            <input type='hidden' autocomplete='off' class='gform_hidden' name='gform_source_page_number_3' id='gform_source_page_number_3' value='1' \/>\n            <input type='hidden' name='gform_field_values' value='' \/>\n            \n        <\/div>\n                        <\/form>\n                        <\/div><script type=\"text\/javascript\">\n\/* <![CDATA[ *\/\n gform.initializeOnLoaded( function() {gformInitSpinner( 3, 'https:\/\/www.iccu.com\/wp-content\/plugins\/gravityforms\/images\/spinner.svg', true );jQuery('#gform_ajax_frame_3').on('load',function(){var contents = jQuery(this).contents().find('*').html();var is_postback = contents.indexOf('GF_AJAX_POSTBACK') >= 0;if(!is_postback){return;}var form_content = jQuery(this).contents().find('#gform_wrapper_3');var is_confirmation = jQuery(this).contents().find('#gform_confirmation_wrapper_3').length > 0;var is_redirect = contents.indexOf('gformRedirect(){') >= 0;var is_form = form_content.length > 0 && ! is_redirect && ! is_confirmation;var mt = parseInt(jQuery('html').css('margin-top'), 10) + parseInt(jQuery('body').css('margin-top'), 10) + 100;if(is_form){jQuery('#gform_wrapper_3').html(form_content.html());if(form_content.hasClass('gform_validation_error')){jQuery('#gform_wrapper_3').addClass('gform_validation_error');} else {jQuery('#gform_wrapper_3').removeClass('gform_validation_error');}setTimeout( function() { \/* delay the scroll by 50 milliseconds to fix a bug in chrome *\/  }, 50 );if(window['gformInitDatepicker']) {gformInitDatepicker();}if(window['gformInitPriceFields']) {gformInitPriceFields();}var current_page = jQuery('#gform_source_page_number_3').val();gformInitSpinner( 3, 'https:\/\/www.iccu.com\/wp-content\/plugins\/gravityforms\/images\/spinner.svg', true );jQuery(document).trigger('gform_page_loaded', [3, current_page]);window['gf_submitting_3'] = false;}else if(!is_redirect){var confirmation_content = jQuery(this).contents().find('.GF_AJAX_POSTBACK').html();if(!confirmation_content){confirmation_content = contents;}jQuery('#gform_wrapper_3').replaceWith(confirmation_content);jQuery(document).trigger('gform_confirmation_loaded', [3]);window['gf_submitting_3'] = false;wp.a11y.speak(jQuery('#gform_confirmation_message_3').text());}else{jQuery('#gform_3').append(contents);if(window['gformRedirect']) {gformRedirect();}}jQuery(document).trigger(\"gform_pre_post_render\", [{ formId: \"3\", currentPage: \"current_page\", abort: function() { this.preventDefault(); } }]);        if (event && event.defaultPrevented) {                return;        }        const gformWrapperDiv = document.getElementById( \"gform_wrapper_3\" );        if ( gformWrapperDiv ) {            const visibilitySpan = document.createElement( \"span\" );            visibilitySpan.id = \"gform_visibility_test_3\";            gformWrapperDiv.insertAdjacentElement( \"afterend\", visibilitySpan );        }        const visibilityTestDiv = document.getElementById( \"gform_visibility_test_3\" );        let postRenderFired = false;        function triggerPostRender() {            if ( postRenderFired ) {                return;            }            postRenderFired = true;            gform.core.triggerPostRenderEvents( 3, current_page );            if ( visibilityTestDiv ) {                visibilityTestDiv.parentNode.removeChild( visibilityTestDiv );            }        }        function debounce( func, wait, immediate ) {            var timeout;            return function() {                var context = this, args = arguments;                var later = function() {                    timeout = null;                    if ( !immediate ) func.apply( context, args );                };                var callNow = immediate && !timeout;                clearTimeout( timeout );                timeout = setTimeout( later, wait );                if ( callNow ) func.apply( context, args );            };        }        const debouncedTriggerPostRender = debounce( function() {            triggerPostRender();        }, 200 );        if ( visibilityTestDiv && visibilityTestDiv.offsetParent === null ) {            const observer = new MutationObserver( ( mutations ) => {                mutations.forEach( ( mutation ) => {                    if ( mutation.type === 'attributes' && visibilityTestDiv.offsetParent !== null ) {                        debouncedTriggerPostRender();                        observer.disconnect();                    }                });            });            observer.observe( document.body, {                attributes: true,                childList: false,                subtree: true,                attributeFilter: [ 'style', 'class' ],            });        } else {            triggerPostRender();        }    } );} ); \n\/* ]]> *\/\n<\/script>\n\n\n\n<p class=\"has-xs-font-size\">Este formulario solo est\u00e1 disponible en ingl\u00e9s. Para asistencia en espa\u00f1ol, por favor cont\u00e1ctenos.<\/p>\n\n\n\n<p class=\"has-lg-font-size\">Los extractos electr\u00f3nicos son una forma f\u00e1cil y sencilla de ver tus extractos por Internet. Por no hablar de que es mejor para el medio ambiente al ahorrar papel. Para ver los extractos electr\u00f3nicos necesitas<\/p>\n\n\n\n<ul class=\"wp-block-list has-lg-font-size\">\n<li>Acceso a Internet<\/li>\n\n\n\n<li>Una cuenta de correo electr\u00f3nico para las notificaciones de los extractos<\/li>\n\n\n\n<li><a href=\"http:\/\/www.adobe.com\/products\/acrobat\/readstep.html\" target=\"_blank\" rel=\"noreferrer noopener\">Adobe Reader<\/a>, gratuito desde el sitio web de Adobe<\/li>\n\n\n\n<li>eBranch, el servicio de banca online de ICCU<\/li>\n<\/ul>\n<\/div>\n<\/div>\n<\/div><\/div>\n","protected":false},"excerpt":{"rendered":"<p>Tipos de declaraciones El tipo de extractos que recibas de ICCU depender\u00e1 del tipo de cuentas que tengas con nosotros. [&hellip;]<\/p>\n","protected":false},"author":5,"featured_media":17363,"parent":18454,"menu_order":0,"comment_status":"closed","ping_status":"closed","template":"product-detail-page.php","meta":{"_acf_changed":false,"_searchwp_excluded":"","footnotes":""},"class_list":["post-18525","page","type-page","status-publish","has-post-thumbnail","hentry"],"acf":[],"yoast_head":"<!-- This site is optimized with the Yoast SEO Premium plugin v27.2 (Yoast SEO v27.3) - https:\/\/yoast.com\/product\/yoast-seo-premium-wordpress\/ -->\n<title>Declaraciones - ICCU<\/title>\n<meta name=\"robots\" content=\"index, follow, max-snippet:-1, max-image-preview:large, max-video-preview:-1\" \/>\n<link rel=\"canonical\" href=\"https:\/\/www.iccu.com\/es\/services\/statements\/\" \/>\n<meta property=\"og:locale\" content=\"es_ES\" \/>\n<meta property=\"og:type\" content=\"article\" \/>\n<meta property=\"og:title\" content=\"Declaraciones\" \/>\n<meta property=\"og:description\" content=\"Tipos de declaraciones El tipo de extractos que recibas de ICCU depender\u00e1 del tipo de cuentas que tengas con nosotros. [&hellip;]\" \/>\n<meta property=\"og:url\" content=\"https:\/\/www.iccu.com\/es\/services\/statements\/\" \/>\n<meta property=\"og:site_name\" content=\"ICCU\" \/>\n<meta property=\"article:publisher\" content=\"https:\/\/www.facebook.com\/IdahoCentralCreditUnion\" \/>\n<meta property=\"article:modified_time\" content=\"2025-03-24T15:29:52+00:00\" \/>\n<meta property=\"og:image\" content=\"https:\/\/www.iccu.com\/wp-content\/uploads\/2023\/03\/Statements_Hero.webp\" \/>\n\t<meta property=\"og:image:width\" content=\"390\" \/>\n\t<meta property=\"og:image:height\" content=\"293\" \/>\n\t<meta property=\"og:image:type\" content=\"image\/webp\" \/>\n<meta name=\"twitter:card\" content=\"summary_large_image\" \/>\n<meta name=\"twitter:site\" content=\"@Idaho_Central\" \/>\n<meta name=\"twitter:label1\" content=\"Tiempo de lectura\" \/>\n\t<meta name=\"twitter:data1\" content=\"2 minutos\" \/>\n<script type=\"application\/ld+json\" class=\"yoast-schema-graph\">{\"@context\":\"https:\\\/\\\/schema.org\",\"@graph\":[{\"@type\":\"WebPage\",\"@id\":\"https:\\\/\\\/www.iccu.com\\\/es\\\/services\\\/statements\\\/\",\"url\":\"https:\\\/\\\/www.iccu.com\\\/es\\\/services\\\/statements\\\/\",\"name\":\"Declaraciones - ICCU\",\"isPartOf\":{\"@id\":\"https:\\\/\\\/www.iccu.com\\\/es\\\/#website\"},\"primaryImageOfPage\":{\"@id\":\"https:\\\/\\\/www.iccu.com\\\/es\\\/services\\\/statements\\\/#primaryimage\"},\"image\":{\"@id\":\"https:\\\/\\\/www.iccu.com\\\/es\\\/services\\\/statements\\\/#primaryimage\"},\"thumbnailUrl\":\"https:\\\/\\\/www.iccu.com\\\/wp-content\\\/uploads\\\/2023\\\/03\\\/Statements_Hero.webp\",\"datePublished\":\"2023-03-10T18:58:44+00:00\",\"dateModified\":\"2025-03-24T15:29:52+00:00\",\"breadcrumb\":{\"@id\":\"https:\\\/\\\/www.iccu.com\\\/es\\\/services\\\/statements\\\/#breadcrumb\"},\"inLanguage\":\"es\",\"potentialAction\":[{\"@type\":\"ReadAction\",\"target\":[\"https:\\\/\\\/www.iccu.com\\\/es\\\/services\\\/statements\\\/\"]}]},{\"@type\":\"ImageObject\",\"inLanguage\":\"es\",\"@id\":\"https:\\\/\\\/www.iccu.com\\\/es\\\/services\\\/statements\\\/#primaryimage\",\"url\":\"https:\\\/\\\/www.iccu.com\\\/wp-content\\\/uploads\\\/2023\\\/03\\\/Statements_Hero.webp\",\"contentUrl\":\"https:\\\/\\\/www.iccu.com\\\/wp-content\\\/uploads\\\/2023\\\/03\\\/Statements_Hero.webp\",\"width\":390,\"height\":293},{\"@type\":\"BreadcrumbList\",\"@id\":\"https:\\\/\\\/www.iccu.com\\\/es\\\/services\\\/statements\\\/#breadcrumb\",\"itemListElement\":[{\"@type\":\"ListItem\",\"position\":1,\"name\":\"Home\",\"item\":\"https:\\\/\\\/www.iccu.com\\\/es\\\/\"},{\"@type\":\"ListItem\",\"position\":2,\"name\":\"Servicios\",\"item\":\"https:\\\/\\\/www.iccu.com\\\/es\\\/services\\\/\"},{\"@type\":\"ListItem\",\"position\":3,\"name\":\"Declaraciones\"}]},{\"@type\":\"WebSite\",\"@id\":\"https:\\\/\\\/www.iccu.com\\\/es\\\/#website\",\"url\":\"https:\\\/\\\/www.iccu.com\\\/es\\\/\",\"name\":\"ICCU\",\"description\":\"Looking after your daily balance.\",\"publisher\":{\"@id\":\"https:\\\/\\\/www.iccu.com\\\/es\\\/#organization\"},\"alternateName\":\"ICCU\",\"potentialAction\":[{\"@type\":\"SearchAction\",\"target\":{\"@type\":\"EntryPoint\",\"urlTemplate\":\"https:\\\/\\\/www.iccu.com\\\/es\\\/?s={search_term_string}\"},\"query-input\":{\"@type\":\"PropertyValueSpecification\",\"valueRequired\":true,\"valueName\":\"search_term_string\"}}],\"inLanguage\":\"es\"},{\"@type\":\"Organization\",\"@id\":\"https:\\\/\\\/www.iccu.com\\\/es\\\/#organization\",\"name\":\"ICCU\",\"url\":\"https:\\\/\\\/www.iccu.com\\\/es\\\/\",\"logo\":{\"@type\":\"ImageObject\",\"inLanguage\":\"es\",\"@id\":\"https:\\\/\\\/www.iccu.com\\\/es\\\/#\\\/schema\\\/logo\\\/image\\\/\",\"url\":\"https:\\\/\\\/www.iccu.com\\\/wp-content\\\/uploads\\\/2025\\\/03\\\/ICCU-logo-2color_696x696.png\",\"contentUrl\":\"https:\\\/\\\/www.iccu.com\\\/wp-content\\\/uploads\\\/2025\\\/03\\\/ICCU-logo-2color_696x696.png\",\"width\":696,\"height\":696,\"caption\":\"ICCU\"},\"image\":{\"@id\":\"https:\\\/\\\/www.iccu.com\\\/es\\\/#\\\/schema\\\/logo\\\/image\\\/\"},\"sameAs\":[\"https:\\\/\\\/www.facebook.com\\\/IdahoCentralCreditUnion\",\"https:\\\/\\\/x.com\\\/Idaho_Central\",\"https:\\\/\\\/www.youtube.com\\\/idahocentralcu\",\"https:\\\/\\\/www.linkedin.com\\\/company\\\/idahocentralcreditunion\\\/\",\"https:\\\/\\\/www.instagram.com\\\/idahocentralcu\\\/\"],\"description\":\"ICCU is a state-chartered credit union in the western United States, headquartered in Chubbuck, Idaho. Whether you\u2019re banking in the branch or banking on the go, ICCU is looking after your daily balance. Get great rates on auto and home loans. Check out our Visa Rewards Cards. Discover more perks with Central Plus Checking. Bank your way with drive-thru, ATM, live video chat, mobile banking. Open Saturdays. We also offer investment, insurance, and business solutions. As a member of ICCU, you\u2019ll have a financial leader that\u2019s helping you achieve financial success. Routing Number: 324173626. NMLS ID: 433926.\",\"email\":\"memberservice@iccu.com\",\"telephone\":\"(800) 456-5067\",\"foundingDate\":\"1940-06-28\",\"taxID\":\"82-0217065\",\"duns\":\"108135278\",\"numberOfEmployees\":{\"@type\":\"QuantitativeValue\",\"minValue\":\"1001\",\"maxValue\":\"5000\"}}]}<\/script>\n<!-- \/ Yoast SEO Premium plugin. -->","yoast_head_json":{"title":"Declaraciones - ICCU","robots":{"index":"index","follow":"follow","max-snippet":"max-snippet:-1","max-image-preview":"max-image-preview:large","max-video-preview":"max-video-preview:-1"},"canonical":"https:\/\/www.iccu.com\/es\/services\/statements\/","og_locale":"es_ES","og_type":"article","og_title":"Declaraciones","og_description":"Tipos de declaraciones El tipo de extractos que recibas de ICCU depender\u00e1 del tipo de cuentas que tengas con nosotros. [&hellip;]","og_url":"https:\/\/www.iccu.com\/es\/services\/statements\/","og_site_name":"ICCU","article_publisher":"https:\/\/www.facebook.com\/IdahoCentralCreditUnion","article_modified_time":"2025-03-24T15:29:52+00:00","og_image":[{"width":390,"height":293,"url":"https:\/\/www.iccu.com\/wp-content\/uploads\/2023\/03\/Statements_Hero.webp","type":"image\/webp"}],"twitter_card":"summary_large_image","twitter_site":"@Idaho_Central","twitter_misc":{"Tiempo de lectura":"2 minutos"},"schema":{"@context":"https:\/\/schema.org","@graph":[{"@type":"WebPage","@id":"https:\/\/www.iccu.com\/es\/services\/statements\/","url":"https:\/\/www.iccu.com\/es\/services\/statements\/","name":"Declaraciones - ICCU","isPartOf":{"@id":"https:\/\/www.iccu.com\/es\/#website"},"primaryImageOfPage":{"@id":"https:\/\/www.iccu.com\/es\/services\/statements\/#primaryimage"},"image":{"@id":"https:\/\/www.iccu.com\/es\/services\/statements\/#primaryimage"},"thumbnailUrl":"https:\/\/www.iccu.com\/wp-content\/uploads\/2023\/03\/Statements_Hero.webp","datePublished":"2023-03-10T18:58:44+00:00","dateModified":"2025-03-24T15:29:52+00:00","breadcrumb":{"@id":"https:\/\/www.iccu.com\/es\/services\/statements\/#breadcrumb"},"inLanguage":"es","potentialAction":[{"@type":"ReadAction","target":["https:\/\/www.iccu.com\/es\/services\/statements\/"]}]},{"@type":"ImageObject","inLanguage":"es","@id":"https:\/\/www.iccu.com\/es\/services\/statements\/#primaryimage","url":"https:\/\/www.iccu.com\/wp-content\/uploads\/2023\/03\/Statements_Hero.webp","contentUrl":"https:\/\/www.iccu.com\/wp-content\/uploads\/2023\/03\/Statements_Hero.webp","width":390,"height":293},{"@type":"BreadcrumbList","@id":"https:\/\/www.iccu.com\/es\/services\/statements\/#breadcrumb","itemListElement":[{"@type":"ListItem","position":1,"name":"Home","item":"https:\/\/www.iccu.com\/es\/"},{"@type":"ListItem","position":2,"name":"Servicios","item":"https:\/\/www.iccu.com\/es\/services\/"},{"@type":"ListItem","position":3,"name":"Declaraciones"}]},{"@type":"WebSite","@id":"https:\/\/www.iccu.com\/es\/#website","url":"https:\/\/www.iccu.com\/es\/","name":"ICCU","description":"Looking after your daily balance.","publisher":{"@id":"https:\/\/www.iccu.com\/es\/#organization"},"alternateName":"ICCU","potentialAction":[{"@type":"SearchAction","target":{"@type":"EntryPoint","urlTemplate":"https:\/\/www.iccu.com\/es\/?s={search_term_string}"},"query-input":{"@type":"PropertyValueSpecification","valueRequired":true,"valueName":"search_term_string"}}],"inLanguage":"es"},{"@type":"Organization","@id":"https:\/\/www.iccu.com\/es\/#organization","name":"ICCU","url":"https:\/\/www.iccu.com\/es\/","logo":{"@type":"ImageObject","inLanguage":"es","@id":"https:\/\/www.iccu.com\/es\/#\/schema\/logo\/image\/","url":"https:\/\/www.iccu.com\/wp-content\/uploads\/2025\/03\/ICCU-logo-2color_696x696.png","contentUrl":"https:\/\/www.iccu.com\/wp-content\/uploads\/2025\/03\/ICCU-logo-2color_696x696.png","width":696,"height":696,"caption":"ICCU"},"image":{"@id":"https:\/\/www.iccu.com\/es\/#\/schema\/logo\/image\/"},"sameAs":["https:\/\/www.facebook.com\/IdahoCentralCreditUnion","https:\/\/x.com\/Idaho_Central","https:\/\/www.youtube.com\/idahocentralcu","https:\/\/www.linkedin.com\/company\/idahocentralcreditunion\/","https:\/\/www.instagram.com\/idahocentralcu\/"],"description":"ICCU is a state-chartered credit union in the western United States, headquartered in Chubbuck, Idaho. Whether you\u2019re banking in the branch or banking on the go, ICCU is looking after your daily balance. Get great rates on auto and home loans. Check out our Visa Rewards Cards. Discover more perks with Central Plus Checking. Bank your way with drive-thru, ATM, live video chat, mobile banking. Open Saturdays. We also offer investment, insurance, and business solutions. As a member of ICCU, you\u2019ll have a financial leader that\u2019s helping you achieve financial success. Routing Number: 324173626. NMLS ID: 433926.","email":"memberservice@iccu.com","telephone":"(800) 456-5067","foundingDate":"1940-06-28","taxID":"82-0217065","duns":"108135278","numberOfEmployees":{"@type":"QuantitativeValue","minValue":"1001","maxValue":"5000"}}]}},"_links":{"self":[{"href":"https:\/\/www.iccu.com\/es\/wp-json\/wp\/v2\/pages\/18525","targetHints":{"allow":["GET"]}}],"collection":[{"href":"https:\/\/www.iccu.com\/es\/wp-json\/wp\/v2\/pages"}],"about":[{"href":"https:\/\/www.iccu.com\/es\/wp-json\/wp\/v2\/types\/page"}],"author":[{"embeddable":true,"href":"https:\/\/www.iccu.com\/es\/wp-json\/wp\/v2\/users\/5"}],"replies":[{"embeddable":true,"href":"https:\/\/www.iccu.com\/es\/wp-json\/wp\/v2\/comments?post=18525"}],"version-history":[{"count":3,"href":"https:\/\/www.iccu.com\/es\/wp-json\/wp\/v2\/pages\/18525\/revisions"}],"predecessor-version":[{"id":21650,"href":"https:\/\/www.iccu.com\/es\/wp-json\/wp\/v2\/pages\/18525\/revisions\/21650"}],"up":[{"embeddable":true,"href":"https:\/\/www.iccu.com\/es\/wp-json\/wp\/v2\/pages\/18454"}],"wp:featuredmedia":[{"embeddable":true,"href":"https:\/\/www.iccu.com\/es\/wp-json\/wp\/v2\/media\/17363"}],"wp:attachment":[{"href":"https:\/\/www.iccu.com\/es\/wp-json\/wp\/v2\/media?parent=18525"}],"curies":[{"name":"wp","href":"https:\/\/api.w.org\/{rel}","templated":true}]}}