{"id":18659,"date":"2022-12-07T12:37:52","date_gmt":"2022-12-07T19:37:52","guid":{"rendered":"https:\/\/www.iccu.com\/loans\/credit-care\/reconstructor-de-credito\/"},"modified":"2025-01-09T11:53:07","modified_gmt":"2025-01-09T18:53:07","slug":"credit-rebuilder","status":"publish","type":"page","link":"https:\/\/www.iccu.com\/es\/loans\/credit-care\/credit-rebuilder\/","title":{"rendered":"Reconstructor de cr\u00e9dito"},"content":{"rendered":"<div id=\"navbar\" class=\"m-navbar \">\n    <ul>\n                    <li>\n                <a href=\"#cb-auto\">Reconstructor de cr\u00e9dito Auto<\/a>\n            <\/li>\n                    <li>\n                <a href=\"#secured\">Acci\u00f3n\/CD Pr\u00e9stamo garantizado<\/a>\n            <\/li>\n                    <li>\n                <a href=\"#secured-visa\">Visa asegurada<\/a>\n            <\/li>\n            <\/ul>\n<\/div>\n<div id=\"navbar-spacer\"><\/div>\n\n<div class=\"wp-block-group alignfull has-white-background-color has-background\" id=\"cb-auto\"><div class=\"wp-block-group__inner-container is-layout-flow wp-block-group-is-layout-flow\">\n<div class=\"wp-block-columns alignwide is-layout-flex wp-container-core-columns-is-layout-9d6595d7 wp-block-columns-is-layout-flex\">\n<div class=\"wp-block-column is-layout-flow wp-block-column-is-layout-flow\">\n<h2 class=\"wp-block-heading alignfull\" id=\"h-credit-rebuilder-auto\">Reconstructor de cr\u00e9dito Auto<\/h2>\n<\/div>\n<\/div>\n\n\n\n<div class=\"wp-block-columns alignwide is-layout-flex wp-container-core-columns-is-layout-9d6595d7 wp-block-columns-is-layout-flex\">\n<div class=\"wp-block-column is-layout-flow wp-block-column-is-layout-flow\" style=\"flex-basis:66.66%\">\n<p class=\"has-lg-font-size\">Utiliza este pr\u00e9stamo para comprar un veh\u00edculo o utiliza el t\u00edtulo de un veh\u00edculo que poseas directamente para ayudar a reconstruir tu cr\u00e9dito. Este pr\u00e9stamo a plazos se devuelve a lo largo del tiempo con un n\u00famero determinado de pagos mensuales.<\/p>\n\n\n\n<p class=\"has-lg-font-size\">Ponte en contacto con nosotros a trav\u00e9s de <strong><a href=\"https:\/\/main.eltropyvideobanking.com\/financial_town\/?view_type=page&amp;action=client_portal&amp;company_code=iccu&amp;client_portal_mode=instant_call\">Videochat<\/a><\/strong> o ll\u00e1manos al <strong>1-800-456-5067<\/strong>.<\/p>\n<\/div>\n\n\n\n<div class=\"wp-block-column is-layout-flow wp-block-column-is-layout-flow\" style=\"flex-basis:33.33%\">\n<p class=\"has-green-color has-text-color has-md-font-size\">Detalles del pr\u00e9stamo<\/p>\n\n\n\n<ul class=\"wp-block-list has-lg-font-size\">\n<li>Aprobaciones el mismo d\u00eda<\/li>\n\n\n\n<li>Plazos de 6 a 36 meses<\/li>\n\n\n\n<li>Solicitud de pr\u00e9stamo sencilla<\/li>\n\n\n\n<li>Tasa de tramitaci\u00f3n tan baja como $20.<\/li>\n<\/ul>\n<\/div>\n<\/div>\n<\/div><\/div>\n\n<div class=\"wp-block-group alignfull has-light-gray-background-color has-background\" id=\"secured\"><div class=\"wp-block-group__inner-container is-layout-flow wp-block-group-is-layout-flow\">\n<div class=\"wp-block-columns alignwide is-layout-flex wp-container-core-columns-is-layout-9d6595d7 wp-block-columns-is-layout-flex\">\n<div class=\"wp-block-column is-layout-flow wp-block-column-is-layout-flow\">\n<h2 class=\"wp-block-heading alignfull\" id=\"h-share-cd-secured-loan\"><strong>Acci\u00f3n\/CD Pr\u00e9stamo garantizado<\/strong><\/h2>\n<\/div>\n<\/div>\n\n\n\n<div class=\"wp-block-columns alignwide is-layout-flex wp-container-core-columns-is-layout-9d6595d7 wp-block-columns-is-layout-flex\">\n<div class=\"wp-block-column is-layout-flow wp-block-column-is-layout-flow\" style=\"flex-basis:66.66%\">\n<p class=\"has-lg-font-size\">Si quieres crear cr\u00e9dito pero no re\u00fanes los requisitos para un pr\u00e9stamo convencional, puedes depositar dinero en una cuenta de ahorro o en un certificado de dep\u00f3sito. Utilizaremos el dinero como garant\u00eda para concederte un peque\u00f1o pr\u00e9stamo. Utiliza este pr\u00e9stamo para comprar material escolar, hacer reparaciones en el coche o irte de vacaciones. Este pr\u00e9stamo a plazos se devuelve a lo largo del tiempo con un n\u00famero determinado de pagos mensuales.<\/p>\n\n\n\n<p class=\"has-lg-font-size\">Ponte en contacto con nosotros a trav\u00e9s de <strong><a href=\"https:\/\/main.eltropyvideobanking.com\/financial_town\/?view_type=page&amp;action=client_portal&amp;company_code=iccu&amp;client_portal_mode=instant_call\">Videochat<\/a><\/strong> o ll\u00e1manos al <strong>1-800-456-5067<\/strong>.<\/p>\n<\/div>\n\n\n\n<div class=\"wp-block-column is-layout-flow wp-block-column-is-layout-flow\" style=\"flex-basis:33.33%\">\n<p class=\"has-green-color has-text-color has-md-font-size\">Detalles del pr\u00e9stamo<\/p>\n\n\n\n<ul class=\"wp-block-list has-lg-font-size\">\n<li>Sin comisiones de apertura del pr\u00e9stamo<\/li>\n\n\n\n<li>Aprobaciones el mismo d\u00eda<\/li>\n\n\n\n<li>Plazos de 6 a 36 meses<\/li>\n\n\n\n<li>Tipos de inter\u00e9s bajos<\/li>\n\n\n\n<li>Solicitud de pr\u00e9stamo sencilla<\/li>\n<\/ul>\n<\/div>\n<\/div>\n<\/div><\/div>\n\n<div class=\"wp-block-group alignfull has-white-background-color has-background\" id=\"secured-visa\"><div class=\"wp-block-group__inner-container is-layout-flow wp-block-group-is-layout-flow\">\n<div class=\"wp-block-columns alignwide is-layout-flex wp-container-core-columns-is-layout-9d6595d7 wp-block-columns-is-layout-flex\">\n<div class=\"wp-block-column is-layout-flow wp-block-column-is-layout-flow\">\n<h2 class=\"wp-block-heading alignfull\" id=\"h-secured-visa\">Visa asegurada<\/h2>\n<\/div>\n<\/div>\n\n\n\n<div class=\"wp-block-columns alignwide is-layout-flex wp-container-core-columns-is-layout-9d6595d7 wp-block-columns-is-layout-flex\">\n<div class=\"wp-block-column is-layout-flow wp-block-column-is-layout-flow\" style=\"flex-basis:66.66%\">\n<p class=\"has-lg-font-size\">Si buscas una tarjeta de cr\u00e9dito pero no re\u00fanes los requisitos para una Visa sin garant\u00eda, puedes depositar dinero en una cuenta de ahorro o en un certificado de dep\u00f3sito. Utilizaremos el dinero como garant\u00eda para emitirte una Visa garantizada. Puedes utilizar esta tarjeta para establecer un historial crediticio positivo.<\/p>\n\n\n\n<p class=\"has-lg-font-size\">Ponte en contacto con nosotros a trav\u00e9s de <strong><a href=\"https:\/\/main.eltropyvideobanking.com\/financial_town\/?view_type=page&amp;action=client_portal&amp;company_code=iccu&amp;client_portal_mode=instant_call\">Videochat<\/a><\/strong> o ll\u00e1manos al <strong>1-800-456-5067<\/strong>.<\/p>\n<\/div>\n\n\n\n<div class=\"wp-block-column is-layout-flow wp-block-column-is-layout-flow\" style=\"flex-basis:33.33%\">\n<p class=\"has-green-color has-text-color has-md-font-size\">Detalles del pr\u00e9stamo<\/p>\n\n\n\n<ul class=\"wp-block-list has-lg-font-size\">\n<li>Comisiones y gastos sencillos<\/li>\n\n\n\n<li>Pagos m\u00ednimos mensuales bajos<\/li>\n<\/ul>\n<\/div>\n<\/div>\n<\/div><\/div>\n","protected":false},"excerpt":{"rendered":"<p>Reconstructor de cr\u00e9dito Auto Utiliza este pr\u00e9stamo para comprar un veh\u00edculo o utiliza el t\u00edtulo de un veh\u00edculo que poseas [&hellip;]<\/p>\n","protected":false},"author":3,"featured_media":17038,"parent":18506,"menu_order":20,"comment_status":"closed","ping_status":"closed","template":"product-detail-page.php","meta":{"_acf_changed":false,"_searchwp_excluded":"","footnotes":""},"class_list":["post-18659","page","type-page","status-publish","has-post-thumbnail","hentry"],"acf":[],"yoast_head":"<!-- This site is optimized with the Yoast SEO Premium plugin v27.2 (Yoast SEO v27.3) - https:\/\/yoast.com\/product\/yoast-seo-premium-wordpress\/ -->\n<title>Reconstructor de cr\u00e9dito - ICCU<\/title>\n<meta name=\"description\" content=\"Se utiliza para ayudarte a reconstruir tu cr\u00e9dito. Nuestras opciones de Cr\u00e9dito Reconstruido Auto, Pr\u00e9stamo Garantizado Acciones\/CD o Visa Garantizada pueden ayudarte a llevar tu cr\u00e9dito a donde quieres que est\u00e9.\" \/>\n<meta name=\"robots\" content=\"index, follow, max-snippet:-1, max-image-preview:large, max-video-preview:-1\" \/>\n<link rel=\"canonical\" href=\"https:\/\/www.iccu.com\/es\/loans\/credit-care\/credit-rebuilder\/\" \/>\n<meta property=\"og:locale\" content=\"es_ES\" \/>\n<meta property=\"og:type\" content=\"article\" \/>\n<meta property=\"og:title\" content=\"Reconstructor de cr\u00e9dito\" \/>\n<meta property=\"og:description\" content=\"Se utiliza para ayudarte a reconstruir tu cr\u00e9dito. Nuestras opciones de Cr\u00e9dito Reconstruido Auto, Pr\u00e9stamo Garantizado Acciones\/CD o Visa Garantizada pueden ayudarte a llevar tu cr\u00e9dito a donde quieres que est\u00e9.\" \/>\n<meta property=\"og:url\" content=\"https:\/\/www.iccu.com\/es\/loans\/credit-care\/credit-rebuilder\/\" \/>\n<meta property=\"og:site_name\" content=\"ICCU\" \/>\n<meta property=\"article:publisher\" content=\"https:\/\/www.facebook.com\/IdahoCentralCreditUnion\" \/>\n<meta property=\"article:modified_time\" content=\"2025-01-09T18:53:07+00:00\" \/>\n<meta property=\"og:image\" content=\"https:\/\/www.iccu.com\/wp-content\/uploads\/2022\/12\/Credit-ReBuilder-Details-Page_Hero.webp\" \/>\n\t<meta property=\"og:image:width\" content=\"390\" \/>\n\t<meta property=\"og:image:height\" content=\"293\" \/>\n\t<meta property=\"og:image:type\" content=\"image\/webp\" \/>\n<meta name=\"twitter:card\" content=\"summary_large_image\" \/>\n<meta name=\"twitter:site\" content=\"@Idaho_Central\" \/>\n<meta name=\"twitter:label1\" content=\"Tiempo de lectura\" \/>\n\t<meta name=\"twitter:data1\" content=\"2 minutos\" \/>\n<script type=\"application\/ld+json\" class=\"yoast-schema-graph\">{\"@context\":\"https:\\\/\\\/schema.org\",\"@graph\":[{\"@type\":\"WebPage\",\"@id\":\"https:\\\/\\\/www.iccu.com\\\/es\\\/loans\\\/credit-care\\\/credit-rebuilder\\\/\",\"url\":\"https:\\\/\\\/www.iccu.com\\\/es\\\/loans\\\/credit-care\\\/credit-rebuilder\\\/\",\"name\":\"Reconstructor de cr\u00e9dito - ICCU\",\"isPartOf\":{\"@id\":\"https:\\\/\\\/www.iccu.com\\\/es\\\/#website\"},\"primaryImageOfPage\":{\"@id\":\"https:\\\/\\\/www.iccu.com\\\/es\\\/loans\\\/credit-care\\\/credit-rebuilder\\\/#primaryimage\"},\"image\":{\"@id\":\"https:\\\/\\\/www.iccu.com\\\/es\\\/loans\\\/credit-care\\\/credit-rebuilder\\\/#primaryimage\"},\"thumbnailUrl\":\"https:\\\/\\\/www.iccu.com\\\/wp-content\\\/uploads\\\/2022\\\/12\\\/Credit-ReBuilder-Details-Page_Hero.webp\",\"datePublished\":\"2022-12-07T19:37:52+00:00\",\"dateModified\":\"2025-01-09T18:53:07+00:00\",\"description\":\"Se utiliza para ayudarte a reconstruir tu cr\u00e9dito. Nuestras opciones de Cr\u00e9dito Reconstruido Auto, Pr\u00e9stamo Garantizado Acciones\\\/CD o Visa Garantizada pueden ayudarte a llevar tu cr\u00e9dito a donde quieres que est\u00e9.\",\"breadcrumb\":{\"@id\":\"https:\\\/\\\/www.iccu.com\\\/es\\\/loans\\\/credit-care\\\/credit-rebuilder\\\/#breadcrumb\"},\"inLanguage\":\"es\",\"potentialAction\":[{\"@type\":\"ReadAction\",\"target\":[\"https:\\\/\\\/www.iccu.com\\\/es\\\/loans\\\/credit-care\\\/credit-rebuilder\\\/\"]}]},{\"@type\":\"ImageObject\",\"inLanguage\":\"es\",\"@id\":\"https:\\\/\\\/www.iccu.com\\\/es\\\/loans\\\/credit-care\\\/credit-rebuilder\\\/#primaryimage\",\"url\":\"https:\\\/\\\/www.iccu.com\\\/wp-content\\\/uploads\\\/2022\\\/12\\\/Credit-ReBuilder-Details-Page_Hero.webp\",\"contentUrl\":\"https:\\\/\\\/www.iccu.com\\\/wp-content\\\/uploads\\\/2022\\\/12\\\/Credit-ReBuilder-Details-Page_Hero.webp\",\"width\":390,\"height\":293},{\"@type\":\"BreadcrumbList\",\"@id\":\"https:\\\/\\\/www.iccu.com\\\/es\\\/loans\\\/credit-care\\\/credit-rebuilder\\\/#breadcrumb\",\"itemListElement\":[{\"@type\":\"ListItem\",\"position\":1,\"name\":\"Home\",\"item\":\"https:\\\/\\\/www.iccu.com\\\/es\\\/\"},{\"@type\":\"ListItem\",\"position\":2,\"name\":\"Pr\u00e9stamos\",\"item\":\"https:\\\/\\\/www.iccu.com\\\/es\\\/loans\\\/\"},{\"@type\":\"ListItem\",\"position\":3,\"name\":\"Programa de Atenci\u00f3n al Cr\u00e9dito\",\"item\":\"https:\\\/\\\/www.iccu.com\\\/es\\\/loans\\\/credit-care\\\/\"},{\"@type\":\"ListItem\",\"position\":4,\"name\":\"Reconstructor de cr\u00e9dito\"}]},{\"@type\":\"WebSite\",\"@id\":\"https:\\\/\\\/www.iccu.com\\\/es\\\/#website\",\"url\":\"https:\\\/\\\/www.iccu.com\\\/es\\\/\",\"name\":\"ICCU\",\"description\":\"Looking after your daily balance.\",\"publisher\":{\"@id\":\"https:\\\/\\\/www.iccu.com\\\/es\\\/#organization\"},\"alternateName\":\"ICCU\",\"potentialAction\":[{\"@type\":\"SearchAction\",\"target\":{\"@type\":\"EntryPoint\",\"urlTemplate\":\"https:\\\/\\\/www.iccu.com\\\/es\\\/?s={search_term_string}\"},\"query-input\":{\"@type\":\"PropertyValueSpecification\",\"valueRequired\":true,\"valueName\":\"search_term_string\"}}],\"inLanguage\":\"es\"},{\"@type\":\"Organization\",\"@id\":\"https:\\\/\\\/www.iccu.com\\\/es\\\/#organization\",\"name\":\"ICCU\",\"url\":\"https:\\\/\\\/www.iccu.com\\\/es\\\/\",\"logo\":{\"@type\":\"ImageObject\",\"inLanguage\":\"es\",\"@id\":\"https:\\\/\\\/www.iccu.com\\\/es\\\/#\\\/schema\\\/logo\\\/image\\\/\",\"url\":\"https:\\\/\\\/www.iccu.com\\\/wp-content\\\/uploads\\\/2025\\\/03\\\/ICCU-logo-2color_696x696.png\",\"contentUrl\":\"https:\\\/\\\/www.iccu.com\\\/wp-content\\\/uploads\\\/2025\\\/03\\\/ICCU-logo-2color_696x696.png\",\"width\":696,\"height\":696,\"caption\":\"ICCU\"},\"image\":{\"@id\":\"https:\\\/\\\/www.iccu.com\\\/es\\\/#\\\/schema\\\/logo\\\/image\\\/\"},\"sameAs\":[\"https:\\\/\\\/www.facebook.com\\\/IdahoCentralCreditUnion\",\"https:\\\/\\\/x.com\\\/Idaho_Central\",\"https:\\\/\\\/www.youtube.com\\\/idahocentralcu\",\"https:\\\/\\\/www.linkedin.com\\\/company\\\/idahocentralcreditunion\\\/\",\"https:\\\/\\\/www.instagram.com\\\/idahocentralcu\\\/\"],\"description\":\"ICCU is a state-chartered credit union in the western United States, headquartered in Chubbuck, Idaho. Whether you\u2019re banking in the branch or banking on the go, ICCU is looking after your daily balance. Get great rates on auto and home loans. Check out our Visa Rewards Cards. Discover more perks with Central Plus Checking. Bank your way with drive-thru, ATM, live video chat, mobile banking. Open Saturdays. We also offer investment, insurance, and business solutions. As a member of ICCU, you\u2019ll have a financial leader that\u2019s helping you achieve financial success. Routing Number: 324173626. NMLS ID: 433926.\",\"email\":\"memberservice@iccu.com\",\"telephone\":\"(800) 456-5067\",\"foundingDate\":\"1940-06-28\",\"taxID\":\"82-0217065\",\"duns\":\"108135278\",\"numberOfEmployees\":{\"@type\":\"QuantitativeValue\",\"minValue\":\"1001\",\"maxValue\":\"5000\"}}]}<\/script>\n<!-- \/ Yoast SEO Premium plugin. -->","yoast_head_json":{"title":"Reconstructor de cr\u00e9dito - ICCU","description":"Se utiliza para ayudarte a reconstruir tu cr\u00e9dito. Nuestras opciones de Cr\u00e9dito Reconstruido Auto, Pr\u00e9stamo Garantizado Acciones\/CD o Visa Garantizada pueden ayudarte a llevar tu cr\u00e9dito a donde quieres que est\u00e9.","robots":{"index":"index","follow":"follow","max-snippet":"max-snippet:-1","max-image-preview":"max-image-preview:large","max-video-preview":"max-video-preview:-1"},"canonical":"https:\/\/www.iccu.com\/es\/loans\/credit-care\/credit-rebuilder\/","og_locale":"es_ES","og_type":"article","og_title":"Reconstructor de cr\u00e9dito","og_description":"Se utiliza para ayudarte a reconstruir tu cr\u00e9dito. Nuestras opciones de Cr\u00e9dito Reconstruido Auto, Pr\u00e9stamo Garantizado Acciones\/CD o Visa Garantizada pueden ayudarte a llevar tu cr\u00e9dito a donde quieres que est\u00e9.","og_url":"https:\/\/www.iccu.com\/es\/loans\/credit-care\/credit-rebuilder\/","og_site_name":"ICCU","article_publisher":"https:\/\/www.facebook.com\/IdahoCentralCreditUnion","article_modified_time":"2025-01-09T18:53:07+00:00","og_image":[{"width":390,"height":293,"url":"https:\/\/www.iccu.com\/wp-content\/uploads\/2022\/12\/Credit-ReBuilder-Details-Page_Hero.webp","type":"image\/webp"}],"twitter_card":"summary_large_image","twitter_site":"@Idaho_Central","twitter_misc":{"Tiempo de lectura":"2 minutos"},"schema":{"@context":"https:\/\/schema.org","@graph":[{"@type":"WebPage","@id":"https:\/\/www.iccu.com\/es\/loans\/credit-care\/credit-rebuilder\/","url":"https:\/\/www.iccu.com\/es\/loans\/credit-care\/credit-rebuilder\/","name":"Reconstructor de cr\u00e9dito - ICCU","isPartOf":{"@id":"https:\/\/www.iccu.com\/es\/#website"},"primaryImageOfPage":{"@id":"https:\/\/www.iccu.com\/es\/loans\/credit-care\/credit-rebuilder\/#primaryimage"},"image":{"@id":"https:\/\/www.iccu.com\/es\/loans\/credit-care\/credit-rebuilder\/#primaryimage"},"thumbnailUrl":"https:\/\/www.iccu.com\/wp-content\/uploads\/2022\/12\/Credit-ReBuilder-Details-Page_Hero.webp","datePublished":"2022-12-07T19:37:52+00:00","dateModified":"2025-01-09T18:53:07+00:00","description":"Se utiliza para ayudarte a reconstruir tu cr\u00e9dito. Nuestras opciones de Cr\u00e9dito Reconstruido Auto, Pr\u00e9stamo Garantizado Acciones\/CD o Visa Garantizada pueden ayudarte a llevar tu cr\u00e9dito a donde quieres que est\u00e9.","breadcrumb":{"@id":"https:\/\/www.iccu.com\/es\/loans\/credit-care\/credit-rebuilder\/#breadcrumb"},"inLanguage":"es","potentialAction":[{"@type":"ReadAction","target":["https:\/\/www.iccu.com\/es\/loans\/credit-care\/credit-rebuilder\/"]}]},{"@type":"ImageObject","inLanguage":"es","@id":"https:\/\/www.iccu.com\/es\/loans\/credit-care\/credit-rebuilder\/#primaryimage","url":"https:\/\/www.iccu.com\/wp-content\/uploads\/2022\/12\/Credit-ReBuilder-Details-Page_Hero.webp","contentUrl":"https:\/\/www.iccu.com\/wp-content\/uploads\/2022\/12\/Credit-ReBuilder-Details-Page_Hero.webp","width":390,"height":293},{"@type":"BreadcrumbList","@id":"https:\/\/www.iccu.com\/es\/loans\/credit-care\/credit-rebuilder\/#breadcrumb","itemListElement":[{"@type":"ListItem","position":1,"name":"Home","item":"https:\/\/www.iccu.com\/es\/"},{"@type":"ListItem","position":2,"name":"Pr\u00e9stamos","item":"https:\/\/www.iccu.com\/es\/loans\/"},{"@type":"ListItem","position":3,"name":"Programa de Atenci\u00f3n al Cr\u00e9dito","item":"https:\/\/www.iccu.com\/es\/loans\/credit-care\/"},{"@type":"ListItem","position":4,"name":"Reconstructor de cr\u00e9dito"}]},{"@type":"WebSite","@id":"https:\/\/www.iccu.com\/es\/#website","url":"https:\/\/www.iccu.com\/es\/","name":"ICCU","description":"Looking after your daily balance.","publisher":{"@id":"https:\/\/www.iccu.com\/es\/#organization"},"alternateName":"ICCU","potentialAction":[{"@type":"SearchAction","target":{"@type":"EntryPoint","urlTemplate":"https:\/\/www.iccu.com\/es\/?s={search_term_string}"},"query-input":{"@type":"PropertyValueSpecification","valueRequired":true,"valueName":"search_term_string"}}],"inLanguage":"es"},{"@type":"Organization","@id":"https:\/\/www.iccu.com\/es\/#organization","name":"ICCU","url":"https:\/\/www.iccu.com\/es\/","logo":{"@type":"ImageObject","inLanguage":"es","@id":"https:\/\/www.iccu.com\/es\/#\/schema\/logo\/image\/","url":"https:\/\/www.iccu.com\/wp-content\/uploads\/2025\/03\/ICCU-logo-2color_696x696.png","contentUrl":"https:\/\/www.iccu.com\/wp-content\/uploads\/2025\/03\/ICCU-logo-2color_696x696.png","width":696,"height":696,"caption":"ICCU"},"image":{"@id":"https:\/\/www.iccu.com\/es\/#\/schema\/logo\/image\/"},"sameAs":["https:\/\/www.facebook.com\/IdahoCentralCreditUnion","https:\/\/x.com\/Idaho_Central","https:\/\/www.youtube.com\/idahocentralcu","https:\/\/www.linkedin.com\/company\/idahocentralcreditunion\/","https:\/\/www.instagram.com\/idahocentralcu\/"],"description":"ICCU is a state-chartered credit union in the western United States, headquartered in Chubbuck, Idaho. Whether you\u2019re banking in the branch or banking on the go, ICCU is looking after your daily balance. Get great rates on auto and home loans. Check out our Visa Rewards Cards. Discover more perks with Central Plus Checking. Bank your way with drive-thru, ATM, live video chat, mobile banking. Open Saturdays. We also offer investment, insurance, and business solutions. As a member of ICCU, you\u2019ll have a financial leader that\u2019s helping you achieve financial success. Routing Number: 324173626. NMLS ID: 433926.","email":"memberservice@iccu.com","telephone":"(800) 456-5067","foundingDate":"1940-06-28","taxID":"82-0217065","duns":"108135278","numberOfEmployees":{"@type":"QuantitativeValue","minValue":"1001","maxValue":"5000"}}]}},"_links":{"self":[{"href":"https:\/\/www.iccu.com\/es\/wp-json\/wp\/v2\/pages\/18659","targetHints":{"allow":["GET"]}}],"collection":[{"href":"https:\/\/www.iccu.com\/es\/wp-json\/wp\/v2\/pages"}],"about":[{"href":"https:\/\/www.iccu.com\/es\/wp-json\/wp\/v2\/types\/page"}],"author":[{"embeddable":true,"href":"https:\/\/www.iccu.com\/es\/wp-json\/wp\/v2\/users\/3"}],"replies":[{"embeddable":true,"href":"https:\/\/www.iccu.com\/es\/wp-json\/wp\/v2\/comments?post=18659"}],"version-history":[{"count":3,"href":"https:\/\/www.iccu.com\/es\/wp-json\/wp\/v2\/pages\/18659\/revisions"}],"predecessor-version":[{"id":20055,"href":"https:\/\/www.iccu.com\/es\/wp-json\/wp\/v2\/pages\/18659\/revisions\/20055"}],"up":[{"embeddable":true,"href":"https:\/\/www.iccu.com\/es\/wp-json\/wp\/v2\/pages\/18506"}],"wp:featuredmedia":[{"embeddable":true,"href":"https:\/\/www.iccu.com\/es\/wp-json\/wp\/v2\/media\/17038"}],"wp:attachment":[{"href":"https:\/\/www.iccu.com\/es\/wp-json\/wp\/v2\/media?parent=18659"}],"curies":[{"name":"wp","href":"https:\/\/api.w.org\/{rel}","templated":true}]}}