{"id":18757,"date":"2022-11-15T16:02:14","date_gmt":"2022-11-15T23:02:14","guid":{"rendered":"https:\/\/www.iccu.com\/captura-de-depositos-a-distancia-para-negocios\/"},"modified":"2025-03-20T15:53:48","modified_gmt":"2025-03-20T21:53:48","slug":"remote-deposit-capture","status":"publish","type":"page","link":"https:\/\/www.iccu.com\/es\/business\/services\/remote-deposit-capture\/","title":{"rendered":"Captura de dep\u00f3sitos a distancia para negocios"},"content":{"rendered":"\n<div class=\"wp-block-group alignfull has-light-gray-background-color has-background\"><div class=\"wp-block-group__inner-container is-layout-flow wp-block-group-is-layout-flow\">\n<div class=\"wp-block-columns alignwide is-layout-flex wp-container-core-columns-is-layout-9d6595d7 wp-block-columns-is-layout-flex\">\n<div class=\"wp-block-column is-layout-flow wp-block-column-is-layout-flow\">\n<h2 class=\"wp-block-heading has-text-align-left has-green-color has-text-color\" id=\"h-secure-simple-convenient\">Seguro. Sencillo. C\u00f3modo<\/h2>\n<\/div>\n<\/div>\n\n\n\n<div class=\"wp-block-columns alignwide is-layout-flex wp-container-core-columns-is-layout-9d6595d7 wp-block-columns-is-layout-flex\">\n<div class=\"wp-block-column is-layout-flow wp-block-column-is-layout-flow\">\n<p class=\"has-lg-font-size\">La Captura Remota de Dep\u00f3sitos para Negocios* de ICCU est\u00e1 dise\u00f1ada para ahorrar tiempo y dinero a los socios de negocios. Los afiliados pueden ingresar cheques directamente en su(s) cuenta(s) \u00a124 horas al d\u00eda, 7 d\u00edas a la semana! Ahora puedes ahorrar tiempo y recursos a la vez que mejoras tu tesorer\u00eda con esta sencilla y eficaz herramienta financiera.<\/p>\n\n\n\n<div class=\"wp-block-buttons is-layout-flex wp-block-buttons-is-layout-flex\">\n<div class=\"wp-block-button\"><a class=\"wp-block-button__link wp-element-button\" href=\"https:\/\/www.iccu.com\/es\/business\/contact\/information-request\/\">Solicitar m\u00e1s informaci\u00f3n<\/a><\/div>\n<\/div>\n\n\n\n<p class=\"has-xs-font-size\">*Se aplican cuotas mensuales. Disponible tras la aprobaci\u00f3n del paquete de solicitud.<\/p>\n<\/div>\n\n\n\n<div class=\"wp-block-column is-layout-flow wp-block-column-is-layout-flow\">\n<ul class=\"wp-block-list has-lg-font-size\">\n<li>Ver informes de dep\u00f3sito<\/li>\n\n\n\n<li>Disponibles esc\u00e1neres de alimentaci\u00f3n simple y m\u00faltiple<\/li>\n\n\n\n<li>Recibe cr\u00e9dito el mismo d\u00eda si los dep\u00f3sitos se realizan antes de las 17:30 h MST en d\u00edas laborables<\/li>\n\n\n\n<li>Sin comisiones por cheques escaneados dentro del l\u00edmite de la cuenta<\/li>\n<\/ul>\n<\/div>\n<\/div>\n<\/div><\/div>\n","protected":false},"excerpt":{"rendered":"<p>Seguro. Sencillo. C\u00f3modo La Captura Remota de Dep\u00f3sitos para Negocios* de ICCU est\u00e1 dise\u00f1ada para ahorrar tiempo y dinero a [&hellip;]<\/p>\n","protected":false},"author":3,"featured_media":17626,"parent":18771,"menu_order":30,"comment_status":"closed","ping_status":"closed","template":"product-detail-page.php","meta":{"_acf_changed":false,"_searchwp_excluded":"","footnotes":""},"class_list":["post-18757","page","type-page","status-publish","has-post-thumbnail","hentry"],"acf":[],"yoast_head":"<!-- This site is optimized with the Yoast SEO Premium plugin v27.2 (Yoast SEO v27.3) - https:\/\/yoast.com\/product\/yoast-seo-premium-wordpress\/ -->\n<title>Captura de dep\u00f3sitos a distancia para negocios - ICCU<\/title>\n<meta name=\"robots\" content=\"index, follow, max-snippet:-1, max-image-preview:large, max-video-preview:-1\" \/>\n<link rel=\"canonical\" href=\"https:\/\/www.iccu.com\/es\/business\/services\/remote-deposit-capture\/\" \/>\n<meta property=\"og:locale\" content=\"es_ES\" \/>\n<meta property=\"og:type\" content=\"article\" \/>\n<meta property=\"og:title\" content=\"Captura de dep\u00f3sitos a distancia para negocios\" \/>\n<meta property=\"og:description\" content=\"Seguro. Sencillo. C\u00f3modo La Captura Remota de Dep\u00f3sitos para Negocios* de ICCU est\u00e1 dise\u00f1ada para ahorrar tiempo y dinero a [&hellip;]\" \/>\n<meta property=\"og:url\" content=\"https:\/\/www.iccu.com\/es\/business\/services\/remote-deposit-capture\/\" \/>\n<meta property=\"og:site_name\" content=\"ICCU\" \/>\n<meta property=\"article:publisher\" content=\"https:\/\/www.facebook.com\/IdahoCentralCreditUnion\" \/>\n<meta property=\"article:modified_time\" content=\"2025-03-20T21:53:48+00:00\" \/>\n<meta property=\"og:image\" content=\"https:\/\/www.iccu.com\/wp-content\/uploads\/2023\/07\/business-remote-deposit-iccu-hero.webp\" \/>\n\t<meta property=\"og:image:width\" content=\"780\" \/>\n\t<meta property=\"og:image:height\" content=\"586\" \/>\n\t<meta property=\"og:image:type\" content=\"image\/webp\" \/>\n<meta name=\"twitter:card\" content=\"summary_large_image\" \/>\n<meta name=\"twitter:site\" content=\"@Idaho_Central\" \/>\n<meta name=\"twitter:label1\" content=\"Tiempo de lectura\" \/>\n\t<meta name=\"twitter:data1\" content=\"1 minuto\" \/>\n<script type=\"application\/ld+json\" class=\"yoast-schema-graph\">{\"@context\":\"https:\\\/\\\/schema.org\",\"@graph\":[{\"@type\":\"WebPage\",\"@id\":\"https:\\\/\\\/www.iccu.com\\\/es\\\/business\\\/services\\\/remote-deposit-capture\\\/\",\"url\":\"https:\\\/\\\/www.iccu.com\\\/es\\\/business\\\/services\\\/remote-deposit-capture\\\/\",\"name\":\"Captura de dep\u00f3sitos a distancia para negocios - ICCU\",\"isPartOf\":{\"@id\":\"https:\\\/\\\/www.iccu.com\\\/es\\\/#website\"},\"primaryImageOfPage\":{\"@id\":\"https:\\\/\\\/www.iccu.com\\\/es\\\/business\\\/services\\\/remote-deposit-capture\\\/#primaryimage\"},\"image\":{\"@id\":\"https:\\\/\\\/www.iccu.com\\\/es\\\/business\\\/services\\\/remote-deposit-capture\\\/#primaryimage\"},\"thumbnailUrl\":\"https:\\\/\\\/www.iccu.com\\\/wp-content\\\/uploads\\\/2023\\\/07\\\/business-remote-deposit-iccu-hero.webp\",\"datePublished\":\"2022-11-15T23:02:14+00:00\",\"dateModified\":\"2025-03-20T21:53:48+00:00\",\"breadcrumb\":{\"@id\":\"https:\\\/\\\/www.iccu.com\\\/es\\\/business\\\/services\\\/remote-deposit-capture\\\/#breadcrumb\"},\"inLanguage\":\"es\",\"potentialAction\":[{\"@type\":\"ReadAction\",\"target\":[\"https:\\\/\\\/www.iccu.com\\\/es\\\/business\\\/services\\\/remote-deposit-capture\\\/\"]}]},{\"@type\":\"ImageObject\",\"inLanguage\":\"es\",\"@id\":\"https:\\\/\\\/www.iccu.com\\\/es\\\/business\\\/services\\\/remote-deposit-capture\\\/#primaryimage\",\"url\":\"https:\\\/\\\/www.iccu.com\\\/wp-content\\\/uploads\\\/2023\\\/07\\\/business-remote-deposit-iccu-hero.webp\",\"contentUrl\":\"https:\\\/\\\/www.iccu.com\\\/wp-content\\\/uploads\\\/2023\\\/07\\\/business-remote-deposit-iccu-hero.webp\",\"width\":780,\"height\":586},{\"@type\":\"BreadcrumbList\",\"@id\":\"https:\\\/\\\/www.iccu.com\\\/es\\\/business\\\/services\\\/remote-deposit-capture\\\/#breadcrumb\",\"itemListElement\":[{\"@type\":\"ListItem\",\"position\":1,\"name\":\"Home\",\"item\":\"https:\\\/\\\/www.iccu.com\\\/es\\\/\"},{\"@type\":\"ListItem\",\"position\":2,\"name\":\"T\u00fa oc\u00fapate de los negocios. Nosotros nos ocuparemos de los bancos.\",\"item\":\"https:\\\/\\\/www.iccu.com\\\/es\\\/business\\\/\"},{\"@type\":\"ListItem\",\"position\":3,\"name\":\"Servicios a empresas\",\"item\":\"https:\\\/\\\/www.iccu.com\\\/es\\\/business\\\/services\\\/\"},{\"@type\":\"ListItem\",\"position\":4,\"name\":\"Captura de dep\u00f3sitos a distancia para negocios\"}]},{\"@type\":\"WebSite\",\"@id\":\"https:\\\/\\\/www.iccu.com\\\/es\\\/#website\",\"url\":\"https:\\\/\\\/www.iccu.com\\\/es\\\/\",\"name\":\"ICCU\",\"description\":\"Looking after your daily balance.\",\"publisher\":{\"@id\":\"https:\\\/\\\/www.iccu.com\\\/es\\\/#organization\"},\"alternateName\":\"ICCU\",\"potentialAction\":[{\"@type\":\"SearchAction\",\"target\":{\"@type\":\"EntryPoint\",\"urlTemplate\":\"https:\\\/\\\/www.iccu.com\\\/es\\\/?s={search_term_string}\"},\"query-input\":{\"@type\":\"PropertyValueSpecification\",\"valueRequired\":true,\"valueName\":\"search_term_string\"}}],\"inLanguage\":\"es\"},{\"@type\":\"Organization\",\"@id\":\"https:\\\/\\\/www.iccu.com\\\/es\\\/#organization\",\"name\":\"ICCU\",\"url\":\"https:\\\/\\\/www.iccu.com\\\/es\\\/\",\"logo\":{\"@type\":\"ImageObject\",\"inLanguage\":\"es\",\"@id\":\"https:\\\/\\\/www.iccu.com\\\/es\\\/#\\\/schema\\\/logo\\\/image\\\/\",\"url\":\"https:\\\/\\\/www.iccu.com\\\/wp-content\\\/uploads\\\/2025\\\/03\\\/ICCU-logo-2color_696x696.png\",\"contentUrl\":\"https:\\\/\\\/www.iccu.com\\\/wp-content\\\/uploads\\\/2025\\\/03\\\/ICCU-logo-2color_696x696.png\",\"width\":696,\"height\":696,\"caption\":\"ICCU\"},\"image\":{\"@id\":\"https:\\\/\\\/www.iccu.com\\\/es\\\/#\\\/schema\\\/logo\\\/image\\\/\"},\"sameAs\":[\"https:\\\/\\\/www.facebook.com\\\/IdahoCentralCreditUnion\",\"https:\\\/\\\/x.com\\\/Idaho_Central\",\"https:\\\/\\\/www.youtube.com\\\/idahocentralcu\",\"https:\\\/\\\/www.linkedin.com\\\/company\\\/idahocentralcreditunion\\\/\",\"https:\\\/\\\/www.instagram.com\\\/idahocentralcu\\\/\"],\"description\":\"ICCU is a state-chartered credit union in the western United States, headquartered in Chubbuck, Idaho. Whether you\u2019re banking in the branch or banking on the go, ICCU is looking after your daily balance. Get great rates on auto and home loans. Check out our Visa Rewards Cards. Discover more perks with Central Plus Checking. Bank your way with drive-thru, ATM, live video chat, mobile banking. Open Saturdays. We also offer investment, insurance, and business solutions. As a member of ICCU, you\u2019ll have a financial leader that\u2019s helping you achieve financial success. Routing Number: 324173626. NMLS ID: 433926.\",\"email\":\"memberservice@iccu.com\",\"telephone\":\"(800) 456-5067\",\"foundingDate\":\"1940-06-28\",\"taxID\":\"82-0217065\",\"duns\":\"108135278\",\"numberOfEmployees\":{\"@type\":\"QuantitativeValue\",\"minValue\":\"1001\",\"maxValue\":\"5000\"}}]}<\/script>\n<!-- \/ Yoast SEO Premium plugin. -->","yoast_head_json":{"title":"Captura de dep\u00f3sitos a distancia para negocios - ICCU","robots":{"index":"index","follow":"follow","max-snippet":"max-snippet:-1","max-image-preview":"max-image-preview:large","max-video-preview":"max-video-preview:-1"},"canonical":"https:\/\/www.iccu.com\/es\/business\/services\/remote-deposit-capture\/","og_locale":"es_ES","og_type":"article","og_title":"Captura de dep\u00f3sitos a distancia para negocios","og_description":"Seguro. Sencillo. C\u00f3modo La Captura Remota de Dep\u00f3sitos para Negocios* de ICCU est\u00e1 dise\u00f1ada para ahorrar tiempo y dinero a [&hellip;]","og_url":"https:\/\/www.iccu.com\/es\/business\/services\/remote-deposit-capture\/","og_site_name":"ICCU","article_publisher":"https:\/\/www.facebook.com\/IdahoCentralCreditUnion","article_modified_time":"2025-03-20T21:53:48+00:00","og_image":[{"width":780,"height":586,"url":"https:\/\/www.iccu.com\/wp-content\/uploads\/2023\/07\/business-remote-deposit-iccu-hero.webp","type":"image\/webp"}],"twitter_card":"summary_large_image","twitter_site":"@Idaho_Central","twitter_misc":{"Tiempo de lectura":"1 minuto"},"schema":{"@context":"https:\/\/schema.org","@graph":[{"@type":"WebPage","@id":"https:\/\/www.iccu.com\/es\/business\/services\/remote-deposit-capture\/","url":"https:\/\/www.iccu.com\/es\/business\/services\/remote-deposit-capture\/","name":"Captura de dep\u00f3sitos a distancia para negocios - ICCU","isPartOf":{"@id":"https:\/\/www.iccu.com\/es\/#website"},"primaryImageOfPage":{"@id":"https:\/\/www.iccu.com\/es\/business\/services\/remote-deposit-capture\/#primaryimage"},"image":{"@id":"https:\/\/www.iccu.com\/es\/business\/services\/remote-deposit-capture\/#primaryimage"},"thumbnailUrl":"https:\/\/www.iccu.com\/wp-content\/uploads\/2023\/07\/business-remote-deposit-iccu-hero.webp","datePublished":"2022-11-15T23:02:14+00:00","dateModified":"2025-03-20T21:53:48+00:00","breadcrumb":{"@id":"https:\/\/www.iccu.com\/es\/business\/services\/remote-deposit-capture\/#breadcrumb"},"inLanguage":"es","potentialAction":[{"@type":"ReadAction","target":["https:\/\/www.iccu.com\/es\/business\/services\/remote-deposit-capture\/"]}]},{"@type":"ImageObject","inLanguage":"es","@id":"https:\/\/www.iccu.com\/es\/business\/services\/remote-deposit-capture\/#primaryimage","url":"https:\/\/www.iccu.com\/wp-content\/uploads\/2023\/07\/business-remote-deposit-iccu-hero.webp","contentUrl":"https:\/\/www.iccu.com\/wp-content\/uploads\/2023\/07\/business-remote-deposit-iccu-hero.webp","width":780,"height":586},{"@type":"BreadcrumbList","@id":"https:\/\/www.iccu.com\/es\/business\/services\/remote-deposit-capture\/#breadcrumb","itemListElement":[{"@type":"ListItem","position":1,"name":"Home","item":"https:\/\/www.iccu.com\/es\/"},{"@type":"ListItem","position":2,"name":"T\u00fa oc\u00fapate de los negocios. Nosotros nos ocuparemos de los bancos.","item":"https:\/\/www.iccu.com\/es\/business\/"},{"@type":"ListItem","position":3,"name":"Servicios a empresas","item":"https:\/\/www.iccu.com\/es\/business\/services\/"},{"@type":"ListItem","position":4,"name":"Captura de dep\u00f3sitos a distancia para negocios"}]},{"@type":"WebSite","@id":"https:\/\/www.iccu.com\/es\/#website","url":"https:\/\/www.iccu.com\/es\/","name":"ICCU","description":"Looking after your daily balance.","publisher":{"@id":"https:\/\/www.iccu.com\/es\/#organization"},"alternateName":"ICCU","potentialAction":[{"@type":"SearchAction","target":{"@type":"EntryPoint","urlTemplate":"https:\/\/www.iccu.com\/es\/?s={search_term_string}"},"query-input":{"@type":"PropertyValueSpecification","valueRequired":true,"valueName":"search_term_string"}}],"inLanguage":"es"},{"@type":"Organization","@id":"https:\/\/www.iccu.com\/es\/#organization","name":"ICCU","url":"https:\/\/www.iccu.com\/es\/","logo":{"@type":"ImageObject","inLanguage":"es","@id":"https:\/\/www.iccu.com\/es\/#\/schema\/logo\/image\/","url":"https:\/\/www.iccu.com\/wp-content\/uploads\/2025\/03\/ICCU-logo-2color_696x696.png","contentUrl":"https:\/\/www.iccu.com\/wp-content\/uploads\/2025\/03\/ICCU-logo-2color_696x696.png","width":696,"height":696,"caption":"ICCU"},"image":{"@id":"https:\/\/www.iccu.com\/es\/#\/schema\/logo\/image\/"},"sameAs":["https:\/\/www.facebook.com\/IdahoCentralCreditUnion","https:\/\/x.com\/Idaho_Central","https:\/\/www.youtube.com\/idahocentralcu","https:\/\/www.linkedin.com\/company\/idahocentralcreditunion\/","https:\/\/www.instagram.com\/idahocentralcu\/"],"description":"ICCU is a state-chartered credit union in the western United States, headquartered in Chubbuck, Idaho. Whether you\u2019re banking in the branch or banking on the go, ICCU is looking after your daily balance. Get great rates on auto and home loans. Check out our Visa Rewards Cards. Discover more perks with Central Plus Checking. Bank your way with drive-thru, ATM, live video chat, mobile banking. Open Saturdays. We also offer investment, insurance, and business solutions. As a member of ICCU, you\u2019ll have a financial leader that\u2019s helping you achieve financial success. Routing Number: 324173626. NMLS ID: 433926.","email":"memberservice@iccu.com","telephone":"(800) 456-5067","foundingDate":"1940-06-28","taxID":"82-0217065","duns":"108135278","numberOfEmployees":{"@type":"QuantitativeValue","minValue":"1001","maxValue":"5000"}}]}},"_links":{"self":[{"href":"https:\/\/www.iccu.com\/es\/wp-json\/wp\/v2\/pages\/18757","targetHints":{"allow":["GET"]}}],"collection":[{"href":"https:\/\/www.iccu.com\/es\/wp-json\/wp\/v2\/pages"}],"about":[{"href":"https:\/\/www.iccu.com\/es\/wp-json\/wp\/v2\/types\/page"}],"author":[{"embeddable":true,"href":"https:\/\/www.iccu.com\/es\/wp-json\/wp\/v2\/users\/3"}],"replies":[{"embeddable":true,"href":"https:\/\/www.iccu.com\/es\/wp-json\/wp\/v2\/comments?post=18757"}],"version-history":[{"count":3,"href":"https:\/\/www.iccu.com\/es\/wp-json\/wp\/v2\/pages\/18757\/revisions"}],"predecessor-version":[{"id":21574,"href":"https:\/\/www.iccu.com\/es\/wp-json\/wp\/v2\/pages\/18757\/revisions\/21574"}],"up":[{"embeddable":true,"href":"https:\/\/www.iccu.com\/es\/wp-json\/wp\/v2\/pages\/18771"}],"wp:featuredmedia":[{"embeddable":true,"href":"https:\/\/www.iccu.com\/es\/wp-json\/wp\/v2\/media\/17626"}],"wp:attachment":[{"href":"https:\/\/www.iccu.com\/es\/wp-json\/wp\/v2\/media?parent=18757"}],"curies":[{"name":"wp","href":"https:\/\/api.w.org\/{rel}","templated":true}]}}