{"id":18761,"date":"2022-11-15T16:04:07","date_gmt":"2022-11-15T23:04:07","guid":{"rendered":"https:\/\/www.iccu.com\/pago-preferente-originacion-ach\/"},"modified":"2026-04-23T14:26:53","modified_gmt":"2026-04-23T20:26:53","slug":"ach-origination","status":"publish","type":"page","link":"https:\/\/www.iccu.com\/es\/business\/services\/ach-origination\/","title":{"rendered":"Originaci\u00f3n ACH"},"content":{"rendered":"\n<div class=\"wp-block-group alignfull has-light-gray-background-color has-background\"><div class=\"wp-block-group__inner-container is-layout-flow wp-block-group-is-layout-flow\">\n<div class=\"wp-block-columns alignwide is-layout-flex wp-container-core-columns-is-layout-9d6595d7 wp-block-columns-is-layout-flex\">\n<div class=\"wp-block-column is-layout-flow wp-block-column-is-layout-flow\">\n<h2 class=\"wp-block-heading has-text-align-left has-green-color has-text-color\" id=\"h-say-goodbye-to-physical-checks\">\u00a1Di adi\u00f3s a los cheques f\u00edsicos!<\/h2>\n<\/div>\n<\/div>\n\n\n\n<div class=\"wp-block-columns alignwide is-layout-flex wp-container-core-columns-is-layout-9d6595d7 wp-block-columns-is-layout-flex\">\n<div class=\"wp-block-column is-layout-flow wp-block-column-is-layout-flow\">\n<div class=\"wp-block-columns is-layout-flex wp-container-core-columns-is-layout-9d6595d7 wp-block-columns-is-layout-flex\">\n<div class=\"wp-block-column is-layout-flow wp-block-column-is-layout-flow\">\n<p class=\"has-lg-font-size\">La originaci\u00f3n ACH te permite realizar y recibir pagos electr\u00f3nicamente con facilidad, todo dentro de la plataforma de banca online para negocios de ICCU. No se necesitan terceros. Ahora puedes ahorrar tiempo y dinero programando los pagos autom\u00e1ticamente y accediendo a tus n\u00f3minas y cuentas en cualquier momento y lugar. Todo lo que necesitas es una conexi\u00f3n a Internet para gestionar las transacciones comerciales con seguridad y eficacia. Hay opciones ACH disponibles el mismo d\u00eda.*<\/p>\n\n\n\n<p class=\"has-lg-font-size\">Inscr\u00edbete hoy en Originaci\u00f3n ACH y empieza a disfrutar de la comodidad y seguridad de los pagos electr\u00f3nicos de ICCU.<\/p>\n\n\n\n<div class=\"wp-block-buttons is-layout-flex wp-block-buttons-is-layout-flex\">\n<div class=\"wp-block-button\"><a class=\"wp-block-button__link wp-element-button\" href=\"https:\/\/www.iccu.com\/es\/business\/contact\/information-request\/\">Solicitar m\u00e1s informaci\u00f3n<\/a><\/div>\n<\/div>\n\n\n\n<p class=\"has-xs-font-size\"><em>*Pueden aplicarse cuotas mensuales y otros gastos<\/em><\/p>\n<\/div>\n<\/div>\n<\/div>\n<\/div>\n<\/div><\/div>\n","protected":false},"excerpt":{"rendered":"<p>\u00a1Di adi\u00f3s a los cheques f\u00edsicos! La originaci\u00f3n ACH te permite realizar y recibir pagos electr\u00f3nicamente con facilidad, todo dentro [&hellip;]<\/p>\n","protected":false},"author":5,"featured_media":17097,"parent":18771,"menu_order":40,"comment_status":"closed","ping_status":"closed","template":"product-detail-page.php","meta":{"_acf_changed":false,"_searchwp_excluded":"","footnotes":""},"class_list":["post-18761","page","type-page","status-publish","has-post-thumbnail","hentry"],"acf":[],"yoast_head":"<!-- This site is optimized with the Yoast SEO Premium plugin v27.5 (Yoast SEO v27.5) - https:\/\/yoast.com\/product\/yoast-seo-premium-wordpress\/ -->\n<title>Originaci\u00f3n ACH - ICCU<\/title>\n<meta name=\"robots\" content=\"index, follow, max-snippet:-1, max-image-preview:large, max-video-preview:-1\" \/>\n<link rel=\"canonical\" href=\"https:\/\/www.iccu.com\/es\/business\/services\/ach-origination\/\" \/>\n<meta property=\"og:locale\" content=\"es_ES\" \/>\n<meta property=\"og:type\" content=\"article\" \/>\n<meta property=\"og:title\" content=\"Originaci\u00f3n ACH\" \/>\n<meta property=\"og:description\" content=\"\u00a1Di adi\u00f3s a los cheques f\u00edsicos! La originaci\u00f3n ACH te permite realizar y recibir pagos electr\u00f3nicamente con facilidad, todo dentro [&hellip;]\" \/>\n<meta property=\"og:url\" content=\"https:\/\/www.iccu.com\/es\/business\/services\/ach-origination\/\" \/>\n<meta property=\"og:site_name\" content=\"ICCU\" \/>\n<meta property=\"article:publisher\" content=\"https:\/\/www.facebook.com\/IdahoCentralCreditUnion\" \/>\n<meta property=\"article:modified_time\" content=\"2026-04-23T20:26:53+00:00\" \/>\n<meta property=\"og:image\" content=\"https:\/\/www.iccu.com\/wp-content\/uploads\/2023\/01\/Preferred-Pay-Page_Hero.webp\" \/>\n\t<meta property=\"og:image:width\" content=\"390\" \/>\n\t<meta property=\"og:image:height\" content=\"293\" \/>\n\t<meta property=\"og:image:type\" content=\"image\/webp\" \/>\n<meta name=\"twitter:card\" content=\"summary_large_image\" \/>\n<meta name=\"twitter:site\" content=\"@Idaho_Central\" \/>\n<meta name=\"twitter:label1\" content=\"Tiempo de lectura\" \/>\n\t<meta name=\"twitter:data1\" content=\"1 minuto\" \/>\n<script type=\"application\/ld+json\" class=\"yoast-schema-graph\">{\"@context\":\"https:\\\/\\\/schema.org\",\"@graph\":[{\"@type\":\"WebPage\",\"@id\":\"https:\\\/\\\/www.iccu.com\\\/es\\\/business\\\/services\\\/ach-origination\\\/\",\"url\":\"https:\\\/\\\/www.iccu.com\\\/es\\\/business\\\/services\\\/ach-origination\\\/\",\"name\":\"Originaci\u00f3n ACH - ICCU\",\"isPartOf\":{\"@id\":\"https:\\\/\\\/www.iccu.com\\\/es\\\/#website\"},\"primaryImageOfPage\":{\"@id\":\"https:\\\/\\\/www.iccu.com\\\/es\\\/business\\\/services\\\/ach-origination\\\/#primaryimage\"},\"image\":{\"@id\":\"https:\\\/\\\/www.iccu.com\\\/es\\\/business\\\/services\\\/ach-origination\\\/#primaryimage\"},\"thumbnailUrl\":\"https:\\\/\\\/www.iccu.com\\\/wp-content\\\/uploads\\\/2023\\\/01\\\/Preferred-Pay-Page_Hero.webp\",\"datePublished\":\"2022-11-15T23:04:07+00:00\",\"dateModified\":\"2026-04-23T20:26:53+00:00\",\"breadcrumb\":{\"@id\":\"https:\\\/\\\/www.iccu.com\\\/es\\\/business\\\/services\\\/ach-origination\\\/#breadcrumb\"},\"inLanguage\":\"es\",\"potentialAction\":[{\"@type\":\"ReadAction\",\"target\":[\"https:\\\/\\\/www.iccu.com\\\/es\\\/business\\\/services\\\/ach-origination\\\/\"]}]},{\"@type\":\"ImageObject\",\"inLanguage\":\"es\",\"@id\":\"https:\\\/\\\/www.iccu.com\\\/es\\\/business\\\/services\\\/ach-origination\\\/#primaryimage\",\"url\":\"https:\\\/\\\/www.iccu.com\\\/wp-content\\\/uploads\\\/2023\\\/01\\\/Preferred-Pay-Page_Hero.webp\",\"contentUrl\":\"https:\\\/\\\/www.iccu.com\\\/wp-content\\\/uploads\\\/2023\\\/01\\\/Preferred-Pay-Page_Hero.webp\",\"width\":390,\"height\":293},{\"@type\":\"BreadcrumbList\",\"@id\":\"https:\\\/\\\/www.iccu.com\\\/es\\\/business\\\/services\\\/ach-origination\\\/#breadcrumb\",\"itemListElement\":[{\"@type\":\"ListItem\",\"position\":1,\"name\":\"Home\",\"item\":\"https:\\\/\\\/www.iccu.com\\\/es\\\/\"},{\"@type\":\"ListItem\",\"position\":2,\"name\":\"T\u00fa oc\u00fapate de los negocios. Nosotros nos ocuparemos de los bancos.\",\"item\":\"https:\\\/\\\/www.iccu.com\\\/es\\\/business\\\/\"},{\"@type\":\"ListItem\",\"position\":3,\"name\":\"Servicios a empresas\",\"item\":\"https:\\\/\\\/www.iccu.com\\\/es\\\/business\\\/services\\\/\"},{\"@type\":\"ListItem\",\"position\":4,\"name\":\"Originaci\u00f3n ACH\"}]},{\"@type\":\"WebSite\",\"@id\":\"https:\\\/\\\/www.iccu.com\\\/es\\\/#website\",\"url\":\"https:\\\/\\\/www.iccu.com\\\/es\\\/\",\"name\":\"ICCU\",\"description\":\"Looking after your daily balance.\",\"publisher\":{\"@id\":\"https:\\\/\\\/www.iccu.com\\\/es\\\/#organization\"},\"alternateName\":\"ICCU\",\"potentialAction\":[{\"@type\":\"SearchAction\",\"target\":{\"@type\":\"EntryPoint\",\"urlTemplate\":\"https:\\\/\\\/www.iccu.com\\\/es\\\/?s={search_term_string}\"},\"query-input\":{\"@type\":\"PropertyValueSpecification\",\"valueRequired\":true,\"valueName\":\"search_term_string\"}}],\"inLanguage\":\"es\"},{\"@type\":\"Organization\",\"@id\":\"https:\\\/\\\/www.iccu.com\\\/es\\\/#organization\",\"name\":\"ICCU\",\"url\":\"https:\\\/\\\/www.iccu.com\\\/es\\\/\",\"logo\":{\"@type\":\"ImageObject\",\"inLanguage\":\"es\",\"@id\":\"https:\\\/\\\/www.iccu.com\\\/es\\\/#\\\/schema\\\/logo\\\/image\\\/\",\"url\":\"https:\\\/\\\/www.iccu.com\\\/wp-content\\\/uploads\\\/2025\\\/03\\\/ICCU-logo-2color_696x696.png\",\"contentUrl\":\"https:\\\/\\\/www.iccu.com\\\/wp-content\\\/uploads\\\/2025\\\/03\\\/ICCU-logo-2color_696x696.png\",\"width\":696,\"height\":696,\"caption\":\"ICCU\"},\"image\":{\"@id\":\"https:\\\/\\\/www.iccu.com\\\/es\\\/#\\\/schema\\\/logo\\\/image\\\/\"},\"sameAs\":[\"https:\\\/\\\/www.facebook.com\\\/IdahoCentralCreditUnion\",\"https:\\\/\\\/x.com\\\/Idaho_Central\",\"https:\\\/\\\/www.youtube.com\\\/idahocentralcu\",\"https:\\\/\\\/www.linkedin.com\\\/company\\\/idahocentralcreditunion\\\/\",\"https:\\\/\\\/www.instagram.com\\\/idahocentralcu\\\/\"],\"description\":\"ICCU is a state-chartered credit union in the western United States, headquartered in Chubbuck, Idaho. Whether you\u2019re banking in the branch or banking on the go, ICCU is looking after your daily balance. Get great rates on auto and home loans. Check out our Visa Rewards Cards. Discover more perks with Central Plus Checking. Bank your way with drive-thru, ATM, live video chat, mobile banking. Open Saturdays. We also offer investment, insurance, and business solutions. As a member of ICCU, you\u2019ll have a financial leader that\u2019s helping you achieve financial success. Routing Number: 324173626. NMLS ID: 433926.\",\"email\":\"memberservice@iccu.com\",\"telephone\":\"(800) 456-5067\",\"foundingDate\":\"1940-06-28\",\"taxID\":\"82-0217065\",\"duns\":\"108135278\",\"numberOfEmployees\":{\"@type\":\"QuantitativeValue\",\"minValue\":\"1001\",\"maxValue\":\"5000\"}}]}<\/script>\n<!-- \/ Yoast SEO Premium plugin. -->","yoast_head_json":{"title":"Originaci\u00f3n ACH - ICCU","robots":{"index":"index","follow":"follow","max-snippet":"max-snippet:-1","max-image-preview":"max-image-preview:large","max-video-preview":"max-video-preview:-1"},"canonical":"https:\/\/www.iccu.com\/es\/business\/services\/ach-origination\/","og_locale":"es_ES","og_type":"article","og_title":"Originaci\u00f3n ACH","og_description":"\u00a1Di adi\u00f3s a los cheques f\u00edsicos! La originaci\u00f3n ACH te permite realizar y recibir pagos electr\u00f3nicamente con facilidad, todo dentro [&hellip;]","og_url":"https:\/\/www.iccu.com\/es\/business\/services\/ach-origination\/","og_site_name":"ICCU","article_publisher":"https:\/\/www.facebook.com\/IdahoCentralCreditUnion","article_modified_time":"2026-04-23T20:26:53+00:00","og_image":[{"width":390,"height":293,"url":"https:\/\/www.iccu.com\/wp-content\/uploads\/2023\/01\/Preferred-Pay-Page_Hero.webp","type":"image\/webp"}],"twitter_card":"summary_large_image","twitter_site":"@Idaho_Central","twitter_misc":{"Tiempo de lectura":"1 minuto"},"schema":{"@context":"https:\/\/schema.org","@graph":[{"@type":"WebPage","@id":"https:\/\/www.iccu.com\/es\/business\/services\/ach-origination\/","url":"https:\/\/www.iccu.com\/es\/business\/services\/ach-origination\/","name":"Originaci\u00f3n ACH - ICCU","isPartOf":{"@id":"https:\/\/www.iccu.com\/es\/#website"},"primaryImageOfPage":{"@id":"https:\/\/www.iccu.com\/es\/business\/services\/ach-origination\/#primaryimage"},"image":{"@id":"https:\/\/www.iccu.com\/es\/business\/services\/ach-origination\/#primaryimage"},"thumbnailUrl":"https:\/\/www.iccu.com\/wp-content\/uploads\/2023\/01\/Preferred-Pay-Page_Hero.webp","datePublished":"2022-11-15T23:04:07+00:00","dateModified":"2026-04-23T20:26:53+00:00","breadcrumb":{"@id":"https:\/\/www.iccu.com\/es\/business\/services\/ach-origination\/#breadcrumb"},"inLanguage":"es","potentialAction":[{"@type":"ReadAction","target":["https:\/\/www.iccu.com\/es\/business\/services\/ach-origination\/"]}]},{"@type":"ImageObject","inLanguage":"es","@id":"https:\/\/www.iccu.com\/es\/business\/services\/ach-origination\/#primaryimage","url":"https:\/\/www.iccu.com\/wp-content\/uploads\/2023\/01\/Preferred-Pay-Page_Hero.webp","contentUrl":"https:\/\/www.iccu.com\/wp-content\/uploads\/2023\/01\/Preferred-Pay-Page_Hero.webp","width":390,"height":293},{"@type":"BreadcrumbList","@id":"https:\/\/www.iccu.com\/es\/business\/services\/ach-origination\/#breadcrumb","itemListElement":[{"@type":"ListItem","position":1,"name":"Home","item":"https:\/\/www.iccu.com\/es\/"},{"@type":"ListItem","position":2,"name":"T\u00fa oc\u00fapate de los negocios. Nosotros nos ocuparemos de los bancos.","item":"https:\/\/www.iccu.com\/es\/business\/"},{"@type":"ListItem","position":3,"name":"Servicios a empresas","item":"https:\/\/www.iccu.com\/es\/business\/services\/"},{"@type":"ListItem","position":4,"name":"Originaci\u00f3n ACH"}]},{"@type":"WebSite","@id":"https:\/\/www.iccu.com\/es\/#website","url":"https:\/\/www.iccu.com\/es\/","name":"ICCU","description":"Looking after your daily balance.","publisher":{"@id":"https:\/\/www.iccu.com\/es\/#organization"},"alternateName":"ICCU","potentialAction":[{"@type":"SearchAction","target":{"@type":"EntryPoint","urlTemplate":"https:\/\/www.iccu.com\/es\/?s={search_term_string}"},"query-input":{"@type":"PropertyValueSpecification","valueRequired":true,"valueName":"search_term_string"}}],"inLanguage":"es"},{"@type":"Organization","@id":"https:\/\/www.iccu.com\/es\/#organization","name":"ICCU","url":"https:\/\/www.iccu.com\/es\/","logo":{"@type":"ImageObject","inLanguage":"es","@id":"https:\/\/www.iccu.com\/es\/#\/schema\/logo\/image\/","url":"https:\/\/www.iccu.com\/wp-content\/uploads\/2025\/03\/ICCU-logo-2color_696x696.png","contentUrl":"https:\/\/www.iccu.com\/wp-content\/uploads\/2025\/03\/ICCU-logo-2color_696x696.png","width":696,"height":696,"caption":"ICCU"},"image":{"@id":"https:\/\/www.iccu.com\/es\/#\/schema\/logo\/image\/"},"sameAs":["https:\/\/www.facebook.com\/IdahoCentralCreditUnion","https:\/\/x.com\/Idaho_Central","https:\/\/www.youtube.com\/idahocentralcu","https:\/\/www.linkedin.com\/company\/idahocentralcreditunion\/","https:\/\/www.instagram.com\/idahocentralcu\/"],"description":"ICCU is a state-chartered credit union in the western United States, headquartered in Chubbuck, Idaho. Whether you\u2019re banking in the branch or banking on the go, ICCU is looking after your daily balance. Get great rates on auto and home loans. Check out our Visa Rewards Cards. Discover more perks with Central Plus Checking. Bank your way with drive-thru, ATM, live video chat, mobile banking. Open Saturdays. We also offer investment, insurance, and business solutions. As a member of ICCU, you\u2019ll have a financial leader that\u2019s helping you achieve financial success. Routing Number: 324173626. NMLS ID: 433926.","email":"memberservice@iccu.com","telephone":"(800) 456-5067","foundingDate":"1940-06-28","taxID":"82-0217065","duns":"108135278","numberOfEmployees":{"@type":"QuantitativeValue","minValue":"1001","maxValue":"5000"}}]}},"_links":{"self":[{"href":"https:\/\/www.iccu.com\/es\/wp-json\/wp\/v2\/pages\/18761","targetHints":{"allow":["GET"]}}],"collection":[{"href":"https:\/\/www.iccu.com\/es\/wp-json\/wp\/v2\/pages"}],"about":[{"href":"https:\/\/www.iccu.com\/es\/wp-json\/wp\/v2\/types\/page"}],"author":[{"embeddable":true,"href":"https:\/\/www.iccu.com\/es\/wp-json\/wp\/v2\/users\/5"}],"replies":[{"embeddable":true,"href":"https:\/\/www.iccu.com\/es\/wp-json\/wp\/v2\/comments?post=18761"}],"version-history":[{"count":5,"href":"https:\/\/www.iccu.com\/es\/wp-json\/wp\/v2\/pages\/18761\/revisions"}],"predecessor-version":[{"id":34831,"href":"https:\/\/www.iccu.com\/es\/wp-json\/wp\/v2\/pages\/18761\/revisions\/34831"}],"up":[{"embeddable":true,"href":"https:\/\/www.iccu.com\/es\/wp-json\/wp\/v2\/pages\/18771"}],"wp:featuredmedia":[{"embeddable":true,"href":"https:\/\/www.iccu.com\/es\/wp-json\/wp\/v2\/media\/17097"}],"wp:attachment":[{"href":"https:\/\/www.iccu.com\/es\/wp-json\/wp\/v2\/media?parent=18761"}],"curies":[{"name":"wp","href":"https:\/\/api.w.org\/{rel}","templated":true}]}}