{"id":18768,"date":"2023-07-19T10:26:40","date_gmt":"2023-07-19T16:26:40","guid":{"rendered":"https:\/\/www.iccu.com\/servicios-de-caja-fuerte\/"},"modified":"2025-03-20T12:46:38","modified_gmt":"2025-03-20T18:46:38","slug":"cash-vault-services","status":"publish","type":"page","link":"https:\/\/www.iccu.com\/es\/business\/services\/cash-vault-services\/","title":{"rendered":"Servicios de caja fuerte"},"content":{"rendered":"\n<div class=\"wp-block-group alignfull has-light-gray-background-color has-background\"><div class=\"wp-block-group__inner-container is-layout-constrained wp-block-group-is-layout-constrained\">\n<div class=\"wp-block-columns alignwide is-layout-flex wp-container-core-columns-is-layout-9d6595d7 wp-block-columns-is-layout-flex\">\n<div class=\"wp-block-column is-layout-flow wp-block-column-is-layout-flow\">\n<h2 class=\"wp-block-heading has-green-color has-text-color\">Mant\u00e9n tu dinero a salvo<\/h2>\n\n\n\n<h3 class=\"wp-block-heading\">Pedidos de monedas y billetes<\/h3>\n\n\n\n<p>Si tu negocio necesita con frecuencia grandes cantidades de dinero y monedas en tu local, puedes enviar pedidos regulares para que Loomis te entregue directamente en tu local el dinero y las monedas que necesites.<\/p>\n\n\n\n<h3 class=\"wp-block-heading\">Servicio de bolsa de dep\u00f3sito<\/h3>\n\n\n\n<p>Las empresas con grandes vol\u00famenes de transacciones en efectivo y monedas pueden recoger efectivo, monedas y cheques en su establecimiento con nuestro Servicio de Bolsa de Dep\u00f3sito. Preparar\u00e1s bolsas de transporte de efectivo para su recogida programada con Loomis. A continuaci\u00f3n, la bolsa ser\u00e1 transportada a una c\u00e1mara acorazada para ser contada, verificada y abonada en tu cuenta de ICCU.<\/p>\n\n\n\n<p class=\"has-xs-font-size\">Los cheques s\u00f3lo pueden incluirse si tienes un acuerdo de efectivo y monedas.<\/p>\n\n\n\n<h3 class=\"wp-block-heading\"><strong>SafePoint<\/strong><\/h3>\n\n\n\n<p>Para las empresas que necesitan un lugar seguro para almacenar efectivo in situ, la soluci\u00f3n SafePoint\u00ae de Loomis ofrece a sus miembros la posibilidad de instalar una c\u00e1mara acorazada segura in situ en su negocio para aceptar efectivo y almacenarlo de forma segura. Programar\u00e1s recogidas con Loomis para transportar y verificar el dinero en efectivo introducido en la c\u00e1mara acorazada. Esta soluci\u00f3n proporciona a los afiliados liquidez diaria a los fondos almacenados de forma segura en la c\u00e1mara acorazada in situ.<\/p>\n\n\n\n<div class=\"wp-block-buttons is-layout-flex wp-block-buttons-is-layout-flex\">\n<div class=\"wp-block-button\"><a class=\"wp-block-button__link wp-element-button\" href=\"https:\/\/www.iccu.com\/es\/business\/contact\/information-request\/\">Solicitar m\u00e1s informaci\u00f3n<\/a><\/div>\n<\/div>\n\n\n\n<p class=\"has-sm-font-size\">Se aplican tarifas adicionales a los servicios de caja fuerte<\/p>\n<\/div>\n<\/div>\n<\/div><\/div>\n","protected":false},"excerpt":{"rendered":"<p>Mant\u00e9n tu dinero a salvo Pedidos de monedas y billetes Si tu negocio necesita con frecuencia grandes cantidades de dinero [&hellip;]<\/p>\n","protected":false},"author":12,"featured_media":17628,"parent":18771,"menu_order":0,"comment_status":"closed","ping_status":"closed","template":"product-detail-page.php","meta":{"_acf_changed":false,"_searchwp_excluded":"","footnotes":""},"class_list":["post-18768","page","type-page","status-publish","has-post-thumbnail","hentry"],"acf":[],"yoast_head":"<!-- This site is optimized with the Yoast SEO Premium plugin v27.2 (Yoast SEO v27.3) - https:\/\/yoast.com\/product\/yoast-seo-premium-wordpress\/ -->\n<title>Servicios de caja fuerte - ICCU<\/title>\n<meta name=\"robots\" content=\"index, follow, max-snippet:-1, max-image-preview:large, max-video-preview:-1\" \/>\n<link rel=\"canonical\" href=\"https:\/\/www.iccu.com\/es\/business\/services\/cash-vault-services\/\" \/>\n<meta property=\"og:locale\" content=\"es_ES\" \/>\n<meta property=\"og:type\" content=\"article\" \/>\n<meta property=\"og:title\" content=\"Servicios de caja fuerte\" \/>\n<meta property=\"og:description\" content=\"Mant\u00e9n tu dinero a salvo Pedidos de monedas y billetes Si tu negocio necesita con frecuencia grandes cantidades de dinero [&hellip;]\" \/>\n<meta property=\"og:url\" content=\"https:\/\/www.iccu.com\/es\/business\/services\/cash-vault-services\/\" \/>\n<meta property=\"og:site_name\" content=\"ICCU\" \/>\n<meta property=\"article:publisher\" content=\"https:\/\/www.facebook.com\/IdahoCentralCreditUnion\" \/>\n<meta property=\"article:modified_time\" content=\"2025-03-20T18:46:38+00:00\" \/>\n<meta property=\"og:image\" content=\"https:\/\/www.iccu.com\/wp-content\/uploads\/2023\/07\/Business-Cash-Vault_Hero.webp\" \/>\n\t<meta property=\"og:image:width\" content=\"390\" \/>\n\t<meta property=\"og:image:height\" content=\"293\" \/>\n\t<meta property=\"og:image:type\" content=\"image\/webp\" \/>\n<meta name=\"twitter:card\" content=\"summary_large_image\" \/>\n<meta name=\"twitter:site\" content=\"@Idaho_Central\" \/>\n<meta name=\"twitter:label1\" content=\"Tiempo de lectura\" \/>\n\t<meta name=\"twitter:data1\" content=\"2 minutos\" \/>\n<script type=\"application\/ld+json\" class=\"yoast-schema-graph\">{\"@context\":\"https:\\\/\\\/schema.org\",\"@graph\":[{\"@type\":\"WebPage\",\"@id\":\"https:\\\/\\\/www.iccu.com\\\/es\\\/business\\\/services\\\/cash-vault-services\\\/\",\"url\":\"https:\\\/\\\/www.iccu.com\\\/es\\\/business\\\/services\\\/cash-vault-services\\\/\",\"name\":\"Servicios de caja fuerte - ICCU\",\"isPartOf\":{\"@id\":\"https:\\\/\\\/www.iccu.com\\\/es\\\/#website\"},\"primaryImageOfPage\":{\"@id\":\"https:\\\/\\\/www.iccu.com\\\/es\\\/business\\\/services\\\/cash-vault-services\\\/#primaryimage\"},\"image\":{\"@id\":\"https:\\\/\\\/www.iccu.com\\\/es\\\/business\\\/services\\\/cash-vault-services\\\/#primaryimage\"},\"thumbnailUrl\":\"https:\\\/\\\/www.iccu.com\\\/wp-content\\\/uploads\\\/2023\\\/07\\\/Business-Cash-Vault_Hero.webp\",\"datePublished\":\"2023-07-19T16:26:40+00:00\",\"dateModified\":\"2025-03-20T18:46:38+00:00\",\"breadcrumb\":{\"@id\":\"https:\\\/\\\/www.iccu.com\\\/es\\\/business\\\/services\\\/cash-vault-services\\\/#breadcrumb\"},\"inLanguage\":\"es\",\"potentialAction\":[{\"@type\":\"ReadAction\",\"target\":[\"https:\\\/\\\/www.iccu.com\\\/es\\\/business\\\/services\\\/cash-vault-services\\\/\"]}]},{\"@type\":\"ImageObject\",\"inLanguage\":\"es\",\"@id\":\"https:\\\/\\\/www.iccu.com\\\/es\\\/business\\\/services\\\/cash-vault-services\\\/#primaryimage\",\"url\":\"https:\\\/\\\/www.iccu.com\\\/wp-content\\\/uploads\\\/2023\\\/07\\\/Business-Cash-Vault_Hero.webp\",\"contentUrl\":\"https:\\\/\\\/www.iccu.com\\\/wp-content\\\/uploads\\\/2023\\\/07\\\/Business-Cash-Vault_Hero.webp\",\"width\":390,\"height\":293},{\"@type\":\"BreadcrumbList\",\"@id\":\"https:\\\/\\\/www.iccu.com\\\/es\\\/business\\\/services\\\/cash-vault-services\\\/#breadcrumb\",\"itemListElement\":[{\"@type\":\"ListItem\",\"position\":1,\"name\":\"Home\",\"item\":\"https:\\\/\\\/www.iccu.com\\\/es\\\/\"},{\"@type\":\"ListItem\",\"position\":2,\"name\":\"T\u00fa oc\u00fapate de los negocios. Nosotros nos ocuparemos de los bancos.\",\"item\":\"https:\\\/\\\/www.iccu.com\\\/es\\\/business\\\/\"},{\"@type\":\"ListItem\",\"position\":3,\"name\":\"Servicios a empresas\",\"item\":\"https:\\\/\\\/www.iccu.com\\\/es\\\/business\\\/services\\\/\"},{\"@type\":\"ListItem\",\"position\":4,\"name\":\"Servicios de caja fuerte\"}]},{\"@type\":\"WebSite\",\"@id\":\"https:\\\/\\\/www.iccu.com\\\/es\\\/#website\",\"url\":\"https:\\\/\\\/www.iccu.com\\\/es\\\/\",\"name\":\"ICCU\",\"description\":\"Looking after your daily balance.\",\"publisher\":{\"@id\":\"https:\\\/\\\/www.iccu.com\\\/es\\\/#organization\"},\"alternateName\":\"ICCU\",\"potentialAction\":[{\"@type\":\"SearchAction\",\"target\":{\"@type\":\"EntryPoint\",\"urlTemplate\":\"https:\\\/\\\/www.iccu.com\\\/es\\\/?s={search_term_string}\"},\"query-input\":{\"@type\":\"PropertyValueSpecification\",\"valueRequired\":true,\"valueName\":\"search_term_string\"}}],\"inLanguage\":\"es\"},{\"@type\":\"Organization\",\"@id\":\"https:\\\/\\\/www.iccu.com\\\/es\\\/#organization\",\"name\":\"ICCU\",\"url\":\"https:\\\/\\\/www.iccu.com\\\/es\\\/\",\"logo\":{\"@type\":\"ImageObject\",\"inLanguage\":\"es\",\"@id\":\"https:\\\/\\\/www.iccu.com\\\/es\\\/#\\\/schema\\\/logo\\\/image\\\/\",\"url\":\"https:\\\/\\\/www.iccu.com\\\/wp-content\\\/uploads\\\/2025\\\/03\\\/ICCU-logo-2color_696x696.png\",\"contentUrl\":\"https:\\\/\\\/www.iccu.com\\\/wp-content\\\/uploads\\\/2025\\\/03\\\/ICCU-logo-2color_696x696.png\",\"width\":696,\"height\":696,\"caption\":\"ICCU\"},\"image\":{\"@id\":\"https:\\\/\\\/www.iccu.com\\\/es\\\/#\\\/schema\\\/logo\\\/image\\\/\"},\"sameAs\":[\"https:\\\/\\\/www.facebook.com\\\/IdahoCentralCreditUnion\",\"https:\\\/\\\/x.com\\\/Idaho_Central\",\"https:\\\/\\\/www.youtube.com\\\/idahocentralcu\",\"https:\\\/\\\/www.linkedin.com\\\/company\\\/idahocentralcreditunion\\\/\",\"https:\\\/\\\/www.instagram.com\\\/idahocentralcu\\\/\"],\"description\":\"ICCU is a state-chartered credit union in the western United States, headquartered in Chubbuck, Idaho. Whether you\u2019re banking in the branch or banking on the go, ICCU is looking after your daily balance. Get great rates on auto and home loans. Check out our Visa Rewards Cards. Discover more perks with Central Plus Checking. Bank your way with drive-thru, ATM, live video chat, mobile banking. Open Saturdays. We also offer investment, insurance, and business solutions. As a member of ICCU, you\u2019ll have a financial leader that\u2019s helping you achieve financial success. Routing Number: 324173626. NMLS ID: 433926.\",\"email\":\"memberservice@iccu.com\",\"telephone\":\"(800) 456-5067\",\"foundingDate\":\"1940-06-28\",\"taxID\":\"82-0217065\",\"duns\":\"108135278\",\"numberOfEmployees\":{\"@type\":\"QuantitativeValue\",\"minValue\":\"1001\",\"maxValue\":\"5000\"}}]}<\/script>\n<!-- \/ Yoast SEO Premium plugin. -->","yoast_head_json":{"title":"Servicios de caja fuerte - ICCU","robots":{"index":"index","follow":"follow","max-snippet":"max-snippet:-1","max-image-preview":"max-image-preview:large","max-video-preview":"max-video-preview:-1"},"canonical":"https:\/\/www.iccu.com\/es\/business\/services\/cash-vault-services\/","og_locale":"es_ES","og_type":"article","og_title":"Servicios de caja fuerte","og_description":"Mant\u00e9n tu dinero a salvo Pedidos de monedas y billetes Si tu negocio necesita con frecuencia grandes cantidades de dinero [&hellip;]","og_url":"https:\/\/www.iccu.com\/es\/business\/services\/cash-vault-services\/","og_site_name":"ICCU","article_publisher":"https:\/\/www.facebook.com\/IdahoCentralCreditUnion","article_modified_time":"2025-03-20T18:46:38+00:00","og_image":[{"width":390,"height":293,"url":"https:\/\/www.iccu.com\/wp-content\/uploads\/2023\/07\/Business-Cash-Vault_Hero.webp","type":"image\/webp"}],"twitter_card":"summary_large_image","twitter_site":"@Idaho_Central","twitter_misc":{"Tiempo de lectura":"2 minutos"},"schema":{"@context":"https:\/\/schema.org","@graph":[{"@type":"WebPage","@id":"https:\/\/www.iccu.com\/es\/business\/services\/cash-vault-services\/","url":"https:\/\/www.iccu.com\/es\/business\/services\/cash-vault-services\/","name":"Servicios de caja fuerte - ICCU","isPartOf":{"@id":"https:\/\/www.iccu.com\/es\/#website"},"primaryImageOfPage":{"@id":"https:\/\/www.iccu.com\/es\/business\/services\/cash-vault-services\/#primaryimage"},"image":{"@id":"https:\/\/www.iccu.com\/es\/business\/services\/cash-vault-services\/#primaryimage"},"thumbnailUrl":"https:\/\/www.iccu.com\/wp-content\/uploads\/2023\/07\/Business-Cash-Vault_Hero.webp","datePublished":"2023-07-19T16:26:40+00:00","dateModified":"2025-03-20T18:46:38+00:00","breadcrumb":{"@id":"https:\/\/www.iccu.com\/es\/business\/services\/cash-vault-services\/#breadcrumb"},"inLanguage":"es","potentialAction":[{"@type":"ReadAction","target":["https:\/\/www.iccu.com\/es\/business\/services\/cash-vault-services\/"]}]},{"@type":"ImageObject","inLanguage":"es","@id":"https:\/\/www.iccu.com\/es\/business\/services\/cash-vault-services\/#primaryimage","url":"https:\/\/www.iccu.com\/wp-content\/uploads\/2023\/07\/Business-Cash-Vault_Hero.webp","contentUrl":"https:\/\/www.iccu.com\/wp-content\/uploads\/2023\/07\/Business-Cash-Vault_Hero.webp","width":390,"height":293},{"@type":"BreadcrumbList","@id":"https:\/\/www.iccu.com\/es\/business\/services\/cash-vault-services\/#breadcrumb","itemListElement":[{"@type":"ListItem","position":1,"name":"Home","item":"https:\/\/www.iccu.com\/es\/"},{"@type":"ListItem","position":2,"name":"T\u00fa oc\u00fapate de los negocios. Nosotros nos ocuparemos de los bancos.","item":"https:\/\/www.iccu.com\/es\/business\/"},{"@type":"ListItem","position":3,"name":"Servicios a empresas","item":"https:\/\/www.iccu.com\/es\/business\/services\/"},{"@type":"ListItem","position":4,"name":"Servicios de caja fuerte"}]},{"@type":"WebSite","@id":"https:\/\/www.iccu.com\/es\/#website","url":"https:\/\/www.iccu.com\/es\/","name":"ICCU","description":"Looking after your daily balance.","publisher":{"@id":"https:\/\/www.iccu.com\/es\/#organization"},"alternateName":"ICCU","potentialAction":[{"@type":"SearchAction","target":{"@type":"EntryPoint","urlTemplate":"https:\/\/www.iccu.com\/es\/?s={search_term_string}"},"query-input":{"@type":"PropertyValueSpecification","valueRequired":true,"valueName":"search_term_string"}}],"inLanguage":"es"},{"@type":"Organization","@id":"https:\/\/www.iccu.com\/es\/#organization","name":"ICCU","url":"https:\/\/www.iccu.com\/es\/","logo":{"@type":"ImageObject","inLanguage":"es","@id":"https:\/\/www.iccu.com\/es\/#\/schema\/logo\/image\/","url":"https:\/\/www.iccu.com\/wp-content\/uploads\/2025\/03\/ICCU-logo-2color_696x696.png","contentUrl":"https:\/\/www.iccu.com\/wp-content\/uploads\/2025\/03\/ICCU-logo-2color_696x696.png","width":696,"height":696,"caption":"ICCU"},"image":{"@id":"https:\/\/www.iccu.com\/es\/#\/schema\/logo\/image\/"},"sameAs":["https:\/\/www.facebook.com\/IdahoCentralCreditUnion","https:\/\/x.com\/Idaho_Central","https:\/\/www.youtube.com\/idahocentralcu","https:\/\/www.linkedin.com\/company\/idahocentralcreditunion\/","https:\/\/www.instagram.com\/idahocentralcu\/"],"description":"ICCU is a state-chartered credit union in the western United States, headquartered in Chubbuck, Idaho. Whether you\u2019re banking in the branch or banking on the go, ICCU is looking after your daily balance. Get great rates on auto and home loans. Check out our Visa Rewards Cards. Discover more perks with Central Plus Checking. Bank your way with drive-thru, ATM, live video chat, mobile banking. Open Saturdays. We also offer investment, insurance, and business solutions. As a member of ICCU, you\u2019ll have a financial leader that\u2019s helping you achieve financial success. Routing Number: 324173626. NMLS ID: 433926.","email":"memberservice@iccu.com","telephone":"(800) 456-5067","foundingDate":"1940-06-28","taxID":"82-0217065","duns":"108135278","numberOfEmployees":{"@type":"QuantitativeValue","minValue":"1001","maxValue":"5000"}}]}},"_links":{"self":[{"href":"https:\/\/www.iccu.com\/es\/wp-json\/wp\/v2\/pages\/18768","targetHints":{"allow":["GET"]}}],"collection":[{"href":"https:\/\/www.iccu.com\/es\/wp-json\/wp\/v2\/pages"}],"about":[{"href":"https:\/\/www.iccu.com\/es\/wp-json\/wp\/v2\/types\/page"}],"author":[{"embeddable":true,"href":"https:\/\/www.iccu.com\/es\/wp-json\/wp\/v2\/users\/12"}],"replies":[{"embeddable":true,"href":"https:\/\/www.iccu.com\/es\/wp-json\/wp\/v2\/comments?post=18768"}],"version-history":[{"count":3,"href":"https:\/\/www.iccu.com\/es\/wp-json\/wp\/v2\/pages\/18768\/revisions"}],"predecessor-version":[{"id":21515,"href":"https:\/\/www.iccu.com\/es\/wp-json\/wp\/v2\/pages\/18768\/revisions\/21515"}],"up":[{"embeddable":true,"href":"https:\/\/www.iccu.com\/es\/wp-json\/wp\/v2\/pages\/18771"}],"wp:featuredmedia":[{"embeddable":true,"href":"https:\/\/www.iccu.com\/es\/wp-json\/wp\/v2\/media\/17628"}],"wp:attachment":[{"href":"https:\/\/www.iccu.com\/es\/wp-json\/wp\/v2\/media?parent=18768"}],"curies":[{"name":"wp","href":"https:\/\/api.w.org\/{rel}","templated":true}]}}