{"id":18781,"date":"2022-09-26T08:55:49","date_gmt":"2022-09-26T14:55:49","guid":{"rendered":"https:\/\/www.iccu.com\/loans\/home-loans\/prestamos-vivienda-a-tipo-fijo\/"},"modified":"2026-03-10T10:03:56","modified_gmt":"2026-03-10T16:03:56","slug":"fixed-rate-home-loans","status":"publish","type":"page","link":"https:\/\/www.iccu.com\/es\/loans\/home-loans\/fixed-rate-home-loans\/","title":{"rendered":"Pr\u00e9stamos vivienda a tipo fijo"},"content":{"rendered":"\n<div class=\"wp-block-group alignfull has-light-gray-background-color has-background\"><div class=\"wp-block-group__inner-container is-layout-flow wp-block-group-is-layout-flow\">\n<div class=\"wp-block-columns alignwide is-layout-flex wp-container-core-columns-is-layout-9d6595d7 wp-block-columns-is-layout-flex\">\n<div class=\"wp-block-column is-layout-flow wp-block-column-is-layout-flow\">\n<h2 class=\"wp-block-heading has-green-color has-text-color\" id=\"h-tipo-fijo-sin-sorpresas\">Tipo fijo. Sin sorpresas.  <\/h2>\n<\/div>\n<\/div>\n\n\n\n<div class=\"wp-block-columns alignwide is-layout-flex wp-container-core-columns-is-layout-9d6595d7 wp-block-columns-is-layout-flex\">\n<div class=\"wp-block-column is-layout-flow wp-block-column-is-layout-flow\" style=\"flex-basis:66.66%\">\n<p class=\"has-lg-font-size\">Este es nuestro tipo de pr\u00e9stamo hipotecario m\u00e1s popular. El tipo de inter\u00e9s no cambiar\u00e1 durante la vida de tu pr\u00e9stamo, protegi\u00e9ndote de la posibilidad de que suban las tasas de inter\u00e9s. Los pagos mensuales predecibles facilitan la elaboraci\u00f3n del presupuesto. Adem\u00e1s, suele haber menos obst\u00e1culos que superar durante el proceso de solicitud. Una buena opci\u00f3n para alguien que espera quedarse en la misma casa durante un tiempo o simplemente quiere un pago constante.<\/p>\n\n\n\n<p class=\"has-lg-font-size\">Comprar o refinanciar una vivienda es un gran negocio. Utiliza nuestro Portal Hipotecario online o ponte en contacto con un Agente de Pr\u00e9stamos Hipotecarios experto. No importa en qu\u00e9 punto del proceso te encuentres, estamos aqu\u00ed para ayudarte en cada paso del camino.<\/p>\n\n\n\n<div id=\"block_eb8dcbb9c96bdd48052b896d9df62300\" class=\"js-button-group is-horizontal justify-left \">\n  \n\n<button id=\"block_f8ba54f1b02459d001be9104b178405c\" class=\"js-button \" onclick=oao.open('%\/blend','MTG-MTG')>Portal Hipotecario<\/button>\n\n\n\n\n<button id=\"block_4e55e16954174e9485470f50482cb008\" class=\"js-button is-style-link\" onclick=oao.open('\/loans\/home-loans\/mortgage-loan-officers\/')>Contactar con el Agente de Pr\u00e9stamos<\/button>\n\n\n\n<\/div>\n\n\n\n\n\n\n<p class=\"has-xs-font-size\">Este formulario solo est\u00e1 disponible en ingl\u00e9s. Para asistencia en espa\u00f1ol, por favor cont\u00e1ctenos.<\/p>\n\n\n\n<p class=\"has-green-color has-text-color has-link-color has-sm-font-size wp-elements-4dbb8e3cce1a3d5e26c85e661b05fd95\"><a onclick=\"oao.open('%\/blend','MTG-MTG','continue')\"><u>\u00bfYa has iniciado una solicitud?\nContin\u00faa aqu\u00ed. <\/u><\/a><\/p>\n<\/div>\n\n\n\n<div class=\"wp-block-column is-layout-flow wp-block-column-is-layout-flow\" style=\"flex-basis:33.33%\">\n<h3 class=\"wp-block-heading has-green-color has-text-color has-md-font-size\" id=\"h-opciones-de-plazo\" style=\"font-style:normal;font-weight:400\">Opciones de plazo<\/h3>\n\n\n\n<p class=\"has-lg-font-size\"><strong>10, 15, 20, 30 a\u00f1os<\/strong><\/p>\n\n\n\n<h3 class=\"wp-block-heading has-green-color has-text-color has-md-font-size\" id=\"h-pago-inicial\" style=\"font-style:normal;font-weight:400\">Pago inicial<\/h3>\n\n\n\n<p class=\"has-lg-font-size\"><strong>Tan bajo como el 5% del precio de compra<br>20% del precio de compra para evitar el PMI<\/strong><\/p>\n\n\n\n<h3 class=\"wp-block-heading has-green-color has-text-color has-md-font-size\" id=\"h-propiedades-elegibles\" style=\"font-style:normal;font-weight:400\">Propiedades elegibles<\/h3>\n\n\n\n<p class=\"has-lg-font-size\"><strong>Compra, Refinanciaci\u00f3n, Residencia principal, Segunda vivienda\/vivienda de vacaciones, Inversi\u00f3n\/Propiedad en alquiler, Casa prefabricada<\/strong><\/p>\n<\/div>\n<\/div>\n<\/div><\/div>\n\n\n\n<div class=\"wp-block-group alignfull\"><div class=\"wp-block-group__inner-container is-layout-flow wp-block-group-is-layout-flow\">\n<div class=\"wp-block-columns alignwide is-layout-flex wp-container-core-columns-is-layout-9d6595d7 wp-block-columns-is-layout-flex\">\n<div class=\"wp-block-column is-layout-flow wp-block-column-is-layout-flow\">\n<h2 class=\"wp-block-heading\" id=\"h-compra-o-refinancia-tu-casa-con-confianza\">Compra o refinancia tu casa con confianza<\/h2>\n\n\n\n<p class=\"has-lg-font-size\">Queremos ayudarte en el proceso de pr\u00e9stamo y conseguir que descanses c\u00f3modamente en tu casa lo m\u00e1s pronto possible. Nuestro personal, amable y altamente cualificado, entiende el mercado inmobiliario del lugar donde quieres vivir. Al fin y al cabo, nosotros tambi\u00e9n vivimos aqu\u00ed. Estamos disponibles para ayudarte en horario ampliado y los s\u00e1bados.<\/p>\n<\/div>\n<\/div>\n\n\n\n<div class=\"wp-block-columns alignwide is-layout-flex wp-container-core-columns-is-layout-9d6595d7 wp-block-columns-is-layout-flex\">\n<div class=\"wp-block-column is-layout-flow wp-block-column-is-layout-flow\">\n<h4 class=\"wp-block-heading\" id=\"h-decisiones-rapidas-y-locales\">Decisiones r\u00e1pidas y locales<\/h4>\n\n\n\n<ul class=\"wp-block-list\">\n<li>Suscripci\u00f3n local<\/li>\n\n\n\n<li>Aprobaciones r\u00e1pidas<\/li>\n\n\n\n<li>Cierre r\u00e1pido, normalmente en 30 d\u00edas<\/li>\n\n\n\n<li>Servicio local en la mayor\u00eda de los pr\u00e9stamos<\/li>\n<\/ul>\n\n\n\n<h4 class=\"wp-block-heading\" id=\"h-ahorra-dinero\">Ahorra dinero<\/h4>\n\n\n\n<ul class=\"wp-block-list\">\n<li>Tipos de inter\u00e9s bajos y asequibles<\/li>\n\n\n\n<li>Sin gastos iniciales de solicitud de pr\u00e9stamo<\/li>\n\n\n\n<li>Primas de seguro hipotecario bajas<\/li>\n\n\n\n<li>Opciones de pr\u00e9stamo sin comisiones de apertura<\/li>\n\n\n\n<li>Opciones de bloqueo de tasas ampliadas disponibles de 90 a 365 d\u00edas<\/li>\n<\/ul>\n<\/div>\n\n\n\n<div class=\"wp-block-column is-layout-flow wp-block-column-is-layout-flow\">\n<figure class=\"wp-block-image size-full is-resized\"><img loading=\"lazy\" decoding=\"async\" width=\"486\" height=\"371\" src=\"https:\/\/www.iccu.com\/wp-content\/uploads\/2022\/11\/Conventional_LoanBenefits.webp\" alt=\"\" class=\"wp-image-1685\" style=\"width:410px;height:313px\"\/><\/figure>\n\n\n\n<div id=\"block_9fb9c5821feda604c8d14dcab1000202\" class=\"js-button-group is-horizontal justify-center \">\n  \n\n<button id=\"block_41d06810038968bc4b721f235c264777\" class=\"js-button \" onclick=oao.open('%\/blend','MTG-MTG')>Solicitar ahora<\/button>\n\n\n\n\n<button id=\"block_4e55e16954174e9485470f50482cb008\" class=\"js-button is-style-link\" onclick=oao.open('\/loans\/home-loans\/mortgage-loan-officers\/')>Contactar con el Agente de Pr\u00e9stamos<\/button>\n\n\n\n<\/div>\n\n\n\n\n\n\n<p class=\"has-xs-font-size\">Este formulario solo est\u00e1 disponible en ingl\u00e9s. Para asistencia en espa\u00f1ol, por favor cont\u00e1ctenos.<\/p>\n<\/div>\n<\/div>\n<\/div><\/div>\n\n\n\n<div class=\"wp-block-group alignfull has-light-gray-background-color has-background\"><div class=\"wp-block-group__inner-container is-layout-constrained wp-block-group-is-layout-constrained\">\n<div class=\"wp-block-columns alignwide is-layout-flex wp-container-core-columns-is-layout-9d6595d7 wp-block-columns-is-layout-flex\">\n<div class=\"wp-block-column is-layout-flow wp-block-column-is-layout-flow\">\n<h2 class=\"wp-block-heading has-green-color has-text-color has-link-color wp-elements-032b93b6c15749351d4075de0bf890eb\">Calculadora de hipotecas<\/h2>\n\n\n\n<p class=\"has-text-align-left\">\u00bfA cu\u00e1nto ascender\u00e1 la cuota mensual de tu hipoteca? Utiliza esta calculadora para calcular tu cuota mensual, incluidos los pagos de capital e intereses de tu hipoteca, as\u00ed como el seguro y los impuestos.<\/p>\n\n\n\n<div class=\"chimney_calc\" data-guid=\"88a34a2b-0e33-4223-a196-2b1924117d96\"><\/div>\n\n\n\n<p class=\"has-text-align-center has-sm-font-size\">Este formulario solo est\u00e1 disponible en ingl\u00e9s. Para asistencia en espa\u00f1ol, por favor cont\u00e1ctenos.<\/p>\n<\/div>\n<\/div>\n<\/div><\/div>\n\n\n\n<div class=\"wp-block-group alignfull has-white-background-color has-background\" id=\"rates\"><div class=\"wp-block-group__inner-container is-layout-flow wp-block-group-is-layout-flow\">\n<div class=\"wp-block-columns alignwide is-layout-flex wp-container-core-columns-is-layout-9d6595d7 wp-block-columns-is-layout-flex\">\n<div class=\"wp-block-column is-layout-flow wp-block-column-is-layout-flow\">\n<h2 class=\"wp-block-heading has-text-align-center has-black-color has-text-color\" id=\"h-presupuesto-personalizado\">Presupuesto personalizado<\/h2>\n<\/div>\n<\/div>\n\n\n\n<div class=\"wp-block-columns alignwide is-layout-flex wp-container-core-columns-is-layout-9d6595d7 wp-block-columns-is-layout-flex\">\n<div class=\"wp-block-column is-layout-flow wp-block-column-is-layout-flow\">\n<div class=\"wp-block-columns is-layout-flex wp-container-core-columns-is-layout-9d6595d7 wp-block-columns-is-layout-flex\">\n<div class=\"wp-block-column is-layout-flow wp-block-column-is-layout-flow\">\n<div class=\"wp-block-columns is-layout-flex wp-container-core-columns-is-layout-9d6595d7 wp-block-columns-is-layout-flex\">\n<div class=\"wp-block-column is-layout-flow wp-block-column-is-layout-flow\">\n<p class=\"has-text-align-center has-lg-font-size\">Adaptada a tus circunstancias particulares, nuestra herramienta de presupuesto personalizado de tasas hipotecarias te hace unas cuantas preguntas sobre tu situaci\u00f3n financiera actual. En funci\u00f3n de tus respuestas, recibir\u00e1s una lista de tarifas que se ajustan a tus necesidades. Consigue hoy mismo tu tasa hipotecaria personalizada.<\/p>\n\n\n\n<div class=\"wp-block-buttons is-content-justification-center is-layout-flex wp-container-core-buttons-is-layout-16018d1d wp-block-buttons-is-layout-flex\">\n<div class=\"wp-block-button\"><a class=\"wp-block-button__link wp-element-button\" href=\"https:\/\/quickquote-consumer.optimalblue.com\/?mobile=true&amp;clientId=3833383237&amp;userId=34363030363031&amp;formId=33333431&amp;embedded=false\" target=\"_blank\" rel=\"noreferrer noopener\">  Obtener mi presupuesto personalizado<\/a><\/div>\n<\/div>\n\n\n\n<p class=\"has-text-align-center has-xs-font-size\">Este formulario solo est\u00e1 disponible en ingl\u00e9s. Para asistencia en espa\u00f1ol, por favor cont\u00e1ctenos.<\/p>\n<\/div>\n<\/div>\n<\/div>\n<\/div>\n<\/div>\n<\/div>\n<\/div><\/div>\n","protected":false},"excerpt":{"rendered":"<p>Tipo fijo. Sin sorpresas. Este es nuestro tipo de pr\u00e9stamo hipotecario m\u00e1s popular. El tipo de inter\u00e9s no cambiar\u00e1 durante [&hellip;]<\/p>\n","protected":false},"author":1,"featured_media":16681,"parent":18746,"menu_order":10,"comment_status":"closed","ping_status":"closed","template":"product-detail-page.php","meta":{"_acf_changed":false,"_searchwp_excluded":"","footnotes":""},"class_list":["post-18781","page","type-page","status-publish","has-post-thumbnail","hentry"],"acf":[],"yoast_head":"<!-- This site is optimized with the Yoast SEO Premium plugin v27.2 (Yoast SEO v27.3) - https:\/\/yoast.com\/product\/yoast-seo-premium-wordpress\/ -->\n<title>Pr\u00e9stamos vivienda a tipo fijo - ICCU<\/title>\n<meta name=\"description\" content=\"Tener pagos mensuales constantes y saber que la tasa de inter\u00e9s nunca cambiar\u00e1 hacen que la Hipoteca a Tipo Fijo convencional sea el pr\u00e9stamo hipotecario perfecto para ti.\" \/>\n<meta name=\"robots\" content=\"index, follow, max-snippet:-1, max-image-preview:large, max-video-preview:-1\" \/>\n<link rel=\"canonical\" href=\"https:\/\/www.iccu.com\/es\/loans\/home-loans\/fixed-rate-home-loans\/\" \/>\n<meta property=\"og:locale\" content=\"es_ES\" \/>\n<meta property=\"og:type\" content=\"article\" \/>\n<meta property=\"og:title\" content=\"Pr\u00e9stamos vivienda a tipo fijo\" \/>\n<meta property=\"og:description\" content=\"Tener pagos mensuales constantes y saber que la tasa de inter\u00e9s nunca cambiar\u00e1 hacen que la Hipoteca a Tipo Fijo convencional sea el pr\u00e9stamo hipotecario perfecto para ti.\" \/>\n<meta property=\"og:url\" content=\"https:\/\/www.iccu.com\/es\/loans\/home-loans\/fixed-rate-home-loans\/\" \/>\n<meta property=\"og:site_name\" content=\"ICCU\" \/>\n<meta property=\"article:publisher\" content=\"https:\/\/www.facebook.com\/IdahoCentralCreditUnion\" \/>\n<meta property=\"article:modified_time\" content=\"2026-03-10T16:03:56+00:00\" \/>\n<meta property=\"og:image\" content=\"https:\/\/www.iccu.com\/wp-content\/uploads\/2022\/11\/Conventional_Hero.webp\" \/>\n\t<meta property=\"og:image:width\" content=\"390\" \/>\n\t<meta property=\"og:image:height\" content=\"293\" \/>\n\t<meta property=\"og:image:type\" content=\"image\/webp\" \/>\n<meta name=\"twitter:card\" content=\"summary_large_image\" \/>\n<meta name=\"twitter:site\" content=\"@Idaho_Central\" \/>\n<meta name=\"twitter:label1\" content=\"Tiempo de lectura\" \/>\n\t<meta name=\"twitter:data1\" content=\"3 minutos\" \/>\n<script type=\"application\/ld+json\" class=\"yoast-schema-graph\">{\"@context\":\"https:\\\/\\\/schema.org\",\"@graph\":[{\"@type\":\"WebPage\",\"@id\":\"https:\\\/\\\/www.iccu.com\\\/es\\\/loans\\\/home-loans\\\/fixed-rate-home-loans\\\/\",\"url\":\"https:\\\/\\\/www.iccu.com\\\/es\\\/loans\\\/home-loans\\\/fixed-rate-home-loans\\\/\",\"name\":\"Pr\u00e9stamos vivienda a tipo fijo - ICCU\",\"isPartOf\":{\"@id\":\"https:\\\/\\\/www.iccu.com\\\/es\\\/#website\"},\"primaryImageOfPage\":{\"@id\":\"https:\\\/\\\/www.iccu.com\\\/es\\\/loans\\\/home-loans\\\/fixed-rate-home-loans\\\/#primaryimage\"},\"image\":{\"@id\":\"https:\\\/\\\/www.iccu.com\\\/es\\\/loans\\\/home-loans\\\/fixed-rate-home-loans\\\/#primaryimage\"},\"thumbnailUrl\":\"https:\\\/\\\/www.iccu.com\\\/wp-content\\\/uploads\\\/2022\\\/11\\\/Conventional_Hero.webp\",\"datePublished\":\"2022-09-26T14:55:49+00:00\",\"dateModified\":\"2026-03-10T16:03:56+00:00\",\"description\":\"Tener pagos mensuales constantes y saber que la tasa de inter\u00e9s nunca cambiar\u00e1 hacen que la Hipoteca a Tipo Fijo convencional sea el pr\u00e9stamo hipotecario perfecto para ti.\",\"breadcrumb\":{\"@id\":\"https:\\\/\\\/www.iccu.com\\\/es\\\/loans\\\/home-loans\\\/fixed-rate-home-loans\\\/#breadcrumb\"},\"inLanguage\":\"es\",\"potentialAction\":[{\"@type\":\"ReadAction\",\"target\":[\"https:\\\/\\\/www.iccu.com\\\/es\\\/loans\\\/home-loans\\\/fixed-rate-home-loans\\\/\"]}]},{\"@type\":\"ImageObject\",\"inLanguage\":\"es\",\"@id\":\"https:\\\/\\\/www.iccu.com\\\/es\\\/loans\\\/home-loans\\\/fixed-rate-home-loans\\\/#primaryimage\",\"url\":\"https:\\\/\\\/www.iccu.com\\\/wp-content\\\/uploads\\\/2022\\\/11\\\/Conventional_Hero.webp\",\"contentUrl\":\"https:\\\/\\\/www.iccu.com\\\/wp-content\\\/uploads\\\/2022\\\/11\\\/Conventional_Hero.webp\",\"width\":390,\"height\":293},{\"@type\":\"BreadcrumbList\",\"@id\":\"https:\\\/\\\/www.iccu.com\\\/es\\\/loans\\\/home-loans\\\/fixed-rate-home-loans\\\/#breadcrumb\",\"itemListElement\":[{\"@type\":\"ListItem\",\"position\":1,\"name\":\"Home\",\"item\":\"https:\\\/\\\/www.iccu.com\\\/es\\\/\"},{\"@type\":\"ListItem\",\"position\":2,\"name\":\"Pr\u00e9stamos\",\"item\":\"https:\\\/\\\/www.iccu.com\\\/es\\\/loans\\\/\"},{\"@type\":\"ListItem\",\"position\":3,\"name\":\"Hipotecas y pr\u00e9stamos vivienda\",\"item\":\"https:\\\/\\\/www.iccu.com\\\/es\\\/loans\\\/home-loans\\\/\"},{\"@type\":\"ListItem\",\"position\":4,\"name\":\"Pr\u00e9stamos vivienda a tipo fijo\"}]},{\"@type\":\"WebSite\",\"@id\":\"https:\\\/\\\/www.iccu.com\\\/es\\\/#website\",\"url\":\"https:\\\/\\\/www.iccu.com\\\/es\\\/\",\"name\":\"ICCU\",\"description\":\"Looking after your daily balance.\",\"publisher\":{\"@id\":\"https:\\\/\\\/www.iccu.com\\\/es\\\/#organization\"},\"alternateName\":\"ICCU\",\"potentialAction\":[{\"@type\":\"SearchAction\",\"target\":{\"@type\":\"EntryPoint\",\"urlTemplate\":\"https:\\\/\\\/www.iccu.com\\\/es\\\/?s={search_term_string}\"},\"query-input\":{\"@type\":\"PropertyValueSpecification\",\"valueRequired\":true,\"valueName\":\"search_term_string\"}}],\"inLanguage\":\"es\"},{\"@type\":\"Organization\",\"@id\":\"https:\\\/\\\/www.iccu.com\\\/es\\\/#organization\",\"name\":\"ICCU\",\"url\":\"https:\\\/\\\/www.iccu.com\\\/es\\\/\",\"logo\":{\"@type\":\"ImageObject\",\"inLanguage\":\"es\",\"@id\":\"https:\\\/\\\/www.iccu.com\\\/es\\\/#\\\/schema\\\/logo\\\/image\\\/\",\"url\":\"https:\\\/\\\/www.iccu.com\\\/wp-content\\\/uploads\\\/2025\\\/03\\\/ICCU-logo-2color_696x696.png\",\"contentUrl\":\"https:\\\/\\\/www.iccu.com\\\/wp-content\\\/uploads\\\/2025\\\/03\\\/ICCU-logo-2color_696x696.png\",\"width\":696,\"height\":696,\"caption\":\"ICCU\"},\"image\":{\"@id\":\"https:\\\/\\\/www.iccu.com\\\/es\\\/#\\\/schema\\\/logo\\\/image\\\/\"},\"sameAs\":[\"https:\\\/\\\/www.facebook.com\\\/IdahoCentralCreditUnion\",\"https:\\\/\\\/x.com\\\/Idaho_Central\",\"https:\\\/\\\/www.youtube.com\\\/idahocentralcu\",\"https:\\\/\\\/www.linkedin.com\\\/company\\\/idahocentralcreditunion\\\/\",\"https:\\\/\\\/www.instagram.com\\\/idahocentralcu\\\/\"],\"description\":\"ICCU is a state-chartered credit union in the western United States, headquartered in Chubbuck, Idaho. Whether you\u2019re banking in the branch or banking on the go, ICCU is looking after your daily balance. Get great rates on auto and home loans. Check out our Visa Rewards Cards. Discover more perks with Central Plus Checking. Bank your way with drive-thru, ATM, live video chat, mobile banking. Open Saturdays. We also offer investment, insurance, and business solutions. As a member of ICCU, you\u2019ll have a financial leader that\u2019s helping you achieve financial success. Routing Number: 324173626. NMLS ID: 433926.\",\"email\":\"memberservice@iccu.com\",\"telephone\":\"(800) 456-5067\",\"foundingDate\":\"1940-06-28\",\"taxID\":\"82-0217065\",\"duns\":\"108135278\",\"numberOfEmployees\":{\"@type\":\"QuantitativeValue\",\"minValue\":\"1001\",\"maxValue\":\"5000\"}}]}<\/script>\n<!-- \/ Yoast SEO Premium plugin. -->","yoast_head_json":{"title":"Pr\u00e9stamos vivienda a tipo fijo - ICCU","description":"Tener pagos mensuales constantes y saber que la tasa de inter\u00e9s nunca cambiar\u00e1 hacen que la Hipoteca a Tipo Fijo convencional sea el pr\u00e9stamo hipotecario perfecto para ti.","robots":{"index":"index","follow":"follow","max-snippet":"max-snippet:-1","max-image-preview":"max-image-preview:large","max-video-preview":"max-video-preview:-1"},"canonical":"https:\/\/www.iccu.com\/es\/loans\/home-loans\/fixed-rate-home-loans\/","og_locale":"es_ES","og_type":"article","og_title":"Pr\u00e9stamos vivienda a tipo fijo","og_description":"Tener pagos mensuales constantes y saber que la tasa de inter\u00e9s nunca cambiar\u00e1 hacen que la Hipoteca a Tipo Fijo convencional sea el pr\u00e9stamo hipotecario perfecto para ti.","og_url":"https:\/\/www.iccu.com\/es\/loans\/home-loans\/fixed-rate-home-loans\/","og_site_name":"ICCU","article_publisher":"https:\/\/www.facebook.com\/IdahoCentralCreditUnion","article_modified_time":"2026-03-10T16:03:56+00:00","og_image":[{"width":390,"height":293,"url":"https:\/\/www.iccu.com\/wp-content\/uploads\/2022\/11\/Conventional_Hero.webp","type":"image\/webp"}],"twitter_card":"summary_large_image","twitter_site":"@Idaho_Central","twitter_misc":{"Tiempo de lectura":"3 minutos"},"schema":{"@context":"https:\/\/schema.org","@graph":[{"@type":"WebPage","@id":"https:\/\/www.iccu.com\/es\/loans\/home-loans\/fixed-rate-home-loans\/","url":"https:\/\/www.iccu.com\/es\/loans\/home-loans\/fixed-rate-home-loans\/","name":"Pr\u00e9stamos vivienda a tipo fijo - ICCU","isPartOf":{"@id":"https:\/\/www.iccu.com\/es\/#website"},"primaryImageOfPage":{"@id":"https:\/\/www.iccu.com\/es\/loans\/home-loans\/fixed-rate-home-loans\/#primaryimage"},"image":{"@id":"https:\/\/www.iccu.com\/es\/loans\/home-loans\/fixed-rate-home-loans\/#primaryimage"},"thumbnailUrl":"https:\/\/www.iccu.com\/wp-content\/uploads\/2022\/11\/Conventional_Hero.webp","datePublished":"2022-09-26T14:55:49+00:00","dateModified":"2026-03-10T16:03:56+00:00","description":"Tener pagos mensuales constantes y saber que la tasa de inter\u00e9s nunca cambiar\u00e1 hacen que la Hipoteca a Tipo Fijo convencional sea el pr\u00e9stamo hipotecario perfecto para ti.","breadcrumb":{"@id":"https:\/\/www.iccu.com\/es\/loans\/home-loans\/fixed-rate-home-loans\/#breadcrumb"},"inLanguage":"es","potentialAction":[{"@type":"ReadAction","target":["https:\/\/www.iccu.com\/es\/loans\/home-loans\/fixed-rate-home-loans\/"]}]},{"@type":"ImageObject","inLanguage":"es","@id":"https:\/\/www.iccu.com\/es\/loans\/home-loans\/fixed-rate-home-loans\/#primaryimage","url":"https:\/\/www.iccu.com\/wp-content\/uploads\/2022\/11\/Conventional_Hero.webp","contentUrl":"https:\/\/www.iccu.com\/wp-content\/uploads\/2022\/11\/Conventional_Hero.webp","width":390,"height":293},{"@type":"BreadcrumbList","@id":"https:\/\/www.iccu.com\/es\/loans\/home-loans\/fixed-rate-home-loans\/#breadcrumb","itemListElement":[{"@type":"ListItem","position":1,"name":"Home","item":"https:\/\/www.iccu.com\/es\/"},{"@type":"ListItem","position":2,"name":"Pr\u00e9stamos","item":"https:\/\/www.iccu.com\/es\/loans\/"},{"@type":"ListItem","position":3,"name":"Hipotecas y pr\u00e9stamos vivienda","item":"https:\/\/www.iccu.com\/es\/loans\/home-loans\/"},{"@type":"ListItem","position":4,"name":"Pr\u00e9stamos vivienda a tipo fijo"}]},{"@type":"WebSite","@id":"https:\/\/www.iccu.com\/es\/#website","url":"https:\/\/www.iccu.com\/es\/","name":"ICCU","description":"Looking after your daily balance.","publisher":{"@id":"https:\/\/www.iccu.com\/es\/#organization"},"alternateName":"ICCU","potentialAction":[{"@type":"SearchAction","target":{"@type":"EntryPoint","urlTemplate":"https:\/\/www.iccu.com\/es\/?s={search_term_string}"},"query-input":{"@type":"PropertyValueSpecification","valueRequired":true,"valueName":"search_term_string"}}],"inLanguage":"es"},{"@type":"Organization","@id":"https:\/\/www.iccu.com\/es\/#organization","name":"ICCU","url":"https:\/\/www.iccu.com\/es\/","logo":{"@type":"ImageObject","inLanguage":"es","@id":"https:\/\/www.iccu.com\/es\/#\/schema\/logo\/image\/","url":"https:\/\/www.iccu.com\/wp-content\/uploads\/2025\/03\/ICCU-logo-2color_696x696.png","contentUrl":"https:\/\/www.iccu.com\/wp-content\/uploads\/2025\/03\/ICCU-logo-2color_696x696.png","width":696,"height":696,"caption":"ICCU"},"image":{"@id":"https:\/\/www.iccu.com\/es\/#\/schema\/logo\/image\/"},"sameAs":["https:\/\/www.facebook.com\/IdahoCentralCreditUnion","https:\/\/x.com\/Idaho_Central","https:\/\/www.youtube.com\/idahocentralcu","https:\/\/www.linkedin.com\/company\/idahocentralcreditunion\/","https:\/\/www.instagram.com\/idahocentralcu\/"],"description":"ICCU is a state-chartered credit union in the western United States, headquartered in Chubbuck, Idaho. Whether you\u2019re banking in the branch or banking on the go, ICCU is looking after your daily balance. Get great rates on auto and home loans. Check out our Visa Rewards Cards. Discover more perks with Central Plus Checking. Bank your way with drive-thru, ATM, live video chat, mobile banking. Open Saturdays. We also offer investment, insurance, and business solutions. As a member of ICCU, you\u2019ll have a financial leader that\u2019s helping you achieve financial success. Routing Number: 324173626. NMLS ID: 433926.","email":"memberservice@iccu.com","telephone":"(800) 456-5067","foundingDate":"1940-06-28","taxID":"82-0217065","duns":"108135278","numberOfEmployees":{"@type":"QuantitativeValue","minValue":"1001","maxValue":"5000"}}]}},"_links":{"self":[{"href":"https:\/\/www.iccu.com\/es\/wp-json\/wp\/v2\/pages\/18781","targetHints":{"allow":["GET"]}}],"collection":[{"href":"https:\/\/www.iccu.com\/es\/wp-json\/wp\/v2\/pages"}],"about":[{"href":"https:\/\/www.iccu.com\/es\/wp-json\/wp\/v2\/types\/page"}],"author":[{"embeddable":true,"href":"https:\/\/www.iccu.com\/es\/wp-json\/wp\/v2\/users\/1"}],"replies":[{"embeddable":true,"href":"https:\/\/www.iccu.com\/es\/wp-json\/wp\/v2\/comments?post=18781"}],"version-history":[{"count":9,"href":"https:\/\/www.iccu.com\/es\/wp-json\/wp\/v2\/pages\/18781\/revisions"}],"predecessor-version":[{"id":34505,"href":"https:\/\/www.iccu.com\/es\/wp-json\/wp\/v2\/pages\/18781\/revisions\/34505"}],"up":[{"embeddable":true,"href":"https:\/\/www.iccu.com\/es\/wp-json\/wp\/v2\/pages\/18746"}],"wp:featuredmedia":[{"embeddable":true,"href":"https:\/\/www.iccu.com\/es\/wp-json\/wp\/v2\/media\/16681"}],"wp:attachment":[{"href":"https:\/\/www.iccu.com\/es\/wp-json\/wp\/v2\/media?parent=18781"}],"curies":[{"name":"wp","href":"https:\/\/api.w.org\/{rel}","templated":true}]}}