{"id":18800,"date":"2022-09-26T13:14:22","date_gmt":"2022-09-26T19:14:22","guid":{"rendered":"https:\/\/www.iccu.com\/loans\/home-loans\/prestamos-para-terrenos-y-solares\/"},"modified":"2026-03-10T10:43:39","modified_gmt":"2026-03-10T16:43:39","slug":"land-lot-loans","status":"publish","type":"page","link":"https:\/\/www.iccu.com\/es\/loans\/home-loans\/land-lot-loans\/","title":{"rendered":"Pr\u00e9stamos para terrenos y solares"},"content":{"rendered":"\n<div class=\"wp-block-group alignfull has-light-gray-background-color has-background\"><div class=\"wp-block-group__inner-container is-layout-flow wp-block-group-is-layout-flow\">\n<div class=\"wp-block-columns alignwide is-layout-flex wp-container-core-columns-is-layout-9d6595d7 wp-block-columns-is-layout-flex\">\n<div class=\"wp-block-column is-layout-flow wp-block-column-is-layout-flow\" style=\"flex-basis:66.66%\">\n<h2 class=\"wp-block-heading has-green-color has-text-color\" id=\"h-servicio-local-y-atencion-amable\"><strong>Servicio local y atenci\u00f3n amable<\/strong><\/h2>\n\n\n\n<p class=\"has-lg-font-size\">Todos los pr\u00e9stamos inmobiliarios de ICCU se suscriben y gestionan localmente. Esto significa que no venderemos tu pr\u00e9stamo. Estamos contigo de principio a fin, proporcion\u00e1ndote el gran servicio que te mereces. Llama a un <a href=\"https:\/\/www.iccu.com\/es\/loans\/home-loans\/mortgage-loan-officers\/\">Agente de Pr\u00e9stamos Hipotecarios de ICCU<\/a> en tu zona para conocer los tipos actuales.<\/p>\n\n\n\n<p class=\"has-lg-font-size\">Utiliza nuestro Portal Hipotecario online o ponte en contacto con un agente de pr\u00e9stamos hipotecarios experto.<\/p>\n\n\n\n<div id=\"block_4c50cb86468cbb964568994fd750e13b\" class=\"js-button-group is-horizontal justify-left \">\n  \n\n<button id=\"block_ec3c383945b0a4b83fa5e89c69ca3838\" class=\"js-button \" onclick=oao.open('%\/blend','MTG-MLOT')>Portal Hipotecario<\/button>\n\n\n\n\n<button id=\"block_54b240d012a3c1e3539817fac1cfdcaa\" class=\"js-button is-style-link\" onclick=oao.open('\/loans\/home-loans\/mortgage-loan-officers\/')>Contactar con el Agente de Pr\u00e9stamos<\/button>\n\n\n\n<\/div>\n\n\n\n\n\n\n<p class=\"has-black-color has-text-color has-link-color has-sm-font-size wp-elements-2b88a3283afa153205b5e7619521e820\"><a onclick=\"oao.open('%\/blend','MTG-MLOT','continue')\"><u>\u00bfYa has iniciado una solicitud?\nContin\u00faa aqu\u00ed. <\/u><\/a><\/p>\n<\/div>\n\n\n\n<div class=\"wp-block-column is-layout-flow wp-block-column-is-layout-flow\" style=\"flex-basis:33.33%\">\n<h3 class=\"wp-block-heading has-dark-green-color has-text-color has-md-font-size\" id=\"h-terminos\" style=\"font-style:normal;font-weight:400\">T\u00e9rminos<\/h3>\n\n\n\n<p class=\"has-lg-font-size\"><strong>10, 15, 30 a\u00f1os<\/strong><\/p>\n\n\n\n<h3 class=\"wp-block-heading has-dark-green-color has-text-color has-md-font-size\" id=\"h-pago-inicial\" style=\"font-style:normal;font-weight:400\">Pago inicial<\/h3>\n\n\n\n<p><strong>20% de anticipo<\/strong><\/p>\n\n\n\n<h3 class=\"wp-block-heading has-dark-green-color has-text-color has-md-font-size\" id=\"h-relacion-prestamo-valor-ltv\" style=\"font-style:normal;font-weight:400\">Relaci\u00f3n pr\u00e9stamo-valor (LTV)<\/h3>\n\n\n\n<p class=\"has-lg-font-size\"><strong>Hasta el 80%<\/strong><\/p>\n\n\n\n<h3 class=\"wp-block-heading has-dark-green-color has-text-color has-md-font-size\" id=\"h-prestamo-renovado\" style=\"font-style:normal;font-weight:400\">Pr\u00e9stamo renovado<\/h3>\n\n\n\n<p class=\"has-lg-font-size\"><strong>Puede integrarse en tu pr\u00e9stamo para la construcci\u00f3n<\/strong><\/p>\n<\/div>\n<\/div>\n<\/div><\/div>\n\n\n\n<div class=\"wp-block-group alignfull\"><div class=\"wp-block-group__inner-container is-layout-flow wp-block-group-is-layout-flow\">\n<div class=\"wp-block-columns alignwide is-layout-flex wp-container-core-columns-is-layout-9d6595d7 wp-block-columns-is-layout-flex\">\n<div class=\"wp-block-column is-layout-flow wp-block-column-is-layout-flow\">\n<h2 class=\"wp-block-heading\" id=\"h-construye-tu-casa-con-confianza\">Construye tu casa con confianza<\/h2>\n\n\n\n<p class=\"has-lg-font-size\">Queremos ayudarte en el proceso de pr\u00e9stamo y conseguir que descanses c\u00f3modamente en tu casa lo m\u00e1s pronto possible. Nuestro personal, amable y altamente cualificado, entiende el mercado inmobiliario del lugar donde quieres vivir. Al fin y al cabo, nosotros tambi\u00e9n vivimos aqu\u00ed. Estamos disponibles para ayudarte en horario ampliado y los s\u00e1bados.<\/p>\n<\/div>\n<\/div>\n\n\n\n<div class=\"wp-block-columns alignwide is-layout-flex wp-container-core-columns-is-layout-9d6595d7 wp-block-columns-is-layout-flex\">\n<div class=\"wp-block-column is-layout-flow wp-block-column-is-layout-flow\">\n<h3 class=\"wp-block-heading\" id=\"h-decisiones-rapidas-y-locales\">Decisiones r\u00e1pidas y locales<\/h3>\n\n\n\n<ul class=\"wp-block-list has-lg-font-size\">\n<li>Suscripci\u00f3n local<\/li>\n\n\n\n<li>Aprobaciones r\u00e1pidas<\/li>\n\n\n\n<li>Cierre r\u00e1pido, normalmente en 30 d\u00edas<\/li>\n\n\n\n<li>Servicio local en la mayor\u00eda de los pr\u00e9stamos<\/li>\n<\/ul>\n\n\n\n<h3 class=\"wp-block-heading\" id=\"h-ahorra-dinero\">Ahorra dinero<\/h3>\n\n\n\n<ul class=\"wp-block-list has-lg-font-size\">\n<li>Tipos de inter\u00e9s bajos y asequibles<\/li>\n\n\n\n<li>Sin gastos iniciales de solicitud de pr\u00e9stamo<\/li>\n\n\n\n<li>Primas de seguro hipotecario bajas<\/li>\n<\/ul>\n<\/div>\n\n\n\n<div class=\"wp-block-column is-layout-flow wp-block-column-is-layout-flow\">\n<figure class=\"wp-block-image size-full is-resized\"><img loading=\"lazy\" decoding=\"async\" width=\"412\" height=\"315\" src=\"https:\/\/www.iccu.com\/wp-content\/uploads\/2022\/12\/Land_Benefits.webp\" alt=\"\" class=\"wp-image-3553\" style=\"width:410px;height:313px\"\/><\/figure>\n\n\n\n<div id=\"block_8c8937aa2ff55890c820a2cf5660d22f\" class=\"js-button-group is-horizontal justify-center \">\n  \n\n<button id=\"block_1c245f95f7a09fe2205025bbd87bec9c\" class=\"js-button \" onclick=oao.open('%\/blend','MTG-MLOT')>Solicitar ahora<\/button>\n\n\n\n\n<button id=\"block_23232df6d67f093e3df35953682713d1\" class=\"js-button is-style-link\" onclick=oao.open('\/loans\/home-loans\/construction-loan-officers\/')>Contactar con el Agente de Pr\u00e9stamos<\/button>\n\n\n\n<\/div>\n\n\n\n<\/div>\n<\/div>\n<\/div><\/div>\n\n\n\n<section id=\"block_7f5a1d9f2571d0a9a49144a3282e4dfe\" class=\"o-calculator__container \">\n    <div class=\"\" data-vue-component=\"iccu-calculator\" data-calculator-id=mortgage-payments data-props={\"interestRate\":\"7.25\"}>Calculadora cargando&#8230;<\/div>\n\n\n    <div class=\"o-calculator\">\n      <p class=\"o-calculator__disclosure\">La informaci\u00f3n y las calculadoras interactivas se ponen a tu disposici\u00f3n como herramientas de autoayuda para tu uso independiente y s\u00f3lo tienen fines educativos.\nTodos los resultados son estimaciones basadas en la informaci\u00f3n proporcionada por ti, el usuario. <\/p>\n    <\/div>\n<\/section>\n\n\n<div class=\"wp-block-group alignfull has-white-background-color has-background\" id=\"rates\"><div class=\"wp-block-group__inner-container is-layout-flow wp-block-group-is-layout-flow\">\n<div class=\"wp-block-columns alignwide is-layout-flex wp-container-core-columns-is-layout-9d6595d7 wp-block-columns-is-layout-flex\">\n<div class=\"wp-block-column is-layout-flow wp-block-column-is-layout-flow\">\n<h2 class=\"wp-block-heading has-text-align-center has-black-color has-text-color\" id=\"h-presupuesto-personalizado\">Presupuesto personalizado<\/h2>\n<\/div>\n<\/div>\n\n\n\n<div class=\"wp-block-columns alignwide is-layout-flex wp-container-core-columns-is-layout-9d6595d7 wp-block-columns-is-layout-flex\">\n<div class=\"wp-block-column is-layout-flow wp-block-column-is-layout-flow\">\n<div class=\"wp-block-columns is-layout-flex wp-container-core-columns-is-layout-9d6595d7 wp-block-columns-is-layout-flex\">\n<div class=\"wp-block-column is-layout-flow wp-block-column-is-layout-flow\">\n<div class=\"wp-block-columns is-layout-flex wp-container-core-columns-is-layout-9d6595d7 wp-block-columns-is-layout-flex\">\n<div class=\"wp-block-column is-layout-flow wp-block-column-is-layout-flow\">\n<p class=\"has-text-align-center has-lg-font-size\">Adaptada a tus circunstancias particulares, nuestra herramienta de presupuesto personalizado de tasas hipotecarias te hace unas cuantas preguntas sobre tu situaci\u00f3n financiera actual. En funci\u00f3n de tus respuestas, recibir\u00e1s una lista de tarifas que se ajustan a tus necesidades. Consigue hoy mismo tu tasa hipotecaria personalizada.<\/p>\n\n\n\n<div class=\"wp-block-buttons is-content-justification-center is-layout-flex wp-container-core-buttons-is-layout-16018d1d wp-block-buttons-is-layout-flex\">\n<div class=\"wp-block-button\"><a class=\"wp-block-button__link wp-element-button\" href=\"https:\/\/quickquote-consumer.optimalblue.com\/?mobile=true&amp;clientId=3833383237&amp;userId=34363030363031&amp;formId=33333431&amp;embedded=false\" target=\"_blank\" rel=\"noreferrer noopener\">  Obtener mi presupuesto personalizado<\/a><\/div>\n<\/div>\n<\/div>\n<\/div>\n<\/div>\n<\/div>\n<\/div>\n<\/div>\n<\/div><\/div>\n","protected":false},"excerpt":{"rendered":"<p>Servicio local y atenci\u00f3n amable Todos los pr\u00e9stamos inmobiliarios de ICCU se suscriben y gestionan localmente. Esto significa que no [&hellip;]<\/p>\n","protected":false},"author":1,"featured_media":17013,"parent":18746,"menu_order":130,"comment_status":"closed","ping_status":"closed","template":"product-detail-page.php","meta":{"_acf_changed":false,"_searchwp_excluded":"","footnotes":""},"class_list":["post-18800","page","type-page","status-publish","has-post-thumbnail","hentry"],"acf":[],"yoast_head":"<!-- This site is optimized with the Yoast SEO Premium plugin v27.2 (Yoast SEO v27.3) - https:\/\/yoast.com\/product\/yoast-seo-premium-wordpress\/ -->\n<title>Pr\u00e9stamos para terrenos y solares - ICCU<\/title>\n<meta name=\"description\" content=\"Nuestros Pr\u00e9stamos para Terrenos y Solares ofrecen plazos de entre cinco y treinta a\u00f1os. Puedes obtener un pr\u00e9stamo para un terreno de hasta quince acres e incluso convertir este pr\u00e9stamo en un pr\u00e9stamo para la construcci\u00f3n. \u00a1Queremos ayudarte a conseguir el terreno perfecto para tu nuevo hogar!\" \/>\n<meta name=\"robots\" content=\"index, follow, max-snippet:-1, max-image-preview:large, max-video-preview:-1\" \/>\n<link rel=\"canonical\" href=\"https:\/\/www.iccu.com\/es\/loans\/home-loans\/land-lot-loans\/\" \/>\n<meta property=\"og:locale\" content=\"es_ES\" \/>\n<meta property=\"og:type\" content=\"article\" \/>\n<meta property=\"og:title\" content=\"Pr\u00e9stamos para terrenos y solares\" \/>\n<meta property=\"og:description\" content=\"Nuestros Pr\u00e9stamos para Terrenos y Solares ofrecen plazos de entre cinco y treinta a\u00f1os. Puedes obtener un pr\u00e9stamo para un terreno de hasta quince acres e incluso convertir este pr\u00e9stamo en un pr\u00e9stamo para la construcci\u00f3n. \u00a1Queremos ayudarte a conseguir el terreno perfecto para tu nuevo hogar!\" \/>\n<meta property=\"og:url\" content=\"https:\/\/www.iccu.com\/es\/loans\/home-loans\/land-lot-loans\/\" \/>\n<meta property=\"og:site_name\" content=\"ICCU\" \/>\n<meta property=\"article:publisher\" content=\"https:\/\/www.facebook.com\/IdahoCentralCreditUnion\" \/>\n<meta property=\"article:modified_time\" content=\"2026-03-10T16:43:39+00:00\" \/>\n<meta property=\"og:image\" content=\"https:\/\/www.iccu.com\/wp-content\/uploads\/2022\/12\/Land_Hero.webp\" \/>\n\t<meta property=\"og:image:width\" content=\"390\" \/>\n\t<meta property=\"og:image:height\" content=\"293\" \/>\n\t<meta property=\"og:image:type\" content=\"image\/webp\" \/>\n<meta name=\"twitter:card\" content=\"summary_large_image\" \/>\n<meta name=\"twitter:site\" content=\"@Idaho_Central\" \/>\n<meta name=\"twitter:label1\" content=\"Tiempo de lectura\" \/>\n\t<meta name=\"twitter:data1\" content=\"3 minutos\" \/>\n<script type=\"application\/ld+json\" class=\"yoast-schema-graph\">{\"@context\":\"https:\\\/\\\/schema.org\",\"@graph\":[{\"@type\":\"WebPage\",\"@id\":\"https:\\\/\\\/www.iccu.com\\\/es\\\/loans\\\/home-loans\\\/land-lot-loans\\\/\",\"url\":\"https:\\\/\\\/www.iccu.com\\\/es\\\/loans\\\/home-loans\\\/land-lot-loans\\\/\",\"name\":\"Pr\u00e9stamos para terrenos y solares - ICCU\",\"isPartOf\":{\"@id\":\"https:\\\/\\\/www.iccu.com\\\/es\\\/#website\"},\"primaryImageOfPage\":{\"@id\":\"https:\\\/\\\/www.iccu.com\\\/es\\\/loans\\\/home-loans\\\/land-lot-loans\\\/#primaryimage\"},\"image\":{\"@id\":\"https:\\\/\\\/www.iccu.com\\\/es\\\/loans\\\/home-loans\\\/land-lot-loans\\\/#primaryimage\"},\"thumbnailUrl\":\"https:\\\/\\\/www.iccu.com\\\/wp-content\\\/uploads\\\/2022\\\/12\\\/Land_Hero.webp\",\"datePublished\":\"2022-09-26T19:14:22+00:00\",\"dateModified\":\"2026-03-10T16:43:39+00:00\",\"description\":\"Nuestros Pr\u00e9stamos para Terrenos y Solares ofrecen plazos de entre cinco y treinta a\u00f1os. Puedes obtener un pr\u00e9stamo para un terreno de hasta quince acres e incluso convertir este pr\u00e9stamo en un pr\u00e9stamo para la construcci\u00f3n. \u00a1Queremos ayudarte a conseguir el terreno perfecto para tu nuevo hogar!\",\"breadcrumb\":{\"@id\":\"https:\\\/\\\/www.iccu.com\\\/es\\\/loans\\\/home-loans\\\/land-lot-loans\\\/#breadcrumb\"},\"inLanguage\":\"es\",\"potentialAction\":[{\"@type\":\"ReadAction\",\"target\":[\"https:\\\/\\\/www.iccu.com\\\/es\\\/loans\\\/home-loans\\\/land-lot-loans\\\/\"]}]},{\"@type\":\"ImageObject\",\"inLanguage\":\"es\",\"@id\":\"https:\\\/\\\/www.iccu.com\\\/es\\\/loans\\\/home-loans\\\/land-lot-loans\\\/#primaryimage\",\"url\":\"https:\\\/\\\/www.iccu.com\\\/wp-content\\\/uploads\\\/2022\\\/12\\\/Land_Hero.webp\",\"contentUrl\":\"https:\\\/\\\/www.iccu.com\\\/wp-content\\\/uploads\\\/2022\\\/12\\\/Land_Hero.webp\",\"width\":390,\"height\":293},{\"@type\":\"BreadcrumbList\",\"@id\":\"https:\\\/\\\/www.iccu.com\\\/es\\\/loans\\\/home-loans\\\/land-lot-loans\\\/#breadcrumb\",\"itemListElement\":[{\"@type\":\"ListItem\",\"position\":1,\"name\":\"Home\",\"item\":\"https:\\\/\\\/www.iccu.com\\\/es\\\/\"},{\"@type\":\"ListItem\",\"position\":2,\"name\":\"Pr\u00e9stamos\",\"item\":\"https:\\\/\\\/www.iccu.com\\\/es\\\/loans\\\/\"},{\"@type\":\"ListItem\",\"position\":3,\"name\":\"Hipotecas y pr\u00e9stamos vivienda\",\"item\":\"https:\\\/\\\/www.iccu.com\\\/es\\\/loans\\\/home-loans\\\/\"},{\"@type\":\"ListItem\",\"position\":4,\"name\":\"Pr\u00e9stamos para terrenos y solares\"}]},{\"@type\":\"WebSite\",\"@id\":\"https:\\\/\\\/www.iccu.com\\\/es\\\/#website\",\"url\":\"https:\\\/\\\/www.iccu.com\\\/es\\\/\",\"name\":\"ICCU\",\"description\":\"Looking after your daily balance.\",\"publisher\":{\"@id\":\"https:\\\/\\\/www.iccu.com\\\/es\\\/#organization\"},\"alternateName\":\"ICCU\",\"potentialAction\":[{\"@type\":\"SearchAction\",\"target\":{\"@type\":\"EntryPoint\",\"urlTemplate\":\"https:\\\/\\\/www.iccu.com\\\/es\\\/?s={search_term_string}\"},\"query-input\":{\"@type\":\"PropertyValueSpecification\",\"valueRequired\":true,\"valueName\":\"search_term_string\"}}],\"inLanguage\":\"es\"},{\"@type\":\"Organization\",\"@id\":\"https:\\\/\\\/www.iccu.com\\\/es\\\/#organization\",\"name\":\"ICCU\",\"url\":\"https:\\\/\\\/www.iccu.com\\\/es\\\/\",\"logo\":{\"@type\":\"ImageObject\",\"inLanguage\":\"es\",\"@id\":\"https:\\\/\\\/www.iccu.com\\\/es\\\/#\\\/schema\\\/logo\\\/image\\\/\",\"url\":\"https:\\\/\\\/www.iccu.com\\\/wp-content\\\/uploads\\\/2025\\\/03\\\/ICCU-logo-2color_696x696.png\",\"contentUrl\":\"https:\\\/\\\/www.iccu.com\\\/wp-content\\\/uploads\\\/2025\\\/03\\\/ICCU-logo-2color_696x696.png\",\"width\":696,\"height\":696,\"caption\":\"ICCU\"},\"image\":{\"@id\":\"https:\\\/\\\/www.iccu.com\\\/es\\\/#\\\/schema\\\/logo\\\/image\\\/\"},\"sameAs\":[\"https:\\\/\\\/www.facebook.com\\\/IdahoCentralCreditUnion\",\"https:\\\/\\\/x.com\\\/Idaho_Central\",\"https:\\\/\\\/www.youtube.com\\\/idahocentralcu\",\"https:\\\/\\\/www.linkedin.com\\\/company\\\/idahocentralcreditunion\\\/\",\"https:\\\/\\\/www.instagram.com\\\/idahocentralcu\\\/\"],\"description\":\"ICCU is a state-chartered credit union in the western United States, headquartered in Chubbuck, Idaho. Whether you\u2019re banking in the branch or banking on the go, ICCU is looking after your daily balance. Get great rates on auto and home loans. Check out our Visa Rewards Cards. Discover more perks with Central Plus Checking. Bank your way with drive-thru, ATM, live video chat, mobile banking. Open Saturdays. We also offer investment, insurance, and business solutions. As a member of ICCU, you\u2019ll have a financial leader that\u2019s helping you achieve financial success. Routing Number: 324173626. NMLS ID: 433926.\",\"email\":\"memberservice@iccu.com\",\"telephone\":\"(800) 456-5067\",\"foundingDate\":\"1940-06-28\",\"taxID\":\"82-0217065\",\"duns\":\"108135278\",\"numberOfEmployees\":{\"@type\":\"QuantitativeValue\",\"minValue\":\"1001\",\"maxValue\":\"5000\"}}]}<\/script>\n<!-- \/ Yoast SEO Premium plugin. -->","yoast_head_json":{"title":"Pr\u00e9stamos para terrenos y solares - ICCU","description":"Nuestros Pr\u00e9stamos para Terrenos y Solares ofrecen plazos de entre cinco y treinta a\u00f1os. Puedes obtener un pr\u00e9stamo para un terreno de hasta quince acres e incluso convertir este pr\u00e9stamo en un pr\u00e9stamo para la construcci\u00f3n. \u00a1Queremos ayudarte a conseguir el terreno perfecto para tu nuevo hogar!","robots":{"index":"index","follow":"follow","max-snippet":"max-snippet:-1","max-image-preview":"max-image-preview:large","max-video-preview":"max-video-preview:-1"},"canonical":"https:\/\/www.iccu.com\/es\/loans\/home-loans\/land-lot-loans\/","og_locale":"es_ES","og_type":"article","og_title":"Pr\u00e9stamos para terrenos y solares","og_description":"Nuestros Pr\u00e9stamos para Terrenos y Solares ofrecen plazos de entre cinco y treinta a\u00f1os. Puedes obtener un pr\u00e9stamo para un terreno de hasta quince acres e incluso convertir este pr\u00e9stamo en un pr\u00e9stamo para la construcci\u00f3n. \u00a1Queremos ayudarte a conseguir el terreno perfecto para tu nuevo hogar!","og_url":"https:\/\/www.iccu.com\/es\/loans\/home-loans\/land-lot-loans\/","og_site_name":"ICCU","article_publisher":"https:\/\/www.facebook.com\/IdahoCentralCreditUnion","article_modified_time":"2026-03-10T16:43:39+00:00","og_image":[{"width":390,"height":293,"url":"https:\/\/www.iccu.com\/wp-content\/uploads\/2022\/12\/Land_Hero.webp","type":"image\/webp"}],"twitter_card":"summary_large_image","twitter_site":"@Idaho_Central","twitter_misc":{"Tiempo de lectura":"3 minutos"},"schema":{"@context":"https:\/\/schema.org","@graph":[{"@type":"WebPage","@id":"https:\/\/www.iccu.com\/es\/loans\/home-loans\/land-lot-loans\/","url":"https:\/\/www.iccu.com\/es\/loans\/home-loans\/land-lot-loans\/","name":"Pr\u00e9stamos para terrenos y solares - ICCU","isPartOf":{"@id":"https:\/\/www.iccu.com\/es\/#website"},"primaryImageOfPage":{"@id":"https:\/\/www.iccu.com\/es\/loans\/home-loans\/land-lot-loans\/#primaryimage"},"image":{"@id":"https:\/\/www.iccu.com\/es\/loans\/home-loans\/land-lot-loans\/#primaryimage"},"thumbnailUrl":"https:\/\/www.iccu.com\/wp-content\/uploads\/2022\/12\/Land_Hero.webp","datePublished":"2022-09-26T19:14:22+00:00","dateModified":"2026-03-10T16:43:39+00:00","description":"Nuestros Pr\u00e9stamos para Terrenos y Solares ofrecen plazos de entre cinco y treinta a\u00f1os. Puedes obtener un pr\u00e9stamo para un terreno de hasta quince acres e incluso convertir este pr\u00e9stamo en un pr\u00e9stamo para la construcci\u00f3n. \u00a1Queremos ayudarte a conseguir el terreno perfecto para tu nuevo hogar!","breadcrumb":{"@id":"https:\/\/www.iccu.com\/es\/loans\/home-loans\/land-lot-loans\/#breadcrumb"},"inLanguage":"es","potentialAction":[{"@type":"ReadAction","target":["https:\/\/www.iccu.com\/es\/loans\/home-loans\/land-lot-loans\/"]}]},{"@type":"ImageObject","inLanguage":"es","@id":"https:\/\/www.iccu.com\/es\/loans\/home-loans\/land-lot-loans\/#primaryimage","url":"https:\/\/www.iccu.com\/wp-content\/uploads\/2022\/12\/Land_Hero.webp","contentUrl":"https:\/\/www.iccu.com\/wp-content\/uploads\/2022\/12\/Land_Hero.webp","width":390,"height":293},{"@type":"BreadcrumbList","@id":"https:\/\/www.iccu.com\/es\/loans\/home-loans\/land-lot-loans\/#breadcrumb","itemListElement":[{"@type":"ListItem","position":1,"name":"Home","item":"https:\/\/www.iccu.com\/es\/"},{"@type":"ListItem","position":2,"name":"Pr\u00e9stamos","item":"https:\/\/www.iccu.com\/es\/loans\/"},{"@type":"ListItem","position":3,"name":"Hipotecas y pr\u00e9stamos vivienda","item":"https:\/\/www.iccu.com\/es\/loans\/home-loans\/"},{"@type":"ListItem","position":4,"name":"Pr\u00e9stamos para terrenos y solares"}]},{"@type":"WebSite","@id":"https:\/\/www.iccu.com\/es\/#website","url":"https:\/\/www.iccu.com\/es\/","name":"ICCU","description":"Looking after your daily balance.","publisher":{"@id":"https:\/\/www.iccu.com\/es\/#organization"},"alternateName":"ICCU","potentialAction":[{"@type":"SearchAction","target":{"@type":"EntryPoint","urlTemplate":"https:\/\/www.iccu.com\/es\/?s={search_term_string}"},"query-input":{"@type":"PropertyValueSpecification","valueRequired":true,"valueName":"search_term_string"}}],"inLanguage":"es"},{"@type":"Organization","@id":"https:\/\/www.iccu.com\/es\/#organization","name":"ICCU","url":"https:\/\/www.iccu.com\/es\/","logo":{"@type":"ImageObject","inLanguage":"es","@id":"https:\/\/www.iccu.com\/es\/#\/schema\/logo\/image\/","url":"https:\/\/www.iccu.com\/wp-content\/uploads\/2025\/03\/ICCU-logo-2color_696x696.png","contentUrl":"https:\/\/www.iccu.com\/wp-content\/uploads\/2025\/03\/ICCU-logo-2color_696x696.png","width":696,"height":696,"caption":"ICCU"},"image":{"@id":"https:\/\/www.iccu.com\/es\/#\/schema\/logo\/image\/"},"sameAs":["https:\/\/www.facebook.com\/IdahoCentralCreditUnion","https:\/\/x.com\/Idaho_Central","https:\/\/www.youtube.com\/idahocentralcu","https:\/\/www.linkedin.com\/company\/idahocentralcreditunion\/","https:\/\/www.instagram.com\/idahocentralcu\/"],"description":"ICCU is a state-chartered credit union in the western United States, headquartered in Chubbuck, Idaho. Whether you\u2019re banking in the branch or banking on the go, ICCU is looking after your daily balance. Get great rates on auto and home loans. Check out our Visa Rewards Cards. Discover more perks with Central Plus Checking. Bank your way with drive-thru, ATM, live video chat, mobile banking. Open Saturdays. We also offer investment, insurance, and business solutions. As a member of ICCU, you\u2019ll have a financial leader that\u2019s helping you achieve financial success. Routing Number: 324173626. NMLS ID: 433926.","email":"memberservice@iccu.com","telephone":"(800) 456-5067","foundingDate":"1940-06-28","taxID":"82-0217065","duns":"108135278","numberOfEmployees":{"@type":"QuantitativeValue","minValue":"1001","maxValue":"5000"}}]}},"_links":{"self":[{"href":"https:\/\/www.iccu.com\/es\/wp-json\/wp\/v2\/pages\/18800","targetHints":{"allow":["GET"]}}],"collection":[{"href":"https:\/\/www.iccu.com\/es\/wp-json\/wp\/v2\/pages"}],"about":[{"href":"https:\/\/www.iccu.com\/es\/wp-json\/wp\/v2\/types\/page"}],"author":[{"embeddable":true,"href":"https:\/\/www.iccu.com\/es\/wp-json\/wp\/v2\/users\/1"}],"replies":[{"embeddable":true,"href":"https:\/\/www.iccu.com\/es\/wp-json\/wp\/v2\/comments?post=18800"}],"version-history":[{"count":10,"href":"https:\/\/www.iccu.com\/es\/wp-json\/wp\/v2\/pages\/18800\/revisions"}],"predecessor-version":[{"id":34525,"href":"https:\/\/www.iccu.com\/es\/wp-json\/wp\/v2\/pages\/18800\/revisions\/34525"}],"up":[{"embeddable":true,"href":"https:\/\/www.iccu.com\/es\/wp-json\/wp\/v2\/pages\/18746"}],"wp:featuredmedia":[{"embeddable":true,"href":"https:\/\/www.iccu.com\/es\/wp-json\/wp\/v2\/media\/17013"}],"wp:attachment":[{"href":"https:\/\/www.iccu.com\/es\/wp-json\/wp\/v2\/media?parent=18800"}],"curies":[{"name":"wp","href":"https:\/\/api.w.org\/{rel}","templated":true}]}}