{"id":18801,"date":"2023-02-14T10:44:22","date_gmt":"2023-02-14T17:44:22","guid":{"rendered":"https:\/\/www.iccu.com\/loans\/home-loans\/construyelo-buy-it-better-it\/"},"modified":"2025-03-24T10:41:23","modified_gmt":"2025-03-24T16:41:23","slug":"build-it-buy-it-better-it","status":"publish","type":"page","link":"https:\/\/www.iccu.com\/es\/loans\/home-loans\/build-it-buy-it-better-it\/","title":{"rendered":"Constr\u00fayelo. Comprarlo. <br>Mejorarlo."},"content":{"rendered":"\n<div class=\"wp-block-group alignfull has-light-gray-background-color has-background\"><div class=\"wp-block-group__inner-container is-layout-flow wp-block-group-is-layout-flow\">\n<div class=\"wp-block-columns alignwide is-layout-flex wp-container-core-columns-is-layout-9d6595d7 wp-block-columns-is-layout-flex\">\n<div class=\"wp-block-column is-layout-flow wp-block-column-is-layout-flow\">\n<h2 class=\"wp-block-heading alignfull has-green-color has-text-color\" id=\"h-prestamos-para-la-construccion-disenados-para-ti\">Pr\u00e9stamos para la construcci\u00f3n dise\u00f1ados para ti<\/h2>\n<\/div>\n<\/div>\n\n\n\n<div class=\"wp-block-columns alignwide is-layout-flex wp-container-core-columns-is-layout-9d6595d7 wp-block-columns-is-layout-flex\">\n<div class=\"wp-block-column is-layout-flow wp-block-column-is-layout-flow\" style=\"flex-basis:50%\">\n<p>Construye la casa de tus sue\u00f1os con un Pr\u00e9stamo para la Construcci\u00f3n de ICCU.<\/p>\n\n\n\n<ul class=\"wp-block-list is-style-checkmarks\">\n<li>Opciones de cierre \u00fanico y doble para los pr\u00e9stamos<\/li>\n\n\n\n<li>Opciones de Pr\u00e9stamo Jumbo disponibles para importes mayores<\/li>\n\n\n\n<li>Bloquea tu tasa de inter\u00e9s por adelantado<\/li>\n\n\n\n<li>Pagos s\u00f3lo de intereses durante la construcci\u00f3n<\/li>\n\n\n\n<li>Tiempos de construcci\u00f3n flexibles<\/li>\n\n\n\n<li>Opciones de tasa fija disponibles<\/li>\n<\/ul>\n\n\n\n<div id=\"block_c71575125f1884606190c8df7527fa82\" class=\"js-button-group is-vertical justify-left \">\n  \n\n<button id=\"block_a17a514365dc70948b6dbde8ca7c36fa\" class=\"js-button is-style-primary-small\" onclick=oao.open('%\/blend','MTG-MCON')>Solicitar ahora<\/button>\n\n\n\n<\/div>\n\n\n\n\n\n\n<p class=\"has-xs-font-size\">Este formulario solo est\u00e1 disponible en ingl\u00e9s. Para asistencia en espa\u00f1ol, por favor cont\u00e1ctenos.<\/p>\n<\/div>\n\n\n\n<div class=\"wp-block-column is-layout-flow wp-block-column-is-layout-flow\" style=\"flex-basis:50%\">\n<figure class=\"wp-block-image size-full\"><img loading=\"lazy\" decoding=\"async\" width=\"410\" height=\"313\" src=\"https:\/\/www.iccu.com\/wp-content\/uploads\/2023\/02\/Build-It-Buy-It-Better-It_Construction-1.webp\" alt=\"\" class=\"wp-image-6256\"\/><\/figure>\n<\/div>\n<\/div>\n<\/div><\/div>\n\n\n\n<div class=\"wp-block-group alignfull\"><div class=\"wp-block-group__inner-container is-layout-flow wp-block-group-is-layout-flow\">\n<div class=\"wp-block-columns alignwide is-layout-flex wp-container-core-columns-is-layout-9d6595d7 wp-block-columns-is-layout-flex\">\n<div class=\"wp-block-column is-layout-flow wp-block-column-is-layout-flow\">\n<h2 class=\"wp-block-heading alignfull\" id=\"h-prestamos-vivienda-faciles\">Pr\u00e9stamos vivienda f\u00e1ciles<\/h2>\n<\/div>\n<\/div>\n\n\n\n<div class=\"wp-block-columns alignwide is-layout-flex wp-container-core-columns-is-layout-9d6595d7 wp-block-columns-is-layout-flex\">\n<div class=\"wp-block-column is-layout-flow wp-block-column-is-layout-flow\" style=\"flex-basis:50%\">\n<figure class=\"wp-block-image size-full\"><img loading=\"lazy\" decoding=\"async\" width=\"410\" height=\"313\" src=\"https:\/\/www.iccu.com\/wp-content\/uploads\/2023\/02\/Build-It-Buy-It-Better-It_Loan.webp\" alt=\"\" class=\"wp-image-6208\"\/><\/figure>\n<\/div>\n\n\n\n<div class=\"wp-block-column is-layout-flow wp-block-column-is-layout-flow\" style=\"flex-basis:50%\">\n<p>La compra de una vivienda no tiene por qu\u00e9 ser dif\u00edcil. Estamos aqu\u00ed para ayudarte a conseguir la casa que deseas.<\/p>\n\n\n\n<ul class=\"wp-block-list is-style-checkmarks\">\n<li>Suscripci\u00f3n y tramitaci\u00f3n locales<\/li>\n\n\n\n<li>Comisiones bajas para que ahorres dinero<\/li>\n\n\n\n<li>Opciones de bloqueo de tasas ampliadas disponibles de 60 a 365 d\u00edas<\/li>\n\n\n\n<li>ICCU ofrece diversas opciones de financiaci\u00f3n y refinanciaci\u00f3n de inversiones<\/li>\n\n\n\n<li>Prestamista hipotecario n\u00ba 1 de Idaho seg\u00fan datos del condado de Idaho de 2024<\/li>\n<\/ul>\n\n\n\n<div id=\"block_c71575125f1884606190c8df7527fa82\" class=\"js-button-group is-vertical justify-left \">\n  \n\n<button id=\"block_e5a0be700703819bfad5ca88b9c6e9af\" class=\"js-button is-style-primary-small\" onclick=oao.open('%\/blend','MTG-MTG')>Solicitar ahora<\/button>\n\n\n\n<\/div>\n\n\n\n\n\n\n<p class=\"has-xs-font-size\">Este formulario solo est\u00e1 disponible en ingl\u00e9s. Para asistencia en espa\u00f1ol, por favor cont\u00e1ctenos.<\/p>\n<\/div>\n<\/div>\n<\/div><\/div>\n\n\n\n<div class=\"wp-block-group alignfull has-light-gray-background-color has-background\"><div class=\"wp-block-group__inner-container is-layout-flow wp-block-group-is-layout-flow\">\n<div class=\"wp-block-columns alignwide is-layout-flex wp-container-core-columns-is-layout-9d6595d7 wp-block-columns-is-layout-flex\">\n<div class=\"wp-block-column is-layout-flow wp-block-column-is-layout-flow\">\n<h2 class=\"wp-block-heading alignfull has-green-color has-text-color\" id=\"h-linea-de-credito-hipotecario\">L\u00ednea de cr\u00e9dito hipotecario<\/h2>\n\n\n\n<p>\u00bfSab\u00edas que puedes aprovechar el patrimonio neto de tu vivienda para cosas como mejoras en el hogar, consolidaci\u00f3n de deudas, vacaciones, emergencias y mucho m\u00e1s? Las opciones son infinitas con el \u00faltimo pr\u00e9stamo que necesitar\u00e1s.<\/p>\n<\/div>\n<\/div>\n\n\n\n<div class=\"wp-block-columns alignwide is-layout-flex wp-container-core-columns-is-layout-9d6595d7 wp-block-columns-is-layout-flex\">\n<div class=\"wp-block-column is-layout-flow wp-block-column-is-layout-flow\" style=\"flex-basis:50%\">\n<h3 class=\"wp-block-heading\" id=\"h-linea-de-credito-hipotecario-2\u00aa-hipoteca\">L\u00ednea de cr\u00e9dito hipotecario (2\u00aa hipoteca)<\/h3>\n\n\n\n<ul class=\"wp-block-list is-style-checkmarks\">\n<li>Pr\u00e9stamo a tanto alzado<\/li>\n\n\n\n<li>Puedes pedir prestado hasta el 80% LTV<\/li>\n\n\n\n<li>Plazo fijo hasta 15 a\u00f1os a una tasa fija<\/li>\n\n\n\n<li>Fija el pago mensual<\/li>\n<\/ul>\n\n\n\n<button id=\"block_d570ce62cbf8684f6d2bc6b0cc0f98c2\" class=\"js-button is-style-primary-small\" onclick=oao.open('%\/blend','CNS-HERC')>Solicitar ahora<\/button>\n\n\n\n\n<p class=\"has-xs-font-size\">Este formulario solo est\u00e1 disponible en ingl\u00e9s. Para asistencia en espa\u00f1ol, por favor cont\u00e1ctenos.<\/p>\n\n\n\n<div id=\"block_c71575125f1884606190c8df7527fa82\" class=\"js-button-group is-vertical justify-left \">\n  \n<\/div>\n\n\n\n<\/div>\n\n\n\n<div class=\"wp-block-column is-layout-flow wp-block-column-is-layout-flow\" style=\"flex-basis:50%\">\n<h3 class=\"wp-block-heading\" id=\"h-linea-de-credito-hipotecario-heloc\">L\u00ednea de cr\u00e9dito hipotecario (HELOC)<\/h3>\n\n\n\n<ul class=\"wp-block-list is-style-checkmarks\">\n<li>Tasa variable baja. <a href=\"https:\/\/www.iccu.com\/es\/rates\/\">Consulta las tasas actuales<\/a>.<\/li>\n\n\n\n<li>Pagos s\u00f3lo de intereses.<\/li>\n\n\n\n<li>F\u00e1cil acceso a los fondos con una tarjeta Visa.<\/li>\n\n\n\n<li>L\u00ednea de cr\u00e9dito a diez a\u00f1os.<\/li>\n<\/ul>\n\n\n\n<button id=\"block_dc87b85f7eed8f794e57b1fe2afb604d\" class=\"js-button is-style-primary-small\" onclick=oao.open('CNS-HEIO','newhelocloan')>Solicitar ahora<\/button>\n\n\n\n\n<p class=\"has-xs-font-size\">Este formulario solo est\u00e1 disponible en ingl\u00e9s. Para asistencia en espa\u00f1ol, por favor cont\u00e1ctenos.<\/p>\n<\/div>\n<\/div>\n<\/div><\/div>\n\n\n\n<p><\/p>\n","protected":false},"excerpt":{"rendered":"<p>Pr\u00e9stamos para la construcci\u00f3n dise\u00f1ados para ti Construye la casa de tus sue\u00f1os con un Pr\u00e9stamo para la Construcci\u00f3n de [&hellip;]<\/p>\n","protected":false},"author":5,"featured_media":17384,"parent":18746,"menu_order":0,"comment_status":"closed","ping_status":"closed","template":"product-detail-page.php","meta":{"_acf_changed":false,"_searchwp_excluded":"","footnotes":""},"class_list":["post-18801","page","type-page","status-publish","has-post-thumbnail","hentry"],"acf":[],"yoast_head":"<!-- This site is optimized with the Yoast SEO Premium plugin v27.2 (Yoast SEO v27.3) - https:\/\/yoast.com\/product\/yoast-seo-premium-wordpress\/ -->\n<title>Constr\u00fayelo. Comprarlo. Mejorarlo. - ICCU<\/title>\n<meta name=\"robots\" content=\"index, follow, max-snippet:-1, max-image-preview:large, max-video-preview:-1\" \/>\n<link rel=\"canonical\" href=\"https:\/\/www.iccu.com\/es\/loans\/home-loans\/build-it-buy-it-better-it\/\" \/>\n<meta property=\"og:locale\" content=\"es_ES\" \/>\n<meta property=\"og:type\" content=\"article\" \/>\n<meta property=\"og:title\" content=\"Constr\u00fayelo. Comprarlo. Mejorarlo.\" \/>\n<meta property=\"og:description\" content=\"Pr\u00e9stamos para la construcci\u00f3n dise\u00f1ados para ti Construye la casa de tus sue\u00f1os con un Pr\u00e9stamo para la Construcci\u00f3n de [&hellip;]\" \/>\n<meta property=\"og:url\" content=\"https:\/\/www.iccu.com\/es\/loans\/home-loans\/build-it-buy-it-better-it\/\" \/>\n<meta property=\"og:site_name\" content=\"ICCU\" \/>\n<meta property=\"article:publisher\" content=\"https:\/\/www.facebook.com\/IdahoCentralCreditUnion\" \/>\n<meta property=\"article:modified_time\" content=\"2025-03-24T16:41:23+00:00\" \/>\n<meta property=\"og:image\" content=\"https:\/\/www.iccu.com\/wp-content\/uploads\/2023\/03\/Build-It-Buy-It-Better-It_Hero.webp\" \/>\n\t<meta property=\"og:image:width\" content=\"390\" \/>\n\t<meta property=\"og:image:height\" content=\"293\" \/>\n\t<meta property=\"og:image:type\" content=\"image\/webp\" \/>\n<meta name=\"twitter:card\" content=\"summary_large_image\" \/>\n<meta name=\"twitter:site\" content=\"@Idaho_Central\" \/>\n<meta name=\"twitter:label1\" content=\"Tiempo de lectura\" \/>\n\t<meta name=\"twitter:data1\" content=\"3 minutos\" \/>\n<script type=\"application\/ld+json\" class=\"yoast-schema-graph\">{\"@context\":\"https:\\\/\\\/schema.org\",\"@graph\":[{\"@type\":\"WebPage\",\"@id\":\"https:\\\/\\\/www.iccu.com\\\/es\\\/loans\\\/home-loans\\\/build-it-buy-it-better-it\\\/\",\"url\":\"https:\\\/\\\/www.iccu.com\\\/es\\\/loans\\\/home-loans\\\/build-it-buy-it-better-it\\\/\",\"name\":\"Constr\u00fayelo. Comprarlo. Mejorarlo. - ICCU\",\"isPartOf\":{\"@id\":\"https:\\\/\\\/www.iccu.com\\\/es\\\/#website\"},\"primaryImageOfPage\":{\"@id\":\"https:\\\/\\\/www.iccu.com\\\/es\\\/loans\\\/home-loans\\\/build-it-buy-it-better-it\\\/#primaryimage\"},\"image\":{\"@id\":\"https:\\\/\\\/www.iccu.com\\\/es\\\/loans\\\/home-loans\\\/build-it-buy-it-better-it\\\/#primaryimage\"},\"thumbnailUrl\":\"https:\\\/\\\/www.iccu.com\\\/wp-content\\\/uploads\\\/2023\\\/03\\\/Build-It-Buy-It-Better-It_Hero.webp\",\"datePublished\":\"2023-02-14T17:44:22+00:00\",\"dateModified\":\"2025-03-24T16:41:23+00:00\",\"breadcrumb\":{\"@id\":\"https:\\\/\\\/www.iccu.com\\\/es\\\/loans\\\/home-loans\\\/build-it-buy-it-better-it\\\/#breadcrumb\"},\"inLanguage\":\"es\",\"potentialAction\":[{\"@type\":\"ReadAction\",\"target\":[\"https:\\\/\\\/www.iccu.com\\\/es\\\/loans\\\/home-loans\\\/build-it-buy-it-better-it\\\/\"]}]},{\"@type\":\"ImageObject\",\"inLanguage\":\"es\",\"@id\":\"https:\\\/\\\/www.iccu.com\\\/es\\\/loans\\\/home-loans\\\/build-it-buy-it-better-it\\\/#primaryimage\",\"url\":\"https:\\\/\\\/www.iccu.com\\\/wp-content\\\/uploads\\\/2023\\\/03\\\/Build-It-Buy-It-Better-It_Hero.webp\",\"contentUrl\":\"https:\\\/\\\/www.iccu.com\\\/wp-content\\\/uploads\\\/2023\\\/03\\\/Build-It-Buy-It-Better-It_Hero.webp\",\"width\":390,\"height\":293},{\"@type\":\"BreadcrumbList\",\"@id\":\"https:\\\/\\\/www.iccu.com\\\/es\\\/loans\\\/home-loans\\\/build-it-buy-it-better-it\\\/#breadcrumb\",\"itemListElement\":[{\"@type\":\"ListItem\",\"position\":1,\"name\":\"Home\",\"item\":\"https:\\\/\\\/www.iccu.com\\\/es\\\/\"},{\"@type\":\"ListItem\",\"position\":2,\"name\":\"Pr\u00e9stamos\",\"item\":\"https:\\\/\\\/www.iccu.com\\\/es\\\/loans\\\/\"},{\"@type\":\"ListItem\",\"position\":3,\"name\":\"Hipotecas y pr\u00e9stamos vivienda\",\"item\":\"https:\\\/\\\/www.iccu.com\\\/es\\\/loans\\\/home-loans\\\/\"},{\"@type\":\"ListItem\",\"position\":4,\"name\":\"Constr\u00fayelo. Comprarlo. Mejorarlo.\"}]},{\"@type\":\"WebSite\",\"@id\":\"https:\\\/\\\/www.iccu.com\\\/es\\\/#website\",\"url\":\"https:\\\/\\\/www.iccu.com\\\/es\\\/\",\"name\":\"ICCU\",\"description\":\"Looking after your daily balance.\",\"publisher\":{\"@id\":\"https:\\\/\\\/www.iccu.com\\\/es\\\/#organization\"},\"alternateName\":\"ICCU\",\"potentialAction\":[{\"@type\":\"SearchAction\",\"target\":{\"@type\":\"EntryPoint\",\"urlTemplate\":\"https:\\\/\\\/www.iccu.com\\\/es\\\/?s={search_term_string}\"},\"query-input\":{\"@type\":\"PropertyValueSpecification\",\"valueRequired\":true,\"valueName\":\"search_term_string\"}}],\"inLanguage\":\"es\"},{\"@type\":\"Organization\",\"@id\":\"https:\\\/\\\/www.iccu.com\\\/es\\\/#organization\",\"name\":\"ICCU\",\"url\":\"https:\\\/\\\/www.iccu.com\\\/es\\\/\",\"logo\":{\"@type\":\"ImageObject\",\"inLanguage\":\"es\",\"@id\":\"https:\\\/\\\/www.iccu.com\\\/es\\\/#\\\/schema\\\/logo\\\/image\\\/\",\"url\":\"https:\\\/\\\/www.iccu.com\\\/wp-content\\\/uploads\\\/2025\\\/03\\\/ICCU-logo-2color_696x696.png\",\"contentUrl\":\"https:\\\/\\\/www.iccu.com\\\/wp-content\\\/uploads\\\/2025\\\/03\\\/ICCU-logo-2color_696x696.png\",\"width\":696,\"height\":696,\"caption\":\"ICCU\"},\"image\":{\"@id\":\"https:\\\/\\\/www.iccu.com\\\/es\\\/#\\\/schema\\\/logo\\\/image\\\/\"},\"sameAs\":[\"https:\\\/\\\/www.facebook.com\\\/IdahoCentralCreditUnion\",\"https:\\\/\\\/x.com\\\/Idaho_Central\",\"https:\\\/\\\/www.youtube.com\\\/idahocentralcu\",\"https:\\\/\\\/www.linkedin.com\\\/company\\\/idahocentralcreditunion\\\/\",\"https:\\\/\\\/www.instagram.com\\\/idahocentralcu\\\/\"],\"description\":\"ICCU is a state-chartered credit union in the western United States, headquartered in Chubbuck, Idaho. Whether you\u2019re banking in the branch or banking on the go, ICCU is looking after your daily balance. Get great rates on auto and home loans. Check out our Visa Rewards Cards. Discover more perks with Central Plus Checking. Bank your way with drive-thru, ATM, live video chat, mobile banking. Open Saturdays. We also offer investment, insurance, and business solutions. As a member of ICCU, you\u2019ll have a financial leader that\u2019s helping you achieve financial success. Routing Number: 324173626. NMLS ID: 433926.\",\"email\":\"memberservice@iccu.com\",\"telephone\":\"(800) 456-5067\",\"foundingDate\":\"1940-06-28\",\"taxID\":\"82-0217065\",\"duns\":\"108135278\",\"numberOfEmployees\":{\"@type\":\"QuantitativeValue\",\"minValue\":\"1001\",\"maxValue\":\"5000\"}}]}<\/script>\n<!-- \/ Yoast SEO Premium plugin. -->","yoast_head_json":{"title":"Constr\u00fayelo. Comprarlo. Mejorarlo. - ICCU","robots":{"index":"index","follow":"follow","max-snippet":"max-snippet:-1","max-image-preview":"max-image-preview:large","max-video-preview":"max-video-preview:-1"},"canonical":"https:\/\/www.iccu.com\/es\/loans\/home-loans\/build-it-buy-it-better-it\/","og_locale":"es_ES","og_type":"article","og_title":"Constr\u00fayelo. Comprarlo. Mejorarlo.","og_description":"Pr\u00e9stamos para la construcci\u00f3n dise\u00f1ados para ti Construye la casa de tus sue\u00f1os con un Pr\u00e9stamo para la Construcci\u00f3n de [&hellip;]","og_url":"https:\/\/www.iccu.com\/es\/loans\/home-loans\/build-it-buy-it-better-it\/","og_site_name":"ICCU","article_publisher":"https:\/\/www.facebook.com\/IdahoCentralCreditUnion","article_modified_time":"2025-03-24T16:41:23+00:00","og_image":[{"width":390,"height":293,"url":"https:\/\/www.iccu.com\/wp-content\/uploads\/2023\/03\/Build-It-Buy-It-Better-It_Hero.webp","type":"image\/webp"}],"twitter_card":"summary_large_image","twitter_site":"@Idaho_Central","twitter_misc":{"Tiempo de lectura":"3 minutos"},"schema":{"@context":"https:\/\/schema.org","@graph":[{"@type":"WebPage","@id":"https:\/\/www.iccu.com\/es\/loans\/home-loans\/build-it-buy-it-better-it\/","url":"https:\/\/www.iccu.com\/es\/loans\/home-loans\/build-it-buy-it-better-it\/","name":"Constr\u00fayelo. Comprarlo. Mejorarlo. - ICCU","isPartOf":{"@id":"https:\/\/www.iccu.com\/es\/#website"},"primaryImageOfPage":{"@id":"https:\/\/www.iccu.com\/es\/loans\/home-loans\/build-it-buy-it-better-it\/#primaryimage"},"image":{"@id":"https:\/\/www.iccu.com\/es\/loans\/home-loans\/build-it-buy-it-better-it\/#primaryimage"},"thumbnailUrl":"https:\/\/www.iccu.com\/wp-content\/uploads\/2023\/03\/Build-It-Buy-It-Better-It_Hero.webp","datePublished":"2023-02-14T17:44:22+00:00","dateModified":"2025-03-24T16:41:23+00:00","breadcrumb":{"@id":"https:\/\/www.iccu.com\/es\/loans\/home-loans\/build-it-buy-it-better-it\/#breadcrumb"},"inLanguage":"es","potentialAction":[{"@type":"ReadAction","target":["https:\/\/www.iccu.com\/es\/loans\/home-loans\/build-it-buy-it-better-it\/"]}]},{"@type":"ImageObject","inLanguage":"es","@id":"https:\/\/www.iccu.com\/es\/loans\/home-loans\/build-it-buy-it-better-it\/#primaryimage","url":"https:\/\/www.iccu.com\/wp-content\/uploads\/2023\/03\/Build-It-Buy-It-Better-It_Hero.webp","contentUrl":"https:\/\/www.iccu.com\/wp-content\/uploads\/2023\/03\/Build-It-Buy-It-Better-It_Hero.webp","width":390,"height":293},{"@type":"BreadcrumbList","@id":"https:\/\/www.iccu.com\/es\/loans\/home-loans\/build-it-buy-it-better-it\/#breadcrumb","itemListElement":[{"@type":"ListItem","position":1,"name":"Home","item":"https:\/\/www.iccu.com\/es\/"},{"@type":"ListItem","position":2,"name":"Pr\u00e9stamos","item":"https:\/\/www.iccu.com\/es\/loans\/"},{"@type":"ListItem","position":3,"name":"Hipotecas y pr\u00e9stamos vivienda","item":"https:\/\/www.iccu.com\/es\/loans\/home-loans\/"},{"@type":"ListItem","position":4,"name":"Constr\u00fayelo. Comprarlo. Mejorarlo."}]},{"@type":"WebSite","@id":"https:\/\/www.iccu.com\/es\/#website","url":"https:\/\/www.iccu.com\/es\/","name":"ICCU","description":"Looking after your daily balance.","publisher":{"@id":"https:\/\/www.iccu.com\/es\/#organization"},"alternateName":"ICCU","potentialAction":[{"@type":"SearchAction","target":{"@type":"EntryPoint","urlTemplate":"https:\/\/www.iccu.com\/es\/?s={search_term_string}"},"query-input":{"@type":"PropertyValueSpecification","valueRequired":true,"valueName":"search_term_string"}}],"inLanguage":"es"},{"@type":"Organization","@id":"https:\/\/www.iccu.com\/es\/#organization","name":"ICCU","url":"https:\/\/www.iccu.com\/es\/","logo":{"@type":"ImageObject","inLanguage":"es","@id":"https:\/\/www.iccu.com\/es\/#\/schema\/logo\/image\/","url":"https:\/\/www.iccu.com\/wp-content\/uploads\/2025\/03\/ICCU-logo-2color_696x696.png","contentUrl":"https:\/\/www.iccu.com\/wp-content\/uploads\/2025\/03\/ICCU-logo-2color_696x696.png","width":696,"height":696,"caption":"ICCU"},"image":{"@id":"https:\/\/www.iccu.com\/es\/#\/schema\/logo\/image\/"},"sameAs":["https:\/\/www.facebook.com\/IdahoCentralCreditUnion","https:\/\/x.com\/Idaho_Central","https:\/\/www.youtube.com\/idahocentralcu","https:\/\/www.linkedin.com\/company\/idahocentralcreditunion\/","https:\/\/www.instagram.com\/idahocentralcu\/"],"description":"ICCU is a state-chartered credit union in the western United States, headquartered in Chubbuck, Idaho. Whether you\u2019re banking in the branch or banking on the go, ICCU is looking after your daily balance. Get great rates on auto and home loans. Check out our Visa Rewards Cards. Discover more perks with Central Plus Checking. Bank your way with drive-thru, ATM, live video chat, mobile banking. Open Saturdays. We also offer investment, insurance, and business solutions. As a member of ICCU, you\u2019ll have a financial leader that\u2019s helping you achieve financial success. Routing Number: 324173626. NMLS ID: 433926.","email":"memberservice@iccu.com","telephone":"(800) 456-5067","foundingDate":"1940-06-28","taxID":"82-0217065","duns":"108135278","numberOfEmployees":{"@type":"QuantitativeValue","minValue":"1001","maxValue":"5000"}}]}},"_links":{"self":[{"href":"https:\/\/www.iccu.com\/es\/wp-json\/wp\/v2\/pages\/18801","targetHints":{"allow":["GET"]}}],"collection":[{"href":"https:\/\/www.iccu.com\/es\/wp-json\/wp\/v2\/pages"}],"about":[{"href":"https:\/\/www.iccu.com\/es\/wp-json\/wp\/v2\/types\/page"}],"author":[{"embeddable":true,"href":"https:\/\/www.iccu.com\/es\/wp-json\/wp\/v2\/users\/5"}],"replies":[{"embeddable":true,"href":"https:\/\/www.iccu.com\/es\/wp-json\/wp\/v2\/comments?post=18801"}],"version-history":[{"count":16,"href":"https:\/\/www.iccu.com\/es\/wp-json\/wp\/v2\/pages\/18801\/revisions"}],"predecessor-version":[{"id":21694,"href":"https:\/\/www.iccu.com\/es\/wp-json\/wp\/v2\/pages\/18801\/revisions\/21694"}],"up":[{"embeddable":true,"href":"https:\/\/www.iccu.com\/es\/wp-json\/wp\/v2\/pages\/18746"}],"wp:featuredmedia":[{"embeddable":true,"href":"https:\/\/www.iccu.com\/es\/wp-json\/wp\/v2\/media\/17384"}],"wp:attachment":[{"href":"https:\/\/www.iccu.com\/es\/wp-json\/wp\/v2\/media?parent=18801"}],"curies":[{"name":"wp","href":"https:\/\/api.w.org\/{rel}","templated":true}]}}