{"id":18821,"date":"2022-12-07T09:59:59","date_gmt":"2022-12-07T16:59:59","guid":{"rendered":"https:\/\/www.iccu.com\/loans\/home-loans\/mortgage-loan-officers\/tus-agentes-de-prestamos-hipotecarios-de-confianza-spokane\/"},"modified":"2024-09-09T15:30:31","modified_gmt":"2024-09-09T21:30:31","slug":"cbspokane","status":"publish","type":"page","link":"https:\/\/www.iccu.com\/es\/loans\/home-loans\/mortgage-loan-officers\/cbspokane\/","title":{"rendered":"Tus agentes de pr\u00e9stamos hipotecarios de confianza &#8211; Spokane"},"content":{"rendered":"\n<div class=\"wp-block-group alignfull has-light-gray-background-color has-background\"><div class=\"wp-block-group__inner-container is-layout-flow wp-block-group-is-layout-flow\">\n<div class=\"wp-block-columns alignwide is-layout-flex wp-container-core-columns-is-layout-9d6595d7 wp-block-columns-is-layout-flex\">\n<div class=\"wp-block-column is-layout-flow wp-block-column-is-layout-flow\">\n<div class=\"wp-block-columns is-layout-flex wp-container-core-columns-is-layout-9d6595d7 wp-block-columns-is-layout-flex\">\n<div class=\"wp-block-column is-layout-flow wp-block-column-is-layout-flow\">\n<p class=\"has-lg-font-size\">Estamos encantados de trabajar con los agentes inmobiliarios de confianza de Coldwell Banker Tomlinson para ayudarte a hacer realidad tu sue\u00f1o de ser propietario de una vivienda. Coldwell Banker Tomlinson puede ayudarte a encontrar la casa adecuada, \u00a1y Idaho Central puede ayudarte a encontrar el pr\u00e9stamo adecuado! Ponte en contacto con uno de nuestros agentes de pr\u00e9stamos hipotecarios locales para recibir orientaci\u00f3n personal sobre la financiaci\u00f3n de la casa de tus sue\u00f1os:<\/p>\n<\/div>\n<\/div>\n<\/div>\n<\/div>\n<\/div><\/div>\n<section id=\"block_b615e66973644d03c3bd2f3fb576685c\" class=\"o-meet-the-team \">\n    <div class=\"o-meet-the-team__inner\">\n                    <h2 class=\"o-meet-the-team__heading\">Conoce al equipo<\/h2>\n        \n                    <div class=\"o-meet-the-team__no-results\">\n                <p>No Mortgage Loan Officers found.<\/p>\n            <\/div>\n            <\/div>\n<\/section>\n\n<div class=\"wp-block-group alignfull has-light-gray-background-color has-background\"><div class=\"wp-block-group__inner-container is-layout-flow wp-block-group-is-layout-flow\">\n<div class=\"wp-block-columns alignwide is-layout-flex wp-container-core-columns-is-layout-9d6595d7 wp-block-columns-is-layout-flex\">\n<div class=\"wp-block-column is-layout-flow wp-block-column-is-layout-flow\">\n<p>O, si est\u00e1s listo para solicitarlo ahora, selecciona uno de nuestros MLO arriba para comenzar el proceso.<\/p>\n<\/div>\n<\/div>\n\n\n\n<div class=\"wp-block-columns alignwide is-layout-flex wp-container-core-columns-is-layout-9d6595d7 wp-block-columns-is-layout-flex\">\n<div class=\"wp-block-column is-layout-flow wp-block-column-is-layout-flow\">\n<h3 class=\"wp-block-heading has-black-color has-text-color has-lg-font-size\">\u00bfPor qu\u00e9 elegir un Pr\u00e9stamo Vivienda Idaho Central?<\/h3>\n\n\n\n<ul class=\"has-lg-font-size wp-block-list\">\n<li><strong>Suscripci\u00f3n local<\/strong>: conocemos el mercado de Idaho<\/li>\n\n\n\n<li><strong>Aprobaciones r\u00e1pidas<\/strong>: te ahorra tiempo<\/li>\n\n\n\n<li><strong>Comisiones bajas<\/strong>: te ahorra dinero<\/li>\n\n\n\n<li><strong>Servicio local disponible<\/strong> &#8211; muchas <a href=\"https:\/\/www.iccu.com\/locations\/\">ubicaciones<\/a> convenientes<\/li>\n\n\n\n<li><strong>Sin penalizaciones por pago anticipado<\/strong>: sin gastos adicionales por amortizar tu pr\u00e9stamo antes de tiempo<\/li>\n\n\n\n<li><strong>Cierres r\u00e1pidos<\/strong>: la mayor\u00eda de los pr\u00e9stamos se cierran en 30 d\u00edas<\/li>\n<\/ul>\n<\/div>\n\n\n\n<div class=\"wp-block-column is-layout-flow wp-block-column-is-layout-flow\">\n<figure class=\"wp-block-image size-full\"><img loading=\"lazy\" decoding=\"async\" width=\"390\" height=\"293\" src=\"https:\/\/www.iccu.com\/wp-content\/uploads\/2023\/03\/Services-Family-Page_Services3.webp\" alt=\"\" class=\"wp-image-9280\" srcset=\"https:\/\/www.iccu.com\/wp-content\/uploads\/2023\/03\/Services-Family-Page_Services3.webp 390w, https:\/\/www.iccu.com\/wp-content\/uploads\/2023\/03\/Services-Family-Page_Services3-285x214.webp 285w\" sizes=\"auto, (max-width: 390px) 100vw, 390px\" \/><\/figure>\n<\/div>\n<\/div>\n<\/div><\/div>\n","protected":false},"excerpt":{"rendered":"<p>Estamos encantados de trabajar con los agentes inmobiliarios de confianza de Coldwell Banker Tomlinson para ayudarte a hacer realidad tu [&hellip;]<\/p>\n","protected":false},"author":3,"featured_media":0,"parent":18804,"menu_order":0,"comment_status":"closed","ping_status":"closed","template":"","meta":{"_acf_changed":false,"_searchwp_excluded":"","footnotes":""},"class_list":["post-18821","page","type-page","status-publish","hentry"],"acf":[],"yoast_head":"<!-- This site is optimized with the Yoast SEO Premium plugin v27.2 (Yoast SEO v27.3) - https:\/\/yoast.com\/product\/yoast-seo-premium-wordpress\/ -->\n<title>Tus agentes de pr\u00e9stamos hipotecarios de confianza - Spokane - ICCU<\/title>\n<meta name=\"robots\" content=\"index, follow, max-snippet:-1, max-image-preview:large, max-video-preview:-1\" \/>\n<link rel=\"canonical\" href=\"https:\/\/www.iccu.com\/es\/loans\/home-loans\/mortgage-loan-officers\/cbspokane\/\" \/>\n<meta property=\"og:locale\" content=\"es_ES\" \/>\n<meta property=\"og:type\" content=\"article\" \/>\n<meta property=\"og:title\" content=\"Tus agentes de pr\u00e9stamos hipotecarios de confianza - Spokane\" \/>\n<meta property=\"og:description\" content=\"Estamos encantados de trabajar con los agentes inmobiliarios de confianza de Coldwell Banker Tomlinson para ayudarte a hacer realidad tu [&hellip;]\" \/>\n<meta property=\"og:url\" content=\"https:\/\/www.iccu.com\/es\/loans\/home-loans\/mortgage-loan-officers\/cbspokane\/\" \/>\n<meta property=\"og:site_name\" content=\"ICCU\" \/>\n<meta property=\"article:publisher\" content=\"https:\/\/www.facebook.com\/IdahoCentralCreditUnion\" \/>\n<meta property=\"article:modified_time\" content=\"2024-09-09T21:30:31+00:00\" \/>\n<meta property=\"og:image\" content=\"https:\/\/www.iccu.com\/wp-content\/uploads\/2023\/03\/Services-Family-Page_Services3.webp\" \/>\n<meta name=\"twitter:card\" content=\"summary_large_image\" \/>\n<meta name=\"twitter:site\" content=\"@Idaho_Central\" \/>\n<meta name=\"twitter:label1\" content=\"Tiempo de lectura\" \/>\n\t<meta name=\"twitter:data1\" content=\"1 minuto\" \/>\n<script type=\"application\/ld+json\" class=\"yoast-schema-graph\">{\"@context\":\"https:\\\/\\\/schema.org\",\"@graph\":[{\"@type\":\"WebPage\",\"@id\":\"https:\\\/\\\/www.iccu.com\\\/es\\\/loans\\\/home-loans\\\/mortgage-loan-officers\\\/cbspokane\\\/\",\"url\":\"https:\\\/\\\/www.iccu.com\\\/es\\\/loans\\\/home-loans\\\/mortgage-loan-officers\\\/cbspokane\\\/\",\"name\":\"Tus agentes de pr\u00e9stamos hipotecarios de confianza - Spokane - ICCU\",\"isPartOf\":{\"@id\":\"https:\\\/\\\/www.iccu.com\\\/es\\\/#website\"},\"primaryImageOfPage\":{\"@id\":\"https:\\\/\\\/www.iccu.com\\\/es\\\/loans\\\/home-loans\\\/mortgage-loan-officers\\\/cbspokane\\\/#primaryimage\"},\"image\":{\"@id\":\"https:\\\/\\\/www.iccu.com\\\/es\\\/loans\\\/home-loans\\\/mortgage-loan-officers\\\/cbspokane\\\/#primaryimage\"},\"thumbnailUrl\":\"https:\\\/\\\/www.iccu.com\\\/wp-content\\\/uploads\\\/2023\\\/03\\\/Services-Family-Page_Services3.webp\",\"datePublished\":\"2022-12-07T16:59:59+00:00\",\"dateModified\":\"2024-09-09T21:30:31+00:00\",\"breadcrumb\":{\"@id\":\"https:\\\/\\\/www.iccu.com\\\/es\\\/loans\\\/home-loans\\\/mortgage-loan-officers\\\/cbspokane\\\/#breadcrumb\"},\"inLanguage\":\"es\",\"potentialAction\":[{\"@type\":\"ReadAction\",\"target\":[\"https:\\\/\\\/www.iccu.com\\\/es\\\/loans\\\/home-loans\\\/mortgage-loan-officers\\\/cbspokane\\\/\"]}]},{\"@type\":\"ImageObject\",\"inLanguage\":\"es\",\"@id\":\"https:\\\/\\\/www.iccu.com\\\/es\\\/loans\\\/home-loans\\\/mortgage-loan-officers\\\/cbspokane\\\/#primaryimage\",\"url\":\"https:\\\/\\\/www.iccu.com\\\/wp-content\\\/uploads\\\/2023\\\/03\\\/Services-Family-Page_Services3.webp\",\"contentUrl\":\"https:\\\/\\\/www.iccu.com\\\/wp-content\\\/uploads\\\/2023\\\/03\\\/Services-Family-Page_Services3.webp\"},{\"@type\":\"BreadcrumbList\",\"@id\":\"https:\\\/\\\/www.iccu.com\\\/es\\\/loans\\\/home-loans\\\/mortgage-loan-officers\\\/cbspokane\\\/#breadcrumb\",\"itemListElement\":[{\"@type\":\"ListItem\",\"position\":1,\"name\":\"Home\",\"item\":\"https:\\\/\\\/www.iccu.com\\\/es\\\/\"},{\"@type\":\"ListItem\",\"position\":2,\"name\":\"Pr\u00e9stamos\",\"item\":\"https:\\\/\\\/www.iccu.com\\\/es\\\/loans\\\/\"},{\"@type\":\"ListItem\",\"position\":3,\"name\":\"Hipotecas y pr\u00e9stamos vivienda\",\"item\":\"https:\\\/\\\/www.iccu.com\\\/es\\\/loans\\\/home-loans\\\/\"},{\"@type\":\"ListItem\",\"position\":4,\"name\":\"Agentes de pr\u00e9stamos hipotecarios\",\"item\":\"https:\\\/\\\/www.iccu.com\\\/es\\\/loans\\\/home-loans\\\/mortgage-loan-officers\\\/\"},{\"@type\":\"ListItem\",\"position\":5,\"name\":\"Tus agentes de pr\u00e9stamos hipotecarios de confianza &#8211; Spokane\"}]},{\"@type\":\"WebSite\",\"@id\":\"https:\\\/\\\/www.iccu.com\\\/es\\\/#website\",\"url\":\"https:\\\/\\\/www.iccu.com\\\/es\\\/\",\"name\":\"ICCU\",\"description\":\"Looking after your daily balance.\",\"publisher\":{\"@id\":\"https:\\\/\\\/www.iccu.com\\\/es\\\/#organization\"},\"alternateName\":\"ICCU\",\"potentialAction\":[{\"@type\":\"SearchAction\",\"target\":{\"@type\":\"EntryPoint\",\"urlTemplate\":\"https:\\\/\\\/www.iccu.com\\\/es\\\/?s={search_term_string}\"},\"query-input\":{\"@type\":\"PropertyValueSpecification\",\"valueRequired\":true,\"valueName\":\"search_term_string\"}}],\"inLanguage\":\"es\"},{\"@type\":\"Organization\",\"@id\":\"https:\\\/\\\/www.iccu.com\\\/es\\\/#organization\",\"name\":\"ICCU\",\"url\":\"https:\\\/\\\/www.iccu.com\\\/es\\\/\",\"logo\":{\"@type\":\"ImageObject\",\"inLanguage\":\"es\",\"@id\":\"https:\\\/\\\/www.iccu.com\\\/es\\\/#\\\/schema\\\/logo\\\/image\\\/\",\"url\":\"https:\\\/\\\/www.iccu.com\\\/wp-content\\\/uploads\\\/2025\\\/03\\\/ICCU-logo-2color_696x696.png\",\"contentUrl\":\"https:\\\/\\\/www.iccu.com\\\/wp-content\\\/uploads\\\/2025\\\/03\\\/ICCU-logo-2color_696x696.png\",\"width\":696,\"height\":696,\"caption\":\"ICCU\"},\"image\":{\"@id\":\"https:\\\/\\\/www.iccu.com\\\/es\\\/#\\\/schema\\\/logo\\\/image\\\/\"},\"sameAs\":[\"https:\\\/\\\/www.facebook.com\\\/IdahoCentralCreditUnion\",\"https:\\\/\\\/x.com\\\/Idaho_Central\",\"https:\\\/\\\/www.youtube.com\\\/idahocentralcu\",\"https:\\\/\\\/www.linkedin.com\\\/company\\\/idahocentralcreditunion\\\/\",\"https:\\\/\\\/www.instagram.com\\\/idahocentralcu\\\/\"],\"description\":\"ICCU is a state-chartered credit union in the western United States, headquartered in Chubbuck, Idaho. Whether you\u2019re banking in the branch or banking on the go, ICCU is looking after your daily balance. Get great rates on auto and home loans. Check out our Visa Rewards Cards. Discover more perks with Central Plus Checking. Bank your way with drive-thru, ATM, live video chat, mobile banking. Open Saturdays. We also offer investment, insurance, and business solutions. As a member of ICCU, you\u2019ll have a financial leader that\u2019s helping you achieve financial success. Routing Number: 324173626. NMLS ID: 433926.\",\"email\":\"memberservice@iccu.com\",\"telephone\":\"(800) 456-5067\",\"foundingDate\":\"1940-06-28\",\"taxID\":\"82-0217065\",\"duns\":\"108135278\",\"numberOfEmployees\":{\"@type\":\"QuantitativeValue\",\"minValue\":\"1001\",\"maxValue\":\"5000\"}}]}<\/script>\n<!-- \/ Yoast SEO Premium plugin. -->","yoast_head_json":{"title":"Tus agentes de pr\u00e9stamos hipotecarios de confianza - Spokane - ICCU","robots":{"index":"index","follow":"follow","max-snippet":"max-snippet:-1","max-image-preview":"max-image-preview:large","max-video-preview":"max-video-preview:-1"},"canonical":"https:\/\/www.iccu.com\/es\/loans\/home-loans\/mortgage-loan-officers\/cbspokane\/","og_locale":"es_ES","og_type":"article","og_title":"Tus agentes de pr\u00e9stamos hipotecarios de confianza - Spokane","og_description":"Estamos encantados de trabajar con los agentes inmobiliarios de confianza de Coldwell Banker Tomlinson para ayudarte a hacer realidad tu [&hellip;]","og_url":"https:\/\/www.iccu.com\/es\/loans\/home-loans\/mortgage-loan-officers\/cbspokane\/","og_site_name":"ICCU","article_publisher":"https:\/\/www.facebook.com\/IdahoCentralCreditUnion","article_modified_time":"2024-09-09T21:30:31+00:00","og_image":[{"url":"https:\/\/www.iccu.com\/wp-content\/uploads\/2023\/03\/Services-Family-Page_Services3.webp","type":"","width":"","height":""}],"twitter_card":"summary_large_image","twitter_site":"@Idaho_Central","twitter_misc":{"Tiempo de lectura":"1 minuto"},"schema":{"@context":"https:\/\/schema.org","@graph":[{"@type":"WebPage","@id":"https:\/\/www.iccu.com\/es\/loans\/home-loans\/mortgage-loan-officers\/cbspokane\/","url":"https:\/\/www.iccu.com\/es\/loans\/home-loans\/mortgage-loan-officers\/cbspokane\/","name":"Tus agentes de pr\u00e9stamos hipotecarios de confianza - Spokane - ICCU","isPartOf":{"@id":"https:\/\/www.iccu.com\/es\/#website"},"primaryImageOfPage":{"@id":"https:\/\/www.iccu.com\/es\/loans\/home-loans\/mortgage-loan-officers\/cbspokane\/#primaryimage"},"image":{"@id":"https:\/\/www.iccu.com\/es\/loans\/home-loans\/mortgage-loan-officers\/cbspokane\/#primaryimage"},"thumbnailUrl":"https:\/\/www.iccu.com\/wp-content\/uploads\/2023\/03\/Services-Family-Page_Services3.webp","datePublished":"2022-12-07T16:59:59+00:00","dateModified":"2024-09-09T21:30:31+00:00","breadcrumb":{"@id":"https:\/\/www.iccu.com\/es\/loans\/home-loans\/mortgage-loan-officers\/cbspokane\/#breadcrumb"},"inLanguage":"es","potentialAction":[{"@type":"ReadAction","target":["https:\/\/www.iccu.com\/es\/loans\/home-loans\/mortgage-loan-officers\/cbspokane\/"]}]},{"@type":"ImageObject","inLanguage":"es","@id":"https:\/\/www.iccu.com\/es\/loans\/home-loans\/mortgage-loan-officers\/cbspokane\/#primaryimage","url":"https:\/\/www.iccu.com\/wp-content\/uploads\/2023\/03\/Services-Family-Page_Services3.webp","contentUrl":"https:\/\/www.iccu.com\/wp-content\/uploads\/2023\/03\/Services-Family-Page_Services3.webp"},{"@type":"BreadcrumbList","@id":"https:\/\/www.iccu.com\/es\/loans\/home-loans\/mortgage-loan-officers\/cbspokane\/#breadcrumb","itemListElement":[{"@type":"ListItem","position":1,"name":"Home","item":"https:\/\/www.iccu.com\/es\/"},{"@type":"ListItem","position":2,"name":"Pr\u00e9stamos","item":"https:\/\/www.iccu.com\/es\/loans\/"},{"@type":"ListItem","position":3,"name":"Hipotecas y pr\u00e9stamos vivienda","item":"https:\/\/www.iccu.com\/es\/loans\/home-loans\/"},{"@type":"ListItem","position":4,"name":"Agentes de pr\u00e9stamos hipotecarios","item":"https:\/\/www.iccu.com\/es\/loans\/home-loans\/mortgage-loan-officers\/"},{"@type":"ListItem","position":5,"name":"Tus agentes de pr\u00e9stamos hipotecarios de confianza &#8211; Spokane"}]},{"@type":"WebSite","@id":"https:\/\/www.iccu.com\/es\/#website","url":"https:\/\/www.iccu.com\/es\/","name":"ICCU","description":"Looking after your daily balance.","publisher":{"@id":"https:\/\/www.iccu.com\/es\/#organization"},"alternateName":"ICCU","potentialAction":[{"@type":"SearchAction","target":{"@type":"EntryPoint","urlTemplate":"https:\/\/www.iccu.com\/es\/?s={search_term_string}"},"query-input":{"@type":"PropertyValueSpecification","valueRequired":true,"valueName":"search_term_string"}}],"inLanguage":"es"},{"@type":"Organization","@id":"https:\/\/www.iccu.com\/es\/#organization","name":"ICCU","url":"https:\/\/www.iccu.com\/es\/","logo":{"@type":"ImageObject","inLanguage":"es","@id":"https:\/\/www.iccu.com\/es\/#\/schema\/logo\/image\/","url":"https:\/\/www.iccu.com\/wp-content\/uploads\/2025\/03\/ICCU-logo-2color_696x696.png","contentUrl":"https:\/\/www.iccu.com\/wp-content\/uploads\/2025\/03\/ICCU-logo-2color_696x696.png","width":696,"height":696,"caption":"ICCU"},"image":{"@id":"https:\/\/www.iccu.com\/es\/#\/schema\/logo\/image\/"},"sameAs":["https:\/\/www.facebook.com\/IdahoCentralCreditUnion","https:\/\/x.com\/Idaho_Central","https:\/\/www.youtube.com\/idahocentralcu","https:\/\/www.linkedin.com\/company\/idahocentralcreditunion\/","https:\/\/www.instagram.com\/idahocentralcu\/"],"description":"ICCU is a state-chartered credit union in the western United States, headquartered in Chubbuck, Idaho. Whether you\u2019re banking in the branch or banking on the go, ICCU is looking after your daily balance. Get great rates on auto and home loans. Check out our Visa Rewards Cards. Discover more perks with Central Plus Checking. Bank your way with drive-thru, ATM, live video chat, mobile banking. Open Saturdays. We also offer investment, insurance, and business solutions. As a member of ICCU, you\u2019ll have a financial leader that\u2019s helping you achieve financial success. Routing Number: 324173626. NMLS ID: 433926.","email":"memberservice@iccu.com","telephone":"(800) 456-5067","foundingDate":"1940-06-28","taxID":"82-0217065","duns":"108135278","numberOfEmployees":{"@type":"QuantitativeValue","minValue":"1001","maxValue":"5000"}}]}},"_links":{"self":[{"href":"https:\/\/www.iccu.com\/es\/wp-json\/wp\/v2\/pages\/18821","targetHints":{"allow":["GET"]}}],"collection":[{"href":"https:\/\/www.iccu.com\/es\/wp-json\/wp\/v2\/pages"}],"about":[{"href":"https:\/\/www.iccu.com\/es\/wp-json\/wp\/v2\/types\/page"}],"author":[{"embeddable":true,"href":"https:\/\/www.iccu.com\/es\/wp-json\/wp\/v2\/users\/3"}],"replies":[{"embeddable":true,"href":"https:\/\/www.iccu.com\/es\/wp-json\/wp\/v2\/comments?post=18821"}],"version-history":[{"count":1,"href":"https:\/\/www.iccu.com\/es\/wp-json\/wp\/v2\/pages\/18821\/revisions"}],"predecessor-version":[{"id":18822,"href":"https:\/\/www.iccu.com\/es\/wp-json\/wp\/v2\/pages\/18821\/revisions\/18822"}],"up":[{"embeddable":true,"href":"https:\/\/www.iccu.com\/es\/wp-json\/wp\/v2\/pages\/18804"}],"wp:attachment":[{"href":"https:\/\/www.iccu.com\/es\/wp-json\/wp\/v2\/media?parent=18821"}],"curies":[{"name":"wp","href":"https:\/\/api.w.org\/{rel}","templated":true}]}}