{"id":18847,"date":"2022-07-19T12:56:06","date_gmt":"2022-07-19T18:56:06","guid":{"rendered":"https:\/\/www.iccu.com\/business\/checking\/cuentas-fiduciarias-de-clientes\/"},"modified":"2025-03-20T15:47:47","modified_gmt":"2025-03-20T21:47:47","slug":"client-trust-accounts","status":"publish","type":"page","link":"https:\/\/www.iccu.com\/es\/business\/checking\/client-trust-accounts\/","title":{"rendered":"Cuentas fiduciarias de clientes"},"content":{"rendered":"\n<div class=\"wp-block-group alignfull has-light-gray-background-color has-background\"><div class=\"wp-block-group__inner-container is-layout-flow wp-block-group-is-layout-flow\">\n<div class=\"wp-block-columns alignwide is-layout-flex wp-container-core-columns-is-layout-9d6595d7 wp-block-columns-is-layout-flex\">\n<div class=\"wp-block-column is-layout-flow wp-block-column-is-layout-flow\">\n<h2 class=\"wp-block-heading has-green-color has-text-color\"><strong>Intereses de la cuenta fiduciaria de abogados<\/strong> (IOLTA)<\/h2>\n<\/div>\n<\/div>\n\n\n\n<div class=\"wp-block-columns alignwide is-layout-flex wp-container-core-columns-is-layout-9d6595d7 wp-block-columns-is-layout-flex\">\n<div class=\"wp-block-column is-layout-flow wp-block-column-is-layout-flow\" style=\"flex-basis:66.66%\">\n<p class=\"has-lg-font-size\">La Cuenta Fiduciaria de Intereses de Abogados (IOLTA) es un programa creado por la Idaho Law Foundation, Inc. (ILF) y el Colegio de Abogados del Estado de Idaho para recaudar intereses de los fondos fiduciarios generales de los clientes. Los intereses se re\u00fanen y se remiten a la Fundaci\u00f3n Jur\u00eddica de Idaho para que los destine a programas ben\u00e9ficos relacionados con el Derecho.<\/p>\n\n\n\n<ul class=\"has-lg-font-size wp-block-list\">\n<li>Mantiene los fondos de los clientes seguros y separados<\/li>\n\n\n\n<li>Recauda dinero para fines ben\u00e9ficos<\/li>\n\n\n\n<li>Todos los intereses se transfieren a una Cuenta de la Fundaci\u00f3n Jur\u00eddica de Idaho<\/li>\n<\/ul>\n<\/div>\n\n\n\n<div class=\"wp-block-column is-layout-flow wp-block-column-is-layout-flow\" style=\"flex-basis:33.33%\">\n<h2 class=\"wp-block-heading has-green-color has-text-color has-md-font-size\" style=\"font-style:normal;font-weight:400\">Saldo m\u00ednimo para abrir<\/h2>\n\n\n\n<p class=\"has-lg-font-size\"><strong>$100<\/strong><\/p>\n\n\n\n<p class=\"has-lg-font-size\"><a href=\"https:\/\/www.iccu.com\/es\/business\/contact\/information-request\/\">Contacta con un Especialista en Relaciones Comerciales<\/a><\/p>\n<\/div>\n<\/div>\n<\/div><\/div>\n\n<div class=\"wp-block-group alignfull has-white-background-color has-background\"><div class=\"wp-block-group__inner-container is-layout-flow wp-block-group-is-layout-flow\">\n<div class=\"wp-block-columns alignwide is-layout-flex wp-container-core-columns-is-layout-9d6595d7 wp-block-columns-is-layout-flex\">\n<div class=\"wp-block-column is-layout-flow wp-block-column-is-layout-flow\">\n<h2 class=\"wp-block-heading has-green-color has-text-color\"><strong>Cuenta fiduciaria inmobili<\/strong> aria (RETA)<\/h2>\n<\/div>\n<\/div>\n\n\n\n<div class=\"wp-block-columns alignwide is-layout-flex wp-container-core-columns-is-layout-9d6595d7 wp-block-columns-is-layout-flex\">\n<div class=\"wp-block-column is-layout-flow wp-block-column-is-layout-flow\" style=\"flex-basis:66.66%\">\n<p class=\"has-lg-font-size\">Las cuentas fiduciarias inmobiliarias (RETA) las establecen los corredores para guardar el dinero que recibe el corredor en nombre de otra persona hasta que se complete una operaci\u00f3n inmobiliaria. Estas cuentas suelen denominarse cuentas de arras o de garant\u00eda bloqueada.<\/p>\n\n\n\n<ul class=\"has-lg-font-size wp-block-list\">\n<li>Mantiene los fondos de los clientes seguros y separados<\/li>\n\n\n\n<li>Sin cuota mensual de servicio<\/li>\n\n\n\n<li>Asegurado por la NCUA hasta $250,000<\/li>\n<\/ul>\n<\/div>\n\n\n\n<div class=\"wp-block-column is-layout-flow wp-block-column-is-layout-flow\" style=\"flex-basis:33.33%\">\n<h3 class=\"wp-block-heading has-green-color has-text-color has-md-font-size\" style=\"font-style:normal;font-weight:400\">Saldo m\u00ednimo para abrir<\/h3>\n\n\n\n<p class=\"has-lg-font-size\"><strong>$0<\/strong><\/p>\n\n\n\n<p class=\"has-lg-font-size\"><a href=\"https:\/\/www.iccu.com\/es\/business\/contact\/information-request\/\">Contacta con un Especialista en Relaciones Comerciales<\/a><\/p>\n<\/div>\n<\/div>\n<\/div><\/div>\n<section id=\"block_c92dc4b24c154d89e77e38b9ebcc24fe\" class=\"o-meet-the-team \">\n    <div class=\"o-meet-the-team__inner\">\n                    <h2 class=\"o-meet-the-team__heading\">Conoce al equipo<\/h2>\n        \n                    <div class=\"o-meet-the-team__no-results\">\n                <p>No Mortgage Loan Officers found.<\/p>\n            <\/div>\n            <\/div>\n<\/section>\n","protected":false},"excerpt":{"rendered":"<p>Intereses de la cuenta fiduciaria de abogados (IOLTA) La Cuenta Fiduciaria de Intereses de Abogados (IOLTA) es un programa creado [&hellip;]<\/p>\n","protected":false},"author":1,"featured_media":17063,"parent":18831,"menu_order":50,"comment_status":"closed","ping_status":"closed","template":"product-detail-page.php","meta":{"_acf_changed":false,"_searchwp_excluded":"","footnotes":""},"class_list":["post-18847","page","type-page","status-publish","has-post-thumbnail","hentry"],"acf":[],"yoast_head":"<!-- This site is optimized with the Yoast SEO Premium plugin v27.2 (Yoast SEO v27.3) - https:\/\/yoast.com\/product\/yoast-seo-premium-wordpress\/ -->\n<title>Cuentas fiduciarias de clientes - ICCU<\/title>\n<meta name=\"description\" content=\"Tanto si necesitas una Cuenta Fiduciaria de Intereses de Abogado como una Cuenta Fiduciaria Inmobiliaria. En ICCU estamos preparados para mantener los fondos de los clientes seguros y separados.\" \/>\n<meta name=\"robots\" content=\"index, follow, max-snippet:-1, max-image-preview:large, max-video-preview:-1\" \/>\n<link rel=\"canonical\" href=\"https:\/\/www.iccu.com\/es\/business\/checking\/client-trust-accounts\/\" \/>\n<meta property=\"og:locale\" content=\"es_ES\" \/>\n<meta property=\"og:type\" content=\"article\" \/>\n<meta property=\"og:title\" content=\"Cuentas fiduciarias de clientes\" \/>\n<meta property=\"og:description\" content=\"Tanto si necesitas una Cuenta Fiduciaria de Intereses de Abogado como una Cuenta Fiduciaria Inmobiliaria. En ICCU estamos preparados para mantener los fondos de los clientes seguros y separados.\" \/>\n<meta property=\"og:url\" content=\"https:\/\/www.iccu.com\/es\/business\/checking\/client-trust-accounts\/\" \/>\n<meta property=\"og:site_name\" content=\"ICCU\" \/>\n<meta property=\"article:publisher\" content=\"https:\/\/www.facebook.com\/IdahoCentralCreditUnion\" \/>\n<meta property=\"article:modified_time\" content=\"2025-03-20T21:47:47+00:00\" \/>\n<meta property=\"og:image\" content=\"https:\/\/www.iccu.com\/wp-content\/uploads\/2022\/12\/Trust-Accounts_Hero.webp\" \/>\n\t<meta property=\"og:image:width\" content=\"390\" \/>\n\t<meta property=\"og:image:height\" content=\"293\" \/>\n\t<meta property=\"og:image:type\" content=\"image\/webp\" \/>\n<meta name=\"twitter:card\" content=\"summary_large_image\" \/>\n<meta name=\"twitter:site\" content=\"@Idaho_Central\" \/>\n<meta name=\"twitter:label1\" content=\"Tiempo de lectura\" \/>\n\t<meta name=\"twitter:data1\" content=\"2 minutos\" \/>\n<script type=\"application\/ld+json\" class=\"yoast-schema-graph\">{\"@context\":\"https:\\\/\\\/schema.org\",\"@graph\":[{\"@type\":\"WebPage\",\"@id\":\"https:\\\/\\\/www.iccu.com\\\/es\\\/business\\\/checking\\\/client-trust-accounts\\\/\",\"url\":\"https:\\\/\\\/www.iccu.com\\\/es\\\/business\\\/checking\\\/client-trust-accounts\\\/\",\"name\":\"Cuentas fiduciarias de clientes - ICCU\",\"isPartOf\":{\"@id\":\"https:\\\/\\\/www.iccu.com\\\/es\\\/#website\"},\"primaryImageOfPage\":{\"@id\":\"https:\\\/\\\/www.iccu.com\\\/es\\\/business\\\/checking\\\/client-trust-accounts\\\/#primaryimage\"},\"image\":{\"@id\":\"https:\\\/\\\/www.iccu.com\\\/es\\\/business\\\/checking\\\/client-trust-accounts\\\/#primaryimage\"},\"thumbnailUrl\":\"https:\\\/\\\/www.iccu.com\\\/wp-content\\\/uploads\\\/2022\\\/12\\\/Trust-Accounts_Hero.webp\",\"datePublished\":\"2022-07-19T18:56:06+00:00\",\"dateModified\":\"2025-03-20T21:47:47+00:00\",\"description\":\"Tanto si necesitas una Cuenta Fiduciaria de Intereses de Abogado como una Cuenta Fiduciaria Inmobiliaria. En ICCU estamos preparados para mantener los fondos de los clientes seguros y separados.\",\"breadcrumb\":{\"@id\":\"https:\\\/\\\/www.iccu.com\\\/es\\\/business\\\/checking\\\/client-trust-accounts\\\/#breadcrumb\"},\"inLanguage\":\"es\",\"potentialAction\":[{\"@type\":\"ReadAction\",\"target\":[\"https:\\\/\\\/www.iccu.com\\\/es\\\/business\\\/checking\\\/client-trust-accounts\\\/\"]}]},{\"@type\":\"ImageObject\",\"inLanguage\":\"es\",\"@id\":\"https:\\\/\\\/www.iccu.com\\\/es\\\/business\\\/checking\\\/client-trust-accounts\\\/#primaryimage\",\"url\":\"https:\\\/\\\/www.iccu.com\\\/wp-content\\\/uploads\\\/2022\\\/12\\\/Trust-Accounts_Hero.webp\",\"contentUrl\":\"https:\\\/\\\/www.iccu.com\\\/wp-content\\\/uploads\\\/2022\\\/12\\\/Trust-Accounts_Hero.webp\",\"width\":390,\"height\":293},{\"@type\":\"BreadcrumbList\",\"@id\":\"https:\\\/\\\/www.iccu.com\\\/es\\\/business\\\/checking\\\/client-trust-accounts\\\/#breadcrumb\",\"itemListElement\":[{\"@type\":\"ListItem\",\"position\":1,\"name\":\"Home\",\"item\":\"https:\\\/\\\/www.iccu.com\\\/es\\\/\"},{\"@type\":\"ListItem\",\"position\":2,\"name\":\"T\u00fa oc\u00fapate de los negocios. Nosotros nos ocuparemos de los bancos.\",\"item\":\"https:\\\/\\\/www.iccu.com\\\/es\\\/business\\\/\"},{\"@type\":\"ListItem\",\"position\":3,\"name\":\"Cuentas de cheques para negocios\",\"item\":\"https:\\\/\\\/www.iccu.com\\\/es\\\/business\\\/checking\\\/\"},{\"@type\":\"ListItem\",\"position\":4,\"name\":\"Cuentas fiduciarias de clientes\"}]},{\"@type\":\"WebSite\",\"@id\":\"https:\\\/\\\/www.iccu.com\\\/es\\\/#website\",\"url\":\"https:\\\/\\\/www.iccu.com\\\/es\\\/\",\"name\":\"ICCU\",\"description\":\"Looking after your daily balance.\",\"publisher\":{\"@id\":\"https:\\\/\\\/www.iccu.com\\\/es\\\/#organization\"},\"alternateName\":\"ICCU\",\"potentialAction\":[{\"@type\":\"SearchAction\",\"target\":{\"@type\":\"EntryPoint\",\"urlTemplate\":\"https:\\\/\\\/www.iccu.com\\\/es\\\/?s={search_term_string}\"},\"query-input\":{\"@type\":\"PropertyValueSpecification\",\"valueRequired\":true,\"valueName\":\"search_term_string\"}}],\"inLanguage\":\"es\"},{\"@type\":\"Organization\",\"@id\":\"https:\\\/\\\/www.iccu.com\\\/es\\\/#organization\",\"name\":\"ICCU\",\"url\":\"https:\\\/\\\/www.iccu.com\\\/es\\\/\",\"logo\":{\"@type\":\"ImageObject\",\"inLanguage\":\"es\",\"@id\":\"https:\\\/\\\/www.iccu.com\\\/es\\\/#\\\/schema\\\/logo\\\/image\\\/\",\"url\":\"https:\\\/\\\/www.iccu.com\\\/wp-content\\\/uploads\\\/2025\\\/03\\\/ICCU-logo-2color_696x696.png\",\"contentUrl\":\"https:\\\/\\\/www.iccu.com\\\/wp-content\\\/uploads\\\/2025\\\/03\\\/ICCU-logo-2color_696x696.png\",\"width\":696,\"height\":696,\"caption\":\"ICCU\"},\"image\":{\"@id\":\"https:\\\/\\\/www.iccu.com\\\/es\\\/#\\\/schema\\\/logo\\\/image\\\/\"},\"sameAs\":[\"https:\\\/\\\/www.facebook.com\\\/IdahoCentralCreditUnion\",\"https:\\\/\\\/x.com\\\/Idaho_Central\",\"https:\\\/\\\/www.youtube.com\\\/idahocentralcu\",\"https:\\\/\\\/www.linkedin.com\\\/company\\\/idahocentralcreditunion\\\/\",\"https:\\\/\\\/www.instagram.com\\\/idahocentralcu\\\/\"],\"description\":\"ICCU is a state-chartered credit union in the western United States, headquartered in Chubbuck, Idaho. Whether you\u2019re banking in the branch or banking on the go, ICCU is looking after your daily balance. Get great rates on auto and home loans. Check out our Visa Rewards Cards. Discover more perks with Central Plus Checking. Bank your way with drive-thru, ATM, live video chat, mobile banking. Open Saturdays. We also offer investment, insurance, and business solutions. As a member of ICCU, you\u2019ll have a financial leader that\u2019s helping you achieve financial success. Routing Number: 324173626. NMLS ID: 433926.\",\"email\":\"memberservice@iccu.com\",\"telephone\":\"(800) 456-5067\",\"foundingDate\":\"1940-06-28\",\"taxID\":\"82-0217065\",\"duns\":\"108135278\",\"numberOfEmployees\":{\"@type\":\"QuantitativeValue\",\"minValue\":\"1001\",\"maxValue\":\"5000\"}}]}<\/script>\n<!-- \/ Yoast SEO Premium plugin. -->","yoast_head_json":{"title":"Cuentas fiduciarias de clientes - ICCU","description":"Tanto si necesitas una Cuenta Fiduciaria de Intereses de Abogado como una Cuenta Fiduciaria Inmobiliaria. En ICCU estamos preparados para mantener los fondos de los clientes seguros y separados.","robots":{"index":"index","follow":"follow","max-snippet":"max-snippet:-1","max-image-preview":"max-image-preview:large","max-video-preview":"max-video-preview:-1"},"canonical":"https:\/\/www.iccu.com\/es\/business\/checking\/client-trust-accounts\/","og_locale":"es_ES","og_type":"article","og_title":"Cuentas fiduciarias de clientes","og_description":"Tanto si necesitas una Cuenta Fiduciaria de Intereses de Abogado como una Cuenta Fiduciaria Inmobiliaria. En ICCU estamos preparados para mantener los fondos de los clientes seguros y separados.","og_url":"https:\/\/www.iccu.com\/es\/business\/checking\/client-trust-accounts\/","og_site_name":"ICCU","article_publisher":"https:\/\/www.facebook.com\/IdahoCentralCreditUnion","article_modified_time":"2025-03-20T21:47:47+00:00","og_image":[{"width":390,"height":293,"url":"https:\/\/www.iccu.com\/wp-content\/uploads\/2022\/12\/Trust-Accounts_Hero.webp","type":"image\/webp"}],"twitter_card":"summary_large_image","twitter_site":"@Idaho_Central","twitter_misc":{"Tiempo de lectura":"2 minutos"},"schema":{"@context":"https:\/\/schema.org","@graph":[{"@type":"WebPage","@id":"https:\/\/www.iccu.com\/es\/business\/checking\/client-trust-accounts\/","url":"https:\/\/www.iccu.com\/es\/business\/checking\/client-trust-accounts\/","name":"Cuentas fiduciarias de clientes - ICCU","isPartOf":{"@id":"https:\/\/www.iccu.com\/es\/#website"},"primaryImageOfPage":{"@id":"https:\/\/www.iccu.com\/es\/business\/checking\/client-trust-accounts\/#primaryimage"},"image":{"@id":"https:\/\/www.iccu.com\/es\/business\/checking\/client-trust-accounts\/#primaryimage"},"thumbnailUrl":"https:\/\/www.iccu.com\/wp-content\/uploads\/2022\/12\/Trust-Accounts_Hero.webp","datePublished":"2022-07-19T18:56:06+00:00","dateModified":"2025-03-20T21:47:47+00:00","description":"Tanto si necesitas una Cuenta Fiduciaria de Intereses de Abogado como una Cuenta Fiduciaria Inmobiliaria. En ICCU estamos preparados para mantener los fondos de los clientes seguros y separados.","breadcrumb":{"@id":"https:\/\/www.iccu.com\/es\/business\/checking\/client-trust-accounts\/#breadcrumb"},"inLanguage":"es","potentialAction":[{"@type":"ReadAction","target":["https:\/\/www.iccu.com\/es\/business\/checking\/client-trust-accounts\/"]}]},{"@type":"ImageObject","inLanguage":"es","@id":"https:\/\/www.iccu.com\/es\/business\/checking\/client-trust-accounts\/#primaryimage","url":"https:\/\/www.iccu.com\/wp-content\/uploads\/2022\/12\/Trust-Accounts_Hero.webp","contentUrl":"https:\/\/www.iccu.com\/wp-content\/uploads\/2022\/12\/Trust-Accounts_Hero.webp","width":390,"height":293},{"@type":"BreadcrumbList","@id":"https:\/\/www.iccu.com\/es\/business\/checking\/client-trust-accounts\/#breadcrumb","itemListElement":[{"@type":"ListItem","position":1,"name":"Home","item":"https:\/\/www.iccu.com\/es\/"},{"@type":"ListItem","position":2,"name":"T\u00fa oc\u00fapate de los negocios. Nosotros nos ocuparemos de los bancos.","item":"https:\/\/www.iccu.com\/es\/business\/"},{"@type":"ListItem","position":3,"name":"Cuentas de cheques para negocios","item":"https:\/\/www.iccu.com\/es\/business\/checking\/"},{"@type":"ListItem","position":4,"name":"Cuentas fiduciarias de clientes"}]},{"@type":"WebSite","@id":"https:\/\/www.iccu.com\/es\/#website","url":"https:\/\/www.iccu.com\/es\/","name":"ICCU","description":"Looking after your daily balance.","publisher":{"@id":"https:\/\/www.iccu.com\/es\/#organization"},"alternateName":"ICCU","potentialAction":[{"@type":"SearchAction","target":{"@type":"EntryPoint","urlTemplate":"https:\/\/www.iccu.com\/es\/?s={search_term_string}"},"query-input":{"@type":"PropertyValueSpecification","valueRequired":true,"valueName":"search_term_string"}}],"inLanguage":"es"},{"@type":"Organization","@id":"https:\/\/www.iccu.com\/es\/#organization","name":"ICCU","url":"https:\/\/www.iccu.com\/es\/","logo":{"@type":"ImageObject","inLanguage":"es","@id":"https:\/\/www.iccu.com\/es\/#\/schema\/logo\/image\/","url":"https:\/\/www.iccu.com\/wp-content\/uploads\/2025\/03\/ICCU-logo-2color_696x696.png","contentUrl":"https:\/\/www.iccu.com\/wp-content\/uploads\/2025\/03\/ICCU-logo-2color_696x696.png","width":696,"height":696,"caption":"ICCU"},"image":{"@id":"https:\/\/www.iccu.com\/es\/#\/schema\/logo\/image\/"},"sameAs":["https:\/\/www.facebook.com\/IdahoCentralCreditUnion","https:\/\/x.com\/Idaho_Central","https:\/\/www.youtube.com\/idahocentralcu","https:\/\/www.linkedin.com\/company\/idahocentralcreditunion\/","https:\/\/www.instagram.com\/idahocentralcu\/"],"description":"ICCU is a state-chartered credit union in the western United States, headquartered in Chubbuck, Idaho. Whether you\u2019re banking in the branch or banking on the go, ICCU is looking after your daily balance. Get great rates on auto and home loans. Check out our Visa Rewards Cards. Discover more perks with Central Plus Checking. Bank your way with drive-thru, ATM, live video chat, mobile banking. Open Saturdays. We also offer investment, insurance, and business solutions. As a member of ICCU, you\u2019ll have a financial leader that\u2019s helping you achieve financial success. Routing Number: 324173626. NMLS ID: 433926.","email":"memberservice@iccu.com","telephone":"(800) 456-5067","foundingDate":"1940-06-28","taxID":"82-0217065","duns":"108135278","numberOfEmployees":{"@type":"QuantitativeValue","minValue":"1001","maxValue":"5000"}}]}},"_links":{"self":[{"href":"https:\/\/www.iccu.com\/es\/wp-json\/wp\/v2\/pages\/18847","targetHints":{"allow":["GET"]}}],"collection":[{"href":"https:\/\/www.iccu.com\/es\/wp-json\/wp\/v2\/pages"}],"about":[{"href":"https:\/\/www.iccu.com\/es\/wp-json\/wp\/v2\/types\/page"}],"author":[{"embeddable":true,"href":"https:\/\/www.iccu.com\/es\/wp-json\/wp\/v2\/users\/1"}],"replies":[{"embeddable":true,"href":"https:\/\/www.iccu.com\/es\/wp-json\/wp\/v2\/comments?post=18847"}],"version-history":[{"count":3,"href":"https:\/\/www.iccu.com\/es\/wp-json\/wp\/v2\/pages\/18847\/revisions"}],"predecessor-version":[{"id":21568,"href":"https:\/\/www.iccu.com\/es\/wp-json\/wp\/v2\/pages\/18847\/revisions\/21568"}],"up":[{"embeddable":true,"href":"https:\/\/www.iccu.com\/es\/wp-json\/wp\/v2\/pages\/18831"}],"wp:featuredmedia":[{"embeddable":true,"href":"https:\/\/www.iccu.com\/es\/wp-json\/wp\/v2\/media\/17063"}],"wp:attachment":[{"href":"https:\/\/www.iccu.com\/es\/wp-json\/wp\/v2\/media?parent=18847"}],"curies":[{"name":"wp","href":"https:\/\/api.w.org\/{rel}","templated":true}]}}