{"id":18863,"date":"2022-09-12T13:41:41","date_gmt":"2022-09-12T19:41:41","guid":{"rendered":"https:\/\/www.iccu.com\/business\/savings\/ira-sep-para-negocios\/"},"modified":"2024-09-09T16:41:57","modified_gmt":"2024-09-09T22:41:57","slug":"sep-ira","status":"publish","type":"page","link":"https:\/\/www.iccu.com\/es\/business\/savings\/sep-ira\/","title":{"rendered":"IRA SEP para negocios"},"content":{"rendered":"\n<div class=\"wp-block-group alignfull has-light-gray-background-color has-background\"><div class=\"wp-block-group__inner-container is-layout-flow wp-block-group-is-layout-flow\">\n<div class=\"wp-block-columns alignwide is-layout-flex wp-container-core-columns-is-layout-9d6595d7 wp-block-columns-is-layout-flex\">\n<div class=\"wp-block-column is-layout-flow wp-block-column-is-layout-flow\">\n<h2 class=\"wp-block-heading has-green-color has-text-color\" id=\"h-save-now-for-retirement\"><strong>Ahorra ahora para la jubilaci\u00f3n<\/strong><\/h2>\n<\/div>\n<\/div>\n\n\n\n<div class=\"wp-block-columns alignwide is-layout-flex wp-container-core-columns-is-layout-9d6595d7 wp-block-columns-is-layout-flex\">\n<div class=\"wp-block-column is-layout-flow wp-block-column-is-layout-flow\" style=\"flex-basis:66.66%\">\n<p class=\"has-lg-font-size\">Si eres propietario de una peque\u00f1a empresa con pocos empleados o recursos limitados, entonces un SEP Empresarial puede ayudarte a poner en marcha tus necesidades de ahorro para la jubilaci\u00f3n.\nDe hecho, un aut\u00f3nomo puede crear f\u00e1cilmente una SEP Negocio y hacer aportaciones a su propia IRA.  Los SEP tambi\u00e9n son f\u00e1ciles de mantener, a diferencia de los planes de jubilaci\u00f3n tradicionales (401K). Ponte en contacto hoy mismo con un Especialista en Relaciones Comerciales para empezar.<\/p>\n\n\n\n<div class=\"wp-block-buttons is-layout-flex wp-block-buttons-is-layout-flex\">\n<div class=\"wp-block-button\"><a class=\"wp-block-button__link wp-element-button\" href=\"https:\/\/www.iccu.com\/es\/business\/contact\/\">Contacta con un especialista en negocios<\/a><\/div>\n<\/div>\n<\/div>\n\n\n\n<div class=\"wp-block-column is-layout-flow wp-block-column-is-layout-flow\" style=\"flex-basis:33.33%\">\n<h3 class=\"wp-block-heading has-dark-green-color has-text-color has-md-font-size\" id=\"h-eligibility\" style=\"font-style:normal;font-weight:400\">Elegibilidad  <\/h3>\n\n\n\n<p class=\"has-lg-font-size\"><strong>Aut\u00f3nomos o propietarios de peque\u00f1as empresas.<\/strong><\/p>\n\n\n\n<h3 class=\"wp-block-heading has-dark-green-color has-text-color has-md-font-size\" id=\"h-tax-benefits\" style=\"font-style:normal;font-weight:400\">Beneficios fiscales<\/h3>\n\n\n\n<p class=\"has-lg-font-size\"><strong>Las ganancias del SEP se difieren fiscalmente, y las aportaciones son deducibles fiscalmente*.<\/strong><\/p>\n\n\n\n<h3 class=\"wp-block-heading has-dark-green-color has-text-color has-md-font-size\" id=\"h-contributors\" style=\"font-style:normal;font-weight:400\">Colaboradores<\/h3>\n\n\n\n<p class=\"has-lg-font-size\"><strong>Las aportaciones al SEP las hace el empresario.<\/strong><\/p>\n\n\n\n<p class=\"has-xs-font-size\">*Consulta a un asesor fiscal<\/p>\n<\/div>\n<\/div>\n<\/div><\/div>\n\n<div class=\"wp-block-group alignfull has-white-background-color has-background\"><div class=\"wp-block-group__inner-container is-layout-constrained wp-block-group-is-layout-constrained\">\n<div class=\"wp-block-columns alignwide is-layout-flex wp-container-core-columns-is-layout-9d6595d7 wp-block-columns-is-layout-flex\">\n<div class=\"wp-block-column is-layout-flow wp-block-column-is-layout-flow\">\n<h2 class=\"wp-block-heading has-black-color has-text-color\" id=\"h-what-is-a-sep-ira\">\u00bfQu\u00e9 es una IRA SEP?<\/h2>\n\n\n\n<p>Un SEP es un plan de jubilaci\u00f3n a trav\u00e9s del cual una empresa realiza aportaciones a las cuentas individuales de los empleados que re\u00fanen los requisitos. A diferencia de una IRA normal, no se pueden hacer aportaciones a una IRA SEP para el a\u00f1o anterior.  <\/p>\n\n\n\n<p>Las aportaciones al SEP no afectan a la cuant\u00eda de las aportaciones regulares a la IRA que puede hacer un empleado con derecho a ello.\nSin embargo, la participaci\u00f3n en un plan SEP se considera participaci\u00f3n activa en un plan de jubilaci\u00f3n; puede afectar a la capacidad del propietario para deducir las aportaciones regulares a la IRA. <\/p>\n\n\n\n<p>Las aportaciones SEP no se comunican a Hacienda y no aparecen en el informe anual que se env\u00eda al titular de la IRA.\nSin embargo, las aportaciones SEP pasan a formar parte del saldo de la cuenta IRA tradicional y se incluyen en el valor de mercado al final del a\u00f1o que se comunica a Hacienda y al titular de la cuenta IRA. <\/p>\n\n\n\n<div class=\"wp-block-buttons is-layout-flex wp-block-buttons-is-layout-flex\">\n<div class=\"wp-block-button\"><a class=\"wp-block-button__link wp-element-button\" href=\"https:\/\/www.iccu.com\/es\/business\/contact\/\">Contacta con un especialista en negocios<\/a><\/div>\n<\/div>\n<\/div>\n<\/div>\n<\/div><\/div>\n\n<div class=\"wp-block-group alignfull has-light-gray-background-color has-background\" id=\"checking-options\"><div class=\"wp-block-group__inner-container is-layout-constrained wp-block-group-is-layout-constrained\">\n<h2 class=\"wp-block-heading alignwide has-text-align-left has-green-color has-text-color\" id=\"h-sep-ira-options\">Opciones de la IRA SEP<\/h2>\n\n\n\n<div class=\"wp-block-columns alignwide is-layout-flex wp-container-core-columns-is-layout-9d6595d7 wp-block-columns-is-layout-flex\">\n<div class=\"wp-block-column is-layout-flow wp-block-column-is-layout-flow\">\n<h3 class=\"wp-block-heading\" id=\"h-pro-rata-option\">Opci\u00f3n de prorrateo<\/h3>\n\n\n\n<p class=\"has-text-align-left has-black-color has-text-color has-lg-font-size\">Es la opci\u00f3n de plan SEP m\u00e1s habitual. Con este plan todos tus empleados recibir\u00e1n el mismo porcentaje de retribuci\u00f3n que con una aportaci\u00f3n SEP.  <\/p>\n\n\n\n<p class=\"has-black-color has-text-color\">El porcentaje m\u00e1ximo de indemnizaci\u00f3n que se puede realizar es del 25%.<\/p>\n\n\n\n<h3 class=\"wp-block-heading\" id=\"h-social-security-integration-option\">Opci\u00f3n de integraci\u00f3n en la Seguridad Social<\/h3>\n\n\n\n<p>Con esta opci\u00f3n, los empleados mejor pagados reciben una mayor parte de las aportaciones al SEP.<\/p>\n\n\n\n<p class=\"has-black-color has-text-color\">Hay dos tipos de cotizaci\u00f3n. Una tasa para los ingresos iguales o inferiores a la base salarial de la Seguridad Social, la otra tasa para los ingresos superiores a la base salarial de la Seguridad Social.<\/p>\n\n\n\n<div class=\"wp-block-buttons is-content-justification-left is-layout-flex wp-container-core-buttons-is-layout-fdcfc74e wp-block-buttons-is-layout-flex\">\n<div class=\"wp-block-button\"><a class=\"wp-block-button__link has-white-color has-green-background-color has-text-color has-background has-text-align-center wp-element-button\" href=\"https:\/\/www.iccu.com\/es\/business\/contact\/\">Contacta con un especialista en negocios<\/a><\/div>\n<\/div>\n\n\n\n<p class=\"has-xs-font-size\">En ambos planes, las aportaciones al SEP se realizan adem\u00e1s del salario del trabajador, y no se pagan impuestos FICA ni FUTA sobre los fondos del SEP.<\/p>\n<\/div>\n\n\n\n<div class=\"wp-block-column is-layout-flow wp-block-column-is-layout-flow\">\n<figure class=\"wp-block-image size-full\"><img loading=\"lazy\" decoding=\"async\" width=\"410\" height=\"513\" src=\"https:\/\/www.iccu.com\/wp-content\/uploads\/2023\/12\/SEP-business-body.webp\" alt=\"\" class=\"wp-image-13983\"\/><\/figure>\n<\/div>\n<\/div>\n<\/div><\/div>\n","protected":false},"excerpt":{"rendered":"<p>Ahorra ahora para la jubilaci\u00f3n Si eres propietario de una peque\u00f1a empresa con pocos empleados o recursos limitados, entonces un [&hellip;]<\/p>\n","protected":false},"author":1,"featured_media":17078,"parent":18833,"menu_order":40,"comment_status":"closed","ping_status":"closed","template":"product-detail-page.php","meta":{"_acf_changed":false,"_searchwp_excluded":"","footnotes":""},"class_list":["post-18863","page","type-page","status-publish","has-post-thumbnail","hentry"],"acf":[],"yoast_head":"<!-- This site is optimized with the Yoast SEO Premium plugin v27.2 (Yoast SEO v27.3) - https:\/\/yoast.com\/product\/yoast-seo-premium-wordpress\/ -->\n<title>IRA SEP para negocios - ICCU<\/title>\n<meta name=\"description\" content=\"Los Planes de Pensiones de Empleados Simplificados (SEP IRA), permiten a los propietarios de peque\u00f1as empresas ahorrar para la jubilaci\u00f3n de forma sencilla y c\u00f3moda y recibir un beneficio con impuestos diferidos. \u00a1Es hora de empezar a ahorrar!\" \/>\n<meta name=\"robots\" content=\"index, follow, max-snippet:-1, max-image-preview:large, max-video-preview:-1\" \/>\n<link rel=\"canonical\" href=\"https:\/\/www.iccu.com\/es\/business\/savings\/sep-ira\/\" \/>\n<meta property=\"og:locale\" content=\"es_ES\" \/>\n<meta property=\"og:type\" content=\"article\" \/>\n<meta property=\"og:title\" content=\"IRA SEP para negocios\" \/>\n<meta property=\"og:description\" content=\"Los Planes de Pensiones de Empleados Simplificados (SEP IRA), permiten a los propietarios de peque\u00f1as empresas ahorrar para la jubilaci\u00f3n de forma sencilla y c\u00f3moda y recibir un beneficio con impuestos diferidos. \u00a1Es hora de empezar a ahorrar!\" \/>\n<meta property=\"og:url\" content=\"https:\/\/www.iccu.com\/es\/business\/savings\/sep-ira\/\" \/>\n<meta property=\"og:site_name\" content=\"ICCU\" \/>\n<meta property=\"article:publisher\" content=\"https:\/\/www.facebook.com\/IdahoCentralCreditUnion\" \/>\n<meta property=\"article:modified_time\" content=\"2024-09-09T22:41:57+00:00\" \/>\n<meta property=\"og:image\" content=\"https:\/\/www.iccu.com\/wp-content\/uploads\/2023\/01\/Business-SEP-IRAs_Hero.webp\" \/>\n\t<meta property=\"og:image:width\" content=\"390\" \/>\n\t<meta property=\"og:image:height\" content=\"293\" \/>\n\t<meta property=\"og:image:type\" content=\"image\/webp\" \/>\n<meta name=\"twitter:card\" content=\"summary_large_image\" \/>\n<meta name=\"twitter:site\" content=\"@Idaho_Central\" \/>\n<meta name=\"twitter:label1\" content=\"Tiempo de lectura\" \/>\n\t<meta name=\"twitter:data1\" content=\"2 minutos\" \/>\n<script type=\"application\/ld+json\" class=\"yoast-schema-graph\">{\"@context\":\"https:\\\/\\\/schema.org\",\"@graph\":[{\"@type\":\"WebPage\",\"@id\":\"https:\\\/\\\/www.iccu.com\\\/es\\\/business\\\/savings\\\/sep-ira\\\/\",\"url\":\"https:\\\/\\\/www.iccu.com\\\/es\\\/business\\\/savings\\\/sep-ira\\\/\",\"name\":\"IRA SEP para negocios - ICCU\",\"isPartOf\":{\"@id\":\"https:\\\/\\\/www.iccu.com\\\/es\\\/#website\"},\"primaryImageOfPage\":{\"@id\":\"https:\\\/\\\/www.iccu.com\\\/es\\\/business\\\/savings\\\/sep-ira\\\/#primaryimage\"},\"image\":{\"@id\":\"https:\\\/\\\/www.iccu.com\\\/es\\\/business\\\/savings\\\/sep-ira\\\/#primaryimage\"},\"thumbnailUrl\":\"https:\\\/\\\/www.iccu.com\\\/wp-content\\\/uploads\\\/2023\\\/01\\\/Business-SEP-IRAs_Hero.webp\",\"datePublished\":\"2022-09-12T19:41:41+00:00\",\"dateModified\":\"2024-09-09T22:41:57+00:00\",\"description\":\"Los Planes de Pensiones de Empleados Simplificados (SEP IRA), permiten a los propietarios de peque\u00f1as empresas ahorrar para la jubilaci\u00f3n de forma sencilla y c\u00f3moda y recibir un beneficio con impuestos diferidos. \u00a1Es hora de empezar a ahorrar!\",\"breadcrumb\":{\"@id\":\"https:\\\/\\\/www.iccu.com\\\/es\\\/business\\\/savings\\\/sep-ira\\\/#breadcrumb\"},\"inLanguage\":\"es\",\"potentialAction\":[{\"@type\":\"ReadAction\",\"target\":[\"https:\\\/\\\/www.iccu.com\\\/es\\\/business\\\/savings\\\/sep-ira\\\/\"]}]},{\"@type\":\"ImageObject\",\"inLanguage\":\"es\",\"@id\":\"https:\\\/\\\/www.iccu.com\\\/es\\\/business\\\/savings\\\/sep-ira\\\/#primaryimage\",\"url\":\"https:\\\/\\\/www.iccu.com\\\/wp-content\\\/uploads\\\/2023\\\/01\\\/Business-SEP-IRAs_Hero.webp\",\"contentUrl\":\"https:\\\/\\\/www.iccu.com\\\/wp-content\\\/uploads\\\/2023\\\/01\\\/Business-SEP-IRAs_Hero.webp\",\"width\":390,\"height\":293},{\"@type\":\"BreadcrumbList\",\"@id\":\"https:\\\/\\\/www.iccu.com\\\/es\\\/business\\\/savings\\\/sep-ira\\\/#breadcrumb\",\"itemListElement\":[{\"@type\":\"ListItem\",\"position\":1,\"name\":\"Home\",\"item\":\"https:\\\/\\\/www.iccu.com\\\/es\\\/\"},{\"@type\":\"ListItem\",\"position\":2,\"name\":\"T\u00fa oc\u00fapate de los negocios. Nosotros nos ocuparemos de los bancos.\",\"item\":\"https:\\\/\\\/www.iccu.com\\\/es\\\/business\\\/\"},{\"@type\":\"ListItem\",\"position\":3,\"name\":\"Cuentas de ahorro para negocios\",\"item\":\"https:\\\/\\\/www.iccu.com\\\/es\\\/business\\\/savings\\\/\"},{\"@type\":\"ListItem\",\"position\":4,\"name\":\"IRA SEP para negocios\"}]},{\"@type\":\"WebSite\",\"@id\":\"https:\\\/\\\/www.iccu.com\\\/es\\\/#website\",\"url\":\"https:\\\/\\\/www.iccu.com\\\/es\\\/\",\"name\":\"ICCU\",\"description\":\"Looking after your daily balance.\",\"publisher\":{\"@id\":\"https:\\\/\\\/www.iccu.com\\\/es\\\/#organization\"},\"alternateName\":\"ICCU\",\"potentialAction\":[{\"@type\":\"SearchAction\",\"target\":{\"@type\":\"EntryPoint\",\"urlTemplate\":\"https:\\\/\\\/www.iccu.com\\\/es\\\/?s={search_term_string}\"},\"query-input\":{\"@type\":\"PropertyValueSpecification\",\"valueRequired\":true,\"valueName\":\"search_term_string\"}}],\"inLanguage\":\"es\"},{\"@type\":\"Organization\",\"@id\":\"https:\\\/\\\/www.iccu.com\\\/es\\\/#organization\",\"name\":\"ICCU\",\"url\":\"https:\\\/\\\/www.iccu.com\\\/es\\\/\",\"logo\":{\"@type\":\"ImageObject\",\"inLanguage\":\"es\",\"@id\":\"https:\\\/\\\/www.iccu.com\\\/es\\\/#\\\/schema\\\/logo\\\/image\\\/\",\"url\":\"https:\\\/\\\/www.iccu.com\\\/wp-content\\\/uploads\\\/2025\\\/03\\\/ICCU-logo-2color_696x696.png\",\"contentUrl\":\"https:\\\/\\\/www.iccu.com\\\/wp-content\\\/uploads\\\/2025\\\/03\\\/ICCU-logo-2color_696x696.png\",\"width\":696,\"height\":696,\"caption\":\"ICCU\"},\"image\":{\"@id\":\"https:\\\/\\\/www.iccu.com\\\/es\\\/#\\\/schema\\\/logo\\\/image\\\/\"},\"sameAs\":[\"https:\\\/\\\/www.facebook.com\\\/IdahoCentralCreditUnion\",\"https:\\\/\\\/x.com\\\/Idaho_Central\",\"https:\\\/\\\/www.youtube.com\\\/idahocentralcu\",\"https:\\\/\\\/www.linkedin.com\\\/company\\\/idahocentralcreditunion\\\/\",\"https:\\\/\\\/www.instagram.com\\\/idahocentralcu\\\/\"],\"description\":\"ICCU is a state-chartered credit union in the western United States, headquartered in Chubbuck, Idaho. Whether you\u2019re banking in the branch or banking on the go, ICCU is looking after your daily balance. Get great rates on auto and home loans. Check out our Visa Rewards Cards. Discover more perks with Central Plus Checking. Bank your way with drive-thru, ATM, live video chat, mobile banking. Open Saturdays. We also offer investment, insurance, and business solutions. As a member of ICCU, you\u2019ll have a financial leader that\u2019s helping you achieve financial success. Routing Number: 324173626. NMLS ID: 433926.\",\"email\":\"memberservice@iccu.com\",\"telephone\":\"(800) 456-5067\",\"foundingDate\":\"1940-06-28\",\"taxID\":\"82-0217065\",\"duns\":\"108135278\",\"numberOfEmployees\":{\"@type\":\"QuantitativeValue\",\"minValue\":\"1001\",\"maxValue\":\"5000\"}}]}<\/script>\n<!-- \/ Yoast SEO Premium plugin. -->","yoast_head_json":{"title":"IRA SEP para negocios - ICCU","description":"Los Planes de Pensiones de Empleados Simplificados (SEP IRA), permiten a los propietarios de peque\u00f1as empresas ahorrar para la jubilaci\u00f3n de forma sencilla y c\u00f3moda y recibir un beneficio con impuestos diferidos. \u00a1Es hora de empezar a ahorrar!","robots":{"index":"index","follow":"follow","max-snippet":"max-snippet:-1","max-image-preview":"max-image-preview:large","max-video-preview":"max-video-preview:-1"},"canonical":"https:\/\/www.iccu.com\/es\/business\/savings\/sep-ira\/","og_locale":"es_ES","og_type":"article","og_title":"IRA SEP para negocios","og_description":"Los Planes de Pensiones de Empleados Simplificados (SEP IRA), permiten a los propietarios de peque\u00f1as empresas ahorrar para la jubilaci\u00f3n de forma sencilla y c\u00f3moda y recibir un beneficio con impuestos diferidos. \u00a1Es hora de empezar a ahorrar!","og_url":"https:\/\/www.iccu.com\/es\/business\/savings\/sep-ira\/","og_site_name":"ICCU","article_publisher":"https:\/\/www.facebook.com\/IdahoCentralCreditUnion","article_modified_time":"2024-09-09T22:41:57+00:00","og_image":[{"width":390,"height":293,"url":"https:\/\/www.iccu.com\/wp-content\/uploads\/2023\/01\/Business-SEP-IRAs_Hero.webp","type":"image\/webp"}],"twitter_card":"summary_large_image","twitter_site":"@Idaho_Central","twitter_misc":{"Tiempo de lectura":"2 minutos"},"schema":{"@context":"https:\/\/schema.org","@graph":[{"@type":"WebPage","@id":"https:\/\/www.iccu.com\/es\/business\/savings\/sep-ira\/","url":"https:\/\/www.iccu.com\/es\/business\/savings\/sep-ira\/","name":"IRA SEP para negocios - ICCU","isPartOf":{"@id":"https:\/\/www.iccu.com\/es\/#website"},"primaryImageOfPage":{"@id":"https:\/\/www.iccu.com\/es\/business\/savings\/sep-ira\/#primaryimage"},"image":{"@id":"https:\/\/www.iccu.com\/es\/business\/savings\/sep-ira\/#primaryimage"},"thumbnailUrl":"https:\/\/www.iccu.com\/wp-content\/uploads\/2023\/01\/Business-SEP-IRAs_Hero.webp","datePublished":"2022-09-12T19:41:41+00:00","dateModified":"2024-09-09T22:41:57+00:00","description":"Los Planes de Pensiones de Empleados Simplificados (SEP IRA), permiten a los propietarios de peque\u00f1as empresas ahorrar para la jubilaci\u00f3n de forma sencilla y c\u00f3moda y recibir un beneficio con impuestos diferidos. \u00a1Es hora de empezar a ahorrar!","breadcrumb":{"@id":"https:\/\/www.iccu.com\/es\/business\/savings\/sep-ira\/#breadcrumb"},"inLanguage":"es","potentialAction":[{"@type":"ReadAction","target":["https:\/\/www.iccu.com\/es\/business\/savings\/sep-ira\/"]}]},{"@type":"ImageObject","inLanguage":"es","@id":"https:\/\/www.iccu.com\/es\/business\/savings\/sep-ira\/#primaryimage","url":"https:\/\/www.iccu.com\/wp-content\/uploads\/2023\/01\/Business-SEP-IRAs_Hero.webp","contentUrl":"https:\/\/www.iccu.com\/wp-content\/uploads\/2023\/01\/Business-SEP-IRAs_Hero.webp","width":390,"height":293},{"@type":"BreadcrumbList","@id":"https:\/\/www.iccu.com\/es\/business\/savings\/sep-ira\/#breadcrumb","itemListElement":[{"@type":"ListItem","position":1,"name":"Home","item":"https:\/\/www.iccu.com\/es\/"},{"@type":"ListItem","position":2,"name":"T\u00fa oc\u00fapate de los negocios. Nosotros nos ocuparemos de los bancos.","item":"https:\/\/www.iccu.com\/es\/business\/"},{"@type":"ListItem","position":3,"name":"Cuentas de ahorro para negocios","item":"https:\/\/www.iccu.com\/es\/business\/savings\/"},{"@type":"ListItem","position":4,"name":"IRA SEP para negocios"}]},{"@type":"WebSite","@id":"https:\/\/www.iccu.com\/es\/#website","url":"https:\/\/www.iccu.com\/es\/","name":"ICCU","description":"Looking after your daily balance.","publisher":{"@id":"https:\/\/www.iccu.com\/es\/#organization"},"alternateName":"ICCU","potentialAction":[{"@type":"SearchAction","target":{"@type":"EntryPoint","urlTemplate":"https:\/\/www.iccu.com\/es\/?s={search_term_string}"},"query-input":{"@type":"PropertyValueSpecification","valueRequired":true,"valueName":"search_term_string"}}],"inLanguage":"es"},{"@type":"Organization","@id":"https:\/\/www.iccu.com\/es\/#organization","name":"ICCU","url":"https:\/\/www.iccu.com\/es\/","logo":{"@type":"ImageObject","inLanguage":"es","@id":"https:\/\/www.iccu.com\/es\/#\/schema\/logo\/image\/","url":"https:\/\/www.iccu.com\/wp-content\/uploads\/2025\/03\/ICCU-logo-2color_696x696.png","contentUrl":"https:\/\/www.iccu.com\/wp-content\/uploads\/2025\/03\/ICCU-logo-2color_696x696.png","width":696,"height":696,"caption":"ICCU"},"image":{"@id":"https:\/\/www.iccu.com\/es\/#\/schema\/logo\/image\/"},"sameAs":["https:\/\/www.facebook.com\/IdahoCentralCreditUnion","https:\/\/x.com\/Idaho_Central","https:\/\/www.youtube.com\/idahocentralcu","https:\/\/www.linkedin.com\/company\/idahocentralcreditunion\/","https:\/\/www.instagram.com\/idahocentralcu\/"],"description":"ICCU is a state-chartered credit union in the western United States, headquartered in Chubbuck, Idaho. Whether you\u2019re banking in the branch or banking on the go, ICCU is looking after your daily balance. Get great rates on auto and home loans. Check out our Visa Rewards Cards. Discover more perks with Central Plus Checking. Bank your way with drive-thru, ATM, live video chat, mobile banking. Open Saturdays. We also offer investment, insurance, and business solutions. As a member of ICCU, you\u2019ll have a financial leader that\u2019s helping you achieve financial success. Routing Number: 324173626. NMLS ID: 433926.","email":"memberservice@iccu.com","telephone":"(800) 456-5067","foundingDate":"1940-06-28","taxID":"82-0217065","duns":"108135278","numberOfEmployees":{"@type":"QuantitativeValue","minValue":"1001","maxValue":"5000"}}]}},"_links":{"self":[{"href":"https:\/\/www.iccu.com\/es\/wp-json\/wp\/v2\/pages\/18863","targetHints":{"allow":["GET"]}}],"collection":[{"href":"https:\/\/www.iccu.com\/es\/wp-json\/wp\/v2\/pages"}],"about":[{"href":"https:\/\/www.iccu.com\/es\/wp-json\/wp\/v2\/types\/page"}],"author":[{"embeddable":true,"href":"https:\/\/www.iccu.com\/es\/wp-json\/wp\/v2\/users\/1"}],"replies":[{"embeddable":true,"href":"https:\/\/www.iccu.com\/es\/wp-json\/wp\/v2\/comments?post=18863"}],"version-history":[{"count":1,"href":"https:\/\/www.iccu.com\/es\/wp-json\/wp\/v2\/pages\/18863\/revisions"}],"predecessor-version":[{"id":18864,"href":"https:\/\/www.iccu.com\/es\/wp-json\/wp\/v2\/pages\/18863\/revisions\/18864"}],"up":[{"embeddable":true,"href":"https:\/\/www.iccu.com\/es\/wp-json\/wp\/v2\/pages\/18833"}],"wp:featuredmedia":[{"embeddable":true,"href":"https:\/\/www.iccu.com\/es\/wp-json\/wp\/v2\/media\/17078"}],"wp:attachment":[{"href":"https:\/\/www.iccu.com\/es\/wp-json\/wp\/v2\/media?parent=18863"}],"curies":[{"name":"wp","href":"https:\/\/api.w.org\/{rel}","templated":true}]}}