{"id":18869,"date":"2023-03-16T15:48:19","date_gmt":"2023-03-16T21:48:19","guid":{"rendered":"https:\/\/www.iccu.com\/inversion-y-seguros\/"},"modified":"2025-03-24T12:04:10","modified_gmt":"2025-03-24T18:04:10","slug":"investing-insurance","status":"publish","type":"page","link":"https:\/\/www.iccu.com\/es\/investing-insurance\/","title":{"rendered":"Inversi\u00f3n y seguros"},"content":{"rendered":"\n<div class=\"wp-block-group alignfull has-light-gray-background-color has-background\"><div class=\"wp-block-group__inner-container is-layout-constrained wp-block-group-is-layout-constrained\">\n<div class=\"wp-block-columns alignwide is-layout-flex wp-container-core-columns-is-layout-9d6595d7 wp-block-columns-is-layout-flex\">\n<div class=\"wp-block-column is-layout-flow wp-block-column-is-layout-flow\">\n<h2 class=\"wp-block-heading alignwide is-style-h2 has-green-color has-text-color\" id=\"h-wealth-management\">Gesti\u00f3n de patrimonios<\/h2>\n<\/div>\n<\/div>\n\n\n\n<div class=\"wp-block-columns alignwide is-layout-flex wp-container-core-columns-is-layout-9d6595d7 wp-block-columns-is-layout-flex\">\n<div class=\"wp-block-column is-layout-flow wp-block-column-is-layout-flow\">\n<figure class=\"wp-block-image size-full\"><img loading=\"lazy\" decoding=\"async\" width=\"390\" height=\"293\" src=\"https:\/\/www.iccu.com\/wp-content\/uploads\/2023\/03\/Wealth-Management_Hero.webp\" alt=\"\" class=\"wp-image-8549\" srcset=\"https:\/\/www.iccu.com\/wp-content\/uploads\/2023\/03\/Wealth-Management_Hero.webp 390w, https:\/\/www.iccu.com\/wp-content\/uploads\/2023\/03\/Wealth-Management_Hero-285x214.webp 285w\" sizes=\"auto, (max-width: 390px) 100vw, 390px\" \/><\/figure>\n<\/div>\n\n\n\n<div class=\"wp-block-column is-layout-flow wp-block-column-is-layout-flow\">\n<p class=\"has-lg-font-size\">Gestionar tu patrimonio puede simplificarse con la ayuda de ICCU. Tenemos las herramientas y los recursos adecuados para planificar, invertir y navegar por situaciones financieras complejas. \u00a1Nuestro equipo est\u00e1 preparado!<\/p>\n\n\n\n<div class=\"wp-block-buttons is-layout-flex wp-block-buttons-is-layout-flex\">\n<div class=\"wp-block-button\"><a class=\"wp-block-button__link wp-element-button\" href=\"https:\/\/www.iccu.com\/es\/wealth\/\">Ver opciones<\/a><\/div>\n<\/div>\n<\/div>\n<\/div>\n<\/div><\/div>\n\n<div class=\"wp-block-group alignfull has-white-background-color has-background\"><div class=\"wp-block-group__inner-container is-layout-constrained wp-block-group-is-layout-constrained\">\n<div class=\"wp-block-columns alignwide is-layout-flex wp-container-core-columns-is-layout-9d6595d7 wp-block-columns-is-layout-flex\">\n<div class=\"wp-block-column is-layout-flow wp-block-column-is-layout-flow\">\n<h2 class=\"wp-block-heading alignwide is-style-h2 has-black-color has-text-color\" id=\"h-insurance-amp-protection\"><strong>Seguros y protecci\u00f3n<\/strong><\/h2>\n<\/div>\n<\/div>\n\n\n\n<div class=\"wp-block-columns alignwide is-layout-flex wp-container-core-columns-is-layout-9d6595d7 wp-block-columns-is-layout-flex\">\n<div class=\"wp-block-column is-layout-flow wp-block-column-is-layout-flow\">\n<p class=\"has-lg-font-size\">En ICCU, creemos que la tranquilidad no tiene precio cuando est\u00e1s en el camino hacia el \u00e9xito financiero. Por eso te ofrecemos las opciones de seguro y protecci\u00f3n adecuadas para cubrirte sean cuales sean tus necesidades.<\/p>\n\n\n\n<div class=\"wp-block-buttons is-layout-flex wp-block-buttons-is-layout-flex\">\n<div class=\"wp-block-button\"><a class=\"wp-block-button__link wp-element-button\" href=\"https:\/\/www.iccu.com\/es\/insurance\/\">Ver opciones<\/a><\/div>\n<\/div>\n<\/div>\n\n\n\n<div class=\"wp-block-column is-layout-flow wp-block-column-is-layout-flow\">\n<figure class=\"wp-block-image size-full\"><img loading=\"lazy\" decoding=\"async\" width=\"390\" height=\"293\" src=\"https:\/\/www.iccu.com\/wp-content\/uploads\/2023\/03\/Insurance-Protection_Hero.webp\" alt=\"\" class=\"wp-image-8550\" srcset=\"https:\/\/www.iccu.com\/wp-content\/uploads\/2023\/03\/Insurance-Protection_Hero.webp 390w, https:\/\/www.iccu.com\/wp-content\/uploads\/2023\/03\/Insurance-Protection_Hero-285x214.webp 285w\" sizes=\"auto, (max-width: 390px) 100vw, 390px\" \/><\/figure>\n<\/div>\n<\/div>\n<\/div><\/div>\n","protected":false},"excerpt":{"rendered":"<p>Gesti\u00f3n de patrimonios Gestionar tu patrimonio puede simplificarse con la ayuda de ICCU. Tenemos las herramientas y los recursos adecuados [&hellip;]<\/p>\n","protected":false},"author":3,"featured_media":17393,"parent":0,"menu_order":40,"comment_status":"closed","ping_status":"closed","template":"product-family-page.php","meta":{"_acf_changed":false,"_searchwp_excluded":"","footnotes":""},"class_list":["post-18869","page","type-page","status-publish","has-post-thumbnail","hentry"],"acf":[],"yoast_head":"<!-- This site is optimized with the Yoast SEO Premium plugin v27.4 (Yoast SEO v27.4) - https:\/\/yoast.com\/product\/yoast-seo-premium-wordpress\/ -->\n<title>Inversi\u00f3n y seguros - ICCU<\/title>\n<meta name=\"robots\" content=\"index, follow, max-snippet:-1, max-image-preview:large, max-video-preview:-1\" \/>\n<link rel=\"canonical\" href=\"https:\/\/www.iccu.com\/es\/investing-insurance\/\" \/>\n<meta property=\"og:locale\" content=\"es_ES\" \/>\n<meta property=\"og:type\" content=\"article\" \/>\n<meta property=\"og:title\" content=\"Inversi\u00f3n y seguros\" \/>\n<meta property=\"og:description\" content=\"Gesti\u00f3n de patrimonios Gestionar tu patrimonio puede simplificarse con la ayuda de ICCU. Tenemos las herramientas y los recursos adecuados [&hellip;]\" \/>\n<meta property=\"og:url\" content=\"https:\/\/www.iccu.com\/es\/investing-insurance\/\" \/>\n<meta property=\"og:site_name\" content=\"ICCU\" \/>\n<meta property=\"article:publisher\" content=\"https:\/\/www.facebook.com\/IdahoCentralCreditUnion\" \/>\n<meta property=\"article:modified_time\" content=\"2025-03-24T18:04:10+00:00\" \/>\n<meta property=\"og:image\" content=\"https:\/\/www.iccu.com\/wp-content\/uploads\/2023\/03\/Investing-Insurance_Hero.webp\" \/>\n\t<meta property=\"og:image:width\" content=\"990\" \/>\n\t<meta property=\"og:image:height\" content=\"755\" \/>\n\t<meta property=\"og:image:type\" content=\"image\/webp\" \/>\n<meta name=\"twitter:card\" content=\"summary_large_image\" \/>\n<meta name=\"twitter:site\" content=\"@Idaho_Central\" \/>\n<meta name=\"twitter:label1\" content=\"Tiempo de lectura\" \/>\n\t<meta name=\"twitter:data1\" content=\"2 minutos\" \/>\n<script type=\"application\/ld+json\" class=\"yoast-schema-graph\">{\"@context\":\"https:\\\/\\\/schema.org\",\"@graph\":[{\"@type\":\"WebPage\",\"@id\":\"https:\\\/\\\/www.iccu.com\\\/es\\\/investing-insurance\\\/\",\"url\":\"https:\\\/\\\/www.iccu.com\\\/es\\\/investing-insurance\\\/\",\"name\":\"Inversi\u00f3n y seguros - ICCU\",\"isPartOf\":{\"@id\":\"https:\\\/\\\/www.iccu.com\\\/es\\\/#website\"},\"primaryImageOfPage\":{\"@id\":\"https:\\\/\\\/www.iccu.com\\\/es\\\/investing-insurance\\\/#primaryimage\"},\"image\":{\"@id\":\"https:\\\/\\\/www.iccu.com\\\/es\\\/investing-insurance\\\/#primaryimage\"},\"thumbnailUrl\":\"https:\\\/\\\/www.iccu.com\\\/wp-content\\\/uploads\\\/2023\\\/03\\\/Investing-Insurance_Hero.webp\",\"datePublished\":\"2023-03-16T21:48:19+00:00\",\"dateModified\":\"2025-03-24T18:04:10+00:00\",\"breadcrumb\":{\"@id\":\"https:\\\/\\\/www.iccu.com\\\/es\\\/investing-insurance\\\/#breadcrumb\"},\"inLanguage\":\"es\",\"potentialAction\":[{\"@type\":\"ReadAction\",\"target\":[\"https:\\\/\\\/www.iccu.com\\\/es\\\/investing-insurance\\\/\"]}]},{\"@type\":\"ImageObject\",\"inLanguage\":\"es\",\"@id\":\"https:\\\/\\\/www.iccu.com\\\/es\\\/investing-insurance\\\/#primaryimage\",\"url\":\"https:\\\/\\\/www.iccu.com\\\/wp-content\\\/uploads\\\/2023\\\/03\\\/Investing-Insurance_Hero.webp\",\"contentUrl\":\"https:\\\/\\\/www.iccu.com\\\/wp-content\\\/uploads\\\/2023\\\/03\\\/Investing-Insurance_Hero.webp\",\"width\":990,\"height\":755},{\"@type\":\"BreadcrumbList\",\"@id\":\"https:\\\/\\\/www.iccu.com\\\/es\\\/investing-insurance\\\/#breadcrumb\",\"itemListElement\":[{\"@type\":\"ListItem\",\"position\":1,\"name\":\"Home\",\"item\":\"https:\\\/\\\/www.iccu.com\\\/es\\\/\"},{\"@type\":\"ListItem\",\"position\":2,\"name\":\"Inversi\u00f3n y seguros\"}]},{\"@type\":\"WebSite\",\"@id\":\"https:\\\/\\\/www.iccu.com\\\/es\\\/#website\",\"url\":\"https:\\\/\\\/www.iccu.com\\\/es\\\/\",\"name\":\"ICCU\",\"description\":\"Looking after your daily balance.\",\"publisher\":{\"@id\":\"https:\\\/\\\/www.iccu.com\\\/es\\\/#organization\"},\"alternateName\":\"ICCU\",\"potentialAction\":[{\"@type\":\"SearchAction\",\"target\":{\"@type\":\"EntryPoint\",\"urlTemplate\":\"https:\\\/\\\/www.iccu.com\\\/es\\\/?s={search_term_string}\"},\"query-input\":{\"@type\":\"PropertyValueSpecification\",\"valueRequired\":true,\"valueName\":\"search_term_string\"}}],\"inLanguage\":\"es\"},{\"@type\":\"Organization\",\"@id\":\"https:\\\/\\\/www.iccu.com\\\/es\\\/#organization\",\"name\":\"ICCU\",\"url\":\"https:\\\/\\\/www.iccu.com\\\/es\\\/\",\"logo\":{\"@type\":\"ImageObject\",\"inLanguage\":\"es\",\"@id\":\"https:\\\/\\\/www.iccu.com\\\/es\\\/#\\\/schema\\\/logo\\\/image\\\/\",\"url\":\"https:\\\/\\\/www.iccu.com\\\/wp-content\\\/uploads\\\/2025\\\/03\\\/ICCU-logo-2color_696x696.png\",\"contentUrl\":\"https:\\\/\\\/www.iccu.com\\\/wp-content\\\/uploads\\\/2025\\\/03\\\/ICCU-logo-2color_696x696.png\",\"width\":696,\"height\":696,\"caption\":\"ICCU\"},\"image\":{\"@id\":\"https:\\\/\\\/www.iccu.com\\\/es\\\/#\\\/schema\\\/logo\\\/image\\\/\"},\"sameAs\":[\"https:\\\/\\\/www.facebook.com\\\/IdahoCentralCreditUnion\",\"https:\\\/\\\/x.com\\\/Idaho_Central\",\"https:\\\/\\\/www.youtube.com\\\/idahocentralcu\",\"https:\\\/\\\/www.linkedin.com\\\/company\\\/idahocentralcreditunion\\\/\",\"https:\\\/\\\/www.instagram.com\\\/idahocentralcu\\\/\"],\"description\":\"ICCU is a state-chartered credit union in the western United States, headquartered in Chubbuck, Idaho. Whether you\u2019re banking in the branch or banking on the go, ICCU is looking after your daily balance. Get great rates on auto and home loans. Check out our Visa Rewards Cards. Discover more perks with Central Plus Checking. Bank your way with drive-thru, ATM, live video chat, mobile banking. Open Saturdays. We also offer investment, insurance, and business solutions. As a member of ICCU, you\u2019ll have a financial leader that\u2019s helping you achieve financial success. Routing Number: 324173626. NMLS ID: 433926.\",\"email\":\"memberservice@iccu.com\",\"telephone\":\"(800) 456-5067\",\"foundingDate\":\"1940-06-28\",\"taxID\":\"82-0217065\",\"duns\":\"108135278\",\"numberOfEmployees\":{\"@type\":\"QuantitativeValue\",\"minValue\":\"1001\",\"maxValue\":\"5000\"}}]}<\/script>\n<!-- \/ Yoast SEO Premium plugin. -->","yoast_head_json":{"title":"Inversi\u00f3n y seguros - ICCU","robots":{"index":"index","follow":"follow","max-snippet":"max-snippet:-1","max-image-preview":"max-image-preview:large","max-video-preview":"max-video-preview:-1"},"canonical":"https:\/\/www.iccu.com\/es\/investing-insurance\/","og_locale":"es_ES","og_type":"article","og_title":"Inversi\u00f3n y seguros","og_description":"Gesti\u00f3n de patrimonios Gestionar tu patrimonio puede simplificarse con la ayuda de ICCU. Tenemos las herramientas y los recursos adecuados [&hellip;]","og_url":"https:\/\/www.iccu.com\/es\/investing-insurance\/","og_site_name":"ICCU","article_publisher":"https:\/\/www.facebook.com\/IdahoCentralCreditUnion","article_modified_time":"2025-03-24T18:04:10+00:00","og_image":[{"width":990,"height":755,"url":"https:\/\/www.iccu.com\/wp-content\/uploads\/2023\/03\/Investing-Insurance_Hero.webp","type":"image\/webp"}],"twitter_card":"summary_large_image","twitter_site":"@Idaho_Central","twitter_misc":{"Tiempo de lectura":"2 minutos"},"schema":{"@context":"https:\/\/schema.org","@graph":[{"@type":"WebPage","@id":"https:\/\/www.iccu.com\/es\/investing-insurance\/","url":"https:\/\/www.iccu.com\/es\/investing-insurance\/","name":"Inversi\u00f3n y seguros - ICCU","isPartOf":{"@id":"https:\/\/www.iccu.com\/es\/#website"},"primaryImageOfPage":{"@id":"https:\/\/www.iccu.com\/es\/investing-insurance\/#primaryimage"},"image":{"@id":"https:\/\/www.iccu.com\/es\/investing-insurance\/#primaryimage"},"thumbnailUrl":"https:\/\/www.iccu.com\/wp-content\/uploads\/2023\/03\/Investing-Insurance_Hero.webp","datePublished":"2023-03-16T21:48:19+00:00","dateModified":"2025-03-24T18:04:10+00:00","breadcrumb":{"@id":"https:\/\/www.iccu.com\/es\/investing-insurance\/#breadcrumb"},"inLanguage":"es","potentialAction":[{"@type":"ReadAction","target":["https:\/\/www.iccu.com\/es\/investing-insurance\/"]}]},{"@type":"ImageObject","inLanguage":"es","@id":"https:\/\/www.iccu.com\/es\/investing-insurance\/#primaryimage","url":"https:\/\/www.iccu.com\/wp-content\/uploads\/2023\/03\/Investing-Insurance_Hero.webp","contentUrl":"https:\/\/www.iccu.com\/wp-content\/uploads\/2023\/03\/Investing-Insurance_Hero.webp","width":990,"height":755},{"@type":"BreadcrumbList","@id":"https:\/\/www.iccu.com\/es\/investing-insurance\/#breadcrumb","itemListElement":[{"@type":"ListItem","position":1,"name":"Home","item":"https:\/\/www.iccu.com\/es\/"},{"@type":"ListItem","position":2,"name":"Inversi\u00f3n y seguros"}]},{"@type":"WebSite","@id":"https:\/\/www.iccu.com\/es\/#website","url":"https:\/\/www.iccu.com\/es\/","name":"ICCU","description":"Looking after your daily balance.","publisher":{"@id":"https:\/\/www.iccu.com\/es\/#organization"},"alternateName":"ICCU","potentialAction":[{"@type":"SearchAction","target":{"@type":"EntryPoint","urlTemplate":"https:\/\/www.iccu.com\/es\/?s={search_term_string}"},"query-input":{"@type":"PropertyValueSpecification","valueRequired":true,"valueName":"search_term_string"}}],"inLanguage":"es"},{"@type":"Organization","@id":"https:\/\/www.iccu.com\/es\/#organization","name":"ICCU","url":"https:\/\/www.iccu.com\/es\/","logo":{"@type":"ImageObject","inLanguage":"es","@id":"https:\/\/www.iccu.com\/es\/#\/schema\/logo\/image\/","url":"https:\/\/www.iccu.com\/wp-content\/uploads\/2025\/03\/ICCU-logo-2color_696x696.png","contentUrl":"https:\/\/www.iccu.com\/wp-content\/uploads\/2025\/03\/ICCU-logo-2color_696x696.png","width":696,"height":696,"caption":"ICCU"},"image":{"@id":"https:\/\/www.iccu.com\/es\/#\/schema\/logo\/image\/"},"sameAs":["https:\/\/www.facebook.com\/IdahoCentralCreditUnion","https:\/\/x.com\/Idaho_Central","https:\/\/www.youtube.com\/idahocentralcu","https:\/\/www.linkedin.com\/company\/idahocentralcreditunion\/","https:\/\/www.instagram.com\/idahocentralcu\/"],"description":"ICCU is a state-chartered credit union in the western United States, headquartered in Chubbuck, Idaho. Whether you\u2019re banking in the branch or banking on the go, ICCU is looking after your daily balance. Get great rates on auto and home loans. Check out our Visa Rewards Cards. Discover more perks with Central Plus Checking. Bank your way with drive-thru, ATM, live video chat, mobile banking. Open Saturdays. We also offer investment, insurance, and business solutions. As a member of ICCU, you\u2019ll have a financial leader that\u2019s helping you achieve financial success. Routing Number: 324173626. NMLS ID: 433926.","email":"memberservice@iccu.com","telephone":"(800) 456-5067","foundingDate":"1940-06-28","taxID":"82-0217065","duns":"108135278","numberOfEmployees":{"@type":"QuantitativeValue","minValue":"1001","maxValue":"5000"}}]}},"_links":{"self":[{"href":"https:\/\/www.iccu.com\/es\/wp-json\/wp\/v2\/pages\/18869","targetHints":{"allow":["GET"]}}],"collection":[{"href":"https:\/\/www.iccu.com\/es\/wp-json\/wp\/v2\/pages"}],"about":[{"href":"https:\/\/www.iccu.com\/es\/wp-json\/wp\/v2\/types\/page"}],"author":[{"embeddable":true,"href":"https:\/\/www.iccu.com\/es\/wp-json\/wp\/v2\/users\/3"}],"replies":[{"embeddable":true,"href":"https:\/\/www.iccu.com\/es\/wp-json\/wp\/v2\/comments?post=18869"}],"version-history":[{"count":3,"href":"https:\/\/www.iccu.com\/es\/wp-json\/wp\/v2\/pages\/18869\/revisions"}],"predecessor-version":[{"id":21728,"href":"https:\/\/www.iccu.com\/es\/wp-json\/wp\/v2\/pages\/18869\/revisions\/21728"}],"wp:featuredmedia":[{"embeddable":true,"href":"https:\/\/www.iccu.com\/es\/wp-json\/wp\/v2\/media\/17393"}],"wp:attachment":[{"href":"https:\/\/www.iccu.com\/es\/wp-json\/wp\/v2\/media?parent=18869"}],"curies":[{"name":"wp","href":"https:\/\/api.w.org\/{rel}","templated":true}]}}