{"id":18881,"date":"2022-07-19T13:07:04","date_gmt":"2022-07-19T19:07:04","guid":{"rendered":"https:\/\/www.iccu.com\/wealth\/planning-investing\/conoce-a-nuestros-asesores-financieros\/"},"modified":"2026-01-23T11:38:51","modified_gmt":"2026-01-23T18:38:51","slug":"financial-advisors","status":"publish","type":"page","link":"https:\/\/www.iccu.com\/es\/wealth\/planning-investing\/financial-advisors\/","title":{"rendered":"Conoce a nuestros asesores financieros"},"content":{"rendered":"<section id=\"block_aad96fe93c47c5d08a62149ac6db989c\" class=\"o-meet-the-team \">\n    <div class=\"o-meet-the-team__inner\">\n        \n                    <div class=\"o-meet-the-team__no-results\">\n                <p>No Mortgage Loan Officers found.<\/p>\n            <\/div>\n            <\/div>\n<\/section>\n\n<div class=\"wp-block-group alignfull has-light-gray-background-color has-background\"><div class=\"wp-block-group__inner-container is-layout-flow wp-block-group-is-layout-flow\">\n<div class=\"wp-block-columns alignwide is-layout-flex wp-container-core-columns-is-layout-9d6595d7 wp-block-columns-is-layout-flex\">\n<div class=\"wp-block-column is-layout-flow wp-block-column-is-layout-flow\">\n<h2 class=\"wp-block-heading has-text-align-left has-green-color has-text-color\" id=\"h-contact-us\">Contacta con nosotros<\/h2>\n<\/div>\n<\/div>\n\n\n\n<div class=\"wp-block-columns alignwide is-layout-flex wp-container-core-columns-is-layout-9d6595d7 wp-block-columns-is-layout-flex\">\n<div class=\"wp-block-column is-layout-flow wp-block-column-is-layout-flow\">\n<div class=\"wp-block-columns is-layout-flex wp-container-core-columns-is-layout-9d6595d7 wp-block-columns-is-layout-flex\">\n<div class=\"wp-block-column is-layout-flow wp-block-column-is-layout-flow\">\n<div class=\"wp-block-columns is-layout-flex wp-container-core-columns-is-layout-9d6595d7 wp-block-columns-is-layout-flex\">\n<div class=\"wp-block-column is-layout-flow wp-block-column-is-layout-flow\">\n<p>\u00bfTienes preguntas? No dudes en ponerte en contacto con nuestro Equipo de Gesti\u00f3n Patrimonial para empezar hoy mismo. \u00a1Nos encantan las preguntas!<\/p>\n\n\n\n<p class=\"has-lg-font-size\"><strong><a href=\"tel:208-519-5847\">(208) 519-5847<\/a><\/strong><br\/>Lunes-viernes: 8:30-5:30 MT<br\/><strong><a href=\"mailto:icwm@idcwealth.com\">icwm@iccuwealth.com<\/a><\/strong><\/p>\n\n\n\n<div class=\"wp-block-buttons is-layout-flex wp-block-buttons-is-layout-flex\">\n<div class=\"wp-block-button\"><a class=\"wp-block-button__link wp-element-button\" href=\"https:\/\/www.iccu.com\/es\/wealth\/planning-investing\/contact\/\">Contacta con nosotros<\/a><\/div>\n<\/div>\n<\/div>\n\n\n\n<div class=\"wp-block-column is-layout-flow wp-block-column-is-layout-flow\">\n<figure class=\"wp-block-image size-full\"><img loading=\"lazy\" decoding=\"async\" width=\"410\" height=\"313\" src=\"https:\/\/www.iccu.com\/wp-content\/uploads\/2025\/06\/Financial_Advisors_Contact_updated.webp\" alt=\"Hombre hablando con alguien por el ordenador\" class=\"wp-image-22767\"\/><\/figure>\n<\/div>\n<\/div>\n<\/div>\n<\/div>\n<\/div>\n<\/div>\n<\/div><\/div>\n\n<div class=\"wp-block-group alignfull has-white-background-color has-background\"><div class=\"wp-block-group__inner-container is-layout-flow wp-block-group-is-layout-flow\">\n<div class=\"wp-block-columns alignwide is-layout-flex wp-container-core-columns-is-layout-9d6595d7 wp-block-columns-is-layout-flex\">\n<div class=\"wp-block-column is-layout-flow wp-block-column-is-layout-flow\">\n<div class=\"wp-block-columns is-layout-flex wp-container-core-columns-is-layout-9d6595d7 wp-block-columns-is-layout-flex\">\n<div class=\"wp-block-column is-layout-flow wp-block-column-is-layout-flow\">\n<div class=\"wp-block-columns is-layout-flex wp-container-core-columns-is-layout-9d6595d7 wp-block-columns-is-layout-flex\">\n<div class=\"wp-block-column is-layout-flow wp-block-column-is-layout-flow\">\n<p class=\"has-xs-font-size\">Valores ofrecidos a trav\u00e9s de <strong>Osaic Institutions, Inc<\/strong>. miembro de FINRA\/SIPC. Los servicios de asesoramiento de inversiones se ofrecen a trav\u00e9s de Osaic Advisory Services, LLC y Osaic Institutions, Inc. que son asesores de inversiones registrados.<strong> ICCU Wealth Management<\/strong> es un nombre comercial de Idaho Central Credit Union (\u00abICCU\u00bb). Osaic Institutions, Inc. y Osaic Advisory Services, LLC no est\u00e1n afiliadas a ICCU. Los productos y servicios disponibles a trav\u00e9s de Osaic Institutions no est\u00e1n asegurados por la FDIC\/NCUA ni por ninguna otra agencia de los Estados Unidos y no son dep\u00f3sitos ni obligaciones de ning\u00fan banco, filial bancaria, cooperativa de cr\u00e9dito o filial de cooperativa de cr\u00e9dito, ni est\u00e1n garantizados ni asegurados por ellos. <strong>Estos productos est\u00e1n sujetos al riesgo de inversi\u00f3n, incluida la posible p\u00e9rdida de valor<\/strong>.   <\/p>\n\n\n\n<p class=\"has-xs-font-size\"><strong><strong>OSAIC Instituciones y sus representantes no proporcionan asesoramiento fiscal o jur\u00eddico; por lo tanto, es importante que te coordines con tu asesor fiscal o jur\u00eddico en relaci\u00f3n con tu situaci\u00f3n espec\u00edfica.<\/strong><\/strong><\/p>\n\n\n\n<p class=\"has-xs-font-size\">Este sitio se publica para residentes en Estados Unidos y s\u00f3lo tiene fines informativos y no constituye una oferta de venta ni una solicitud de oferta de compra de ning\u00fan valor o producto al que pueda hacerse referencia en \u00e9l. Las personas mencionadas en este sitio web s\u00f3lo pueden ofrecer servicios y realizar transacciones comerciales y\/o responder a consultas en estados o jurisdicciones en los que hayan sido debidamente registradas o est\u00e9n exentas de registro. No todos los productos y servicios a los que se hace referencia en este sitio est\u00e1n disponibles en todos los estados, jurisdicciones o a trav\u00e9s de todas las personas indicadas.<\/p>\n\n\n\n<p class=\"has-xs-font-size\">Sucursal registrada en FINRA: 1111 S Silverstone Way 5th Floor, Meridian, ID 83642<\/p>\n\n\n<div class=\"wp-block-image\">\n<figure class=\"aligncenter size-full\"><img loading=\"lazy\" decoding=\"async\" width=\"300\" height=\"175\" src=\"https:\/\/www.iccu.com\/wp-content\/uploads\/2025\/06\/iccu-wealth-mgt-logo.webp\" alt=\"Logotipo de Gesti&#xF3;n Patrimonial\" class=\"wp-image-22691\"\/><\/figure>\n<\/div><\/div>\n<\/div>\n<\/div>\n<\/div>\n<\/div>\n<\/div>\n<\/div><\/div>\n","protected":false},"excerpt":{"rendered":"<p>Contacta con nosotros \u00bfTienes preguntas? No dudes en ponerte en contacto con nuestro Equipo de Gesti\u00f3n Patrimonial para empezar hoy [&hellip;]<\/p>\n","protected":false},"author":1,"featured_media":17238,"parent":18875,"menu_order":30,"comment_status":"closed","ping_status":"closed","template":"product-detail-page.php","meta":{"_acf_changed":false,"_searchwp_excluded":"","footnotes":""},"class_list":["post-18881","page","type-page","status-publish","has-post-thumbnail","hentry"],"acf":[],"yoast_head":"<!-- This site is optimized with the Yoast SEO Premium plugin v27.3 (Yoast SEO v27.3) - https:\/\/yoast.com\/product\/yoast-seo-premium-wordpress\/ -->\n<title>Conoce a nuestros asesores financieros - ICCU<\/title>\n<meta name=\"robots\" content=\"index, follow, max-snippet:-1, max-image-preview:large, max-video-preview:-1\" \/>\n<link rel=\"canonical\" href=\"https:\/\/www.iccu.com\/es\/wealth\/planning-investing\/financial-advisors\/\" \/>\n<meta property=\"og:locale\" content=\"es_ES\" \/>\n<meta property=\"og:type\" content=\"article\" \/>\n<meta property=\"og:title\" content=\"Conoce a nuestros asesores financieros\" \/>\n<meta property=\"og:description\" content=\"Contacta con nosotros \u00bfTienes preguntas? No dudes en ponerte en contacto con nuestro Equipo de Gesti\u00f3n Patrimonial para empezar hoy [&hellip;]\" \/>\n<meta property=\"og:url\" content=\"https:\/\/www.iccu.com\/es\/wealth\/planning-investing\/financial-advisors\/\" \/>\n<meta property=\"og:site_name\" content=\"ICCU\" \/>\n<meta property=\"article:publisher\" content=\"https:\/\/www.facebook.com\/IdahoCentralCreditUnion\" \/>\n<meta property=\"article:modified_time\" content=\"2026-01-23T18:38:51+00:00\" \/>\n<meta property=\"og:image\" content=\"https:\/\/www.iccu.com\/wp-content\/uploads\/2023\/02\/Financial-Advisors_Hero.webp\" \/>\n\t<meta property=\"og:image:width\" content=\"390\" \/>\n\t<meta property=\"og:image:height\" content=\"293\" \/>\n\t<meta property=\"og:image:type\" content=\"image\/webp\" \/>\n<meta name=\"twitter:card\" content=\"summary_large_image\" \/>\n<meta name=\"twitter:site\" content=\"@Idaho_Central\" \/>\n<meta name=\"twitter:label1\" content=\"Tiempo de lectura\" \/>\n\t<meta name=\"twitter:data1\" content=\"2 minutos\" \/>\n<script type=\"application\/ld+json\" class=\"yoast-schema-graph\">{\"@context\":\"https:\\\/\\\/schema.org\",\"@graph\":[{\"@type\":\"WebPage\",\"@id\":\"https:\\\/\\\/www.iccu.com\\\/es\\\/wealth\\\/planning-investing\\\/financial-advisors\\\/\",\"url\":\"https:\\\/\\\/www.iccu.com\\\/es\\\/wealth\\\/planning-investing\\\/financial-advisors\\\/\",\"name\":\"Conoce a nuestros asesores financieros - ICCU\",\"isPartOf\":{\"@id\":\"https:\\\/\\\/www.iccu.com\\\/es\\\/#website\"},\"primaryImageOfPage\":{\"@id\":\"https:\\\/\\\/www.iccu.com\\\/es\\\/wealth\\\/planning-investing\\\/financial-advisors\\\/#primaryimage\"},\"image\":{\"@id\":\"https:\\\/\\\/www.iccu.com\\\/es\\\/wealth\\\/planning-investing\\\/financial-advisors\\\/#primaryimage\"},\"thumbnailUrl\":\"https:\\\/\\\/www.iccu.com\\\/wp-content\\\/uploads\\\/2023\\\/02\\\/Financial-Advisors_Hero.webp\",\"datePublished\":\"2022-07-19T19:07:04+00:00\",\"dateModified\":\"2026-01-23T18:38:51+00:00\",\"breadcrumb\":{\"@id\":\"https:\\\/\\\/www.iccu.com\\\/es\\\/wealth\\\/planning-investing\\\/financial-advisors\\\/#breadcrumb\"},\"inLanguage\":\"es\",\"potentialAction\":[{\"@type\":\"ReadAction\",\"target\":[\"https:\\\/\\\/www.iccu.com\\\/es\\\/wealth\\\/planning-investing\\\/financial-advisors\\\/\"]}]},{\"@type\":\"ImageObject\",\"inLanguage\":\"es\",\"@id\":\"https:\\\/\\\/www.iccu.com\\\/es\\\/wealth\\\/planning-investing\\\/financial-advisors\\\/#primaryimage\",\"url\":\"https:\\\/\\\/www.iccu.com\\\/wp-content\\\/uploads\\\/2023\\\/02\\\/Financial-Advisors_Hero.webp\",\"contentUrl\":\"https:\\\/\\\/www.iccu.com\\\/wp-content\\\/uploads\\\/2023\\\/02\\\/Financial-Advisors_Hero.webp\",\"width\":390,\"height\":293},{\"@type\":\"BreadcrumbList\",\"@id\":\"https:\\\/\\\/www.iccu.com\\\/es\\\/wealth\\\/planning-investing\\\/financial-advisors\\\/#breadcrumb\",\"itemListElement\":[{\"@type\":\"ListItem\",\"position\":1,\"name\":\"Home\",\"item\":\"https:\\\/\\\/www.iccu.com\\\/es\\\/\"},{\"@type\":\"ListItem\",\"position\":2,\"name\":\"Gesti\u00f3n de patrimonios\",\"item\":\"https:\\\/\\\/www.iccu.com\\\/es\\\/wealth\\\/\"},{\"@type\":\"ListItem\",\"position\":3,\"name\":\"Planificaci\u00f3n e inversi\u00f3n\",\"item\":\"https:\\\/\\\/www.iccu.com\\\/es\\\/wealth\\\/planning-investing\\\/\"},{\"@type\":\"ListItem\",\"position\":4,\"name\":\"Conoce a nuestros asesores financieros\"}]},{\"@type\":\"WebSite\",\"@id\":\"https:\\\/\\\/www.iccu.com\\\/es\\\/#website\",\"url\":\"https:\\\/\\\/www.iccu.com\\\/es\\\/\",\"name\":\"ICCU\",\"description\":\"Looking after your daily balance.\",\"publisher\":{\"@id\":\"https:\\\/\\\/www.iccu.com\\\/es\\\/#organization\"},\"alternateName\":\"ICCU\",\"potentialAction\":[{\"@type\":\"SearchAction\",\"target\":{\"@type\":\"EntryPoint\",\"urlTemplate\":\"https:\\\/\\\/www.iccu.com\\\/es\\\/?s={search_term_string}\"},\"query-input\":{\"@type\":\"PropertyValueSpecification\",\"valueRequired\":true,\"valueName\":\"search_term_string\"}}],\"inLanguage\":\"es\"},{\"@type\":\"Organization\",\"@id\":\"https:\\\/\\\/www.iccu.com\\\/es\\\/#organization\",\"name\":\"ICCU\",\"url\":\"https:\\\/\\\/www.iccu.com\\\/es\\\/\",\"logo\":{\"@type\":\"ImageObject\",\"inLanguage\":\"es\",\"@id\":\"https:\\\/\\\/www.iccu.com\\\/es\\\/#\\\/schema\\\/logo\\\/image\\\/\",\"url\":\"https:\\\/\\\/www.iccu.com\\\/wp-content\\\/uploads\\\/2025\\\/03\\\/ICCU-logo-2color_696x696.png\",\"contentUrl\":\"https:\\\/\\\/www.iccu.com\\\/wp-content\\\/uploads\\\/2025\\\/03\\\/ICCU-logo-2color_696x696.png\",\"width\":696,\"height\":696,\"caption\":\"ICCU\"},\"image\":{\"@id\":\"https:\\\/\\\/www.iccu.com\\\/es\\\/#\\\/schema\\\/logo\\\/image\\\/\"},\"sameAs\":[\"https:\\\/\\\/www.facebook.com\\\/IdahoCentralCreditUnion\",\"https:\\\/\\\/x.com\\\/Idaho_Central\",\"https:\\\/\\\/www.youtube.com\\\/idahocentralcu\",\"https:\\\/\\\/www.linkedin.com\\\/company\\\/idahocentralcreditunion\\\/\",\"https:\\\/\\\/www.instagram.com\\\/idahocentralcu\\\/\"],\"description\":\"ICCU is a state-chartered credit union in the western United States, headquartered in Chubbuck, Idaho. Whether you\u2019re banking in the branch or banking on the go, ICCU is looking after your daily balance. Get great rates on auto and home loans. Check out our Visa Rewards Cards. Discover more perks with Central Plus Checking. Bank your way with drive-thru, ATM, live video chat, mobile banking. Open Saturdays. We also offer investment, insurance, and business solutions. As a member of ICCU, you\u2019ll have a financial leader that\u2019s helping you achieve financial success. Routing Number: 324173626. NMLS ID: 433926.\",\"email\":\"memberservice@iccu.com\",\"telephone\":\"(800) 456-5067\",\"foundingDate\":\"1940-06-28\",\"taxID\":\"82-0217065\",\"duns\":\"108135278\",\"numberOfEmployees\":{\"@type\":\"QuantitativeValue\",\"minValue\":\"1001\",\"maxValue\":\"5000\"}}]}<\/script>\n<!-- \/ Yoast SEO Premium plugin. -->","yoast_head_json":{"title":"Conoce a nuestros asesores financieros - ICCU","robots":{"index":"index","follow":"follow","max-snippet":"max-snippet:-1","max-image-preview":"max-image-preview:large","max-video-preview":"max-video-preview:-1"},"canonical":"https:\/\/www.iccu.com\/es\/wealth\/planning-investing\/financial-advisors\/","og_locale":"es_ES","og_type":"article","og_title":"Conoce a nuestros asesores financieros","og_description":"Contacta con nosotros \u00bfTienes preguntas? No dudes en ponerte en contacto con nuestro Equipo de Gesti\u00f3n Patrimonial para empezar hoy [&hellip;]","og_url":"https:\/\/www.iccu.com\/es\/wealth\/planning-investing\/financial-advisors\/","og_site_name":"ICCU","article_publisher":"https:\/\/www.facebook.com\/IdahoCentralCreditUnion","article_modified_time":"2026-01-23T18:38:51+00:00","og_image":[{"width":390,"height":293,"url":"https:\/\/www.iccu.com\/wp-content\/uploads\/2023\/02\/Financial-Advisors_Hero.webp","type":"image\/webp"}],"twitter_card":"summary_large_image","twitter_site":"@Idaho_Central","twitter_misc":{"Tiempo de lectura":"2 minutos"},"schema":{"@context":"https:\/\/schema.org","@graph":[{"@type":"WebPage","@id":"https:\/\/www.iccu.com\/es\/wealth\/planning-investing\/financial-advisors\/","url":"https:\/\/www.iccu.com\/es\/wealth\/planning-investing\/financial-advisors\/","name":"Conoce a nuestros asesores financieros - ICCU","isPartOf":{"@id":"https:\/\/www.iccu.com\/es\/#website"},"primaryImageOfPage":{"@id":"https:\/\/www.iccu.com\/es\/wealth\/planning-investing\/financial-advisors\/#primaryimage"},"image":{"@id":"https:\/\/www.iccu.com\/es\/wealth\/planning-investing\/financial-advisors\/#primaryimage"},"thumbnailUrl":"https:\/\/www.iccu.com\/wp-content\/uploads\/2023\/02\/Financial-Advisors_Hero.webp","datePublished":"2022-07-19T19:07:04+00:00","dateModified":"2026-01-23T18:38:51+00:00","breadcrumb":{"@id":"https:\/\/www.iccu.com\/es\/wealth\/planning-investing\/financial-advisors\/#breadcrumb"},"inLanguage":"es","potentialAction":[{"@type":"ReadAction","target":["https:\/\/www.iccu.com\/es\/wealth\/planning-investing\/financial-advisors\/"]}]},{"@type":"ImageObject","inLanguage":"es","@id":"https:\/\/www.iccu.com\/es\/wealth\/planning-investing\/financial-advisors\/#primaryimage","url":"https:\/\/www.iccu.com\/wp-content\/uploads\/2023\/02\/Financial-Advisors_Hero.webp","contentUrl":"https:\/\/www.iccu.com\/wp-content\/uploads\/2023\/02\/Financial-Advisors_Hero.webp","width":390,"height":293},{"@type":"BreadcrumbList","@id":"https:\/\/www.iccu.com\/es\/wealth\/planning-investing\/financial-advisors\/#breadcrumb","itemListElement":[{"@type":"ListItem","position":1,"name":"Home","item":"https:\/\/www.iccu.com\/es\/"},{"@type":"ListItem","position":2,"name":"Gesti\u00f3n de patrimonios","item":"https:\/\/www.iccu.com\/es\/wealth\/"},{"@type":"ListItem","position":3,"name":"Planificaci\u00f3n e inversi\u00f3n","item":"https:\/\/www.iccu.com\/es\/wealth\/planning-investing\/"},{"@type":"ListItem","position":4,"name":"Conoce a nuestros asesores financieros"}]},{"@type":"WebSite","@id":"https:\/\/www.iccu.com\/es\/#website","url":"https:\/\/www.iccu.com\/es\/","name":"ICCU","description":"Looking after your daily balance.","publisher":{"@id":"https:\/\/www.iccu.com\/es\/#organization"},"alternateName":"ICCU","potentialAction":[{"@type":"SearchAction","target":{"@type":"EntryPoint","urlTemplate":"https:\/\/www.iccu.com\/es\/?s={search_term_string}"},"query-input":{"@type":"PropertyValueSpecification","valueRequired":true,"valueName":"search_term_string"}}],"inLanguage":"es"},{"@type":"Organization","@id":"https:\/\/www.iccu.com\/es\/#organization","name":"ICCU","url":"https:\/\/www.iccu.com\/es\/","logo":{"@type":"ImageObject","inLanguage":"es","@id":"https:\/\/www.iccu.com\/es\/#\/schema\/logo\/image\/","url":"https:\/\/www.iccu.com\/wp-content\/uploads\/2025\/03\/ICCU-logo-2color_696x696.png","contentUrl":"https:\/\/www.iccu.com\/wp-content\/uploads\/2025\/03\/ICCU-logo-2color_696x696.png","width":696,"height":696,"caption":"ICCU"},"image":{"@id":"https:\/\/www.iccu.com\/es\/#\/schema\/logo\/image\/"},"sameAs":["https:\/\/www.facebook.com\/IdahoCentralCreditUnion","https:\/\/x.com\/Idaho_Central","https:\/\/www.youtube.com\/idahocentralcu","https:\/\/www.linkedin.com\/company\/idahocentralcreditunion\/","https:\/\/www.instagram.com\/idahocentralcu\/"],"description":"ICCU is a state-chartered credit union in the western United States, headquartered in Chubbuck, Idaho. Whether you\u2019re banking in the branch or banking on the go, ICCU is looking after your daily balance. Get great rates on auto and home loans. Check out our Visa Rewards Cards. Discover more perks with Central Plus Checking. Bank your way with drive-thru, ATM, live video chat, mobile banking. Open Saturdays. We also offer investment, insurance, and business solutions. As a member of ICCU, you\u2019ll have a financial leader that\u2019s helping you achieve financial success. Routing Number: 324173626. NMLS ID: 433926.","email":"memberservice@iccu.com","telephone":"(800) 456-5067","foundingDate":"1940-06-28","taxID":"82-0217065","duns":"108135278","numberOfEmployees":{"@type":"QuantitativeValue","minValue":"1001","maxValue":"5000"}}]}},"_links":{"self":[{"href":"https:\/\/www.iccu.com\/es\/wp-json\/wp\/v2\/pages\/18881","targetHints":{"allow":["GET"]}}],"collection":[{"href":"https:\/\/www.iccu.com\/es\/wp-json\/wp\/v2\/pages"}],"about":[{"href":"https:\/\/www.iccu.com\/es\/wp-json\/wp\/v2\/types\/page"}],"author":[{"embeddable":true,"href":"https:\/\/www.iccu.com\/es\/wp-json\/wp\/v2\/users\/1"}],"replies":[{"embeddable":true,"href":"https:\/\/www.iccu.com\/es\/wp-json\/wp\/v2\/comments?post=18881"}],"version-history":[{"count":1391,"href":"https:\/\/www.iccu.com\/es\/wp-json\/wp\/v2\/pages\/18881\/revisions"}],"predecessor-version":[{"id":34019,"href":"https:\/\/www.iccu.com\/es\/wp-json\/wp\/v2\/pages\/18881\/revisions\/34019"}],"up":[{"embeddable":true,"href":"https:\/\/www.iccu.com\/es\/wp-json\/wp\/v2\/pages\/18875"}],"wp:featuredmedia":[{"embeddable":true,"href":"https:\/\/www.iccu.com\/es\/wp-json\/wp\/v2\/media\/17238"}],"wp:attachment":[{"href":"https:\/\/www.iccu.com\/es\/wp-json\/wp\/v2\/media?parent=18881"}],"curies":[{"name":"wp","href":"https:\/\/api.w.org\/{rel}","templated":true}]}}