{"id":18886,"date":"2022-12-07T12:45:06","date_gmt":"2022-12-07T19:45:06","guid":{"rendered":"https:\/\/www.iccu.com\/wealth\/planning-investing\/conoce-a-nuestros-asesores-de-patrimonio-privado\/"},"modified":"2025-06-20T15:33:51","modified_gmt":"2025-06-20T21:33:51","slug":"private-wealth-advisors","status":"publish","type":"page","link":"https:\/\/www.iccu.com\/es\/wealth\/planning-investing\/private-wealth-advisors\/","title":{"rendered":"Conoce a nuestros asesores de patrimonio privado"},"content":{"rendered":"<section id=\"block_c880882764004a8b7dad322de56e6408\" class=\"o-meet-the-team \">\n    <div class=\"o-meet-the-team__inner\">\n        \n                    <div class=\"o-meet-the-team__no-results\">\n                <p>No Mortgage Loan Officers found.<\/p>\n            <\/div>\n            <\/div>\n<\/section>\n\n\n\n<div class=\"wp-block-group alignfull has-light-gray-background-color has-background\"><div class=\"wp-block-group__inner-container is-layout-flow wp-block-group-is-layout-flow\">\n<div class=\"wp-block-columns alignwide is-layout-flex wp-container-core-columns-is-layout-9d6595d7 wp-block-columns-is-layout-flex\">\n<div class=\"wp-block-column is-layout-flow wp-block-column-is-layout-flow\">\n<h2 class=\"wp-block-heading has-text-align-left has-green-color has-text-color\" id=\"h-contacta-con-nosotros\">Contacta con nosotros<\/h2>\n<\/div>\n<\/div>\n\n\n\n<div class=\"wp-block-columns alignwide is-layout-flex wp-container-core-columns-is-layout-9d6595d7 wp-block-columns-is-layout-flex\">\n<div class=\"wp-block-column is-layout-flow wp-block-column-is-layout-flow\">\n<div class=\"wp-block-columns is-layout-flex wp-container-core-columns-is-layout-9d6595d7 wp-block-columns-is-layout-flex\">\n<div class=\"wp-block-column is-layout-flow wp-block-column-is-layout-flow\">\n<div class=\"wp-block-columns is-layout-flex wp-container-core-columns-is-layout-9d6595d7 wp-block-columns-is-layout-flex\">\n<div class=\"wp-block-column is-layout-flow wp-block-column-is-layout-flow\">\n<p>\u00bfTienes preguntas? No dudes en ponerte en contacto con nuestro Equipo de Gesti\u00f3n Patrimonial para empezar hoy mismo. \u00a1Nos encantan las preguntas!<\/p>\n\n\n\n<p class=\"has-lg-font-size\"><strong><a href=\"tel:208-519-5847\">(208) 519-5847<\/a><\/strong><br>Lunes-viernes: 8:30am-5:30pm MT<br><strong><a href=\"mailto:icwm@idcwealth.com\">icwm@idcwealth.com<\/a><\/strong><\/p>\n\n\n\n<div class=\"wp-block-buttons is-layout-flex wp-block-buttons-is-layout-flex\">\n<div class=\"wp-block-button\"><a class=\"wp-block-button__link wp-element-button\" href=\"https:\/\/www.iccu.com\/es\/wealth\/planning-investing\/contact\/\">Contacta con nosotros<\/a><\/div>\n<\/div>\n<\/div>\n\n\n\n<div class=\"wp-block-column is-layout-flow wp-block-column-is-layout-flow\">\n<figure class=\"wp-block-image size-full\"><img loading=\"lazy\" decoding=\"async\" width=\"410\" height=\"313\" src=\"https:\/\/www.iccu.com\/wp-content\/uploads\/2025\/06\/Financial_Advisors_Contact_updated.webp\" alt=\"Man talking with someone on his computer\" class=\"wp-image-22768\"\/><\/figure>\n<\/div>\n<\/div>\n<\/div>\n<\/div>\n<\/div>\n<\/div>\n<\/div><\/div>\n\n\n\n<div class=\"wp-block-group alignfull has-white-background-color has-background\"><div class=\"wp-block-group__inner-container is-layout-flow wp-block-group-is-layout-flow\">\n<div class=\"wp-block-columns alignwide is-layout-flex wp-container-core-columns-is-layout-9d6595d7 wp-block-columns-is-layout-flex\">\n<div class=\"wp-block-column is-layout-flow wp-block-column-is-layout-flow\">\n<div class=\"wp-block-columns is-layout-flex wp-container-core-columns-is-layout-9d6595d7 wp-block-columns-is-layout-flex\">\n<div class=\"wp-block-column is-layout-flow wp-block-column-is-layout-flow\">\n<div class=\"wp-block-columns is-layout-flex wp-container-core-columns-is-layout-9d6595d7 wp-block-columns-is-layout-flex\">\n<div class=\"wp-block-column is-layout-flow wp-block-column-is-layout-flow\">\n<p class=\"has-xs-font-size\">Valores ofrecidos a trav\u00e9s de Securities America, Inc. miembro de FINRA\/SIPC. Productos de seguro ofrecidos a trav\u00e9s de Securities America o sus filiales autorizadas. Servicios de asesoramiento financiero y de inversi\u00f3n ofrecidos a trav\u00e9s de PFG Advisors, un asesor de inversiones registrado (RIA). PFG Advisors, Idaho Central Wealth Management, Idaho Central Credit Union y Securities America, Inc. son entidades independientes.<\/p>\n\n\n\n<p class=\"has-xs-font-size\">No asegurado por la NCUA &#8211; Sin garant\u00edas de la cooperativa de cr\u00e9dito &#8211; Puede perder valor<\/p>\n\n\n\n<p class=\"has-xs-font-size\"><strong>Miembro <\/strong><a href=\"http:\/\/www.sipc.org\" target=\"_blank\" rel=\"noreferrer noopener\"><strong>FINRA<\/strong><\/a><strong> y <\/strong><a href=\"http:\/\/www.sipc.org\" target=\"_blank\" rel=\"noreferrer noopener\"><strong>SIPC<\/strong><\/a><strong>.<\/strong><\/p>\n\n\n\n<p class=\"has-xs-font-size\"><strong><em>Securities America y sus representantes no proporcionan asesoramiento fiscal ni jur\u00eddico; por lo tanto, es importante que te coordines con tu asesor fiscal o jur\u00eddico en relaci\u00f3n con tu situaci\u00f3n espec\u00edfica.<\/em><\/strong><\/p>\n\n\n\n<p class=\"has-xs-font-size\">Este sitio se publica para residentes en Estados Unidos y s\u00f3lo tiene fines informativos y no constituye una oferta de venta ni una solicitud de oferta de compra de ning\u00fan valor o producto al que pueda hacerse referencia en \u00e9l. Las personas mencionadas en este sitio web s\u00f3lo pueden ofrecer servicios y realizar transacciones comerciales y\/o responder a consultas en estados o jurisdicciones en los que hayan sido debidamente registradas o est\u00e9n exentas de registro. No todos los productos y servicios a los que se hace referencia en este sitio est\u00e1n disponibles en todos los estados, jurisdicciones o a trav\u00e9s de todas las personas indicadas.<\/p>\n\n\n\n<p class=\"has-xs-font-size\">Sucursal registrada en FINRA: 1111 S Silverstone Way 5th Floor, Meridian, ID 83642<\/p>\n\n\n<div class=\"wp-block-image\">\n<figure class=\"aligncenter size-full\"><img loading=\"lazy\" decoding=\"async\" width=\"300\" height=\"175\" src=\"https:\/\/www.iccu.com\/wp-content\/uploads\/2025\/06\/iccu-wealth-mgt-logo.webp\" alt=\"Logotipo de Gesti\u00f3n Patrimonial\" class=\"wp-image-22691\"\/><\/figure>\n<\/div><\/div>\n<\/div>\n<\/div>\n<\/div>\n<\/div>\n<\/div>\n<\/div><\/div>\n","protected":false},"excerpt":{"rendered":"<p>Contacta con nosotros \u00bfTienes preguntas? No dudes en ponerte en contacto con nuestro Equipo de Gesti\u00f3n Patrimonial para empezar hoy [&hellip;]<\/p>\n","protected":false},"author":3,"featured_media":17239,"parent":18875,"menu_order":40,"comment_status":"closed","ping_status":"closed","template":"product-detail-page.php","meta":{"_acf_changed":false,"_searchwp_excluded":"","footnotes":""},"class_list":["post-18886","page","type-page","status-publish","has-post-thumbnail","hentry"],"acf":[],"yoast_head":"<!-- This site is optimized with the Yoast SEO Premium plugin v27.2 (Yoast SEO v27.3) - https:\/\/yoast.com\/product\/yoast-seo-premium-wordpress\/ -->\n<title>Conoce a nuestros asesores de patrimonio privado - ICCU<\/title>\n<meta name=\"robots\" content=\"index, follow, max-snippet:-1, max-image-preview:large, max-video-preview:-1\" \/>\n<link rel=\"canonical\" href=\"https:\/\/www.iccu.com\/es\/wealth\/planning-investing\/private-wealth-advisors\/\" \/>\n<meta property=\"og:locale\" content=\"es_ES\" \/>\n<meta property=\"og:type\" content=\"article\" \/>\n<meta property=\"og:title\" content=\"Conoce a nuestros asesores de patrimonio privado\" \/>\n<meta property=\"og:description\" content=\"Contacta con nosotros \u00bfTienes preguntas? No dudes en ponerte en contacto con nuestro Equipo de Gesti\u00f3n Patrimonial para empezar hoy [&hellip;]\" \/>\n<meta property=\"og:url\" content=\"https:\/\/www.iccu.com\/es\/wealth\/planning-investing\/private-wealth-advisors\/\" \/>\n<meta property=\"og:site_name\" content=\"ICCU\" \/>\n<meta property=\"article:publisher\" content=\"https:\/\/www.facebook.com\/IdahoCentralCreditUnion\" \/>\n<meta property=\"article:modified_time\" content=\"2025-06-20T21:33:51+00:00\" \/>\n<meta property=\"og:image\" content=\"https:\/\/www.iccu.com\/wp-content\/uploads\/2023\/02\/Private-Advisors_Hero.webp\" \/>\n\t<meta property=\"og:image:width\" content=\"390\" \/>\n\t<meta property=\"og:image:height\" content=\"293\" \/>\n\t<meta property=\"og:image:type\" content=\"image\/webp\" \/>\n<meta name=\"twitter:card\" content=\"summary_large_image\" \/>\n<meta name=\"twitter:site\" content=\"@Idaho_Central\" \/>\n<meta name=\"twitter:label1\" content=\"Tiempo de lectura\" \/>\n\t<meta name=\"twitter:data1\" content=\"3 minutos\" \/>\n<script type=\"application\/ld+json\" class=\"yoast-schema-graph\">{\"@context\":\"https:\\\/\\\/schema.org\",\"@graph\":[{\"@type\":\"WebPage\",\"@id\":\"https:\\\/\\\/www.iccu.com\\\/es\\\/wealth\\\/planning-investing\\\/private-wealth-advisors\\\/\",\"url\":\"https:\\\/\\\/www.iccu.com\\\/es\\\/wealth\\\/planning-investing\\\/private-wealth-advisors\\\/\",\"name\":\"Conoce a nuestros asesores de patrimonio privado - ICCU\",\"isPartOf\":{\"@id\":\"https:\\\/\\\/www.iccu.com\\\/es\\\/#website\"},\"primaryImageOfPage\":{\"@id\":\"https:\\\/\\\/www.iccu.com\\\/es\\\/wealth\\\/planning-investing\\\/private-wealth-advisors\\\/#primaryimage\"},\"image\":{\"@id\":\"https:\\\/\\\/www.iccu.com\\\/es\\\/wealth\\\/planning-investing\\\/private-wealth-advisors\\\/#primaryimage\"},\"thumbnailUrl\":\"https:\\\/\\\/www.iccu.com\\\/wp-content\\\/uploads\\\/2023\\\/02\\\/Private-Advisors_Hero.webp\",\"datePublished\":\"2022-12-07T19:45:06+00:00\",\"dateModified\":\"2025-06-20T21:33:51+00:00\",\"breadcrumb\":{\"@id\":\"https:\\\/\\\/www.iccu.com\\\/es\\\/wealth\\\/planning-investing\\\/private-wealth-advisors\\\/#breadcrumb\"},\"inLanguage\":\"es\",\"potentialAction\":[{\"@type\":\"ReadAction\",\"target\":[\"https:\\\/\\\/www.iccu.com\\\/es\\\/wealth\\\/planning-investing\\\/private-wealth-advisors\\\/\"]}]},{\"@type\":\"ImageObject\",\"inLanguage\":\"es\",\"@id\":\"https:\\\/\\\/www.iccu.com\\\/es\\\/wealth\\\/planning-investing\\\/private-wealth-advisors\\\/#primaryimage\",\"url\":\"https:\\\/\\\/www.iccu.com\\\/wp-content\\\/uploads\\\/2023\\\/02\\\/Private-Advisors_Hero.webp\",\"contentUrl\":\"https:\\\/\\\/www.iccu.com\\\/wp-content\\\/uploads\\\/2023\\\/02\\\/Private-Advisors_Hero.webp\",\"width\":390,\"height\":293},{\"@type\":\"BreadcrumbList\",\"@id\":\"https:\\\/\\\/www.iccu.com\\\/es\\\/wealth\\\/planning-investing\\\/private-wealth-advisors\\\/#breadcrumb\",\"itemListElement\":[{\"@type\":\"ListItem\",\"position\":1,\"name\":\"Home\",\"item\":\"https:\\\/\\\/www.iccu.com\\\/es\\\/\"},{\"@type\":\"ListItem\",\"position\":2,\"name\":\"Gesti\u00f3n de patrimonios\",\"item\":\"https:\\\/\\\/www.iccu.com\\\/es\\\/wealth\\\/\"},{\"@type\":\"ListItem\",\"position\":3,\"name\":\"Planificaci\u00f3n e inversi\u00f3n\",\"item\":\"https:\\\/\\\/www.iccu.com\\\/es\\\/wealth\\\/planning-investing\\\/\"},{\"@type\":\"ListItem\",\"position\":4,\"name\":\"Conoce a nuestros asesores de patrimonio privado\"}]},{\"@type\":\"WebSite\",\"@id\":\"https:\\\/\\\/www.iccu.com\\\/es\\\/#website\",\"url\":\"https:\\\/\\\/www.iccu.com\\\/es\\\/\",\"name\":\"ICCU\",\"description\":\"Looking after your daily balance.\",\"publisher\":{\"@id\":\"https:\\\/\\\/www.iccu.com\\\/es\\\/#organization\"},\"alternateName\":\"ICCU\",\"potentialAction\":[{\"@type\":\"SearchAction\",\"target\":{\"@type\":\"EntryPoint\",\"urlTemplate\":\"https:\\\/\\\/www.iccu.com\\\/es\\\/?s={search_term_string}\"},\"query-input\":{\"@type\":\"PropertyValueSpecification\",\"valueRequired\":true,\"valueName\":\"search_term_string\"}}],\"inLanguage\":\"es\"},{\"@type\":\"Organization\",\"@id\":\"https:\\\/\\\/www.iccu.com\\\/es\\\/#organization\",\"name\":\"ICCU\",\"url\":\"https:\\\/\\\/www.iccu.com\\\/es\\\/\",\"logo\":{\"@type\":\"ImageObject\",\"inLanguage\":\"es\",\"@id\":\"https:\\\/\\\/www.iccu.com\\\/es\\\/#\\\/schema\\\/logo\\\/image\\\/\",\"url\":\"https:\\\/\\\/www.iccu.com\\\/wp-content\\\/uploads\\\/2025\\\/03\\\/ICCU-logo-2color_696x696.png\",\"contentUrl\":\"https:\\\/\\\/www.iccu.com\\\/wp-content\\\/uploads\\\/2025\\\/03\\\/ICCU-logo-2color_696x696.png\",\"width\":696,\"height\":696,\"caption\":\"ICCU\"},\"image\":{\"@id\":\"https:\\\/\\\/www.iccu.com\\\/es\\\/#\\\/schema\\\/logo\\\/image\\\/\"},\"sameAs\":[\"https:\\\/\\\/www.facebook.com\\\/IdahoCentralCreditUnion\",\"https:\\\/\\\/x.com\\\/Idaho_Central\",\"https:\\\/\\\/www.youtube.com\\\/idahocentralcu\",\"https:\\\/\\\/www.linkedin.com\\\/company\\\/idahocentralcreditunion\\\/\",\"https:\\\/\\\/www.instagram.com\\\/idahocentralcu\\\/\"],\"description\":\"ICCU is a state-chartered credit union in the western United States, headquartered in Chubbuck, Idaho. Whether you\u2019re banking in the branch or banking on the go, ICCU is looking after your daily balance. Get great rates on auto and home loans. Check out our Visa Rewards Cards. Discover more perks with Central Plus Checking. Bank your way with drive-thru, ATM, live video chat, mobile banking. Open Saturdays. We also offer investment, insurance, and business solutions. As a member of ICCU, you\u2019ll have a financial leader that\u2019s helping you achieve financial success. Routing Number: 324173626. NMLS ID: 433926.\",\"email\":\"memberservice@iccu.com\",\"telephone\":\"(800) 456-5067\",\"foundingDate\":\"1940-06-28\",\"taxID\":\"82-0217065\",\"duns\":\"108135278\",\"numberOfEmployees\":{\"@type\":\"QuantitativeValue\",\"minValue\":\"1001\",\"maxValue\":\"5000\"}}]}<\/script>\n<!-- \/ Yoast SEO Premium plugin. -->","yoast_head_json":{"title":"Conoce a nuestros asesores de patrimonio privado - ICCU","robots":{"index":"index","follow":"follow","max-snippet":"max-snippet:-1","max-image-preview":"max-image-preview:large","max-video-preview":"max-video-preview:-1"},"canonical":"https:\/\/www.iccu.com\/es\/wealth\/planning-investing\/private-wealth-advisors\/","og_locale":"es_ES","og_type":"article","og_title":"Conoce a nuestros asesores de patrimonio privado","og_description":"Contacta con nosotros \u00bfTienes preguntas? No dudes en ponerte en contacto con nuestro Equipo de Gesti\u00f3n Patrimonial para empezar hoy [&hellip;]","og_url":"https:\/\/www.iccu.com\/es\/wealth\/planning-investing\/private-wealth-advisors\/","og_site_name":"ICCU","article_publisher":"https:\/\/www.facebook.com\/IdahoCentralCreditUnion","article_modified_time":"2025-06-20T21:33:51+00:00","og_image":[{"width":390,"height":293,"url":"https:\/\/www.iccu.com\/wp-content\/uploads\/2023\/02\/Private-Advisors_Hero.webp","type":"image\/webp"}],"twitter_card":"summary_large_image","twitter_site":"@Idaho_Central","twitter_misc":{"Tiempo de lectura":"3 minutos"},"schema":{"@context":"https:\/\/schema.org","@graph":[{"@type":"WebPage","@id":"https:\/\/www.iccu.com\/es\/wealth\/planning-investing\/private-wealth-advisors\/","url":"https:\/\/www.iccu.com\/es\/wealth\/planning-investing\/private-wealth-advisors\/","name":"Conoce a nuestros asesores de patrimonio privado - ICCU","isPartOf":{"@id":"https:\/\/www.iccu.com\/es\/#website"},"primaryImageOfPage":{"@id":"https:\/\/www.iccu.com\/es\/wealth\/planning-investing\/private-wealth-advisors\/#primaryimage"},"image":{"@id":"https:\/\/www.iccu.com\/es\/wealth\/planning-investing\/private-wealth-advisors\/#primaryimage"},"thumbnailUrl":"https:\/\/www.iccu.com\/wp-content\/uploads\/2023\/02\/Private-Advisors_Hero.webp","datePublished":"2022-12-07T19:45:06+00:00","dateModified":"2025-06-20T21:33:51+00:00","breadcrumb":{"@id":"https:\/\/www.iccu.com\/es\/wealth\/planning-investing\/private-wealth-advisors\/#breadcrumb"},"inLanguage":"es","potentialAction":[{"@type":"ReadAction","target":["https:\/\/www.iccu.com\/es\/wealth\/planning-investing\/private-wealth-advisors\/"]}]},{"@type":"ImageObject","inLanguage":"es","@id":"https:\/\/www.iccu.com\/es\/wealth\/planning-investing\/private-wealth-advisors\/#primaryimage","url":"https:\/\/www.iccu.com\/wp-content\/uploads\/2023\/02\/Private-Advisors_Hero.webp","contentUrl":"https:\/\/www.iccu.com\/wp-content\/uploads\/2023\/02\/Private-Advisors_Hero.webp","width":390,"height":293},{"@type":"BreadcrumbList","@id":"https:\/\/www.iccu.com\/es\/wealth\/planning-investing\/private-wealth-advisors\/#breadcrumb","itemListElement":[{"@type":"ListItem","position":1,"name":"Home","item":"https:\/\/www.iccu.com\/es\/"},{"@type":"ListItem","position":2,"name":"Gesti\u00f3n de patrimonios","item":"https:\/\/www.iccu.com\/es\/wealth\/"},{"@type":"ListItem","position":3,"name":"Planificaci\u00f3n e inversi\u00f3n","item":"https:\/\/www.iccu.com\/es\/wealth\/planning-investing\/"},{"@type":"ListItem","position":4,"name":"Conoce a nuestros asesores de patrimonio privado"}]},{"@type":"WebSite","@id":"https:\/\/www.iccu.com\/es\/#website","url":"https:\/\/www.iccu.com\/es\/","name":"ICCU","description":"Looking after your daily balance.","publisher":{"@id":"https:\/\/www.iccu.com\/es\/#organization"},"alternateName":"ICCU","potentialAction":[{"@type":"SearchAction","target":{"@type":"EntryPoint","urlTemplate":"https:\/\/www.iccu.com\/es\/?s={search_term_string}"},"query-input":{"@type":"PropertyValueSpecification","valueRequired":true,"valueName":"search_term_string"}}],"inLanguage":"es"},{"@type":"Organization","@id":"https:\/\/www.iccu.com\/es\/#organization","name":"ICCU","url":"https:\/\/www.iccu.com\/es\/","logo":{"@type":"ImageObject","inLanguage":"es","@id":"https:\/\/www.iccu.com\/es\/#\/schema\/logo\/image\/","url":"https:\/\/www.iccu.com\/wp-content\/uploads\/2025\/03\/ICCU-logo-2color_696x696.png","contentUrl":"https:\/\/www.iccu.com\/wp-content\/uploads\/2025\/03\/ICCU-logo-2color_696x696.png","width":696,"height":696,"caption":"ICCU"},"image":{"@id":"https:\/\/www.iccu.com\/es\/#\/schema\/logo\/image\/"},"sameAs":["https:\/\/www.facebook.com\/IdahoCentralCreditUnion","https:\/\/x.com\/Idaho_Central","https:\/\/www.youtube.com\/idahocentralcu","https:\/\/www.linkedin.com\/company\/idahocentralcreditunion\/","https:\/\/www.instagram.com\/idahocentralcu\/"],"description":"ICCU is a state-chartered credit union in the western United States, headquartered in Chubbuck, Idaho. Whether you\u2019re banking in the branch or banking on the go, ICCU is looking after your daily balance. Get great rates on auto and home loans. Check out our Visa Rewards Cards. Discover more perks with Central Plus Checking. Bank your way with drive-thru, ATM, live video chat, mobile banking. Open Saturdays. We also offer investment, insurance, and business solutions. As a member of ICCU, you\u2019ll have a financial leader that\u2019s helping you achieve financial success. Routing Number: 324173626. NMLS ID: 433926.","email":"memberservice@iccu.com","telephone":"(800) 456-5067","foundingDate":"1940-06-28","taxID":"82-0217065","duns":"108135278","numberOfEmployees":{"@type":"QuantitativeValue","minValue":"1001","maxValue":"5000"}}]}},"_links":{"self":[{"href":"https:\/\/www.iccu.com\/es\/wp-json\/wp\/v2\/pages\/18886","targetHints":{"allow":["GET"]}}],"collection":[{"href":"https:\/\/www.iccu.com\/es\/wp-json\/wp\/v2\/pages"}],"about":[{"href":"https:\/\/www.iccu.com\/es\/wp-json\/wp\/v2\/types\/page"}],"author":[{"embeddable":true,"href":"https:\/\/www.iccu.com\/es\/wp-json\/wp\/v2\/users\/3"}],"replies":[{"embeddable":true,"href":"https:\/\/www.iccu.com\/es\/wp-json\/wp\/v2\/comments?post=18886"}],"version-history":[{"count":16,"href":"https:\/\/www.iccu.com\/es\/wp-json\/wp\/v2\/pages\/18886\/revisions"}],"predecessor-version":[{"id":22827,"href":"https:\/\/www.iccu.com\/es\/wp-json\/wp\/v2\/pages\/18886\/revisions\/22827"}],"up":[{"embeddable":true,"href":"https:\/\/www.iccu.com\/es\/wp-json\/wp\/v2\/pages\/18875"}],"wp:featuredmedia":[{"embeddable":true,"href":"https:\/\/www.iccu.com\/es\/wp-json\/wp\/v2\/media\/17239"}],"wp:attachment":[{"href":"https:\/\/www.iccu.com\/es\/wp-json\/wp\/v2\/media?parent=18886"}],"curies":[{"name":"wp","href":"https:\/\/api.w.org\/{rel}","templated":true}]}}