{"id":18929,"date":"2022-09-12T13:35:37","date_gmt":"2022-09-12T19:35:37","guid":{"rendered":"https:\/\/www.iccu.com\/business\/loans\/lineas-de-credito-para-negocios\/"},"modified":"2025-10-02T10:04:40","modified_gmt":"2025-10-02T16:04:40","slug":"lines-of-credit","status":"publish","type":"page","link":"https:\/\/www.iccu.com\/es\/business\/loans\/lines-of-credit\/","title":{"rendered":"L\u00edneas de cr\u00e9dito para negocios"},"content":{"rendered":"\n<div class=\"wp-block-group alignfull has-light-gray-background-color has-background\" id=\"products\"><div class=\"wp-block-group__inner-container is-layout-flow wp-block-group-is-layout-flow\">\n<div class=\"wp-block-columns alignwide is-layout-flex wp-container-core-columns-is-layout-9d6595d7 wp-block-columns-is-layout-flex\">\n<div class=\"wp-block-column is-layout-flow wp-block-column-is-layout-flow\">\n<h2 class=\"wp-block-heading\" id=\"h-pedir-prestado-devolverlo-volver-a-pedir-prestado\"><strong><strong>Pedir prestado, devolverlo, volver a pedir prestado<\/strong><\/strong><\/h2>\n<\/div>\n<\/div>\n\n\n\n<div class=\"wp-block-columns alignwide is-layout-flex wp-container-core-columns-is-layout-9d6595d7 wp-block-columns-is-layout-flex\">\n<div class=\"wp-block-column is-layout-flow wp-block-column-is-layout-flow\" style=\"flex-basis:66.66%\">\n<p class=\"has-lg-font-size\">Una L\u00ednea de Cr\u00e9dito Empresarial de ICCU te permite pedir prestado lo que necesites cuando lo necesites. Es como una tarjeta de cr\u00e9dito. Pide prestado, devu\u00e9lvelo y vuelve a pedir prestado. Es una forma estupenda de equilibrar tus necesidades de tesorer\u00eda con fondos renovables. Ponte en contacto hoy mismo con un especialista en pr\u00e9stamos a empresas para empezar.<\/p>\n\n\n\n<div id=\"block_48db5d268b681c1ace7361c754afa414\" class=\"js-button-group is-horizontal justify-left \">\n  \n\n<button id=\"block_029d7805aa334ee7566a7ec0b9e90655\" class=\"js-button \" onclick=oao.open('%\/business','a4FRh00000ExZ3s','CML-SBLC')>Solicitar ahora<\/button>\n\n\n\n\n<button id=\"block_1d46ad66d326740df69306f51b7f8d25\" class=\"js-button is-style-link\" onclick=oao.open('\/es\/business\/contact\/information-request\/')>Solicitar m\u00e1s informaci\u00f3n<\/button>\n\n\n\n<\/div>\n\n\n\n<\/div>\n\n\n\n<div class=\"wp-block-column is-layout-flow wp-block-column-is-layout-flow\" style=\"flex-basis:33.33%\">\n<p class=\"has-green-color has-text-color has-md-font-size\">Ventajas de la l\u00ednea de cr\u00e9dito para negocios<\/p>\n\n\n\n<ul class=\"wp-block-list has-lg-font-size\">\n<li>Cubrir las necesidades de capital circulante<\/li>\n\n\n\n<li>Tasa de inter\u00e9s variable<\/li>\n\n\n\n<li>Bajos pagos mensuales s\u00f3lo de intereses<\/li>\n\n\n\n<li>Renovaci\u00f3n sin complicaciones<\/li>\n<\/ul>\n<\/div>\n<\/div>\n<\/div><\/div>\n","protected":false},"excerpt":{"rendered":"<p>Pedir prestado, devolverlo, volver a pedir prestado Una L\u00ednea de Cr\u00e9dito Empresarial de ICCU te permite pedir prestado lo que [&hellip;]<\/p>\n","protected":false},"author":1,"featured_media":17072,"parent":18578,"menu_order":60,"comment_status":"closed","ping_status":"closed","template":"product-detail-page.php","meta":{"_acf_changed":false,"_searchwp_excluded":"","footnotes":""},"class_list":["post-18929","page","type-page","status-publish","has-post-thumbnail","hentry"],"acf":[],"yoast_head":"<!-- This site is optimized with the Yoast SEO Premium plugin v27.2 (Yoast SEO v27.3) - https:\/\/yoast.com\/product\/yoast-seo-premium-wordpress\/ -->\n<title>L\u00edneas de cr\u00e9dito para negocios - ICCU<\/title>\n<meta name=\"description\" content=\"Cubre las necesidades de capital circulante, con bajos pagos mensuales s\u00f3lo de intereses y una renovaci\u00f3n sin complicaciones al abrir una L\u00ednea de Cr\u00e9dito para Negocios. Hagamos que tu negocio funcione sin problemas.\" \/>\n<meta name=\"robots\" content=\"index, follow, max-snippet:-1, max-image-preview:large, max-video-preview:-1\" \/>\n<link rel=\"canonical\" href=\"https:\/\/www.iccu.com\/es\/business\/loans\/lines-of-credit\/\" \/>\n<meta property=\"og:locale\" content=\"es_ES\" \/>\n<meta property=\"og:type\" content=\"article\" \/>\n<meta property=\"og:title\" content=\"L\u00edneas de cr\u00e9dito para negocios\" \/>\n<meta property=\"og:description\" content=\"Cubre las necesidades de capital circulante, con bajos pagos mensuales s\u00f3lo de intereses y una renovaci\u00f3n sin complicaciones al abrir una L\u00ednea de Cr\u00e9dito para Negocios. Hagamos que tu negocio funcione sin problemas.\" \/>\n<meta property=\"og:url\" content=\"https:\/\/www.iccu.com\/es\/business\/loans\/lines-of-credit\/\" \/>\n<meta property=\"og:site_name\" content=\"ICCU\" \/>\n<meta property=\"article:publisher\" content=\"https:\/\/www.facebook.com\/IdahoCentralCreditUnion\" \/>\n<meta property=\"article:modified_time\" content=\"2025-10-02T16:04:40+00:00\" \/>\n<meta property=\"og:image\" content=\"https:\/\/www.iccu.com\/wp-content\/uploads\/2023\/01\/Business-Lines-of-Credit_Hero.webp\" \/>\n\t<meta property=\"og:image:width\" content=\"390\" \/>\n\t<meta property=\"og:image:height\" content=\"293\" \/>\n\t<meta property=\"og:image:type\" content=\"image\/webp\" \/>\n<meta name=\"twitter:card\" content=\"summary_large_image\" \/>\n<meta name=\"twitter:site\" content=\"@Idaho_Central\" \/>\n<meta name=\"twitter:label1\" content=\"Tiempo de lectura\" \/>\n\t<meta name=\"twitter:data1\" content=\"1 minuto\" \/>\n<script type=\"application\/ld+json\" class=\"yoast-schema-graph\">{\"@context\":\"https:\\\/\\\/schema.org\",\"@graph\":[{\"@type\":\"WebPage\",\"@id\":\"https:\\\/\\\/www.iccu.com\\\/es\\\/business\\\/loans\\\/lines-of-credit\\\/\",\"url\":\"https:\\\/\\\/www.iccu.com\\\/es\\\/business\\\/loans\\\/lines-of-credit\\\/\",\"name\":\"L\u00edneas de cr\u00e9dito para negocios - ICCU\",\"isPartOf\":{\"@id\":\"https:\\\/\\\/www.iccu.com\\\/es\\\/#website\"},\"primaryImageOfPage\":{\"@id\":\"https:\\\/\\\/www.iccu.com\\\/es\\\/business\\\/loans\\\/lines-of-credit\\\/#primaryimage\"},\"image\":{\"@id\":\"https:\\\/\\\/www.iccu.com\\\/es\\\/business\\\/loans\\\/lines-of-credit\\\/#primaryimage\"},\"thumbnailUrl\":\"https:\\\/\\\/www.iccu.com\\\/wp-content\\\/uploads\\\/2023\\\/01\\\/Business-Lines-of-Credit_Hero.webp\",\"datePublished\":\"2022-09-12T19:35:37+00:00\",\"dateModified\":\"2025-10-02T16:04:40+00:00\",\"description\":\"Cubre las necesidades de capital circulante, con bajos pagos mensuales s\u00f3lo de intereses y una renovaci\u00f3n sin complicaciones al abrir una L\u00ednea de Cr\u00e9dito para Negocios. Hagamos que tu negocio funcione sin problemas.\",\"breadcrumb\":{\"@id\":\"https:\\\/\\\/www.iccu.com\\\/es\\\/business\\\/loans\\\/lines-of-credit\\\/#breadcrumb\"},\"inLanguage\":\"es\",\"potentialAction\":[{\"@type\":\"ReadAction\",\"target\":[\"https:\\\/\\\/www.iccu.com\\\/es\\\/business\\\/loans\\\/lines-of-credit\\\/\"]}]},{\"@type\":\"ImageObject\",\"inLanguage\":\"es\",\"@id\":\"https:\\\/\\\/www.iccu.com\\\/es\\\/business\\\/loans\\\/lines-of-credit\\\/#primaryimage\",\"url\":\"https:\\\/\\\/www.iccu.com\\\/wp-content\\\/uploads\\\/2023\\\/01\\\/Business-Lines-of-Credit_Hero.webp\",\"contentUrl\":\"https:\\\/\\\/www.iccu.com\\\/wp-content\\\/uploads\\\/2023\\\/01\\\/Business-Lines-of-Credit_Hero.webp\",\"width\":390,\"height\":293},{\"@type\":\"BreadcrumbList\",\"@id\":\"https:\\\/\\\/www.iccu.com\\\/es\\\/business\\\/loans\\\/lines-of-credit\\\/#breadcrumb\",\"itemListElement\":[{\"@type\":\"ListItem\",\"position\":1,\"name\":\"Home\",\"item\":\"https:\\\/\\\/www.iccu.com\\\/es\\\/\"},{\"@type\":\"ListItem\",\"position\":2,\"name\":\"T\u00fa oc\u00fapate de los negocios. Nosotros nos ocuparemos de los bancos.\",\"item\":\"https:\\\/\\\/www.iccu.com\\\/es\\\/business\\\/\"},{\"@type\":\"ListItem\",\"position\":3,\"name\":\"Pr\u00e9stamos para negocios\",\"item\":\"https:\\\/\\\/www.iccu.com\\\/es\\\/business\\\/loans\\\/\"},{\"@type\":\"ListItem\",\"position\":4,\"name\":\"L\u00edneas de cr\u00e9dito para negocios\"}]},{\"@type\":\"WebSite\",\"@id\":\"https:\\\/\\\/www.iccu.com\\\/es\\\/#website\",\"url\":\"https:\\\/\\\/www.iccu.com\\\/es\\\/\",\"name\":\"ICCU\",\"description\":\"Looking after your daily balance.\",\"publisher\":{\"@id\":\"https:\\\/\\\/www.iccu.com\\\/es\\\/#organization\"},\"alternateName\":\"ICCU\",\"potentialAction\":[{\"@type\":\"SearchAction\",\"target\":{\"@type\":\"EntryPoint\",\"urlTemplate\":\"https:\\\/\\\/www.iccu.com\\\/es\\\/?s={search_term_string}\"},\"query-input\":{\"@type\":\"PropertyValueSpecification\",\"valueRequired\":true,\"valueName\":\"search_term_string\"}}],\"inLanguage\":\"es\"},{\"@type\":\"Organization\",\"@id\":\"https:\\\/\\\/www.iccu.com\\\/es\\\/#organization\",\"name\":\"ICCU\",\"url\":\"https:\\\/\\\/www.iccu.com\\\/es\\\/\",\"logo\":{\"@type\":\"ImageObject\",\"inLanguage\":\"es\",\"@id\":\"https:\\\/\\\/www.iccu.com\\\/es\\\/#\\\/schema\\\/logo\\\/image\\\/\",\"url\":\"https:\\\/\\\/www.iccu.com\\\/wp-content\\\/uploads\\\/2025\\\/03\\\/ICCU-logo-2color_696x696.png\",\"contentUrl\":\"https:\\\/\\\/www.iccu.com\\\/wp-content\\\/uploads\\\/2025\\\/03\\\/ICCU-logo-2color_696x696.png\",\"width\":696,\"height\":696,\"caption\":\"ICCU\"},\"image\":{\"@id\":\"https:\\\/\\\/www.iccu.com\\\/es\\\/#\\\/schema\\\/logo\\\/image\\\/\"},\"sameAs\":[\"https:\\\/\\\/www.facebook.com\\\/IdahoCentralCreditUnion\",\"https:\\\/\\\/x.com\\\/Idaho_Central\",\"https:\\\/\\\/www.youtube.com\\\/idahocentralcu\",\"https:\\\/\\\/www.linkedin.com\\\/company\\\/idahocentralcreditunion\\\/\",\"https:\\\/\\\/www.instagram.com\\\/idahocentralcu\\\/\"],\"description\":\"ICCU is a state-chartered credit union in the western United States, headquartered in Chubbuck, Idaho. Whether you\u2019re banking in the branch or banking on the go, ICCU is looking after your daily balance. Get great rates on auto and home loans. Check out our Visa Rewards Cards. Discover more perks with Central Plus Checking. Bank your way with drive-thru, ATM, live video chat, mobile banking. Open Saturdays. We also offer investment, insurance, and business solutions. As a member of ICCU, you\u2019ll have a financial leader that\u2019s helping you achieve financial success. Routing Number: 324173626. NMLS ID: 433926.\",\"email\":\"memberservice@iccu.com\",\"telephone\":\"(800) 456-5067\",\"foundingDate\":\"1940-06-28\",\"taxID\":\"82-0217065\",\"duns\":\"108135278\",\"numberOfEmployees\":{\"@type\":\"QuantitativeValue\",\"minValue\":\"1001\",\"maxValue\":\"5000\"}}]}<\/script>\n<!-- \/ Yoast SEO Premium plugin. -->","yoast_head_json":{"title":"L\u00edneas de cr\u00e9dito para negocios - ICCU","description":"Cubre las necesidades de capital circulante, con bajos pagos mensuales s\u00f3lo de intereses y una renovaci\u00f3n sin complicaciones al abrir una L\u00ednea de Cr\u00e9dito para Negocios. Hagamos que tu negocio funcione sin problemas.","robots":{"index":"index","follow":"follow","max-snippet":"max-snippet:-1","max-image-preview":"max-image-preview:large","max-video-preview":"max-video-preview:-1"},"canonical":"https:\/\/www.iccu.com\/es\/business\/loans\/lines-of-credit\/","og_locale":"es_ES","og_type":"article","og_title":"L\u00edneas de cr\u00e9dito para negocios","og_description":"Cubre las necesidades de capital circulante, con bajos pagos mensuales s\u00f3lo de intereses y una renovaci\u00f3n sin complicaciones al abrir una L\u00ednea de Cr\u00e9dito para Negocios. Hagamos que tu negocio funcione sin problemas.","og_url":"https:\/\/www.iccu.com\/es\/business\/loans\/lines-of-credit\/","og_site_name":"ICCU","article_publisher":"https:\/\/www.facebook.com\/IdahoCentralCreditUnion","article_modified_time":"2025-10-02T16:04:40+00:00","og_image":[{"width":390,"height":293,"url":"https:\/\/www.iccu.com\/wp-content\/uploads\/2023\/01\/Business-Lines-of-Credit_Hero.webp","type":"image\/webp"}],"twitter_card":"summary_large_image","twitter_site":"@Idaho_Central","twitter_misc":{"Tiempo de lectura":"1 minuto"},"schema":{"@context":"https:\/\/schema.org","@graph":[{"@type":"WebPage","@id":"https:\/\/www.iccu.com\/es\/business\/loans\/lines-of-credit\/","url":"https:\/\/www.iccu.com\/es\/business\/loans\/lines-of-credit\/","name":"L\u00edneas de cr\u00e9dito para negocios - ICCU","isPartOf":{"@id":"https:\/\/www.iccu.com\/es\/#website"},"primaryImageOfPage":{"@id":"https:\/\/www.iccu.com\/es\/business\/loans\/lines-of-credit\/#primaryimage"},"image":{"@id":"https:\/\/www.iccu.com\/es\/business\/loans\/lines-of-credit\/#primaryimage"},"thumbnailUrl":"https:\/\/www.iccu.com\/wp-content\/uploads\/2023\/01\/Business-Lines-of-Credit_Hero.webp","datePublished":"2022-09-12T19:35:37+00:00","dateModified":"2025-10-02T16:04:40+00:00","description":"Cubre las necesidades de capital circulante, con bajos pagos mensuales s\u00f3lo de intereses y una renovaci\u00f3n sin complicaciones al abrir una L\u00ednea de Cr\u00e9dito para Negocios. Hagamos que tu negocio funcione sin problemas.","breadcrumb":{"@id":"https:\/\/www.iccu.com\/es\/business\/loans\/lines-of-credit\/#breadcrumb"},"inLanguage":"es","potentialAction":[{"@type":"ReadAction","target":["https:\/\/www.iccu.com\/es\/business\/loans\/lines-of-credit\/"]}]},{"@type":"ImageObject","inLanguage":"es","@id":"https:\/\/www.iccu.com\/es\/business\/loans\/lines-of-credit\/#primaryimage","url":"https:\/\/www.iccu.com\/wp-content\/uploads\/2023\/01\/Business-Lines-of-Credit_Hero.webp","contentUrl":"https:\/\/www.iccu.com\/wp-content\/uploads\/2023\/01\/Business-Lines-of-Credit_Hero.webp","width":390,"height":293},{"@type":"BreadcrumbList","@id":"https:\/\/www.iccu.com\/es\/business\/loans\/lines-of-credit\/#breadcrumb","itemListElement":[{"@type":"ListItem","position":1,"name":"Home","item":"https:\/\/www.iccu.com\/es\/"},{"@type":"ListItem","position":2,"name":"T\u00fa oc\u00fapate de los negocios. Nosotros nos ocuparemos de los bancos.","item":"https:\/\/www.iccu.com\/es\/business\/"},{"@type":"ListItem","position":3,"name":"Pr\u00e9stamos para negocios","item":"https:\/\/www.iccu.com\/es\/business\/loans\/"},{"@type":"ListItem","position":4,"name":"L\u00edneas de cr\u00e9dito para negocios"}]},{"@type":"WebSite","@id":"https:\/\/www.iccu.com\/es\/#website","url":"https:\/\/www.iccu.com\/es\/","name":"ICCU","description":"Looking after your daily balance.","publisher":{"@id":"https:\/\/www.iccu.com\/es\/#organization"},"alternateName":"ICCU","potentialAction":[{"@type":"SearchAction","target":{"@type":"EntryPoint","urlTemplate":"https:\/\/www.iccu.com\/es\/?s={search_term_string}"},"query-input":{"@type":"PropertyValueSpecification","valueRequired":true,"valueName":"search_term_string"}}],"inLanguage":"es"},{"@type":"Organization","@id":"https:\/\/www.iccu.com\/es\/#organization","name":"ICCU","url":"https:\/\/www.iccu.com\/es\/","logo":{"@type":"ImageObject","inLanguage":"es","@id":"https:\/\/www.iccu.com\/es\/#\/schema\/logo\/image\/","url":"https:\/\/www.iccu.com\/wp-content\/uploads\/2025\/03\/ICCU-logo-2color_696x696.png","contentUrl":"https:\/\/www.iccu.com\/wp-content\/uploads\/2025\/03\/ICCU-logo-2color_696x696.png","width":696,"height":696,"caption":"ICCU"},"image":{"@id":"https:\/\/www.iccu.com\/es\/#\/schema\/logo\/image\/"},"sameAs":["https:\/\/www.facebook.com\/IdahoCentralCreditUnion","https:\/\/x.com\/Idaho_Central","https:\/\/www.youtube.com\/idahocentralcu","https:\/\/www.linkedin.com\/company\/idahocentralcreditunion\/","https:\/\/www.instagram.com\/idahocentralcu\/"],"description":"ICCU is a state-chartered credit union in the western United States, headquartered in Chubbuck, Idaho. Whether you\u2019re banking in the branch or banking on the go, ICCU is looking after your daily balance. Get great rates on auto and home loans. Check out our Visa Rewards Cards. Discover more perks with Central Plus Checking. Bank your way with drive-thru, ATM, live video chat, mobile banking. Open Saturdays. We also offer investment, insurance, and business solutions. As a member of ICCU, you\u2019ll have a financial leader that\u2019s helping you achieve financial success. Routing Number: 324173626. NMLS ID: 433926.","email":"memberservice@iccu.com","telephone":"(800) 456-5067","foundingDate":"1940-06-28","taxID":"82-0217065","duns":"108135278","numberOfEmployees":{"@type":"QuantitativeValue","minValue":"1001","maxValue":"5000"}}]}},"_links":{"self":[{"href":"https:\/\/www.iccu.com\/es\/wp-json\/wp\/v2\/pages\/18929","targetHints":{"allow":["GET"]}}],"collection":[{"href":"https:\/\/www.iccu.com\/es\/wp-json\/wp\/v2\/pages"}],"about":[{"href":"https:\/\/www.iccu.com\/es\/wp-json\/wp\/v2\/types\/page"}],"author":[{"embeddable":true,"href":"https:\/\/www.iccu.com\/es\/wp-json\/wp\/v2\/users\/1"}],"replies":[{"embeddable":true,"href":"https:\/\/www.iccu.com\/es\/wp-json\/wp\/v2\/comments?post=18929"}],"version-history":[{"count":5,"href":"https:\/\/www.iccu.com\/es\/wp-json\/wp\/v2\/pages\/18929\/revisions"}],"predecessor-version":[{"id":32641,"href":"https:\/\/www.iccu.com\/es\/wp-json\/wp\/v2\/pages\/18929\/revisions\/32641"}],"up":[{"embeddable":true,"href":"https:\/\/www.iccu.com\/es\/wp-json\/wp\/v2\/pages\/18578"}],"wp:featuredmedia":[{"embeddable":true,"href":"https:\/\/www.iccu.com\/es\/wp-json\/wp\/v2\/media\/17072"}],"wp:attachment":[{"href":"https:\/\/www.iccu.com\/es\/wp-json\/wp\/v2\/media?parent=18929"}],"curies":[{"name":"wp","href":"https:\/\/api.w.org\/{rel}","templated":true}]}}