{"id":18931,"date":"2023-01-09T15:19:29","date_gmt":"2023-01-09T22:19:29","guid":{"rendered":"https:\/\/www.iccu.com\/business\/loans\/prestamos-para-vehiculos-comerciales\/"},"modified":"2025-03-24T11:45:48","modified_gmt":"2025-03-24T17:45:48","slug":"commercial-vehicle-loans","status":"publish","type":"page","link":"https:\/\/www.iccu.com\/es\/business\/loans\/commercial-vehicle-loans\/","title":{"rendered":"Pr\u00e9stamos para veh\u00edculos comerciales"},"content":{"rendered":"\n<div class=\"wp-block-group alignfull has-light-gray-background-color has-background\"><div class=\"wp-block-group__inner-container is-layout-flow wp-block-group-is-layout-flow\">\n<div class=\"wp-block-columns alignwide is-layout-flex wp-container-core-columns-is-layout-9d6595d7 wp-block-columns-is-layout-flex\">\n<div class=\"wp-block-column is-layout-flow wp-block-column-is-layout-flow\">\n<h2 class=\"wp-block-heading has-green-color has-text-color\" id=\"h-what-type-of-commercial-vehicle-loan-is-right-for-you\"><strong>\u00bfQu\u00e9 tipo de pr\u00e9stamo para veh\u00edculos comerciales es el adecuado para ti?<\/strong><\/h2>\n\n\n\n<p class=\"has-lg-font-size\">\u00danete a ICCU para descubrir el pr\u00e9stamo ideal para veh\u00edculos comerciales que allanar\u00e1 el camino para que tu negocio alcance el \u00e9xito que se merece. Echa un vistazo a las descripciones que aparecen a continuaci\u00f3n para encontrar el pr\u00e9stamo comercial que mejor se adapte a las necesidades automovil\u00edsticas de tu empresa.<\/p>\n<\/div>\n<\/div>\n\n\n\n<div class=\"wp-block-columns alignwide is-layout-flex wp-container-core-columns-is-layout-9d6595d7 wp-block-columns-is-layout-flex\">\n<div class=\"wp-block-column is-layout-flow wp-block-column-is-layout-flow\">\n<h3><i style=\"color: #1C8900;\" class=\"fa-regular fa-car-side\"><\/i>  Coches de negocios<\/h3>\n\n\n\n<p class=\"has-lg-font-size\">Lo mejor para veh\u00edculos utilizados a diario para tareas relacionadas con el trabajo, como transportar empleados, enviar productos a los clientes, etc.  <a>Suelen ser coches, furgonetas y otros veh\u00edculos.<\/a><\/p>\n\n\n\n<h3><i style=\"color: #1C8900;\" class=\"fa-solid fa-snowplow\"><\/i>  Maquinaria pesada<\/h3>\n\n\n\n<p class=\"has-lg-font-size\">Lo mejor para veh\u00edculos pesados dise\u00f1ados <em>s\u00f3lo<\/em> para realizar tareas relacionadas con la agricultura y la construcci\u00f3n, no para el transporte. Entre ellos se incluyen tractores, remolques agr\u00edcolas y mucho m\u00e1s.<\/p>\n<\/div>\n\n\n\n<div class=\"wp-block-column is-layout-flow wp-block-column-is-layout-flow\">\n<h3><i style=\"color: #1C8900;\" class=\"fa-regular fa-truck\"><\/i>  Camiones comerciales<\/h3>\n\n\n\n<p class=\"has-lg-font-size\">Lo mejor para veh\u00edculos que necesitan transportar grandes cantidades de materiales espec\u00edficos de la industria. Esto se aplica generalmente a semirremolques, carretillas elevadoras y otra maquinaria relacionada con la construcci\u00f3n.<\/p>\n\n\n\n<h3><i style=\"color: #1C8900;\" class=\"fa-regular fa-ship\"><\/i>  Veh\u00edculos recreativos<\/h3>\n\n\n\n<p class=\"has-lg-font-size\">Lo mejor para veh\u00edculos que normalmente se considerar\u00edan \u00abde recreo\u00bb, pero que se utilizan con fines empresariales. Los veh\u00edculos todoterreno, las motos de nieve y las embarcaciones, por ejemplo, pueden optar a ello.<\/p>\n<\/div>\n<\/div>\n\n\n\n<div class=\"wp-block-columns alignwide is-layout-flex wp-container-core-columns-is-layout-9d6595d7 wp-block-columns-is-layout-flex\">\n<div class=\"wp-block-column is-layout-flow wp-block-column-is-layout-flow\">\n<div class=\"wp-block-buttons is-layout-flex wp-block-buttons-is-layout-flex\">\n<div class=\"wp-block-button aligncenter\"><a class=\"wp-block-button__link wp-element-button\" href=\"https:\/\/www.iccu.com\/es\/business\/contact\/information-request\/\">Solicitar m\u00e1s informaci\u00f3n<\/a><\/div>\n<\/div>\n<\/div>\n<\/div>\n<\/div><\/div>\n","protected":false},"excerpt":{"rendered":"<p>\u00bfQu\u00e9 tipo de pr\u00e9stamo para veh\u00edculos comerciales es el adecuado para ti? \u00danete a ICCU para descubrir el pr\u00e9stamo ideal [&hellip;]<\/p>\n","protected":false},"author":3,"featured_media":17110,"parent":18578,"menu_order":50,"comment_status":"closed","ping_status":"closed","template":"product-detail-page.php","meta":{"_acf_changed":false,"_searchwp_excluded":"","footnotes":""},"class_list":["post-18931","page","type-page","status-publish","has-post-thumbnail","hentry"],"acf":[],"yoast_head":"<!-- This site is optimized with the Yoast SEO Premium plugin v27.2 (Yoast SEO v27.3) - https:\/\/yoast.com\/product\/yoast-seo-premium-wordpress\/ -->\n<title>Pr\u00e9stamos para veh\u00edculos comerciales - ICCU<\/title>\n<meta name=\"description\" content=\"Ofrecemos una variedad de pr\u00e9stamos con tasas competitivas y plazos flexibles, adaptados a las necesidades \u00fanicas de tu negocio para un Pr\u00e9stamo para Veh\u00edculos Comerciales de ICCU.\" \/>\n<meta name=\"robots\" content=\"index, follow, max-snippet:-1, max-image-preview:large, max-video-preview:-1\" \/>\n<link rel=\"canonical\" href=\"https:\/\/www.iccu.com\/es\/business\/loans\/commercial-vehicle-loans\/\" \/>\n<meta property=\"og:locale\" content=\"es_ES\" \/>\n<meta property=\"og:type\" content=\"article\" \/>\n<meta property=\"og:title\" content=\"Pr\u00e9stamos para veh\u00edculos comerciales\" \/>\n<meta property=\"og:description\" content=\"Ofrecemos una variedad de pr\u00e9stamos con tasas competitivas y plazos flexibles, adaptados a las necesidades \u00fanicas de tu negocio para un Pr\u00e9stamo para Veh\u00edculos Comerciales de ICCU.\" \/>\n<meta property=\"og:url\" content=\"https:\/\/www.iccu.com\/es\/business\/loans\/commercial-vehicle-loans\/\" \/>\n<meta property=\"og:site_name\" content=\"ICCU\" \/>\n<meta property=\"article:publisher\" content=\"https:\/\/www.facebook.com\/IdahoCentralCreditUnion\" \/>\n<meta property=\"article:modified_time\" content=\"2025-03-24T17:45:48+00:00\" \/>\n<meta property=\"og:image\" content=\"https:\/\/www.iccu.com\/wp-content\/uploads\/2023\/01\/Commercial-Auto-Loans_Hero.webp\" \/>\n\t<meta property=\"og:image:width\" content=\"390\" \/>\n\t<meta property=\"og:image:height\" content=\"293\" \/>\n\t<meta property=\"og:image:type\" content=\"image\/webp\" \/>\n<meta name=\"twitter:card\" content=\"summary_large_image\" \/>\n<meta name=\"twitter:site\" content=\"@Idaho_Central\" \/>\n<meta name=\"twitter:label1\" content=\"Tiempo de lectura\" \/>\n\t<meta name=\"twitter:data1\" content=\"2 minutos\" \/>\n<script type=\"application\/ld+json\" class=\"yoast-schema-graph\">{\"@context\":\"https:\\\/\\\/schema.org\",\"@graph\":[{\"@type\":\"WebPage\",\"@id\":\"https:\\\/\\\/www.iccu.com\\\/es\\\/business\\\/loans\\\/commercial-vehicle-loans\\\/\",\"url\":\"https:\\\/\\\/www.iccu.com\\\/es\\\/business\\\/loans\\\/commercial-vehicle-loans\\\/\",\"name\":\"Pr\u00e9stamos para veh\u00edculos comerciales - ICCU\",\"isPartOf\":{\"@id\":\"https:\\\/\\\/www.iccu.com\\\/es\\\/#website\"},\"primaryImageOfPage\":{\"@id\":\"https:\\\/\\\/www.iccu.com\\\/es\\\/business\\\/loans\\\/commercial-vehicle-loans\\\/#primaryimage\"},\"image\":{\"@id\":\"https:\\\/\\\/www.iccu.com\\\/es\\\/business\\\/loans\\\/commercial-vehicle-loans\\\/#primaryimage\"},\"thumbnailUrl\":\"https:\\\/\\\/www.iccu.com\\\/wp-content\\\/uploads\\\/2023\\\/01\\\/Commercial-Auto-Loans_Hero.webp\",\"datePublished\":\"2023-01-09T22:19:29+00:00\",\"dateModified\":\"2025-03-24T17:45:48+00:00\",\"description\":\"Ofrecemos una variedad de pr\u00e9stamos con tasas competitivas y plazos flexibles, adaptados a las necesidades \u00fanicas de tu negocio para un Pr\u00e9stamo para Veh\u00edculos Comerciales de ICCU.\",\"breadcrumb\":{\"@id\":\"https:\\\/\\\/www.iccu.com\\\/es\\\/business\\\/loans\\\/commercial-vehicle-loans\\\/#breadcrumb\"},\"inLanguage\":\"es\",\"potentialAction\":[{\"@type\":\"ReadAction\",\"target\":[\"https:\\\/\\\/www.iccu.com\\\/es\\\/business\\\/loans\\\/commercial-vehicle-loans\\\/\"]}]},{\"@type\":\"ImageObject\",\"inLanguage\":\"es\",\"@id\":\"https:\\\/\\\/www.iccu.com\\\/es\\\/business\\\/loans\\\/commercial-vehicle-loans\\\/#primaryimage\",\"url\":\"https:\\\/\\\/www.iccu.com\\\/wp-content\\\/uploads\\\/2023\\\/01\\\/Commercial-Auto-Loans_Hero.webp\",\"contentUrl\":\"https:\\\/\\\/www.iccu.com\\\/wp-content\\\/uploads\\\/2023\\\/01\\\/Commercial-Auto-Loans_Hero.webp\",\"width\":390,\"height\":293},{\"@type\":\"BreadcrumbList\",\"@id\":\"https:\\\/\\\/www.iccu.com\\\/es\\\/business\\\/loans\\\/commercial-vehicle-loans\\\/#breadcrumb\",\"itemListElement\":[{\"@type\":\"ListItem\",\"position\":1,\"name\":\"Home\",\"item\":\"https:\\\/\\\/www.iccu.com\\\/es\\\/\"},{\"@type\":\"ListItem\",\"position\":2,\"name\":\"T\u00fa oc\u00fapate de los negocios. Nosotros nos ocuparemos de los bancos.\",\"item\":\"https:\\\/\\\/www.iccu.com\\\/es\\\/business\\\/\"},{\"@type\":\"ListItem\",\"position\":3,\"name\":\"Pr\u00e9stamos para negocios\",\"item\":\"https:\\\/\\\/www.iccu.com\\\/es\\\/business\\\/loans\\\/\"},{\"@type\":\"ListItem\",\"position\":4,\"name\":\"Pr\u00e9stamos para veh\u00edculos comerciales\"}]},{\"@type\":\"WebSite\",\"@id\":\"https:\\\/\\\/www.iccu.com\\\/es\\\/#website\",\"url\":\"https:\\\/\\\/www.iccu.com\\\/es\\\/\",\"name\":\"ICCU\",\"description\":\"Looking after your daily balance.\",\"publisher\":{\"@id\":\"https:\\\/\\\/www.iccu.com\\\/es\\\/#organization\"},\"alternateName\":\"ICCU\",\"potentialAction\":[{\"@type\":\"SearchAction\",\"target\":{\"@type\":\"EntryPoint\",\"urlTemplate\":\"https:\\\/\\\/www.iccu.com\\\/es\\\/?s={search_term_string}\"},\"query-input\":{\"@type\":\"PropertyValueSpecification\",\"valueRequired\":true,\"valueName\":\"search_term_string\"}}],\"inLanguage\":\"es\"},{\"@type\":\"Organization\",\"@id\":\"https:\\\/\\\/www.iccu.com\\\/es\\\/#organization\",\"name\":\"ICCU\",\"url\":\"https:\\\/\\\/www.iccu.com\\\/es\\\/\",\"logo\":{\"@type\":\"ImageObject\",\"inLanguage\":\"es\",\"@id\":\"https:\\\/\\\/www.iccu.com\\\/es\\\/#\\\/schema\\\/logo\\\/image\\\/\",\"url\":\"https:\\\/\\\/www.iccu.com\\\/wp-content\\\/uploads\\\/2025\\\/03\\\/ICCU-logo-2color_696x696.png\",\"contentUrl\":\"https:\\\/\\\/www.iccu.com\\\/wp-content\\\/uploads\\\/2025\\\/03\\\/ICCU-logo-2color_696x696.png\",\"width\":696,\"height\":696,\"caption\":\"ICCU\"},\"image\":{\"@id\":\"https:\\\/\\\/www.iccu.com\\\/es\\\/#\\\/schema\\\/logo\\\/image\\\/\"},\"sameAs\":[\"https:\\\/\\\/www.facebook.com\\\/IdahoCentralCreditUnion\",\"https:\\\/\\\/x.com\\\/Idaho_Central\",\"https:\\\/\\\/www.youtube.com\\\/idahocentralcu\",\"https:\\\/\\\/www.linkedin.com\\\/company\\\/idahocentralcreditunion\\\/\",\"https:\\\/\\\/www.instagram.com\\\/idahocentralcu\\\/\"],\"description\":\"ICCU is a state-chartered credit union in the western United States, headquartered in Chubbuck, Idaho. Whether you\u2019re banking in the branch or banking on the go, ICCU is looking after your daily balance. Get great rates on auto and home loans. Check out our Visa Rewards Cards. Discover more perks with Central Plus Checking. Bank your way with drive-thru, ATM, live video chat, mobile banking. Open Saturdays. We also offer investment, insurance, and business solutions. As a member of ICCU, you\u2019ll have a financial leader that\u2019s helping you achieve financial success. Routing Number: 324173626. NMLS ID: 433926.\",\"email\":\"memberservice@iccu.com\",\"telephone\":\"(800) 456-5067\",\"foundingDate\":\"1940-06-28\",\"taxID\":\"82-0217065\",\"duns\":\"108135278\",\"numberOfEmployees\":{\"@type\":\"QuantitativeValue\",\"minValue\":\"1001\",\"maxValue\":\"5000\"}}]}<\/script>\n<!-- \/ Yoast SEO Premium plugin. -->","yoast_head_json":{"title":"Pr\u00e9stamos para veh\u00edculos comerciales - ICCU","description":"Ofrecemos una variedad de pr\u00e9stamos con tasas competitivas y plazos flexibles, adaptados a las necesidades \u00fanicas de tu negocio para un Pr\u00e9stamo para Veh\u00edculos Comerciales de ICCU.","robots":{"index":"index","follow":"follow","max-snippet":"max-snippet:-1","max-image-preview":"max-image-preview:large","max-video-preview":"max-video-preview:-1"},"canonical":"https:\/\/www.iccu.com\/es\/business\/loans\/commercial-vehicle-loans\/","og_locale":"es_ES","og_type":"article","og_title":"Pr\u00e9stamos para veh\u00edculos comerciales","og_description":"Ofrecemos una variedad de pr\u00e9stamos con tasas competitivas y plazos flexibles, adaptados a las necesidades \u00fanicas de tu negocio para un Pr\u00e9stamo para Veh\u00edculos Comerciales de ICCU.","og_url":"https:\/\/www.iccu.com\/es\/business\/loans\/commercial-vehicle-loans\/","og_site_name":"ICCU","article_publisher":"https:\/\/www.facebook.com\/IdahoCentralCreditUnion","article_modified_time":"2025-03-24T17:45:48+00:00","og_image":[{"width":390,"height":293,"url":"https:\/\/www.iccu.com\/wp-content\/uploads\/2023\/01\/Commercial-Auto-Loans_Hero.webp","type":"image\/webp"}],"twitter_card":"summary_large_image","twitter_site":"@Idaho_Central","twitter_misc":{"Tiempo de lectura":"2 minutos"},"schema":{"@context":"https:\/\/schema.org","@graph":[{"@type":"WebPage","@id":"https:\/\/www.iccu.com\/es\/business\/loans\/commercial-vehicle-loans\/","url":"https:\/\/www.iccu.com\/es\/business\/loans\/commercial-vehicle-loans\/","name":"Pr\u00e9stamos para veh\u00edculos comerciales - ICCU","isPartOf":{"@id":"https:\/\/www.iccu.com\/es\/#website"},"primaryImageOfPage":{"@id":"https:\/\/www.iccu.com\/es\/business\/loans\/commercial-vehicle-loans\/#primaryimage"},"image":{"@id":"https:\/\/www.iccu.com\/es\/business\/loans\/commercial-vehicle-loans\/#primaryimage"},"thumbnailUrl":"https:\/\/www.iccu.com\/wp-content\/uploads\/2023\/01\/Commercial-Auto-Loans_Hero.webp","datePublished":"2023-01-09T22:19:29+00:00","dateModified":"2025-03-24T17:45:48+00:00","description":"Ofrecemos una variedad de pr\u00e9stamos con tasas competitivas y plazos flexibles, adaptados a las necesidades \u00fanicas de tu negocio para un Pr\u00e9stamo para Veh\u00edculos Comerciales de ICCU.","breadcrumb":{"@id":"https:\/\/www.iccu.com\/es\/business\/loans\/commercial-vehicle-loans\/#breadcrumb"},"inLanguage":"es","potentialAction":[{"@type":"ReadAction","target":["https:\/\/www.iccu.com\/es\/business\/loans\/commercial-vehicle-loans\/"]}]},{"@type":"ImageObject","inLanguage":"es","@id":"https:\/\/www.iccu.com\/es\/business\/loans\/commercial-vehicle-loans\/#primaryimage","url":"https:\/\/www.iccu.com\/wp-content\/uploads\/2023\/01\/Commercial-Auto-Loans_Hero.webp","contentUrl":"https:\/\/www.iccu.com\/wp-content\/uploads\/2023\/01\/Commercial-Auto-Loans_Hero.webp","width":390,"height":293},{"@type":"BreadcrumbList","@id":"https:\/\/www.iccu.com\/es\/business\/loans\/commercial-vehicle-loans\/#breadcrumb","itemListElement":[{"@type":"ListItem","position":1,"name":"Home","item":"https:\/\/www.iccu.com\/es\/"},{"@type":"ListItem","position":2,"name":"T\u00fa oc\u00fapate de los negocios. Nosotros nos ocuparemos de los bancos.","item":"https:\/\/www.iccu.com\/es\/business\/"},{"@type":"ListItem","position":3,"name":"Pr\u00e9stamos para negocios","item":"https:\/\/www.iccu.com\/es\/business\/loans\/"},{"@type":"ListItem","position":4,"name":"Pr\u00e9stamos para veh\u00edculos comerciales"}]},{"@type":"WebSite","@id":"https:\/\/www.iccu.com\/es\/#website","url":"https:\/\/www.iccu.com\/es\/","name":"ICCU","description":"Looking after your daily balance.","publisher":{"@id":"https:\/\/www.iccu.com\/es\/#organization"},"alternateName":"ICCU","potentialAction":[{"@type":"SearchAction","target":{"@type":"EntryPoint","urlTemplate":"https:\/\/www.iccu.com\/es\/?s={search_term_string}"},"query-input":{"@type":"PropertyValueSpecification","valueRequired":true,"valueName":"search_term_string"}}],"inLanguage":"es"},{"@type":"Organization","@id":"https:\/\/www.iccu.com\/es\/#organization","name":"ICCU","url":"https:\/\/www.iccu.com\/es\/","logo":{"@type":"ImageObject","inLanguage":"es","@id":"https:\/\/www.iccu.com\/es\/#\/schema\/logo\/image\/","url":"https:\/\/www.iccu.com\/wp-content\/uploads\/2025\/03\/ICCU-logo-2color_696x696.png","contentUrl":"https:\/\/www.iccu.com\/wp-content\/uploads\/2025\/03\/ICCU-logo-2color_696x696.png","width":696,"height":696,"caption":"ICCU"},"image":{"@id":"https:\/\/www.iccu.com\/es\/#\/schema\/logo\/image\/"},"sameAs":["https:\/\/www.facebook.com\/IdahoCentralCreditUnion","https:\/\/x.com\/Idaho_Central","https:\/\/www.youtube.com\/idahocentralcu","https:\/\/www.linkedin.com\/company\/idahocentralcreditunion\/","https:\/\/www.instagram.com\/idahocentralcu\/"],"description":"ICCU is a state-chartered credit union in the western United States, headquartered in Chubbuck, Idaho. Whether you\u2019re banking in the branch or banking on the go, ICCU is looking after your daily balance. Get great rates on auto and home loans. Check out our Visa Rewards Cards. Discover more perks with Central Plus Checking. Bank your way with drive-thru, ATM, live video chat, mobile banking. Open Saturdays. We also offer investment, insurance, and business solutions. As a member of ICCU, you\u2019ll have a financial leader that\u2019s helping you achieve financial success. Routing Number: 324173626. NMLS ID: 433926.","email":"memberservice@iccu.com","telephone":"(800) 456-5067","foundingDate":"1940-06-28","taxID":"82-0217065","duns":"108135278","numberOfEmployees":{"@type":"QuantitativeValue","minValue":"1001","maxValue":"5000"}}]}},"_links":{"self":[{"href":"https:\/\/www.iccu.com\/es\/wp-json\/wp\/v2\/pages\/18931","targetHints":{"allow":["GET"]}}],"collection":[{"href":"https:\/\/www.iccu.com\/es\/wp-json\/wp\/v2\/pages"}],"about":[{"href":"https:\/\/www.iccu.com\/es\/wp-json\/wp\/v2\/types\/page"}],"author":[{"embeddable":true,"href":"https:\/\/www.iccu.com\/es\/wp-json\/wp\/v2\/users\/3"}],"replies":[{"embeddable":true,"href":"https:\/\/www.iccu.com\/es\/wp-json\/wp\/v2\/comments?post=18931"}],"version-history":[{"count":4,"href":"https:\/\/www.iccu.com\/es\/wp-json\/wp\/v2\/pages\/18931\/revisions"}],"predecessor-version":[{"id":21724,"href":"https:\/\/www.iccu.com\/es\/wp-json\/wp\/v2\/pages\/18931\/revisions\/21724"}],"up":[{"embeddable":true,"href":"https:\/\/www.iccu.com\/es\/wp-json\/wp\/v2\/pages\/18578"}],"wp:featuredmedia":[{"embeddable":true,"href":"https:\/\/www.iccu.com\/es\/wp-json\/wp\/v2\/media\/17110"}],"wp:attachment":[{"href":"https:\/\/www.iccu.com\/es\/wp-json\/wp\/v2\/media?parent=18931"}],"curies":[{"name":"wp","href":"https:\/\/api.w.org\/{rel}","templated":true}]}}