{"id":18948,"date":"2023-07-07T17:10:11","date_gmt":"2023-07-07T23:10:11","guid":{"rendered":"https:\/\/www.iccu.com\/wellness\/guia-del-dinero-para-adolescentes\/"},"modified":"2024-09-09T22:58:25","modified_gmt":"2024-09-10T04:58:25","slug":"money-guide-for-teens","status":"publish","type":"page","link":"https:\/\/www.iccu.com\/es\/wellness\/money-guide-for-teens\/","title":{"rendered":"Gu\u00eda del dinero para adolescentes"},"content":{"rendered":"\n<div class=\"wp-block-group alignfull has-light-gray-background-color has-background\"><div class=\"wp-block-group__inner-container is-layout-constrained wp-block-group-is-layout-constrained\">\n<div class=\"wp-block-columns alignwide is-layout-flex wp-container-core-columns-is-layout-9d6595d7 wp-block-columns-is-layout-flex\">\n<div class=\"wp-block-column is-layout-flow wp-block-column-is-layout-flow\" style=\"flex-basis:50%\"><div class=\"wp-block-image\">\n<figure class=\"aligncenter size-full\"><img loading=\"lazy\" decoding=\"async\" width=\"410\" height=\"313\" src=\"https:\/\/www.iccu.com\/wp-content\/uploads\/2023\/07\/spend-money-intro.webp\" alt=\"\" class=\"wp-image-12630\"\/><\/figure>\n<\/div>\n\n\n<h3 class=\"wp-block-heading has-text-align-center has-green-color has-text-color\">\u00bfAd\u00f3nde va tu dinero?<\/h3>\n\n\n\n<p class=\"has-text-align-center\">Controla tu dinero en cualquier momento y lugar con la aplicaci\u00f3n m\u00f3vil de ICCU. Utiliza herramientas financieras que te ayuden a presupuestar tu dinero, fijar objetivos y mucho m\u00e1s.<\/p>\n\n\n\n<div class=\"wp-block-buttons is-content-justification-center is-layout-flex wp-container-core-buttons-is-layout-16018d1d wp-block-buttons-is-layout-flex\">\n<div class=\"wp-block-button\"><a class=\"wp-block-button__link wp-element-button\" href=\"https:\/\/www.iccu.com\/wellness\/money-guide-for-teens\/spending\/\">Aprende a gastar<\/a><\/div>\n<\/div>\n<\/div>\n\n\n\n<div class=\"wp-block-column is-layout-flow wp-block-column-is-layout-flow\" style=\"flex-basis:50%\"><div class=\"wp-block-image\">\n<figure class=\"aligncenter size-full\"><img loading=\"lazy\" decoding=\"async\" width=\"410\" height=\"313\" src=\"https:\/\/www.iccu.com\/wp-content\/uploads\/2023\/07\/save-money-intro.webp\" alt=\"\" class=\"wp-image-12629\"\/><\/figure>\n<\/div>\n\n\n<h3 class=\"wp-block-heading alignwide has-text-align-center is-style-h2 has-green-color has-text-color\">\u00bfC\u00f3mo crece tu dinero?<\/h3>\n\n\n\n<p class=\"has-text-align-center is-style-wide\">Ponte en el buen camino financiero ahorrando ahora para el futuro. ICCU ofrece opciones de cuentas de ahorro que crecen a medida que t\u00fa creces.<\/p>\n\n\n\n<div class=\"wp-block-buttons is-content-justification-center is-layout-flex wp-container-core-buttons-is-layout-16018d1d wp-block-buttons-is-layout-flex\">\n<div class=\"wp-block-button\"><a class=\"wp-block-button__link wp-element-button\" href=\"https:\/\/www.iccu.com\/wellness\/money-guide-for-teens\/saving\/\">Aprende a ahorrar<\/a><\/div>\n<\/div>\n<\/div>\n<\/div>\n<\/div><\/div>\n\n<div class=\"wp-block-group alignfull has-white-background-color has-background\"><div class=\"wp-block-group__inner-container is-layout-constrained wp-block-group-is-layout-constrained\">\n<div class=\"wp-block-columns alignwide is-layout-flex wp-container-core-columns-is-layout-9d6595d7 wp-block-columns-is-layout-flex\">\n<div class=\"wp-block-column is-layout-flow wp-block-column-is-layout-flow\">\n<h2 class=\"wp-block-heading has-text-align-center\">Asociaci\u00f3n de ICCU con Stukent<\/h2>\n\n\n\n<p class=\"has-text-align-center has-lg-font-size\">Al utilizar el aprendizaje de la teor\u00eda de la decisi\u00f3n para ense\u00f1ar a los estudiantes los principios b\u00e1sicos de la educaci\u00f3n financiera, Mimic Personal Finance da a la pr\u00f3xima generaci\u00f3n una oportunidad de luchar. Mimic Personal Finance permite a los alumnos tomar decisiones financieras de la vida real sin riesgo. Los alumnos adquieren experiencias pr\u00e1cticas como comprar una casa, un coche, recibir una calificaci\u00f3n crediticia y practicar todas las cosas divertidas de los adultos, como pagar las facturas. Este modelo crea un entorno en el que las elecciones de los alumnos dictan la experiencia de aprendizaje y al final aprenden a analizar adecuadamente sus situaciones financieras.<\/p>\n\n\n\n<p class=\"has-text-align-center has-lg-font-size\">Comprueba c\u00f3mo Idaho Central Credit Union y Stukent han ayudado a estudiantes de todo <strong>Idaho<\/strong> y del <strong>este de<\/strong> Washington a aprender a tomar decisiones financieras inteligentes a lo largo de sus vidas.<\/p>\n\n\n\n<p class=\"has-text-align-center\"><a href=\"https:\/\/www.stukent.com\/iccu\/\">Haz clic aqu\u00ed para aprender m\u00e1s<\/a><\/p>\n\n\n\n<div class=\"elementor-widget-container\">\n          <div class=\"wistia_responsive_padding\" style=\"padding:56.25% 0 0 0;position:relative;\">\n            <div class=\"wistia_responsive_wrapper\" style=\"height:100%;left:0;position:absolute;top:0;width:100%;\">\n              <div class=\"wistia_video_foam_dummy\" data-source-container-id=\"\" style=\"border: 0px; display: block; height: 0px; margin: 0px; padding: 0px; position: static; visibility: hidden; width: auto;\"><\/div>\n              <iframe loading=\"lazy\" src=\"https:\/\/fast.wistia.net\/embed\/iframe\/7z6q7kq3fj?videoFoam=true\" title=\"Finanzas personales m\u00edmicas - V\u00eddeo de Idaho Central Credit Union\" allowtransparency=\"true\" frameborder=\"0\" scrolling=\"no\" class=\"wistia_embed\" name=\"wistia_embed\" allowfullscreen=\"allowfullscreen\" mozallowfullscreen=\"mozallowfullscreen\" webkitallowfullscreen=\"webkitallowfullscreen\" oallowfullscreen=\"oallowfullscreen\" msallowfullscreen=\"msallowfullscreen\" width=\"418\" height=\"235\" style=\"width: 418px; height: 235px;\"><\/iframe>\n            <\/div>\n          <\/div>\n          <script src=\"https:\/\/fast.wistia.net\/assets\/external\/E-v1.js\" async=\"\"><\/script> <\/div>\n      <\/div>\n<\/div>\n<\/div><\/div>\n","protected":false},"excerpt":{"rendered":"<p>\u00bfAd\u00f3nde va tu dinero? Controla tu dinero en cualquier momento y lugar con la aplicaci\u00f3n m\u00f3vil de ICCU. Utiliza herramientas [&hellip;]<\/p>\n","protected":false},"author":5,"featured_media":17614,"parent":18940,"menu_order":0,"comment_status":"closed","ping_status":"closed","template":"product-family-page.php","meta":{"_acf_changed":false,"_searchwp_excluded":"","footnotes":""},"class_list":["post-18948","page","type-page","status-publish","has-post-thumbnail","hentry"],"acf":[],"yoast_head":"<!-- This site is optimized with the Yoast SEO Premium plugin v27.4 (Yoast SEO v27.4) - https:\/\/yoast.com\/product\/yoast-seo-premium-wordpress\/ -->\n<title>Gu\u00eda del dinero para adolescentes - ICCU<\/title>\n<meta name=\"robots\" content=\"index, follow, max-snippet:-1, max-image-preview:large, max-video-preview:-1\" \/>\n<link rel=\"canonical\" href=\"https:\/\/www.iccu.com\/es\/wellness\/money-guide-for-teens\/\" \/>\n<meta property=\"og:locale\" content=\"es_ES\" \/>\n<meta property=\"og:type\" content=\"article\" \/>\n<meta property=\"og:title\" content=\"Gu\u00eda del dinero para adolescentes\" \/>\n<meta property=\"og:description\" content=\"\u00bfAd\u00f3nde va tu dinero? Controla tu dinero en cualquier momento y lugar con la aplicaci\u00f3n m\u00f3vil de ICCU. Utiliza herramientas [&hellip;]\" \/>\n<meta property=\"og:url\" content=\"https:\/\/www.iccu.com\/es\/wellness\/money-guide-for-teens\/\" \/>\n<meta property=\"og:site_name\" content=\"ICCU\" \/>\n<meta property=\"article:publisher\" content=\"https:\/\/www.facebook.com\/IdahoCentralCreditUnion\" \/>\n<meta property=\"article:modified_time\" content=\"2024-09-10T04:58:25+00:00\" \/>\n<meta property=\"og:image\" content=\"https:\/\/www.iccu.com\/wp-content\/uploads\/2023\/07\/student-sitting-hero.webp\" \/>\n\t<meta property=\"og:image:width\" content=\"990\" \/>\n\t<meta property=\"og:image:height\" content=\"775\" \/>\n\t<meta property=\"og:image:type\" content=\"image\/webp\" \/>\n<meta name=\"twitter:card\" content=\"summary_large_image\" \/>\n<meta name=\"twitter:site\" content=\"@Idaho_Central\" \/>\n<meta name=\"twitter:label1\" content=\"Tiempo de lectura\" \/>\n\t<meta name=\"twitter:data1\" content=\"1 minuto\" \/>\n<script type=\"application\/ld+json\" class=\"yoast-schema-graph\">{\"@context\":\"https:\\\/\\\/schema.org\",\"@graph\":[{\"@type\":\"WebPage\",\"@id\":\"https:\\\/\\\/www.iccu.com\\\/es\\\/wellness\\\/money-guide-for-teens\\\/\",\"url\":\"https:\\\/\\\/www.iccu.com\\\/es\\\/wellness\\\/money-guide-for-teens\\\/\",\"name\":\"Gu\u00eda del dinero para adolescentes - ICCU\",\"isPartOf\":{\"@id\":\"https:\\\/\\\/www.iccu.com\\\/es\\\/#website\"},\"primaryImageOfPage\":{\"@id\":\"https:\\\/\\\/www.iccu.com\\\/es\\\/wellness\\\/money-guide-for-teens\\\/#primaryimage\"},\"image\":{\"@id\":\"https:\\\/\\\/www.iccu.com\\\/es\\\/wellness\\\/money-guide-for-teens\\\/#primaryimage\"},\"thumbnailUrl\":\"https:\\\/\\\/www.iccu.com\\\/wp-content\\\/uploads\\\/2023\\\/07\\\/student-sitting-hero.webp\",\"datePublished\":\"2023-07-07T23:10:11+00:00\",\"dateModified\":\"2024-09-10T04:58:25+00:00\",\"breadcrumb\":{\"@id\":\"https:\\\/\\\/www.iccu.com\\\/es\\\/wellness\\\/money-guide-for-teens\\\/#breadcrumb\"},\"inLanguage\":\"es\",\"potentialAction\":[{\"@type\":\"ReadAction\",\"target\":[\"https:\\\/\\\/www.iccu.com\\\/es\\\/wellness\\\/money-guide-for-teens\\\/\"]}]},{\"@type\":\"ImageObject\",\"inLanguage\":\"es\",\"@id\":\"https:\\\/\\\/www.iccu.com\\\/es\\\/wellness\\\/money-guide-for-teens\\\/#primaryimage\",\"url\":\"https:\\\/\\\/www.iccu.com\\\/wp-content\\\/uploads\\\/2023\\\/07\\\/student-sitting-hero.webp\",\"contentUrl\":\"https:\\\/\\\/www.iccu.com\\\/wp-content\\\/uploads\\\/2023\\\/07\\\/student-sitting-hero.webp\",\"width\":990,\"height\":775},{\"@type\":\"BreadcrumbList\",\"@id\":\"https:\\\/\\\/www.iccu.com\\\/es\\\/wellness\\\/money-guide-for-teens\\\/#breadcrumb\",\"itemListElement\":[{\"@type\":\"ListItem\",\"position\":1,\"name\":\"Home\",\"item\":\"https:\\\/\\\/www.iccu.com\\\/es\\\/\"},{\"@type\":\"ListItem\",\"position\":2,\"name\":\"Centro de Bienestar Financiero\",\"item\":\"https:\\\/\\\/www.iccu.com\\\/es\\\/wellness\\\/\"},{\"@type\":\"ListItem\",\"position\":3,\"name\":\"Gu\u00eda del dinero para adolescentes\"}]},{\"@type\":\"WebSite\",\"@id\":\"https:\\\/\\\/www.iccu.com\\\/es\\\/#website\",\"url\":\"https:\\\/\\\/www.iccu.com\\\/es\\\/\",\"name\":\"ICCU\",\"description\":\"Looking after your daily balance.\",\"publisher\":{\"@id\":\"https:\\\/\\\/www.iccu.com\\\/es\\\/#organization\"},\"alternateName\":\"ICCU\",\"potentialAction\":[{\"@type\":\"SearchAction\",\"target\":{\"@type\":\"EntryPoint\",\"urlTemplate\":\"https:\\\/\\\/www.iccu.com\\\/es\\\/?s={search_term_string}\"},\"query-input\":{\"@type\":\"PropertyValueSpecification\",\"valueRequired\":true,\"valueName\":\"search_term_string\"}}],\"inLanguage\":\"es\"},{\"@type\":\"Organization\",\"@id\":\"https:\\\/\\\/www.iccu.com\\\/es\\\/#organization\",\"name\":\"ICCU\",\"url\":\"https:\\\/\\\/www.iccu.com\\\/es\\\/\",\"logo\":{\"@type\":\"ImageObject\",\"inLanguage\":\"es\",\"@id\":\"https:\\\/\\\/www.iccu.com\\\/es\\\/#\\\/schema\\\/logo\\\/image\\\/\",\"url\":\"https:\\\/\\\/www.iccu.com\\\/wp-content\\\/uploads\\\/2025\\\/03\\\/ICCU-logo-2color_696x696.png\",\"contentUrl\":\"https:\\\/\\\/www.iccu.com\\\/wp-content\\\/uploads\\\/2025\\\/03\\\/ICCU-logo-2color_696x696.png\",\"width\":696,\"height\":696,\"caption\":\"ICCU\"},\"image\":{\"@id\":\"https:\\\/\\\/www.iccu.com\\\/es\\\/#\\\/schema\\\/logo\\\/image\\\/\"},\"sameAs\":[\"https:\\\/\\\/www.facebook.com\\\/IdahoCentralCreditUnion\",\"https:\\\/\\\/x.com\\\/Idaho_Central\",\"https:\\\/\\\/www.youtube.com\\\/idahocentralcu\",\"https:\\\/\\\/www.linkedin.com\\\/company\\\/idahocentralcreditunion\\\/\",\"https:\\\/\\\/www.instagram.com\\\/idahocentralcu\\\/\"],\"description\":\"ICCU is a state-chartered credit union in the western United States, headquartered in Chubbuck, Idaho. Whether you\u2019re banking in the branch or banking on the go, ICCU is looking after your daily balance. Get great rates on auto and home loans. Check out our Visa Rewards Cards. Discover more perks with Central Plus Checking. Bank your way with drive-thru, ATM, live video chat, mobile banking. Open Saturdays. We also offer investment, insurance, and business solutions. As a member of ICCU, you\u2019ll have a financial leader that\u2019s helping you achieve financial success. Routing Number: 324173626. NMLS ID: 433926.\",\"email\":\"memberservice@iccu.com\",\"telephone\":\"(800) 456-5067\",\"foundingDate\":\"1940-06-28\",\"taxID\":\"82-0217065\",\"duns\":\"108135278\",\"numberOfEmployees\":{\"@type\":\"QuantitativeValue\",\"minValue\":\"1001\",\"maxValue\":\"5000\"}}]}<\/script>\n<!-- \/ Yoast SEO Premium plugin. -->","yoast_head_json":{"title":"Gu\u00eda del dinero para adolescentes - ICCU","robots":{"index":"index","follow":"follow","max-snippet":"max-snippet:-1","max-image-preview":"max-image-preview:large","max-video-preview":"max-video-preview:-1"},"canonical":"https:\/\/www.iccu.com\/es\/wellness\/money-guide-for-teens\/","og_locale":"es_ES","og_type":"article","og_title":"Gu\u00eda del dinero para adolescentes","og_description":"\u00bfAd\u00f3nde va tu dinero? Controla tu dinero en cualquier momento y lugar con la aplicaci\u00f3n m\u00f3vil de ICCU. Utiliza herramientas [&hellip;]","og_url":"https:\/\/www.iccu.com\/es\/wellness\/money-guide-for-teens\/","og_site_name":"ICCU","article_publisher":"https:\/\/www.facebook.com\/IdahoCentralCreditUnion","article_modified_time":"2024-09-10T04:58:25+00:00","og_image":[{"width":990,"height":775,"url":"https:\/\/www.iccu.com\/wp-content\/uploads\/2023\/07\/student-sitting-hero.webp","type":"image\/webp"}],"twitter_card":"summary_large_image","twitter_site":"@Idaho_Central","twitter_misc":{"Tiempo de lectura":"1 minuto"},"schema":{"@context":"https:\/\/schema.org","@graph":[{"@type":"WebPage","@id":"https:\/\/www.iccu.com\/es\/wellness\/money-guide-for-teens\/","url":"https:\/\/www.iccu.com\/es\/wellness\/money-guide-for-teens\/","name":"Gu\u00eda del dinero para adolescentes - ICCU","isPartOf":{"@id":"https:\/\/www.iccu.com\/es\/#website"},"primaryImageOfPage":{"@id":"https:\/\/www.iccu.com\/es\/wellness\/money-guide-for-teens\/#primaryimage"},"image":{"@id":"https:\/\/www.iccu.com\/es\/wellness\/money-guide-for-teens\/#primaryimage"},"thumbnailUrl":"https:\/\/www.iccu.com\/wp-content\/uploads\/2023\/07\/student-sitting-hero.webp","datePublished":"2023-07-07T23:10:11+00:00","dateModified":"2024-09-10T04:58:25+00:00","breadcrumb":{"@id":"https:\/\/www.iccu.com\/es\/wellness\/money-guide-for-teens\/#breadcrumb"},"inLanguage":"es","potentialAction":[{"@type":"ReadAction","target":["https:\/\/www.iccu.com\/es\/wellness\/money-guide-for-teens\/"]}]},{"@type":"ImageObject","inLanguage":"es","@id":"https:\/\/www.iccu.com\/es\/wellness\/money-guide-for-teens\/#primaryimage","url":"https:\/\/www.iccu.com\/wp-content\/uploads\/2023\/07\/student-sitting-hero.webp","contentUrl":"https:\/\/www.iccu.com\/wp-content\/uploads\/2023\/07\/student-sitting-hero.webp","width":990,"height":775},{"@type":"BreadcrumbList","@id":"https:\/\/www.iccu.com\/es\/wellness\/money-guide-for-teens\/#breadcrumb","itemListElement":[{"@type":"ListItem","position":1,"name":"Home","item":"https:\/\/www.iccu.com\/es\/"},{"@type":"ListItem","position":2,"name":"Centro de Bienestar Financiero","item":"https:\/\/www.iccu.com\/es\/wellness\/"},{"@type":"ListItem","position":3,"name":"Gu\u00eda del dinero para adolescentes"}]},{"@type":"WebSite","@id":"https:\/\/www.iccu.com\/es\/#website","url":"https:\/\/www.iccu.com\/es\/","name":"ICCU","description":"Looking after your daily balance.","publisher":{"@id":"https:\/\/www.iccu.com\/es\/#organization"},"alternateName":"ICCU","potentialAction":[{"@type":"SearchAction","target":{"@type":"EntryPoint","urlTemplate":"https:\/\/www.iccu.com\/es\/?s={search_term_string}"},"query-input":{"@type":"PropertyValueSpecification","valueRequired":true,"valueName":"search_term_string"}}],"inLanguage":"es"},{"@type":"Organization","@id":"https:\/\/www.iccu.com\/es\/#organization","name":"ICCU","url":"https:\/\/www.iccu.com\/es\/","logo":{"@type":"ImageObject","inLanguage":"es","@id":"https:\/\/www.iccu.com\/es\/#\/schema\/logo\/image\/","url":"https:\/\/www.iccu.com\/wp-content\/uploads\/2025\/03\/ICCU-logo-2color_696x696.png","contentUrl":"https:\/\/www.iccu.com\/wp-content\/uploads\/2025\/03\/ICCU-logo-2color_696x696.png","width":696,"height":696,"caption":"ICCU"},"image":{"@id":"https:\/\/www.iccu.com\/es\/#\/schema\/logo\/image\/"},"sameAs":["https:\/\/www.facebook.com\/IdahoCentralCreditUnion","https:\/\/x.com\/Idaho_Central","https:\/\/www.youtube.com\/idahocentralcu","https:\/\/www.linkedin.com\/company\/idahocentralcreditunion\/","https:\/\/www.instagram.com\/idahocentralcu\/"],"description":"ICCU is a state-chartered credit union in the western United States, headquartered in Chubbuck, Idaho. Whether you\u2019re banking in the branch or banking on the go, ICCU is looking after your daily balance. Get great rates on auto and home loans. Check out our Visa Rewards Cards. Discover more perks with Central Plus Checking. Bank your way with drive-thru, ATM, live video chat, mobile banking. Open Saturdays. We also offer investment, insurance, and business solutions. As a member of ICCU, you\u2019ll have a financial leader that\u2019s helping you achieve financial success. Routing Number: 324173626. NMLS ID: 433926.","email":"memberservice@iccu.com","telephone":"(800) 456-5067","foundingDate":"1940-06-28","taxID":"82-0217065","duns":"108135278","numberOfEmployees":{"@type":"QuantitativeValue","minValue":"1001","maxValue":"5000"}}]}},"_links":{"self":[{"href":"https:\/\/www.iccu.com\/es\/wp-json\/wp\/v2\/pages\/18948","targetHints":{"allow":["GET"]}}],"collection":[{"href":"https:\/\/www.iccu.com\/es\/wp-json\/wp\/v2\/pages"}],"about":[{"href":"https:\/\/www.iccu.com\/es\/wp-json\/wp\/v2\/types\/page"}],"author":[{"embeddable":true,"href":"https:\/\/www.iccu.com\/es\/wp-json\/wp\/v2\/users\/5"}],"replies":[{"embeddable":true,"href":"https:\/\/www.iccu.com\/es\/wp-json\/wp\/v2\/comments?post=18948"}],"version-history":[{"count":1,"href":"https:\/\/www.iccu.com\/es\/wp-json\/wp\/v2\/pages\/18948\/revisions"}],"predecessor-version":[{"id":18950,"href":"https:\/\/www.iccu.com\/es\/wp-json\/wp\/v2\/pages\/18948\/revisions\/18950"}],"up":[{"embeddable":true,"href":"https:\/\/www.iccu.com\/es\/wp-json\/wp\/v2\/pages\/18940"}],"wp:featuredmedia":[{"embeddable":true,"href":"https:\/\/www.iccu.com\/es\/wp-json\/wp\/v2\/media\/17614"}],"wp:attachment":[{"href":"https:\/\/www.iccu.com\/es\/wp-json\/wp\/v2\/media?parent=18948"}],"curies":[{"name":"wp","href":"https:\/\/api.w.org\/{rel}","templated":true}]}}