{"id":18958,"date":"2023-02-27T09:59:57","date_gmt":"2023-02-27T16:59:57","guid":{"rendered":"https:\/\/www.iccu.com\/security\/robo-de-identidad\/"},"modified":"2024-09-09T22:59:36","modified_gmt":"2024-09-10T04:59:36","slug":"identity-theft","status":"publish","type":"page","link":"https:\/\/www.iccu.com\/es\/security\/identity-theft\/","title":{"rendered":"Robo de identidad"},"content":{"rendered":"\n<div class=\"wp-block-group alignfull has-light-gray-background-color has-background\"><div class=\"wp-block-group__inner-container is-layout-constrained wp-block-group-is-layout-constrained\">\n<h2 class=\"alignwide has-green-color has-text-color wp-block-heading\">Protege tu identidad<\/h2>\n\n\n\n<p class=\"is-style-wide has-lg-font-size\">El robo de identidad no es divertido. Idaho Central Credit Union te lo pone f\u00e1cil para que gobiernes tu identidad. Con CardControl y Mi Cr\u00e9dito de ICCU puedes asegurarte de que tu identidad y la informaci\u00f3n de tu tarjeta sigan siendo TUYAS. Adem\u00e1s, disfruta de un Control de Fraude de Tarjeta gratuito con cualquier Tarjeta Visa de ICCU y de Protecci\u00f3n Antirrobo de Identidad con una Tarjeta de Cr\u00e9dito Visa de ICCU. Es una forma m\u00e1s de que Idaho Central cuide de tu saldo diario.<\/p>\n<\/div><\/div>\n\n<div class=\"wp-block-group alignfull has-white-background-color has-background\"><div class=\"wp-block-group__inner-container is-layout-flow wp-block-group-is-layout-flow\">\n<div class=\"wp-block-columns alignwide is-layout-flex wp-container-core-columns-is-layout-9d6595d7 wp-block-columns-is-layout-flex\">\n<div class=\"wp-block-column is-layout-flow wp-block-column-is-layout-flow\">\n<h2 class=\"has-text-align-left has-black-color has-text-color wp-block-heading\">CardControl<\/h2>\n<\/div>\n<\/div>\n\n\n\n<div class=\"wp-block-columns alignwide is-layout-flex wp-container-core-columns-is-layout-9d6595d7 wp-block-columns-is-layout-flex\">\n<div class=\"wp-block-column is-layout-flow wp-block-column-is-layout-flow\">\n<p class=\"is-style-wide has-lg-font-size\">Mant\u00e9n el control de todas tus tarjetas ICCU con nuestro CardControl GRATUITO. Puedes proteger tu tarjeta contra robos desde tu tel\u00e9fono m\u00f3vil.<\/p>\n\n\n\n<ul class=\"has-lg-font-size wp-block-list\">\n<li>\u00bfHas perdido o te han robado la tarjeta? Enci\u00e9ndelo y ap\u00e1galo f\u00e1cilmente.  <\/li>\n\n\n\n<li>Obtener notificaciones de transacciones<\/li>\n\n\n\n<li>  Establece l\u00edmites de gasto  <\/li>\n\n\n\n<li>Habilitar categor\u00edas espec\u00edficas de comerciantes  <\/li>\n\n\n\n<li>Cambiar los tipos de transacciones permitidas<\/li>\n<\/ul>\n\n\n\n<p class=\"has-lg-font-size\">Accede a CardControl a trav\u00e9s de la <a href=\"https:\/\/www.iccu.com\/es\/services\/online-banking\/\">Banca M\u00f3vil y Online<\/a>.<\/p>\n\n\n\n<div class=\"wp-block-buttons is-layout-flex wp-block-buttons-is-layout-flex\">\n<div class=\"wp-block-button\"><a class=\"wp-block-button__link wp-element-button\" href=\"https:\/\/www.iccu.com\/es\/services\/card-control\/\">Saber m\u00e1s<\/a><\/div>\n<\/div>\n<\/div>\n\n\n\n<div class=\"wp-block-column is-layout-flow wp-block-column-is-layout-flow\">\n<figure class=\"wp-block-image size-full\"><img loading=\"lazy\" decoding=\"async\" width=\"270\" height=\"400\" src=\"https:\/\/www.iccu.com\/wp-content\/uploads\/2023\/02\/CardControl.webp\" alt=\"\" class=\"wp-image-6515\"\/><\/figure>\n<\/div>\n<\/div>\n<\/div><\/div>\n\n<div class=\"wp-block-group alignfull has-light-gray-background-color has-background\" id=\"my-credit\"><div class=\"wp-block-group__inner-container is-layout-constrained wp-block-group-is-layout-constrained\">\n<h2 class=\"alignwide has-green-color has-text-color wp-block-heading\">Mi cr\u00e9dito<\/h2>\n\n\n\n<div class=\"wp-block-columns alignwide is-layout-flex wp-container-core-columns-is-layout-9d6595d7 wp-block-columns-is-layout-flex\">\n<div class=\"wp-block-column is-layout-flow wp-block-column-is-layout-flow\">\n<p class=\"is-style-wide has-lg-font-size\">Mantente informado. Comprueba tu puntuaci\u00f3n crediticia, consulta tu informe crediticio y recibe notificaciones actualizadas de supervisi\u00f3n crediticia con Mi Cr\u00e9dito, GRATIS de ICCU.<\/p>\n\n\n\n<ul class=\"has-lg-font-size wp-block-list\">\n<li>Comprueba diariamente tu puntuaci\u00f3n crediticia<strong> <\/strong><\/li>\n\n\n\n<li>Supervisa el cr\u00e9dito en busca de actividad inusual  <\/li>\n\n\n\n<li>Recibe alertas de cambios en tu cr\u00e9dito  <\/li>\n\n\n\n<li>Ver tu informe crediticio completo  <\/li>\n\n\n\n<li>Impugnar elementos de tu informe crediticio<\/li>\n<\/ul>\n\n\n\n<p class=\"has-lg-font-size\">Adem\u00e1s, es una \u00abconsulta suave\u00bb, por lo que no afecta a tu puntuaci\u00f3n crediticia. Accede a Mi Cr\u00e9dito en la <a href=\"https:\/\/www.iccu.com\/es\/services\/online-banking\/\">Banca M\u00f3vil y Online<\/a> eBranch de ICCU.<\/p>\n\n\n\n<div class=\"wp-block-buttons is-layout-flex wp-block-buttons-is-layout-flex\">\n<div class=\"wp-block-button\"><a class=\"wp-block-button__link wp-element-button\" href=\"https:\/\/www.iccu.com\/es\/services\/my-credit\/\">Saber m\u00e1s<\/a><\/div>\n<\/div>\n<\/div>\n<\/div>\n<\/div><\/div>\n\n<div class=\"wp-block-group alignfull has-white-background-color has-background\"><div class=\"wp-block-group__inner-container is-layout-flow wp-block-group-is-layout-flow\">\n<div class=\"wp-block-columns alignwide is-layout-flex wp-container-core-columns-is-layout-9d6595d7 wp-block-columns-is-layout-flex\">\n<div class=\"wp-block-column is-layout-flow wp-block-column-is-layout-flow\">\n<h2 class=\"has-text-align-left has-black-color has-text-color wp-block-heading\">Control del fraude con tarjetas<\/h2>\n<\/div>\n<\/div>\n\n\n\n<div class=\"wp-block-columns alignwide is-layout-flex wp-container-core-columns-is-layout-9d6595d7 wp-block-columns-is-layout-flex\">\n<div class=\"wp-block-column is-layout-flow wp-block-column-is-layout-flow\">\n<p class=\"is-style-wide has-lg-font-size\">Idaho Central se enorgullece de ofrecer a nuestros afiliados un control autom\u00e1tico continuo del fraude con tarjeta. Nuestro sistema de supervisi\u00f3n de tarjetas utiliza tecnolog\u00eda avanzada para controlar en tiempo real las transacciones entrantes con tarjetas de cr\u00e9dito y d\u00e9bito en busca de posibles fraudes.<\/p>\n\n\n\n<div class=\"wp-block-buttons is-layout-flex wp-block-buttons-is-layout-flex\">\n<div class=\"wp-block-button\"><a class=\"wp-block-button__link wp-element-button\" href=\"https:\/\/www.iccu.com\/es\/services\/card-fraud-monitoring\/\">Saber m\u00e1s<\/a><\/div>\n<\/div>\n<\/div>\n\n\n\n<div class=\"wp-block-column is-layout-flow wp-block-column-is-layout-flow\">\n<figure class=\"wp-block-image size-full\"><img loading=\"lazy\" decoding=\"async\" width=\"410\" height=\"313\" src=\"https:\/\/www.iccu.com\/wp-content\/uploads\/2023\/02\/Identity-Theft_Protection.webp\" alt=\"\" class=\"wp-image-6529\"\/><\/figure>\n<\/div>\n<\/div>\n<\/div><\/div>\n\n<div class=\"wp-block-group alignfull has-light-gray-background-color has-background\"><div class=\"wp-block-group__inner-container is-layout-flow wp-block-group-is-layout-flow\">\n<div class=\"wp-block-columns alignwide is-layout-flex wp-container-core-columns-is-layout-9d6595d7 wp-block-columns-is-layout-flex\">\n<div class=\"wp-block-column is-layout-flow wp-block-column-is-layout-flow\">\n<h2 class=\"has-text-align-left has-green-color has-text-color wp-block-heading\">Protecci\u00f3n frente al robo de identidad<\/h2>\n<\/div>\n<\/div>\n\n\n\n<div class=\"wp-block-columns alignwide is-layout-flex wp-container-core-columns-is-layout-9d6595d7 wp-block-columns-is-layout-flex\">\n<div class=\"wp-block-column is-layout-flow wp-block-column-is-layout-flow\">\n<p class=\"is-style-wide has-lg-font-size\">Todas las Tarjetas de Cr\u00e9dito Visa de Idaho Central vienen equipadas con Protecci\u00f3n Antirrobo de Identidad. Esta prestaci\u00f3n proporciona el reembolso de los gastos cubiertos en que incurras para restablecer tu identidad como consecuencia de un \u00absuceso cubierto de robo de identidad\u00bb. El robo o uso no autorizado o ilegal de tu nombre, cuenta de tarjeta de transacciones o n\u00famero de cuenta, n\u00famero de la Seguridad Social o cualquier otro m\u00e9todo para identificarte, se considera un \u00absuceso cubierto de robo de identidad.\u00bb<\/p>\n\n\n\n<div class=\"wp-block-buttons is-layout-flex wp-block-buttons-is-layout-flex\">\n<div class=\"wp-block-button\"><a class=\"wp-block-button__link wp-element-button\" href=\"https:\/\/www.iccu.com\/es\/services\/card-fraud-monitoring\/\">Saber m\u00e1s<\/a><\/div>\n<\/div>\n<\/div>\n<\/div>\n<\/div><\/div>\n\n<div class=\"wp-block-group alignfull has-white-background-color has-background\" id=\"identity-theft-protection\"><div class=\"wp-block-group__inner-container is-layout-flow wp-block-group-is-layout-flow\">\n<div class=\"wp-block-columns alignwide is-layout-flex wp-container-core-columns-is-layout-9d6595d7 wp-block-columns-is-layout-flex\">\n<div class=\"wp-block-column is-layout-flow wp-block-column-is-layout-flow\" style=\"flex-basis:100%\">\n<p class=\"has-text-align-center has-lg-font-size\">\u00bfBuscas m\u00e1s consejos sobre c\u00f3mo protegerte de la usurpaci\u00f3n de identidad y el fraude? Visita nuestro Centro de Seguridad.<\/p>\n\n\n\n<div class=\"wp-block-buttons is-content-justification-center is-layout-flex wp-container-core-buttons-is-layout-16018d1d wp-block-buttons-is-layout-flex\">\n<div class=\"wp-block-button\"><a class=\"wp-block-button__link wp-element-button\" href=\"https:\/\/www.iccu.com\/es\/security\/\">Centro de Seguridad<\/a><\/div>\n<\/div>\n<\/div>\n<\/div>\n<\/div><\/div>\n","protected":false},"excerpt":{"rendered":"<p>Protege tu identidad El robo de identidad no es divertido. Idaho Central Credit Union te lo pone f\u00e1cil para que [&hellip;]<\/p>\n","protected":false},"author":5,"featured_media":17311,"parent":18942,"menu_order":0,"comment_status":"closed","ping_status":"closed","template":"product-detail-page.php","meta":{"_acf_changed":false,"_searchwp_excluded":"","footnotes":""},"class_list":["post-18958","page","type-page","status-publish","has-post-thumbnail","hentry"],"acf":[],"yoast_head":"<!-- This site is optimized with the Yoast SEO Premium plugin v27.5 (Yoast SEO v27.5) - https:\/\/yoast.com\/product\/yoast-seo-premium-wordpress\/ -->\n<title>Robo de identidad - ICCU<\/title>\n<meta name=\"robots\" content=\"index, follow, max-snippet:-1, max-image-preview:large, max-video-preview:-1\" \/>\n<link rel=\"canonical\" href=\"https:\/\/www.iccu.com\/es\/security\/identity-theft\/\" \/>\n<meta property=\"og:locale\" content=\"es_ES\" \/>\n<meta property=\"og:type\" content=\"article\" \/>\n<meta property=\"og:title\" content=\"Robo de identidad\" \/>\n<meta property=\"og:description\" content=\"Protege tu identidad El robo de identidad no es divertido. Idaho Central Credit Union te lo pone f\u00e1cil para que [&hellip;]\" \/>\n<meta property=\"og:url\" content=\"https:\/\/www.iccu.com\/es\/security\/identity-theft\/\" \/>\n<meta property=\"og:site_name\" content=\"ICCU\" \/>\n<meta property=\"article:publisher\" content=\"https:\/\/www.facebook.com\/IdahoCentralCreditUnion\" \/>\n<meta property=\"article:modified_time\" content=\"2024-09-10T04:59:36+00:00\" \/>\n<meta property=\"og:image\" content=\"https:\/\/www.iccu.com\/wp-content\/uploads\/2023\/02\/Identity-Theft_Hero.webp\" \/>\n\t<meta property=\"og:image:width\" content=\"390\" \/>\n\t<meta property=\"og:image:height\" content=\"293\" \/>\n\t<meta property=\"og:image:type\" content=\"image\/webp\" \/>\n<meta name=\"twitter:card\" content=\"summary_large_image\" \/>\n<meta name=\"twitter:site\" content=\"@Idaho_Central\" \/>\n<meta name=\"twitter:label1\" content=\"Tiempo de lectura\" \/>\n\t<meta name=\"twitter:data1\" content=\"2 minutos\" \/>\n<script type=\"application\/ld+json\" class=\"yoast-schema-graph\">{\"@context\":\"https:\\\/\\\/schema.org\",\"@graph\":[{\"@type\":\"WebPage\",\"@id\":\"https:\\\/\\\/www.iccu.com\\\/es\\\/security\\\/identity-theft\\\/\",\"url\":\"https:\\\/\\\/www.iccu.com\\\/es\\\/security\\\/identity-theft\\\/\",\"name\":\"Robo de identidad - ICCU\",\"isPartOf\":{\"@id\":\"https:\\\/\\\/www.iccu.com\\\/es\\\/#website\"},\"primaryImageOfPage\":{\"@id\":\"https:\\\/\\\/www.iccu.com\\\/es\\\/security\\\/identity-theft\\\/#primaryimage\"},\"image\":{\"@id\":\"https:\\\/\\\/www.iccu.com\\\/es\\\/security\\\/identity-theft\\\/#primaryimage\"},\"thumbnailUrl\":\"https:\\\/\\\/www.iccu.com\\\/wp-content\\\/uploads\\\/2023\\\/02\\\/Identity-Theft_Hero.webp\",\"datePublished\":\"2023-02-27T16:59:57+00:00\",\"dateModified\":\"2024-09-10T04:59:36+00:00\",\"breadcrumb\":{\"@id\":\"https:\\\/\\\/www.iccu.com\\\/es\\\/security\\\/identity-theft\\\/#breadcrumb\"},\"inLanguage\":\"es\",\"potentialAction\":[{\"@type\":\"ReadAction\",\"target\":[\"https:\\\/\\\/www.iccu.com\\\/es\\\/security\\\/identity-theft\\\/\"]}]},{\"@type\":\"ImageObject\",\"inLanguage\":\"es\",\"@id\":\"https:\\\/\\\/www.iccu.com\\\/es\\\/security\\\/identity-theft\\\/#primaryimage\",\"url\":\"https:\\\/\\\/www.iccu.com\\\/wp-content\\\/uploads\\\/2023\\\/02\\\/Identity-Theft_Hero.webp\",\"contentUrl\":\"https:\\\/\\\/www.iccu.com\\\/wp-content\\\/uploads\\\/2023\\\/02\\\/Identity-Theft_Hero.webp\",\"width\":390,\"height\":293},{\"@type\":\"BreadcrumbList\",\"@id\":\"https:\\\/\\\/www.iccu.com\\\/es\\\/security\\\/identity-theft\\\/#breadcrumb\",\"itemListElement\":[{\"@type\":\"ListItem\",\"position\":1,\"name\":\"Home\",\"item\":\"https:\\\/\\\/www.iccu.com\\\/es\\\/\"},{\"@type\":\"ListItem\",\"position\":2,\"name\":\"Centro de Seguridad\",\"item\":\"https:\\\/\\\/www.iccu.com\\\/es\\\/security\\\/\"},{\"@type\":\"ListItem\",\"position\":3,\"name\":\"Robo de identidad\"}]},{\"@type\":\"WebSite\",\"@id\":\"https:\\\/\\\/www.iccu.com\\\/es\\\/#website\",\"url\":\"https:\\\/\\\/www.iccu.com\\\/es\\\/\",\"name\":\"ICCU\",\"description\":\"Looking after your daily balance.\",\"publisher\":{\"@id\":\"https:\\\/\\\/www.iccu.com\\\/es\\\/#organization\"},\"alternateName\":\"ICCU\",\"potentialAction\":[{\"@type\":\"SearchAction\",\"target\":{\"@type\":\"EntryPoint\",\"urlTemplate\":\"https:\\\/\\\/www.iccu.com\\\/es\\\/?s={search_term_string}\"},\"query-input\":{\"@type\":\"PropertyValueSpecification\",\"valueRequired\":true,\"valueName\":\"search_term_string\"}}],\"inLanguage\":\"es\"},{\"@type\":\"Organization\",\"@id\":\"https:\\\/\\\/www.iccu.com\\\/es\\\/#organization\",\"name\":\"ICCU\",\"url\":\"https:\\\/\\\/www.iccu.com\\\/es\\\/\",\"logo\":{\"@type\":\"ImageObject\",\"inLanguage\":\"es\",\"@id\":\"https:\\\/\\\/www.iccu.com\\\/es\\\/#\\\/schema\\\/logo\\\/image\\\/\",\"url\":\"https:\\\/\\\/www.iccu.com\\\/wp-content\\\/uploads\\\/2025\\\/03\\\/ICCU-logo-2color_696x696.png\",\"contentUrl\":\"https:\\\/\\\/www.iccu.com\\\/wp-content\\\/uploads\\\/2025\\\/03\\\/ICCU-logo-2color_696x696.png\",\"width\":696,\"height\":696,\"caption\":\"ICCU\"},\"image\":{\"@id\":\"https:\\\/\\\/www.iccu.com\\\/es\\\/#\\\/schema\\\/logo\\\/image\\\/\"},\"sameAs\":[\"https:\\\/\\\/www.facebook.com\\\/IdahoCentralCreditUnion\",\"https:\\\/\\\/x.com\\\/Idaho_Central\",\"https:\\\/\\\/www.youtube.com\\\/idahocentralcu\",\"https:\\\/\\\/www.linkedin.com\\\/company\\\/idahocentralcreditunion\\\/\",\"https:\\\/\\\/www.instagram.com\\\/idahocentralcu\\\/\"],\"description\":\"ICCU is a state-chartered credit union in the western United States, headquartered in Chubbuck, Idaho. Whether you\u2019re banking in the branch or banking on the go, ICCU is looking after your daily balance. Get great rates on auto and home loans. Check out our Visa Rewards Cards. Discover more perks with Central Plus Checking. Bank your way with drive-thru, ATM, live video chat, mobile banking. Open Saturdays. We also offer investment, insurance, and business solutions. As a member of ICCU, you\u2019ll have a financial leader that\u2019s helping you achieve financial success. Routing Number: 324173626. NMLS ID: 433926.\",\"email\":\"memberservice@iccu.com\",\"telephone\":\"(800) 456-5067\",\"foundingDate\":\"1940-06-28\",\"taxID\":\"82-0217065\",\"duns\":\"108135278\",\"numberOfEmployees\":{\"@type\":\"QuantitativeValue\",\"minValue\":\"1001\",\"maxValue\":\"5000\"}}]}<\/script>\n<!-- \/ Yoast SEO Premium plugin. -->","yoast_head_json":{"title":"Robo de identidad - ICCU","robots":{"index":"index","follow":"follow","max-snippet":"max-snippet:-1","max-image-preview":"max-image-preview:large","max-video-preview":"max-video-preview:-1"},"canonical":"https:\/\/www.iccu.com\/es\/security\/identity-theft\/","og_locale":"es_ES","og_type":"article","og_title":"Robo de identidad","og_description":"Protege tu identidad El robo de identidad no es divertido. Idaho Central Credit Union te lo pone f\u00e1cil para que [&hellip;]","og_url":"https:\/\/www.iccu.com\/es\/security\/identity-theft\/","og_site_name":"ICCU","article_publisher":"https:\/\/www.facebook.com\/IdahoCentralCreditUnion","article_modified_time":"2024-09-10T04:59:36+00:00","og_image":[{"width":390,"height":293,"url":"https:\/\/www.iccu.com\/wp-content\/uploads\/2023\/02\/Identity-Theft_Hero.webp","type":"image\/webp"}],"twitter_card":"summary_large_image","twitter_site":"@Idaho_Central","twitter_misc":{"Tiempo de lectura":"2 minutos"},"schema":{"@context":"https:\/\/schema.org","@graph":[{"@type":"WebPage","@id":"https:\/\/www.iccu.com\/es\/security\/identity-theft\/","url":"https:\/\/www.iccu.com\/es\/security\/identity-theft\/","name":"Robo de identidad - ICCU","isPartOf":{"@id":"https:\/\/www.iccu.com\/es\/#website"},"primaryImageOfPage":{"@id":"https:\/\/www.iccu.com\/es\/security\/identity-theft\/#primaryimage"},"image":{"@id":"https:\/\/www.iccu.com\/es\/security\/identity-theft\/#primaryimage"},"thumbnailUrl":"https:\/\/www.iccu.com\/wp-content\/uploads\/2023\/02\/Identity-Theft_Hero.webp","datePublished":"2023-02-27T16:59:57+00:00","dateModified":"2024-09-10T04:59:36+00:00","breadcrumb":{"@id":"https:\/\/www.iccu.com\/es\/security\/identity-theft\/#breadcrumb"},"inLanguage":"es","potentialAction":[{"@type":"ReadAction","target":["https:\/\/www.iccu.com\/es\/security\/identity-theft\/"]}]},{"@type":"ImageObject","inLanguage":"es","@id":"https:\/\/www.iccu.com\/es\/security\/identity-theft\/#primaryimage","url":"https:\/\/www.iccu.com\/wp-content\/uploads\/2023\/02\/Identity-Theft_Hero.webp","contentUrl":"https:\/\/www.iccu.com\/wp-content\/uploads\/2023\/02\/Identity-Theft_Hero.webp","width":390,"height":293},{"@type":"BreadcrumbList","@id":"https:\/\/www.iccu.com\/es\/security\/identity-theft\/#breadcrumb","itemListElement":[{"@type":"ListItem","position":1,"name":"Home","item":"https:\/\/www.iccu.com\/es\/"},{"@type":"ListItem","position":2,"name":"Centro de Seguridad","item":"https:\/\/www.iccu.com\/es\/security\/"},{"@type":"ListItem","position":3,"name":"Robo de identidad"}]},{"@type":"WebSite","@id":"https:\/\/www.iccu.com\/es\/#website","url":"https:\/\/www.iccu.com\/es\/","name":"ICCU","description":"Looking after your daily balance.","publisher":{"@id":"https:\/\/www.iccu.com\/es\/#organization"},"alternateName":"ICCU","potentialAction":[{"@type":"SearchAction","target":{"@type":"EntryPoint","urlTemplate":"https:\/\/www.iccu.com\/es\/?s={search_term_string}"},"query-input":{"@type":"PropertyValueSpecification","valueRequired":true,"valueName":"search_term_string"}}],"inLanguage":"es"},{"@type":"Organization","@id":"https:\/\/www.iccu.com\/es\/#organization","name":"ICCU","url":"https:\/\/www.iccu.com\/es\/","logo":{"@type":"ImageObject","inLanguage":"es","@id":"https:\/\/www.iccu.com\/es\/#\/schema\/logo\/image\/","url":"https:\/\/www.iccu.com\/wp-content\/uploads\/2025\/03\/ICCU-logo-2color_696x696.png","contentUrl":"https:\/\/www.iccu.com\/wp-content\/uploads\/2025\/03\/ICCU-logo-2color_696x696.png","width":696,"height":696,"caption":"ICCU"},"image":{"@id":"https:\/\/www.iccu.com\/es\/#\/schema\/logo\/image\/"},"sameAs":["https:\/\/www.facebook.com\/IdahoCentralCreditUnion","https:\/\/x.com\/Idaho_Central","https:\/\/www.youtube.com\/idahocentralcu","https:\/\/www.linkedin.com\/company\/idahocentralcreditunion\/","https:\/\/www.instagram.com\/idahocentralcu\/"],"description":"ICCU is a state-chartered credit union in the western United States, headquartered in Chubbuck, Idaho. Whether you\u2019re banking in the branch or banking on the go, ICCU is looking after your daily balance. Get great rates on auto and home loans. Check out our Visa Rewards Cards. Discover more perks with Central Plus Checking. Bank your way with drive-thru, ATM, live video chat, mobile banking. Open Saturdays. We also offer investment, insurance, and business solutions. As a member of ICCU, you\u2019ll have a financial leader that\u2019s helping you achieve financial success. Routing Number: 324173626. NMLS ID: 433926.","email":"memberservice@iccu.com","telephone":"(800) 456-5067","foundingDate":"1940-06-28","taxID":"82-0217065","duns":"108135278","numberOfEmployees":{"@type":"QuantitativeValue","minValue":"1001","maxValue":"5000"}}]}},"_links":{"self":[{"href":"https:\/\/www.iccu.com\/es\/wp-json\/wp\/v2\/pages\/18958","targetHints":{"allow":["GET"]}}],"collection":[{"href":"https:\/\/www.iccu.com\/es\/wp-json\/wp\/v2\/pages"}],"about":[{"href":"https:\/\/www.iccu.com\/es\/wp-json\/wp\/v2\/types\/page"}],"author":[{"embeddable":true,"href":"https:\/\/www.iccu.com\/es\/wp-json\/wp\/v2\/users\/5"}],"replies":[{"embeddable":true,"href":"https:\/\/www.iccu.com\/es\/wp-json\/wp\/v2\/comments?post=18958"}],"version-history":[{"count":1,"href":"https:\/\/www.iccu.com\/es\/wp-json\/wp\/v2\/pages\/18958\/revisions"}],"predecessor-version":[{"id":18959,"href":"https:\/\/www.iccu.com\/es\/wp-json\/wp\/v2\/pages\/18958\/revisions\/18959"}],"up":[{"embeddable":true,"href":"https:\/\/www.iccu.com\/es\/wp-json\/wp\/v2\/pages\/18942"}],"wp:featuredmedia":[{"embeddable":true,"href":"https:\/\/www.iccu.com\/es\/wp-json\/wp\/v2\/media\/17311"}],"wp:attachment":[{"href":"https:\/\/www.iccu.com\/es\/wp-json\/wp\/v2\/media?parent=18958"}],"curies":[{"name":"wp","href":"https:\/\/api.w.org\/{rel}","templated":true}]}}