{"id":18976,"date":"2023-07-07T17:21:59","date_gmt":"2023-07-07T23:21:59","guid":{"rendered":"https:\/\/www.iccu.com\/wellness\/money-guide-for-teens\/como-crece-tu-dinero\/"},"modified":"2024-09-09T23:29:35","modified_gmt":"2024-09-10T05:29:35","slug":"saving","status":"publish","type":"page","link":"https:\/\/www.iccu.com\/es\/wellness\/money-guide-for-teens\/saving\/","title":{"rendered":"\u00bfC\u00f3mo crece tu dinero?"},"content":{"rendered":"<div id=\"navbar\" class=\"m-navbar \">\n    <ul>\n                    <li>\n                <a href=\"#savings\">Ahorro<\/a>\n            <\/li>\n                    <li>\n                <a href=\"#first-car\">Primer coche<\/a>\n            <\/li>\n                    <li>\n                <a href=\"#buying-tips\">Consejos para comprar un coche<\/a>\n            <\/li>\n                    <li>\n                <a href=\"#college\">Universidad<\/a>\n            <\/li>\n                    <li>\n                <a href=\"#college-savings\">Ahorro para la universidad<\/a>\n            <\/li>\n                    <li>\n                <a href=\"#spending\">Gastar<\/a>\n            <\/li>\n            <\/ul>\n<\/div>\n<div id=\"navbar-spacer\"><\/div>\n\n<div class=\"wp-block-group alignfull has-white-background-color has-background\" id=\"savings\"><div class=\"wp-block-group__inner-container is-layout-constrained wp-block-group-is-layout-constrained\">\n<div class=\"wp-block-columns alignwide is-layout-flex wp-container-core-columns-is-layout-9d6595d7 wp-block-columns-is-layout-flex\">\n<div class=\"wp-block-column is-layout-flow wp-block-column-is-layout-flow\">\n<h2 class=\"wp-block-heading\">Ahorro<\/h2>\n\n\n\n<div class=\"wp-block-columns is-layout-flex wp-container-core-columns-is-layout-9d6595d7 wp-block-columns-is-layout-flex\">\n<div class=\"wp-block-column is-layout-flow wp-block-column-is-layout-flow\">\n<p class=\"has-lg-font-size\">\u00bfTienes objetivos de ahorro para tu primer coche o incluso para la universidad? Si no te preparas ahora, \u00a1podr\u00edas quedarte atrapado conduciendo el monovolumen de tu madre o comiendo fideos ramen en la universidad! Vale, a veces el ramen es sabroso, pero la cuesti\u00f3n es empezar a fijarse objetivos y ahorrar ahora para un futuro mejor. Si te sientes abrumado, no te preocupes, Idaho Central Credit Union puede ayudarte con cualquier objetivo de ahorro.<\/p>\n\n\n\n<div class=\"wp-block-buttons is-layout-flex wp-block-buttons-is-layout-flex\">\n<div class=\"wp-block-button\"><a class=\"wp-block-button__link wp-element-button\" href=\"https:\/\/www.iccu.com\/es\/accounts\/youth\/starter-savings\/\">Cuentas de ahorro<\/a><\/div>\n<\/div>\n<\/div>\n\n\n\n<div class=\"wp-block-column is-layout-flow wp-block-column-is-layout-flow\"><div class=\"wp-block-image\">\n<figure class=\"aligncenter size-full\"><img loading=\"lazy\" decoding=\"async\" width=\"410\" height=\"313\" src=\"https:\/\/www.iccu.com\/wp-content\/uploads\/2023\/07\/girl-holding-piggybank.webp\" alt=\"\" class=\"wp-image-12642\"\/><\/figure>\n<\/div><\/div>\n<\/div>\n<\/div>\n<\/div>\n<\/div><\/div>\n\n<div class=\"wp-block-group alignfull has-light-gray-background-color has-background\" id=\"first-car\"><div class=\"wp-block-group__inner-container is-layout-constrained wp-block-group-is-layout-constrained\">\n<div class=\"wp-block-columns alignwide is-layout-flex wp-container-core-columns-is-layout-9d6595d7 wp-block-columns-is-layout-flex\">\n<div class=\"wp-block-column is-layout-flow wp-block-column-is-layout-flow\">\n<h2 class=\"wp-block-heading has-green-color has-text-color\">Tu primer coche<\/h2>\n\n\n\n<div class=\"wp-block-columns is-layout-flex wp-container-core-columns-is-layout-9d6595d7 wp-block-columns-is-layout-flex\">\n<div class=\"wp-block-column is-layout-flow wp-block-column-is-layout-flow\">\n<div class=\"wp-block-columns is-layout-flex wp-container-core-columns-is-layout-9d6595d7 wp-block-columns-is-layout-flex\">\n<div class=\"wp-block-column is-layout-flow wp-block-column-is-layout-flow\">\n<p class=\"has-lg-font-size\">Nunca olvidar\u00e1s tu primer coche. Es un paso m\u00e1s hacia la independencia y la libertad en la carretera. Quiz\u00e1 necesites empezar a ahorrar o, tal vez, est\u00e9s preparado para solicitar un pr\u00e9stamo e ir de compras. En cualquier caso, Idaho Central te tiene cubierto.<\/p>\n\n\n\n<div class=\"wp-block-buttons is-layout-flex wp-block-buttons-is-layout-flex\">\n<div class=\"wp-block-button\"><a class=\"wp-block-button__link wp-element-button\" href=\"https:\/\/www.iccu.com\/es\/loans\/vehicle\/auto\/\">Ver pr\u00e9stamos para coches<\/a><\/div>\n<\/div>\n<\/div>\n\n\n\n<div class=\"wp-block-column is-layout-flow wp-block-column-is-layout-flow\"><div class=\"wp-block-image\">\n<figure class=\"aligncenter size-full\"><img loading=\"lazy\" decoding=\"async\" width=\"410\" height=\"313\" src=\"https:\/\/www.iccu.com\/wp-content\/uploads\/2023\/07\/teen-in-car.webp\" alt=\"\" class=\"wp-image-12646\"\/><\/figure>\n<\/div><\/div>\n<\/div>\n<\/div>\n<\/div>\n<\/div>\n<\/div>\n<\/div><\/div>\n\n<div class=\"wp-block-group alignfull has-white-background-color has-background\" id=\"buying-tips\"><div class=\"wp-block-group__inner-container is-layout-constrained wp-block-group-is-layout-constrained\">\n<div class=\"wp-block-columns alignwide is-layout-flex wp-container-core-columns-is-layout-9d6595d7 wp-block-columns-is-layout-flex\">\n<div class=\"wp-block-column is-layout-flow wp-block-column-is-layout-flow\">\n<h2 class=\"wp-block-heading has-black-color has-text-color\">Consejos para comprar tu primer coche<\/h2>\n\n\n\n<div class=\"wp-block-columns is-layout-flex wp-container-core-columns-is-layout-9d6595d7 wp-block-columns-is-layout-flex\">\n<div class=\"wp-block-column is-layout-flow wp-block-column-is-layout-flow\">\n<h3 class=\"wp-block-heading is-style-default has-gray-color has-text-color\">1. Establece un presupuesto realista<\/h3>\n\n\n\n<p class=\"has-lg-font-size\">Probablemente te encantar\u00eda tener un coche deportivo nuevo y reluciente, pero probablemente no sea realista para tus necesidades o tu cartera. Consulta las <a href=\"https:\/\/www.iccu.com\/es\/vehicle\/\">tasas actuales de los autom\u00f3viles<\/a> de ICCU y utiliza la <a href=\"https:\/\/www.iccu.com\/?page_id=2955\">Calculadora de Pagos<\/a> para empezar. No te olvides del coste del seguro del coche, el combustible y el mantenimiento del veh\u00edculo.<\/p>\n\n\n\n<h3 class=\"wp-block-heading has-gray-color has-text-color\">2. Asegurar la financiaci\u00f3n<\/h3>\n\n\n\n<p class=\"has-lg-font-size\">Llama por <a href=\"https:\/\/www.iccu.com\/contact\/video-chat\/\">VideoChat<\/a> o visita una sucursal de ICCU cercana para hablar de tu presupuesto y de las opciones de financiaci\u00f3n para un pr\u00e9stamo de coche.<\/p>\n\n\n\n<h3 class=\"wp-block-heading\">3. Disfruta de la b\u00fasqueda<\/h3>\n\n\n\n<p class=\"has-lg-font-size\">Buscar el coche adecuado puede ser divertido. Visita los concesionarios de tu zona, utiliza b\u00fasquedas de coches en Internet, aplicaciones y mucho m\u00e1s.<\/p>\n\n\n\n<h3 class=\"wp-block-heading\">4. Prueba de conducci\u00f3n<\/h3>\n\n\n\n<p class=\"has-lg-font-size\">Cuando creas que has encontrado el coche adecuado, \u00a1no dejes de probarlo!<\/p>\n\n\n\n<h3 class=\"wp-block-heading\">5. Haz una oferta<\/h3>\n\n\n\n<p class=\"has-lg-font-size\">Utiliza una <a href=\"https:\/\/www.nadaguides.com\/\" target=\"_blank\" rel=\"noreferrer noopener\">gu\u00eda de precios de veh\u00edculos<\/a> para asegurarte de que consigues un trato justo.<\/p>\n<\/div>\n<\/div>\n<\/div>\n<\/div>\n<\/div><\/div>\n\n<div class=\"wp-block-group alignfull has-light-gray-background-color has-background\" id=\"college\"><div class=\"wp-block-group__inner-container is-layout-constrained wp-block-group-is-layout-constrained\">\n<div class=\"wp-block-columns alignwide is-layout-flex wp-container-core-columns-is-layout-9d6595d7 wp-block-columns-is-layout-flex\">\n<div class=\"wp-block-column is-layout-flow wp-block-column-is-layout-flow\">\n<h2 class=\"wp-block-heading has-green-color has-text-color\">Universidad<\/h2>\n\n\n\n<div class=\"wp-block-columns is-layout-flex wp-container-core-columns-is-layout-9d6595d7 wp-block-columns-is-layout-flex\">\n<div class=\"wp-block-column is-layout-flow wp-block-column-is-layout-flow\">\n<div class=\"wp-block-columns is-layout-flex wp-container-core-columns-is-layout-9d6595d7 wp-block-columns-is-layout-flex\">\n<div class=\"wp-block-column is-layout-flow wp-block-column-is-layout-flow\">\n<p class=\"has-lg-font-size\">La educaci\u00f3n es importante, pero seamos sinceros, no es barata. Tu yo futuro te agradecer\u00e1 que inviertas ahora en tus aspiraciones educativas. El primer paso es estar preparado econ\u00f3micamente para poder empezar a ahorrar hoy mismo para la universidad. Puedes hacerlo, \u00a1y Idaho Central est\u00e1 aqu\u00ed para ayudarte! Con banca online y m\u00f3vil GRATUITA, y mucho m\u00e1s, Idaho Central tiene las opciones de cuenta de ahorro adecuadas para ayudarte en el camino financiero hacia la universidad y m\u00e1s all\u00e1. \u00a1Creemos en ti!<\/p>\n<\/div>\n\n\n\n<div class=\"wp-block-column is-layout-flow wp-block-column-is-layout-flow\"><div class=\"wp-block-image\">\n<figure class=\"aligncenter size-full\"><img loading=\"lazy\" decoding=\"async\" width=\"410\" height=\"313\" src=\"https:\/\/www.iccu.com\/wp-content\/uploads\/2023\/07\/graduation-body.webp\" alt=\"\" class=\"wp-image-12643\"\/><\/figure>\n<\/div><\/div>\n<\/div>\n<\/div>\n<\/div>\n<\/div>\n<\/div>\n<\/div><\/div>\n\n<div class=\"wp-block-group alignfull has-white-background-color has-background\" id=\"college-savings\"><div class=\"wp-block-group__inner-container is-layout-constrained wp-block-group-is-layout-constrained\">\n<div class=\"wp-block-columns alignwide is-layout-flex wp-container-core-columns-is-layout-9d6595d7 wp-block-columns-is-layout-flex\">\n<div class=\"wp-block-column is-layout-flow wp-block-column-is-layout-flow\">\n<h2 class=\"wp-block-heading has-black-color has-text-color\">Consejos para ahorrar para la universidad<\/h2>\n\n\n\n<div class=\"wp-block-columns is-layout-flex wp-container-core-columns-is-layout-9d6595d7 wp-block-columns-is-layout-flex\">\n<div class=\"wp-block-column is-layout-flow wp-block-column-is-layout-flow\">\n<h3 class=\"wp-block-heading is-style-default has-gray-color has-text-color\">1. Empieza a ahorrar ahora<\/h3>\n\n\n\n<p class=\"has-lg-font-size\">Abre una cuenta de ahorro. Cuantos m\u00e1s a\u00f1os ahorres, mejor te ir\u00e1. Desde el dinero de los cumplea\u00f1os hasta los trabajos espor\u00e1dicos, todo suma. Utiliza la <a href=\"https:\/\/www.iccu.com\/?page_id=2965\">Calculadora de Ahorro<\/a> y compru\u00e9balo t\u00fa mismo.<\/p>\n\n\n\n<h3 class=\"wp-block-heading has-gray-color has-text-color\">2. Consigue un trabajo<\/h3>\n\n\n\n<p class=\"has-lg-font-size\">Encuentra un trabajo de verano o a tiempo parcial que se ajuste a tu horario escolar. S\u00e9 consciente de cu\u00e1nto gastas y c\u00e9ntrate en ahorrar todo lo posible.<\/p>\n\n\n\n<h3 class=\"wp-block-heading\">3. Solicitar becas<\/h3>\n\n\n\n<p class=\"has-lg-font-size\">Empieza a solicitar <a href=\"https:\/\/www.smscholarships.com\/partner\/search.cfm?id=106&amp;iframe=false\" target=\"_blank\" rel=\"noreferrer noopener\">becas<\/a> pronto. Tanto si tienes logros acad\u00e9micos como deportivos, las becas pueden ser una gran ayuda econ\u00f3mica. Echa un vistazo a las distintas becas que puedes solicitar.<\/p>\n\n\n\n<h3 class=\"wp-block-heading\">4. Solicita un pr\u00e9stamo<\/h3>\n\n\n\n<p class=\"has-lg-font-size\">Si los ahorros, las becas y la ayuda econ\u00f3mica de la familia a\u00fan no son suficientes, solicita <a href=\"https:\/\/www.iccu.com\/es\/loans\/student-loans\/\">The Smart Option Student Loan\u00ae<\/a> de Idaho Central Credit Union by Sallie Mae\u00ae.<\/p>\n<\/div>\n<\/div>\n<\/div>\n<\/div>\n<\/div><\/div>\n\n<div class=\"wp-block-group alignfull has-light-gray-background-color has-background\" id=\"spending\"><div class=\"wp-block-group__inner-container is-layout-constrained wp-block-group-is-layout-constrained\">\n<div class=\"wp-block-columns alignwide is-layout-flex wp-container-core-columns-is-layout-9d6595d7 wp-block-columns-is-layout-flex\">\n<div class=\"wp-block-column is-layout-flow wp-block-column-is-layout-flow\">\n<h2 class=\"wp-block-heading has-green-color has-text-color\">\u00bfAd\u00f3nde va tu dinero?<\/h2>\n\n\n\n<div class=\"wp-block-columns is-layout-flex wp-container-core-columns-is-layout-9d6595d7 wp-block-columns-is-layout-flex\">\n<div class=\"wp-block-column is-layout-flow wp-block-column-is-layout-flow\">\n<div class=\"wp-block-columns is-layout-flex wp-container-core-columns-is-layout-9d6595d7 wp-block-columns-is-layout-flex\">\n<div class=\"wp-block-column is-layout-flow wp-block-column-is-layout-flow\">\n<p class=\"has-lg-font-size\">Controla tu dinero en cualquier momento y lugar con la aplicaci\u00f3n m\u00f3vil de ICCU. Utiliza herramientas financieras que te ayuden a presupuestar tu dinero, fijar objetivos y mucho m\u00e1s.<\/p>\n\n\n\n<div class=\"wp-block-buttons is-layout-flex wp-block-buttons-is-layout-flex\">\n<div class=\"wp-block-button\"><a class=\"wp-block-button__link wp-element-button\" href=\"https:\/\/www.iccu.com\/wellness\/money-guide-for-teens\/spending\/\">Aprende a gastar<\/a><\/div>\n<\/div>\n<\/div>\n\n\n\n<div class=\"wp-block-column is-layout-flow wp-block-column-is-layout-flow\"><div class=\"wp-block-image\">\n<figure class=\"aligncenter size-full\"><img loading=\"lazy\" decoding=\"async\" width=\"410\" height=\"313\" src=\"https:\/\/www.iccu.com\/wp-content\/uploads\/2023\/07\/spend-money.webp\" alt=\"\" class=\"wp-image-12645\"\/><\/figure>\n<\/div><\/div>\n<\/div>\n<\/div>\n<\/div>\n<\/div>\n<\/div>\n<\/div><\/div>\n","protected":false},"excerpt":{"rendered":"<p>Ahorro \u00bfTienes objetivos de ahorro para tu primer coche o incluso para la universidad? Si no te preparas ahora, \u00a1podr\u00edas [&hellip;]<\/p>\n","protected":false},"author":5,"featured_media":17619,"parent":18948,"menu_order":0,"comment_status":"closed","ping_status":"closed","template":"product-detail-page.php","meta":{"_acf_changed":false,"_searchwp_excluded":"","footnotes":""},"class_list":["post-18976","page","type-page","status-publish","has-post-thumbnail","hentry"],"acf":[],"yoast_head":"<!-- This site is optimized with the Yoast SEO Premium plugin v27.4 (Yoast SEO v27.4) - https:\/\/yoast.com\/product\/yoast-seo-premium-wordpress\/ -->\n<title>\u00bfC\u00f3mo crece tu dinero? - ICCU<\/title>\n<meta name=\"robots\" content=\"index, follow, max-snippet:-1, max-image-preview:large, max-video-preview:-1\" \/>\n<link rel=\"canonical\" href=\"https:\/\/www.iccu.com\/es\/wellness\/money-guide-for-teens\/saving\/\" \/>\n<meta property=\"og:locale\" content=\"es_ES\" \/>\n<meta property=\"og:type\" content=\"article\" \/>\n<meta property=\"og:title\" content=\"\u00bfC\u00f3mo crece tu dinero?\" \/>\n<meta property=\"og:description\" content=\"Ahorro \u00bfTienes objetivos de ahorro para tu primer coche o incluso para la universidad? Si no te preparas ahora, \u00a1podr\u00edas [&hellip;]\" \/>\n<meta property=\"og:url\" content=\"https:\/\/www.iccu.com\/es\/wellness\/money-guide-for-teens\/saving\/\" \/>\n<meta property=\"og:site_name\" content=\"ICCU\" \/>\n<meta property=\"article:publisher\" content=\"https:\/\/www.facebook.com\/IdahoCentralCreditUnion\" \/>\n<meta property=\"article:modified_time\" content=\"2024-09-10T05:29:35+00:00\" \/>\n<meta property=\"og:image\" content=\"https:\/\/www.iccu.com\/wp-content\/uploads\/2023\/07\/save-money-hero.webp\" \/>\n\t<meta property=\"og:image:width\" content=\"390\" \/>\n\t<meta property=\"og:image:height\" content=\"293\" \/>\n\t<meta property=\"og:image:type\" content=\"image\/webp\" \/>\n<meta name=\"twitter:card\" content=\"summary_large_image\" \/>\n<meta name=\"twitter:site\" content=\"@Idaho_Central\" \/>\n<meta name=\"twitter:label1\" content=\"Tiempo de lectura\" \/>\n\t<meta name=\"twitter:data1\" content=\"3 minutos\" \/>\n<script type=\"application\/ld+json\" class=\"yoast-schema-graph\">{\"@context\":\"https:\\\/\\\/schema.org\",\"@graph\":[{\"@type\":\"WebPage\",\"@id\":\"https:\\\/\\\/www.iccu.com\\\/es\\\/wellness\\\/money-guide-for-teens\\\/saving\\\/\",\"url\":\"https:\\\/\\\/www.iccu.com\\\/es\\\/wellness\\\/money-guide-for-teens\\\/saving\\\/\",\"name\":\"\u00bfC\u00f3mo crece tu dinero? - ICCU\",\"isPartOf\":{\"@id\":\"https:\\\/\\\/www.iccu.com\\\/es\\\/#website\"},\"primaryImageOfPage\":{\"@id\":\"https:\\\/\\\/www.iccu.com\\\/es\\\/wellness\\\/money-guide-for-teens\\\/saving\\\/#primaryimage\"},\"image\":{\"@id\":\"https:\\\/\\\/www.iccu.com\\\/es\\\/wellness\\\/money-guide-for-teens\\\/saving\\\/#primaryimage\"},\"thumbnailUrl\":\"https:\\\/\\\/www.iccu.com\\\/wp-content\\\/uploads\\\/2023\\\/07\\\/save-money-hero.webp\",\"datePublished\":\"2023-07-07T23:21:59+00:00\",\"dateModified\":\"2024-09-10T05:29:35+00:00\",\"breadcrumb\":{\"@id\":\"https:\\\/\\\/www.iccu.com\\\/es\\\/wellness\\\/money-guide-for-teens\\\/saving\\\/#breadcrumb\"},\"inLanguage\":\"es\",\"potentialAction\":[{\"@type\":\"ReadAction\",\"target\":[\"https:\\\/\\\/www.iccu.com\\\/es\\\/wellness\\\/money-guide-for-teens\\\/saving\\\/\"]}]},{\"@type\":\"ImageObject\",\"inLanguage\":\"es\",\"@id\":\"https:\\\/\\\/www.iccu.com\\\/es\\\/wellness\\\/money-guide-for-teens\\\/saving\\\/#primaryimage\",\"url\":\"https:\\\/\\\/www.iccu.com\\\/wp-content\\\/uploads\\\/2023\\\/07\\\/save-money-hero.webp\",\"contentUrl\":\"https:\\\/\\\/www.iccu.com\\\/wp-content\\\/uploads\\\/2023\\\/07\\\/save-money-hero.webp\",\"width\":390,\"height\":293},{\"@type\":\"BreadcrumbList\",\"@id\":\"https:\\\/\\\/www.iccu.com\\\/es\\\/wellness\\\/money-guide-for-teens\\\/saving\\\/#breadcrumb\",\"itemListElement\":[{\"@type\":\"ListItem\",\"position\":1,\"name\":\"Home\",\"item\":\"https:\\\/\\\/www.iccu.com\\\/es\\\/\"},{\"@type\":\"ListItem\",\"position\":2,\"name\":\"Centro de Bienestar Financiero\",\"item\":\"https:\\\/\\\/www.iccu.com\\\/es\\\/wellness\\\/\"},{\"@type\":\"ListItem\",\"position\":3,\"name\":\"Gu\u00eda del dinero para adolescentes\",\"item\":\"https:\\\/\\\/www.iccu.com\\\/es\\\/wellness\\\/money-guide-for-teens\\\/\"},{\"@type\":\"ListItem\",\"position\":4,\"name\":\"\u00bfC\u00f3mo crece tu dinero?\"}]},{\"@type\":\"WebSite\",\"@id\":\"https:\\\/\\\/www.iccu.com\\\/es\\\/#website\",\"url\":\"https:\\\/\\\/www.iccu.com\\\/es\\\/\",\"name\":\"ICCU\",\"description\":\"Looking after your daily balance.\",\"publisher\":{\"@id\":\"https:\\\/\\\/www.iccu.com\\\/es\\\/#organization\"},\"alternateName\":\"ICCU\",\"potentialAction\":[{\"@type\":\"SearchAction\",\"target\":{\"@type\":\"EntryPoint\",\"urlTemplate\":\"https:\\\/\\\/www.iccu.com\\\/es\\\/?s={search_term_string}\"},\"query-input\":{\"@type\":\"PropertyValueSpecification\",\"valueRequired\":true,\"valueName\":\"search_term_string\"}}],\"inLanguage\":\"es\"},{\"@type\":\"Organization\",\"@id\":\"https:\\\/\\\/www.iccu.com\\\/es\\\/#organization\",\"name\":\"ICCU\",\"url\":\"https:\\\/\\\/www.iccu.com\\\/es\\\/\",\"logo\":{\"@type\":\"ImageObject\",\"inLanguage\":\"es\",\"@id\":\"https:\\\/\\\/www.iccu.com\\\/es\\\/#\\\/schema\\\/logo\\\/image\\\/\",\"url\":\"https:\\\/\\\/www.iccu.com\\\/wp-content\\\/uploads\\\/2025\\\/03\\\/ICCU-logo-2color_696x696.png\",\"contentUrl\":\"https:\\\/\\\/www.iccu.com\\\/wp-content\\\/uploads\\\/2025\\\/03\\\/ICCU-logo-2color_696x696.png\",\"width\":696,\"height\":696,\"caption\":\"ICCU\"},\"image\":{\"@id\":\"https:\\\/\\\/www.iccu.com\\\/es\\\/#\\\/schema\\\/logo\\\/image\\\/\"},\"sameAs\":[\"https:\\\/\\\/www.facebook.com\\\/IdahoCentralCreditUnion\",\"https:\\\/\\\/x.com\\\/Idaho_Central\",\"https:\\\/\\\/www.youtube.com\\\/idahocentralcu\",\"https:\\\/\\\/www.linkedin.com\\\/company\\\/idahocentralcreditunion\\\/\",\"https:\\\/\\\/www.instagram.com\\\/idahocentralcu\\\/\"],\"description\":\"ICCU is a state-chartered credit union in the western United States, headquartered in Chubbuck, Idaho. Whether you\u2019re banking in the branch or banking on the go, ICCU is looking after your daily balance. Get great rates on auto and home loans. Check out our Visa Rewards Cards. Discover more perks with Central Plus Checking. Bank your way with drive-thru, ATM, live video chat, mobile banking. Open Saturdays. We also offer investment, insurance, and business solutions. As a member of ICCU, you\u2019ll have a financial leader that\u2019s helping you achieve financial success. Routing Number: 324173626. NMLS ID: 433926.\",\"email\":\"memberservice@iccu.com\",\"telephone\":\"(800) 456-5067\",\"foundingDate\":\"1940-06-28\",\"taxID\":\"82-0217065\",\"duns\":\"108135278\",\"numberOfEmployees\":{\"@type\":\"QuantitativeValue\",\"minValue\":\"1001\",\"maxValue\":\"5000\"}}]}<\/script>\n<!-- \/ Yoast SEO Premium plugin. -->","yoast_head_json":{"title":"\u00bfC\u00f3mo crece tu dinero? - ICCU","robots":{"index":"index","follow":"follow","max-snippet":"max-snippet:-1","max-image-preview":"max-image-preview:large","max-video-preview":"max-video-preview:-1"},"canonical":"https:\/\/www.iccu.com\/es\/wellness\/money-guide-for-teens\/saving\/","og_locale":"es_ES","og_type":"article","og_title":"\u00bfC\u00f3mo crece tu dinero?","og_description":"Ahorro \u00bfTienes objetivos de ahorro para tu primer coche o incluso para la universidad? Si no te preparas ahora, \u00a1podr\u00edas [&hellip;]","og_url":"https:\/\/www.iccu.com\/es\/wellness\/money-guide-for-teens\/saving\/","og_site_name":"ICCU","article_publisher":"https:\/\/www.facebook.com\/IdahoCentralCreditUnion","article_modified_time":"2024-09-10T05:29:35+00:00","og_image":[{"width":390,"height":293,"url":"https:\/\/www.iccu.com\/wp-content\/uploads\/2023\/07\/save-money-hero.webp","type":"image\/webp"}],"twitter_card":"summary_large_image","twitter_site":"@Idaho_Central","twitter_misc":{"Tiempo de lectura":"3 minutos"},"schema":{"@context":"https:\/\/schema.org","@graph":[{"@type":"WebPage","@id":"https:\/\/www.iccu.com\/es\/wellness\/money-guide-for-teens\/saving\/","url":"https:\/\/www.iccu.com\/es\/wellness\/money-guide-for-teens\/saving\/","name":"\u00bfC\u00f3mo crece tu dinero? - ICCU","isPartOf":{"@id":"https:\/\/www.iccu.com\/es\/#website"},"primaryImageOfPage":{"@id":"https:\/\/www.iccu.com\/es\/wellness\/money-guide-for-teens\/saving\/#primaryimage"},"image":{"@id":"https:\/\/www.iccu.com\/es\/wellness\/money-guide-for-teens\/saving\/#primaryimage"},"thumbnailUrl":"https:\/\/www.iccu.com\/wp-content\/uploads\/2023\/07\/save-money-hero.webp","datePublished":"2023-07-07T23:21:59+00:00","dateModified":"2024-09-10T05:29:35+00:00","breadcrumb":{"@id":"https:\/\/www.iccu.com\/es\/wellness\/money-guide-for-teens\/saving\/#breadcrumb"},"inLanguage":"es","potentialAction":[{"@type":"ReadAction","target":["https:\/\/www.iccu.com\/es\/wellness\/money-guide-for-teens\/saving\/"]}]},{"@type":"ImageObject","inLanguage":"es","@id":"https:\/\/www.iccu.com\/es\/wellness\/money-guide-for-teens\/saving\/#primaryimage","url":"https:\/\/www.iccu.com\/wp-content\/uploads\/2023\/07\/save-money-hero.webp","contentUrl":"https:\/\/www.iccu.com\/wp-content\/uploads\/2023\/07\/save-money-hero.webp","width":390,"height":293},{"@type":"BreadcrumbList","@id":"https:\/\/www.iccu.com\/es\/wellness\/money-guide-for-teens\/saving\/#breadcrumb","itemListElement":[{"@type":"ListItem","position":1,"name":"Home","item":"https:\/\/www.iccu.com\/es\/"},{"@type":"ListItem","position":2,"name":"Centro de Bienestar Financiero","item":"https:\/\/www.iccu.com\/es\/wellness\/"},{"@type":"ListItem","position":3,"name":"Gu\u00eda del dinero para adolescentes","item":"https:\/\/www.iccu.com\/es\/wellness\/money-guide-for-teens\/"},{"@type":"ListItem","position":4,"name":"\u00bfC\u00f3mo crece tu dinero?"}]},{"@type":"WebSite","@id":"https:\/\/www.iccu.com\/es\/#website","url":"https:\/\/www.iccu.com\/es\/","name":"ICCU","description":"Looking after your daily balance.","publisher":{"@id":"https:\/\/www.iccu.com\/es\/#organization"},"alternateName":"ICCU","potentialAction":[{"@type":"SearchAction","target":{"@type":"EntryPoint","urlTemplate":"https:\/\/www.iccu.com\/es\/?s={search_term_string}"},"query-input":{"@type":"PropertyValueSpecification","valueRequired":true,"valueName":"search_term_string"}}],"inLanguage":"es"},{"@type":"Organization","@id":"https:\/\/www.iccu.com\/es\/#organization","name":"ICCU","url":"https:\/\/www.iccu.com\/es\/","logo":{"@type":"ImageObject","inLanguage":"es","@id":"https:\/\/www.iccu.com\/es\/#\/schema\/logo\/image\/","url":"https:\/\/www.iccu.com\/wp-content\/uploads\/2025\/03\/ICCU-logo-2color_696x696.png","contentUrl":"https:\/\/www.iccu.com\/wp-content\/uploads\/2025\/03\/ICCU-logo-2color_696x696.png","width":696,"height":696,"caption":"ICCU"},"image":{"@id":"https:\/\/www.iccu.com\/es\/#\/schema\/logo\/image\/"},"sameAs":["https:\/\/www.facebook.com\/IdahoCentralCreditUnion","https:\/\/x.com\/Idaho_Central","https:\/\/www.youtube.com\/idahocentralcu","https:\/\/www.linkedin.com\/company\/idahocentralcreditunion\/","https:\/\/www.instagram.com\/idahocentralcu\/"],"description":"ICCU is a state-chartered credit union in the western United States, headquartered in Chubbuck, Idaho. Whether you\u2019re banking in the branch or banking on the go, ICCU is looking after your daily balance. Get great rates on auto and home loans. Check out our Visa Rewards Cards. Discover more perks with Central Plus Checking. Bank your way with drive-thru, ATM, live video chat, mobile banking. Open Saturdays. We also offer investment, insurance, and business solutions. As a member of ICCU, you\u2019ll have a financial leader that\u2019s helping you achieve financial success. Routing Number: 324173626. NMLS ID: 433926.","email":"memberservice@iccu.com","telephone":"(800) 456-5067","foundingDate":"1940-06-28","taxID":"82-0217065","duns":"108135278","numberOfEmployees":{"@type":"QuantitativeValue","minValue":"1001","maxValue":"5000"}}]}},"_links":{"self":[{"href":"https:\/\/www.iccu.com\/es\/wp-json\/wp\/v2\/pages\/18976","targetHints":{"allow":["GET"]}}],"collection":[{"href":"https:\/\/www.iccu.com\/es\/wp-json\/wp\/v2\/pages"}],"about":[{"href":"https:\/\/www.iccu.com\/es\/wp-json\/wp\/v2\/types\/page"}],"author":[{"embeddable":true,"href":"https:\/\/www.iccu.com\/es\/wp-json\/wp\/v2\/users\/5"}],"replies":[{"embeddable":true,"href":"https:\/\/www.iccu.com\/es\/wp-json\/wp\/v2\/comments?post=18976"}],"version-history":[{"count":1,"href":"https:\/\/www.iccu.com\/es\/wp-json\/wp\/v2\/pages\/18976\/revisions"}],"predecessor-version":[{"id":18977,"href":"https:\/\/www.iccu.com\/es\/wp-json\/wp\/v2\/pages\/18976\/revisions\/18977"}],"up":[{"embeddable":true,"href":"https:\/\/www.iccu.com\/es\/wp-json\/wp\/v2\/pages\/18948"}],"wp:featuredmedia":[{"embeddable":true,"href":"https:\/\/www.iccu.com\/es\/wp-json\/wp\/v2\/media\/17619"}],"wp:attachment":[{"href":"https:\/\/www.iccu.com\/es\/wp-json\/wp\/v2\/media?parent=18976"}],"curies":[{"name":"wp","href":"https:\/\/api.w.org\/{rel}","templated":true}]}}