{"id":18978,"date":"2023-03-10T11:39:04","date_gmt":"2023-03-10T18:39:04","guid":{"rendered":"https:\/\/www.iccu.com\/membership\/iccupass\/reconocimiento-de-las-normas-para-los-empleados-que-no-pertenecen-a-la-ucci\/"},"modified":"2024-09-09T23:32:04","modified_gmt":"2024-09-10T05:32:04","slug":"non-iccu-employees","status":"publish","type":"page","link":"https:\/\/www.iccu.com\/es\/membership\/iccupass\/non-iccu-employees\/","title":{"rendered":"Reconocimiento de las normas para los empleados que no pertenecen a la UCCI"},"content":{"rendered":"\n<div class=\"wp-block-group alignfull has-light-gray-background-color has-background\"><div class=\"wp-block-group__inner-container is-layout-flow wp-block-group-is-layout-flow\">\n<div class=\"wp-block-columns alignwide is-layout-flex wp-container-core-columns-is-layout-9d6595d7 wp-block-columns-is-layout-flex\">\n<div class=\"wp-block-column is-layout-flow wp-block-column-is-layout-flow\">\n<h2 class=\"wp-block-heading has-text-align-left has-green-color has-text-color\">Normas &#8211; ICCU Field House<\/h2>\n<\/div>\n<\/div>\n\n\n\n<div class=\"wp-block-columns alignwide is-layout-flex wp-container-core-columns-is-layout-9d6595d7 wp-block-columns-is-layout-flex\">\n<div class=\"wp-block-column is-layout-flow wp-block-column-is-layout-flow\">\n<ol class=\"tight-list has-lg-font-size wp-block-list\">\n<li>Esta instalaci\u00f3n es una extensi\u00f3n del Gimnasio del Campus MSC y es s\u00f3lo para uso privado\/personal.\nNo es un centro de eventos. <\/li>\n\n\n\n<li>Se admiten familiares y\/o amigos \u00edntimos.\nSin embargo, <strong>el miembro del gimnasio debe estar presente en todo momento<\/strong>. <\/li>\n\n\n\n<li>No es una instalaci\u00f3n de pr\u00e1cticas y no debe utilizarse para deportes de equipo organizados (pr\u00e1cticas o partidos de equipo) de ning\u00fan tipo.<\/li>\n\n\n\n<li>Est\u00e1 prohibido el uso de este servicio para obtener beneficios econ\u00f3micos personales.\n<ul class=\"wp-block-list\">\n<li>Por ejemplo: es aceptable que lleves a un amigo a entrenar contigo.\nNo est\u00e1 bien aceptar pagos, de ning\u00fan tipo, por el entrenamiento que impartes. <\/li>\n<\/ul>\n<\/li>\n\n\n\n<li>La instalaci\u00f3n es un concepto de gimnasio abierto y funciona por orden de llegada.<\/li>\n\n\n\n<li>Se ha creado un horario para dar prioridad al uso de las pistas.\nSi nadie est\u00e1 utilizando la pista para los deportes designados, eres libre de utilizar la pista como prefieras.\nEn caso de conflicto, el horario determinar\u00e1 qui\u00e9n tiene prioridad.  <\/li>\n\n\n\n<li>Est\u00e1 disponible para su uso 365 d\u00edas al a\u00f1o entre las 4:01 y las 23:59 horas.<\/li>\n\n\n\n<li>Limpia todo el equipo despu\u00e9s de usarlo con un pa\u00f1o desinfectante.<\/li>\n\n\n\n<li><strong>Si lo pones o lo sacas, es tu responsabilidad desmontarlo y asegurarte de que se guarda correctamente.\nEsto incluye todas las redes de voleibol y\/o pickleball. <\/strong><\/li>\n\n\n\n<li>La instalaci\u00f3n est\u00e1 equipada para lo siguiente\n<ul class=\"wp-block-list\">\n<li>Baloncesto<\/li>\n\n\n\n<li>Voleibol<\/li>\n\n\n\n<li>F\u00fatbol<\/li>\n\n\n\n<li>Pickleball<\/li>\n\n\n\n<li>Jaula de bateo de b\u00e9isbol<\/li>\n\n\n\n<li>Jaula de bateo de softball<\/li>\n\n\n\n<li>Peque\u00f1a zona de c\u00e9sped cubierta<\/li>\n<\/ul>\n<\/li>\n\n\n\n<li>No se permite comida ni alcohol.<\/li>\n\n\n\n<li>S\u00f3lo calzado deportivo de interior\/de pista\/de c\u00e9sped.  <strong>Sin tacos de ning\u00fan tipo.<\/strong><\/li>\n\n\n\n<li>Accede a las instalaciones mediante la misma tarjeta\/llavero que se utiliza para acceder al Gimnasio del Campus MSC.<\/li>\n\n\n\n<li>La capacidad m\u00e1xima es de 25 personas<\/li>\n\n\n\n<li>Recuerda nuestros valores fundamentales y evita el uso de blasfemias.<\/li>\n\n\n\n<li>Respeta a los dem\u00e1s en lo que respecta al ruido\/m\u00fasica en las instalaciones.<\/li>\n\n\n\n<li>Apaga las luces cuando salgas de las instalaciones.<\/li>\n\n\n\n<li>No dejes objetos personales.\nLos objetos abandonados se tirar\u00e1n. <\/li>\n\n\n\n<li>En la Casa de Campo no hay duchas ni vestuarios.<\/li>\n\n\n\n<li><strong>Cualquier infracci\u00f3n de las normas puede conllevar la p\u00e9rdida de privilegios.<\/strong><\/li>\n<\/ol>\n\n\n\n<hr class=\"wp-block-separator alignwide has-alpha-channel-opacity\"\/>\n\n\n\n<h2 class=\"wp-block-heading has-green-color has-text-color\">Normas &#8211; Taquillas de la Casa de Campo de la UCCI<\/h2>\n\n\n\n<ul class=\"tight-list has-lg-font-size wp-block-list\">\n<li>S\u00f3lo uso diurno.<\/li>\n\n\n\n<li>Todo lo que se deje en las taquillas durante la noche se tirar\u00e1.<\/li>\n\n\n\n<li>No se permiten candados.<\/li>\n<\/ul>\n\n\n\n<hr class=\"wp-block-separator alignwide has-alpha-channel-opacity\"\/>\n\n\n\n<p class=\"has-lg-font-size\"><em>Al hacer clic en el bot\u00f3n \u00abObtener acceso\u00bb que aparece a continuaci\u00f3n, aceptas las normas y procedimientos descritos anteriormente.<\/em><\/p>\n\n\n\n<div class=\"wp-block-buttons is-layout-flex wp-block-buttons-is-layout-flex\">\n<div class=\"wp-block-button\"><a class=\"wp-block-button__link wp-element-button\" href=\"https:\/\/www.docusign.net\/Member\/PowerFormSigning.aspx?PowerFormId=e58bbd10-57d1-4a4b-af1f-69de0a5269cc=na1=3d453bf6-b7f4-4cbd-b3e4-880ce666dfe0=2\" target=\"_blank\" rel=\"noreferrer noopener\">Acceder<\/a><\/div>\n<\/div>\n<\/div>\n<\/div>\n<\/div><\/div>\n","protected":false},"excerpt":{"rendered":"<p>Normas &#8211; ICCU Field House Normas &#8211; Taquillas de la Casa de Campo de la UCCI Al hacer clic en [&hellip;]<\/p>\n","protected":false},"author":5,"featured_media":17206,"parent":18970,"menu_order":0,"comment_status":"closed","ping_status":"closed","template":"product-detail-page.php","meta":{"_acf_changed":false,"_searchwp_excluded":"","footnotes":""},"class_list":["post-18978","page","type-page","status-publish","has-post-thumbnail","hentry"],"acf":[],"yoast_head":"<!-- This site is optimized with the Yoast SEO Premium plugin v27.2 (Yoast SEO v27.3) - https:\/\/yoast.com\/product\/yoast-seo-premium-wordpress\/ -->\n<title>Reconocimiento de las normas para los empleados que no pertenecen a la UCCI - ICCU<\/title>\n<meta name=\"robots\" content=\"noindex, nofollow\" \/>\n<meta property=\"og:locale\" content=\"es_ES\" \/>\n<meta property=\"og:type\" content=\"article\" \/>\n<meta property=\"og:title\" content=\"Reconocimiento de las normas para los empleados que no pertenecen a la UCCI\" \/>\n<meta property=\"og:description\" content=\"Normas &#8211; ICCU Field House Normas &#8211; Taquillas de la Casa de Campo de la UCCI Al hacer clic en [&hellip;]\" \/>\n<meta property=\"og:url\" content=\"https:\/\/www.iccu.com\/es\/membership\/iccupass\/non-iccu-employees\/\" \/>\n<meta property=\"og:site_name\" content=\"ICCU\" \/>\n<meta property=\"article:publisher\" content=\"https:\/\/www.facebook.com\/IdahoCentralCreditUnion\" \/>\n<meta property=\"article:modified_time\" content=\"2024-09-10T05:32:04+00:00\" \/>\n<meta property=\"og:image\" content=\"https:\/\/www.iccu.com\/wp-content\/uploads\/2023\/02\/Life-Insurance_1.webp\" \/>\n\t<meta property=\"og:image:width\" content=\"410\" \/>\n\t<meta property=\"og:image:height\" content=\"313\" \/>\n\t<meta property=\"og:image:type\" content=\"image\/webp\" \/>\n<meta name=\"twitter:card\" content=\"summary_large_image\" \/>\n<meta name=\"twitter:site\" content=\"@Idaho_Central\" \/>\n<meta name=\"twitter:label1\" content=\"Tiempo de lectura\" \/>\n\t<meta name=\"twitter:data1\" content=\"2 minutos\" \/>\n<script type=\"application\/ld+json\" class=\"yoast-schema-graph\">{\"@context\":\"https:\\\/\\\/schema.org\",\"@graph\":[{\"@type\":\"WebPage\",\"@id\":\"https:\\\/\\\/www.iccu.com\\\/es\\\/membership\\\/iccupass\\\/non-iccu-employees\\\/\",\"url\":\"https:\\\/\\\/www.iccu.com\\\/es\\\/membership\\\/iccupass\\\/non-iccu-employees\\\/\",\"name\":\"Reconocimiento de las normas para los empleados que no pertenecen a la UCCI - ICCU\",\"isPartOf\":{\"@id\":\"https:\\\/\\\/www.iccu.com\\\/es\\\/#website\"},\"primaryImageOfPage\":{\"@id\":\"https:\\\/\\\/www.iccu.com\\\/es\\\/membership\\\/iccupass\\\/non-iccu-employees\\\/#primaryimage\"},\"image\":{\"@id\":\"https:\\\/\\\/www.iccu.com\\\/es\\\/membership\\\/iccupass\\\/non-iccu-employees\\\/#primaryimage\"},\"thumbnailUrl\":\"https:\\\/\\\/www.iccu.com\\\/wp-content\\\/uploads\\\/2023\\\/02\\\/Life-Insurance_1.webp\",\"datePublished\":\"2023-03-10T18:39:04+00:00\",\"dateModified\":\"2024-09-10T05:32:04+00:00\",\"breadcrumb\":{\"@id\":\"https:\\\/\\\/www.iccu.com\\\/es\\\/membership\\\/iccupass\\\/non-iccu-employees\\\/#breadcrumb\"},\"inLanguage\":\"es\",\"potentialAction\":[{\"@type\":\"ReadAction\",\"target\":[\"https:\\\/\\\/www.iccu.com\\\/es\\\/membership\\\/iccupass\\\/non-iccu-employees\\\/\"]}]},{\"@type\":\"ImageObject\",\"inLanguage\":\"es\",\"@id\":\"https:\\\/\\\/www.iccu.com\\\/es\\\/membership\\\/iccupass\\\/non-iccu-employees\\\/#primaryimage\",\"url\":\"https:\\\/\\\/www.iccu.com\\\/wp-content\\\/uploads\\\/2023\\\/02\\\/Life-Insurance_1.webp\",\"contentUrl\":\"https:\\\/\\\/www.iccu.com\\\/wp-content\\\/uploads\\\/2023\\\/02\\\/Life-Insurance_1.webp\",\"width\":410,\"height\":313},{\"@type\":\"BreadcrumbList\",\"@id\":\"https:\\\/\\\/www.iccu.com\\\/es\\\/membership\\\/iccupass\\\/non-iccu-employees\\\/#breadcrumb\",\"itemListElement\":[{\"@type\":\"ListItem\",\"position\":1,\"name\":\"Home\",\"item\":\"https:\\\/\\\/www.iccu.com\\\/es\\\/\"},{\"@type\":\"ListItem\",\"position\":2,\"name\":\"Hazte miembro\",\"item\":\"https:\\\/\\\/www.iccu.com\\\/es\\\/membership\\\/\"},{\"@type\":\"ListItem\",\"position\":3,\"name\":\"Casa de Campo ICCU\",\"item\":\"https:\\\/\\\/www.iccu.com\\\/es\\\/membership\\\/iccupass\\\/\"},{\"@type\":\"ListItem\",\"position\":4,\"name\":\"Reconocimiento de las normas para los empleados que no pertenecen a la UCCI\"}]},{\"@type\":\"WebSite\",\"@id\":\"https:\\\/\\\/www.iccu.com\\\/es\\\/#website\",\"url\":\"https:\\\/\\\/www.iccu.com\\\/es\\\/\",\"name\":\"ICCU\",\"description\":\"Looking after your daily balance.\",\"publisher\":{\"@id\":\"https:\\\/\\\/www.iccu.com\\\/es\\\/#organization\"},\"alternateName\":\"ICCU\",\"potentialAction\":[{\"@type\":\"SearchAction\",\"target\":{\"@type\":\"EntryPoint\",\"urlTemplate\":\"https:\\\/\\\/www.iccu.com\\\/es\\\/?s={search_term_string}\"},\"query-input\":{\"@type\":\"PropertyValueSpecification\",\"valueRequired\":true,\"valueName\":\"search_term_string\"}}],\"inLanguage\":\"es\"},{\"@type\":\"Organization\",\"@id\":\"https:\\\/\\\/www.iccu.com\\\/es\\\/#organization\",\"name\":\"ICCU\",\"url\":\"https:\\\/\\\/www.iccu.com\\\/es\\\/\",\"logo\":{\"@type\":\"ImageObject\",\"inLanguage\":\"es\",\"@id\":\"https:\\\/\\\/www.iccu.com\\\/es\\\/#\\\/schema\\\/logo\\\/image\\\/\",\"url\":\"https:\\\/\\\/www.iccu.com\\\/wp-content\\\/uploads\\\/2025\\\/03\\\/ICCU-logo-2color_696x696.png\",\"contentUrl\":\"https:\\\/\\\/www.iccu.com\\\/wp-content\\\/uploads\\\/2025\\\/03\\\/ICCU-logo-2color_696x696.png\",\"width\":696,\"height\":696,\"caption\":\"ICCU\"},\"image\":{\"@id\":\"https:\\\/\\\/www.iccu.com\\\/es\\\/#\\\/schema\\\/logo\\\/image\\\/\"},\"sameAs\":[\"https:\\\/\\\/www.facebook.com\\\/IdahoCentralCreditUnion\",\"https:\\\/\\\/x.com\\\/Idaho_Central\",\"https:\\\/\\\/www.youtube.com\\\/idahocentralcu\",\"https:\\\/\\\/www.linkedin.com\\\/company\\\/idahocentralcreditunion\\\/\",\"https:\\\/\\\/www.instagram.com\\\/idahocentralcu\\\/\"],\"description\":\"ICCU is a state-chartered credit union in the western United States, headquartered in Chubbuck, Idaho. Whether you\u2019re banking in the branch or banking on the go, ICCU is looking after your daily balance. Get great rates on auto and home loans. Check out our Visa Rewards Cards. Discover more perks with Central Plus Checking. Bank your way with drive-thru, ATM, live video chat, mobile banking. Open Saturdays. We also offer investment, insurance, and business solutions. As a member of ICCU, you\u2019ll have a financial leader that\u2019s helping you achieve financial success. Routing Number: 324173626. NMLS ID: 433926.\",\"email\":\"memberservice@iccu.com\",\"telephone\":\"(800) 456-5067\",\"foundingDate\":\"1940-06-28\",\"taxID\":\"82-0217065\",\"duns\":\"108135278\",\"numberOfEmployees\":{\"@type\":\"QuantitativeValue\",\"minValue\":\"1001\",\"maxValue\":\"5000\"}}]}<\/script>\n<!-- \/ Yoast SEO Premium plugin. -->","yoast_head_json":{"title":"Reconocimiento de las normas para los empleados que no pertenecen a la UCCI - ICCU","robots":{"index":"noindex","follow":"nofollow"},"og_locale":"es_ES","og_type":"article","og_title":"Reconocimiento de las normas para los empleados que no pertenecen a la UCCI","og_description":"Normas &#8211; ICCU Field House Normas &#8211; Taquillas de la Casa de Campo de la UCCI Al hacer clic en [&hellip;]","og_url":"https:\/\/www.iccu.com\/es\/membership\/iccupass\/non-iccu-employees\/","og_site_name":"ICCU","article_publisher":"https:\/\/www.facebook.com\/IdahoCentralCreditUnion","article_modified_time":"2024-09-10T05:32:04+00:00","og_image":[{"width":410,"height":313,"url":"https:\/\/www.iccu.com\/wp-content\/uploads\/2023\/02\/Life-Insurance_1.webp","type":"image\/webp"}],"twitter_card":"summary_large_image","twitter_site":"@Idaho_Central","twitter_misc":{"Tiempo de lectura":"2 minutos"},"schema":{"@context":"https:\/\/schema.org","@graph":[{"@type":"WebPage","@id":"https:\/\/www.iccu.com\/es\/membership\/iccupass\/non-iccu-employees\/","url":"https:\/\/www.iccu.com\/es\/membership\/iccupass\/non-iccu-employees\/","name":"Reconocimiento de las normas para los empleados que no pertenecen a la UCCI - ICCU","isPartOf":{"@id":"https:\/\/www.iccu.com\/es\/#website"},"primaryImageOfPage":{"@id":"https:\/\/www.iccu.com\/es\/membership\/iccupass\/non-iccu-employees\/#primaryimage"},"image":{"@id":"https:\/\/www.iccu.com\/es\/membership\/iccupass\/non-iccu-employees\/#primaryimage"},"thumbnailUrl":"https:\/\/www.iccu.com\/wp-content\/uploads\/2023\/02\/Life-Insurance_1.webp","datePublished":"2023-03-10T18:39:04+00:00","dateModified":"2024-09-10T05:32:04+00:00","breadcrumb":{"@id":"https:\/\/www.iccu.com\/es\/membership\/iccupass\/non-iccu-employees\/#breadcrumb"},"inLanguage":"es","potentialAction":[{"@type":"ReadAction","target":["https:\/\/www.iccu.com\/es\/membership\/iccupass\/non-iccu-employees\/"]}]},{"@type":"ImageObject","inLanguage":"es","@id":"https:\/\/www.iccu.com\/es\/membership\/iccupass\/non-iccu-employees\/#primaryimage","url":"https:\/\/www.iccu.com\/wp-content\/uploads\/2023\/02\/Life-Insurance_1.webp","contentUrl":"https:\/\/www.iccu.com\/wp-content\/uploads\/2023\/02\/Life-Insurance_1.webp","width":410,"height":313},{"@type":"BreadcrumbList","@id":"https:\/\/www.iccu.com\/es\/membership\/iccupass\/non-iccu-employees\/#breadcrumb","itemListElement":[{"@type":"ListItem","position":1,"name":"Home","item":"https:\/\/www.iccu.com\/es\/"},{"@type":"ListItem","position":2,"name":"Hazte miembro","item":"https:\/\/www.iccu.com\/es\/membership\/"},{"@type":"ListItem","position":3,"name":"Casa de Campo ICCU","item":"https:\/\/www.iccu.com\/es\/membership\/iccupass\/"},{"@type":"ListItem","position":4,"name":"Reconocimiento de las normas para los empleados que no pertenecen a la UCCI"}]},{"@type":"WebSite","@id":"https:\/\/www.iccu.com\/es\/#website","url":"https:\/\/www.iccu.com\/es\/","name":"ICCU","description":"Looking after your daily balance.","publisher":{"@id":"https:\/\/www.iccu.com\/es\/#organization"},"alternateName":"ICCU","potentialAction":[{"@type":"SearchAction","target":{"@type":"EntryPoint","urlTemplate":"https:\/\/www.iccu.com\/es\/?s={search_term_string}"},"query-input":{"@type":"PropertyValueSpecification","valueRequired":true,"valueName":"search_term_string"}}],"inLanguage":"es"},{"@type":"Organization","@id":"https:\/\/www.iccu.com\/es\/#organization","name":"ICCU","url":"https:\/\/www.iccu.com\/es\/","logo":{"@type":"ImageObject","inLanguage":"es","@id":"https:\/\/www.iccu.com\/es\/#\/schema\/logo\/image\/","url":"https:\/\/www.iccu.com\/wp-content\/uploads\/2025\/03\/ICCU-logo-2color_696x696.png","contentUrl":"https:\/\/www.iccu.com\/wp-content\/uploads\/2025\/03\/ICCU-logo-2color_696x696.png","width":696,"height":696,"caption":"ICCU"},"image":{"@id":"https:\/\/www.iccu.com\/es\/#\/schema\/logo\/image\/"},"sameAs":["https:\/\/www.facebook.com\/IdahoCentralCreditUnion","https:\/\/x.com\/Idaho_Central","https:\/\/www.youtube.com\/idahocentralcu","https:\/\/www.linkedin.com\/company\/idahocentralcreditunion\/","https:\/\/www.instagram.com\/idahocentralcu\/"],"description":"ICCU is a state-chartered credit union in the western United States, headquartered in Chubbuck, Idaho. Whether you\u2019re banking in the branch or banking on the go, ICCU is looking after your daily balance. Get great rates on auto and home loans. Check out our Visa Rewards Cards. Discover more perks with Central Plus Checking. Bank your way with drive-thru, ATM, live video chat, mobile banking. Open Saturdays. We also offer investment, insurance, and business solutions. As a member of ICCU, you\u2019ll have a financial leader that\u2019s helping you achieve financial success. Routing Number: 324173626. NMLS ID: 433926.","email":"memberservice@iccu.com","telephone":"(800) 456-5067","foundingDate":"1940-06-28","taxID":"82-0217065","duns":"108135278","numberOfEmployees":{"@type":"QuantitativeValue","minValue":"1001","maxValue":"5000"}}]}},"_links":{"self":[{"href":"https:\/\/www.iccu.com\/es\/wp-json\/wp\/v2\/pages\/18978","targetHints":{"allow":["GET"]}}],"collection":[{"href":"https:\/\/www.iccu.com\/es\/wp-json\/wp\/v2\/pages"}],"about":[{"href":"https:\/\/www.iccu.com\/es\/wp-json\/wp\/v2\/types\/page"}],"author":[{"embeddable":true,"href":"https:\/\/www.iccu.com\/es\/wp-json\/wp\/v2\/users\/5"}],"replies":[{"embeddable":true,"href":"https:\/\/www.iccu.com\/es\/wp-json\/wp\/v2\/comments?post=18978"}],"version-history":[{"count":1,"href":"https:\/\/www.iccu.com\/es\/wp-json\/wp\/v2\/pages\/18978\/revisions"}],"predecessor-version":[{"id":18979,"href":"https:\/\/www.iccu.com\/es\/wp-json\/wp\/v2\/pages\/18978\/revisions\/18979"}],"up":[{"embeddable":true,"href":"https:\/\/www.iccu.com\/es\/wp-json\/wp\/v2\/pages\/18970"}],"wp:featuredmedia":[{"embeddable":true,"href":"https:\/\/www.iccu.com\/es\/wp-json\/wp\/v2\/media\/17206"}],"wp:attachment":[{"href":"https:\/\/www.iccu.com\/es\/wp-json\/wp\/v2\/media?parent=18978"}],"curies":[{"name":"wp","href":"https:\/\/api.w.org\/{rel}","templated":true}]}}