{"id":19268,"date":"2023-07-21T17:29:01","date_gmt":"2023-07-21T23:29:01","guid":{"rendered":"https:\/\/www.iccu.com\/notices\/preguntas-frecuentes-de-nydig\/"},"modified":"2024-09-10T12:44:27","modified_gmt":"2024-09-10T18:44:27","slug":"nydig-faqs","status":"publish","type":"page","link":"https:\/\/www.iccu.com\/es\/notices\/nydig-faqs\/","title":{"rendered":"Preguntas frecuentes de NYDIG"},"content":{"rendered":"\n<div class=\"wp-block-group alignfull has-white-background-color has-background\"><div class=\"wp-block-group__inner-container is-layout-flow wp-block-group-is-layout-flow\">\n<div class=\"wp-block-columns alignwide is-layout-flex wp-container-core-columns-is-layout-9d6595d7 wp-block-columns-is-layout-flex\">\n<div class=\"wp-block-column is-layout-flow wp-block-column-is-layout-flow\"><div class=\"wp-block-image\">\n<figure class=\"alignleft size-full is-resized\"><img loading=\"lazy\" decoding=\"async\" src=\"https:\/\/www.iccu.com\/wp-content\/uploads\/2023\/07\/NYDIG-logo.jpg\" alt=\"\" class=\"wp-image-12748\" width=\"132\" height=\"42\"\/><\/figure>\n<\/div>\n\n\n<h2 class=\"wp-block-heading has-text-align-left has-green-color has-text-color\">Preguntas frecuentes generales<\/h2>\n\n\n\n<p class=\"has-sm-font-size\"><em>Los servicios Bitcoin te los proporciona exclusivamente NYDIG Execution LLC (\u00abNYDIG\u00bb) al abrir una cuenta con NYDIG. Operar con Bitcoin implica riesgos, incluida la posible p\u00e9rdida de valor. No est\u00e1 asegurado por la NCUA ni por la SIPC. Consulta las Condiciones al registrarte para obtener m\u00e1s detalles, incluidos los requisitos, riesgos y licencias.<\/em><\/p>\n\n\n\n<div class=\"wp-block-columns alignwide is-layout-flex wp-container-core-columns-is-layout-9d6595d7 wp-block-columns-is-layout-flex\">\n<div class=\"wp-block-column is-layout-flow wp-block-column-is-layout-flow\">\n<h3 class=\"wp-block-heading has-lg-font-size\"><strong>1. \u00bfPor qu\u00e9 se cierra mi cuenta NYDIG?<\/strong><\/h3>\n\n\n\n<p class=\"has-lg-font-size\">NYDIG ha tomado la decisi\u00f3n de dejar de ofrecer el servicio bitcoin y tu cuenta bitcoin de NYDIG se cierra en consecuencia.<\/p>\n\n\n\n<h3 class=\"wp-block-heading has-lg-font-size\"><strong>2. \u00bfCu\u00e1ndo puedo vender mi bitcoin?<\/strong><\/h3>\n\n\n\n<p class=\"has-lg-font-size\">Generalmente no hay restricciones sobre cu\u00e1ndo puedes vender tu bitcoin. El producto de esa venta se enviar\u00e1 a tu proveedor financiero, y \u00e9ste lo ingresar\u00e1 en tu cuenta vinculada.<\/p>\n\n\n\n<h3 class=\"wp-block-heading has-lg-font-size\">3. \u00bfHay comisiones cuando vendo mi bitcoin?<\/h3>\n\n\n\n<p class=\"has-lg-font-size\">No. No habr\u00e1 comisiones asociadas a la venta de bitcoin durante este periodo de cierre.<\/p>\n\n\n\n<h3 class=\"wp-block-heading has-lg-font-size\">4. \u00bfAd\u00f3nde va el dinero cuando vendo mi bitcoin?<\/h3>\n\n\n\n<p class=\"has-lg-font-size\">Cuando vendas tu bitcoin, NYDIG transferir\u00e1 el producto de la venta a tu proveedor financiero. Tu proveedor financiero abonar\u00e1 esos fondos en tu cuenta vinculada.<\/p>\n\n\n\n<h3 class=\"wp-block-heading has-lg-font-size\"><strong>5. <\/strong>\u00bfCu\u00e1nto tiempo se tarda en recibir dinero despu\u00e9s de vender bitcoin desde mi cuenta NYDIG?<\/h3>\n\n\n\n<p class=\"has-lg-font-size\">Normalmente no m\u00e1s de 1-2 d\u00edas laborables. Aunque, en raras ocasiones, podr\u00eda tardar hasta cinco (5) d\u00edas laborables en recibir los ingresos en tu cuenta vinculada.<\/p>\n\n\n\n<h3 class=\"wp-block-heading has-lg-font-size\"><strong>6. <\/strong>\u00bfC\u00f3mo\/cu\u00e1ndo se cerrar\u00e1 mi cuenta NYDIG?<\/h3>\n\n\n\n<p class=\"has-lg-font-size\">Tendr\u00e1s 60 d\u00edas para vender tu bitcoin. A partir del 31\/07\/2023, una vez que tu saldo de bitcoins de NYDIG llegue a un saldo de $0, tu cuenta de bitcoins de NYDIG se cerrar\u00e1 autom\u00e1ticamente. Si tu cuenta NYDIG no llega a un saldo de $0 al final de los 60 d\u00edas, NYDIG vender\u00e1 el bitcoin de tu cuenta por ti al Tipo de Referencia de Bitcoin CME CF a las 16:00 hora de Londres del d\u00eda siguiente. El producto de la venta del bitcoin se transferir\u00e1 a tu cuenta de la instituci\u00f3n financiera en los 5 d\u00edas siguientes a la venta de tu bitcoin. En ese momento tu cuenta NYDIG se cerrar\u00e1 autom\u00e1ticamente.<\/p>\n\n\n\n<h3 class=\"wp-block-heading has-lg-font-size\">7. \u00bfPuedo retirar bitcoin de mi cuenta NYDIG?<\/h3>\n\n\n\n<p class=\"has-lg-font-size\">No. NYDIG no permite transferencias de bitcoin a monederos de bitcoin externos . La \u00fanica acci\u00f3n que puedes realizar con respecto a tu bitcoin es iniciar una orden de venta.<\/p>\n\n\n\n<h3 class=\"wp-block-heading has-lg-font-size\">8. \u00bfEnv\u00eda NYDIG los fondos directamente a mi cuenta vinculada?<\/h3>\n\n\n\n<p class=\"has-lg-font-size\">Cuando se ejecuta una orden de venta, NYDIG transfiere efectivo a tu proveedor financiero en funci\u00f3n del precio del bitcoin en el momento en que el proveedor financiero env\u00eda la orden. No recibir\u00e1s los ingresos de la transacci\u00f3n asociados a la orden de venta hasta que tu proveedor financiero acredite dichos ingresos en tu cuenta vinculada.<\/p>\n\n\n\n<h3 class=\"wp-block-heading has-lg-font-size\"><strong>9. <\/strong>\u00bfC\u00f3mo se determinan los precios del bitcoin para las \u00f3rdenes de venta durante el periodo de liquidaci\u00f3n de 60 d\u00edas?<\/h3>\n\n\n\n<p class=\"has-lg-font-size\">El Precio se basa en (i) lo que NYDIG considera que es el precio de mercado del bitcoin, en el momento en que el proveedor financiero presenta la orden, que suele estar relacionado con el precio del bitcoin en las grandes bolsas de Estados Unidos, m\u00e1s (ii) una Difusi\u00f3n. El Precio puede ser diferente de cualquier precio que un usuario final pueda ver en cualquier bolsa de bitcoins o centro de negociaci\u00f3n. El Spread puede variar en funci\u00f3n de la volatilidad, el tiempo que el Precio espec\u00edfico est\u00e9 disponible para negociar y el volumen de bitcoin que un usuario final intente vender, entre otros factores. NYDIG no calcular\u00e1 ni revelar\u00e1 por separado el Diferencial ganado en cada Transacci\u00f3n.<\/p>\n\n\n\n<h3 class=\"wp-block-heading has-lg-font-size\"><strong>10. <\/strong>\u00bfC\u00f3mo declaro los impuestos sobre las ventas de bitcoins?<\/h3>\n\n\n\n<p class=\"has-lg-font-size\">Si vendes alg\u00fan bitcoin de tu cuenta, recibir\u00e1s los Formularios 1099 del IRS por correo, correo electr\u00f3nico o por mensaje seguro, y NYDIG informar\u00e1 de la presentaci\u00f3n de los Formularios 1099 al IRS. Cualquier formulario 1099 que recibas de NYDIG s\u00f3lo cubre las transacciones de venta de bitcoin. Es tu responsabilidad determinar si, y en qu\u00e9 medida, tienes obligaciones fiscales derivadas de cualquier orden de venta, y declarar y remitir las cantidades correctas de impuestos a las autoridades fiscales apropiadas. Consulta con un asesor fiscal cualquier duda adicional relacionada con tus obligaciones fiscales.<\/p>\n\n\n\n<h3 class=\"wp-block-heading has-lg-font-size\">11. \u00bfTengo que pagar impuestos cuando vendo bitcoin?<\/h3>\n\n\n\n<p class=\"has-lg-font-size\">Puedes tener obligaciones fiscales derivadas de \u00f3rdenes de venta. Es responsabilidad tuya determinar si tienes obligaciones fiscales, y en qu\u00e9 medida, y declarar y remitir la cantidad correcta de impuestos a las autoridades fiscales competentes.<\/p>\n\n\n\n<h3 class=\"wp-block-heading has-lg-font-size\">12. \u00bfC\u00f3mo se calcula mi base de coste cuando vendo bitcoin?<\/h3>\n\n\n\n<p class=\"has-lg-font-size\">La NYDIG utiliza el principio FIFO (primero en entrar, primero en salir) para la declaraci\u00f3n fiscal del formulario 1099, lo que significa que se considera que los activos se han enajenado en el orden en que se adquirieron (es decir, los activos m\u00e1s antiguos se venden primero). FIFO es el m\u00e9todo por defecto especificado por Hacienda para los informes fiscales. Consulta con un asesor fiscal para que te ayude a utilizar el formulario 1099 de NYDIG para cumplimentar el formulario 8949 del IRS.<\/p>\n\n\n\n<h3 class=\"wp-block-heading has-lg-font-size\">13. \u00bfMe proporcionar\u00e1 la NYDIG documentaci\u00f3n para la declaraci\u00f3n de la renta?<\/h3>\n\n\n\n<p class=\"has-lg-font-size\">Si vendes alg\u00fan bitcoin de tu cuenta de bitcoin NYDIG, recibir\u00e1s de NYDIG los formularios 1099-B del IRS, y NYDIG tambi\u00e9n comunicar\u00e1 la informaci\u00f3n al IRS. Cualquier formulario 1099-B que recibas de NYDIG s\u00f3lo cubrir\u00e1 las transacciones de venta de bitcoins.<\/p>\n\n\n\n<h3 class=\"wp-block-heading has-lg-font-size\">14. \u00bfD\u00f3nde puedo aprender m\u00e1s sobre los impuestos relacionados con los activos digitales?<\/h3>\n\n\n\n<p class=\"has-lg-font-size\">Habla con tu asesor fiscal para aprender m\u00e1s sobre los impuestos relacionados con los activos digitales.<\/p>\n<\/div>\n<\/div>\n<\/div>\n<\/div>\n<\/div><\/div>\n\n<style>.o-hero__heading {\n  margin-bottom: -50px!important;\n}\n.entry-content .wp-block-group.has-background {\n  padding: 10px 0!important;\n}\n<\/style>\n","protected":false},"excerpt":{"rendered":"<p>Preguntas frecuentes generales Los servicios Bitcoin te los proporciona exclusivamente NYDIG Execution LLC (\u00abNYDIG\u00bb) al abrir una cuenta con NYDIG. [&hellip;]<\/p>\n","protected":false},"author":5,"featured_media":0,"parent":18946,"menu_order":0,"comment_status":"closed","ping_status":"closed","template":"product-detail-page.php","meta":{"_acf_changed":false,"_searchwp_excluded":"","footnotes":""},"class_list":["post-19268","page","type-page","status-publish","hentry"],"acf":[],"yoast_head":"<!-- This site is optimized with the Yoast SEO Premium plugin v27.2 (Yoast SEO v27.3) - https:\/\/yoast.com\/product\/yoast-seo-premium-wordpress\/ -->\n<title>Preguntas frecuentes de NYDIG - ICCU<\/title>\n<meta name=\"robots\" content=\"index, follow, max-snippet:-1, max-image-preview:large, max-video-preview:-1\" \/>\n<link rel=\"canonical\" href=\"https:\/\/www.iccu.com\/es\/notices\/nydig-faqs\/\" \/>\n<meta property=\"og:locale\" content=\"es_ES\" \/>\n<meta property=\"og:type\" content=\"article\" \/>\n<meta property=\"og:title\" content=\"Preguntas frecuentes de NYDIG\" \/>\n<meta property=\"og:description\" content=\"Preguntas frecuentes generales Los servicios Bitcoin te los proporciona exclusivamente NYDIG Execution LLC (\u00abNYDIG\u00bb) al abrir una cuenta con NYDIG. [&hellip;]\" \/>\n<meta property=\"og:url\" content=\"https:\/\/www.iccu.com\/es\/notices\/nydig-faqs\/\" \/>\n<meta property=\"og:site_name\" content=\"ICCU\" \/>\n<meta property=\"article:publisher\" content=\"https:\/\/www.facebook.com\/IdahoCentralCreditUnion\" \/>\n<meta property=\"article:modified_time\" content=\"2024-09-10T18:44:27+00:00\" \/>\n<meta property=\"og:image\" content=\"https:\/\/www.iccu.com\/wp-content\/uploads\/2023\/07\/NYDIG-logo.jpg\" \/>\n<meta name=\"twitter:card\" content=\"summary_large_image\" \/>\n<meta name=\"twitter:site\" content=\"@Idaho_Central\" \/>\n<meta name=\"twitter:label1\" content=\"Tiempo de lectura\" \/>\n\t<meta name=\"twitter:data1\" content=\"5 minutos\" \/>\n<script type=\"application\/ld+json\" class=\"yoast-schema-graph\">{\"@context\":\"https:\\\/\\\/schema.org\",\"@graph\":[{\"@type\":\"WebPage\",\"@id\":\"https:\\\/\\\/www.iccu.com\\\/es\\\/notices\\\/nydig-faqs\\\/\",\"url\":\"https:\\\/\\\/www.iccu.com\\\/es\\\/notices\\\/nydig-faqs\\\/\",\"name\":\"Preguntas frecuentes de NYDIG - ICCU\",\"isPartOf\":{\"@id\":\"https:\\\/\\\/www.iccu.com\\\/es\\\/#website\"},\"primaryImageOfPage\":{\"@id\":\"https:\\\/\\\/www.iccu.com\\\/es\\\/notices\\\/nydig-faqs\\\/#primaryimage\"},\"image\":{\"@id\":\"https:\\\/\\\/www.iccu.com\\\/es\\\/notices\\\/nydig-faqs\\\/#primaryimage\"},\"thumbnailUrl\":\"https:\\\/\\\/www.iccu.com\\\/wp-content\\\/uploads\\\/2023\\\/07\\\/NYDIG-logo.jpg\",\"datePublished\":\"2023-07-21T23:29:01+00:00\",\"dateModified\":\"2024-09-10T18:44:27+00:00\",\"breadcrumb\":{\"@id\":\"https:\\\/\\\/www.iccu.com\\\/es\\\/notices\\\/nydig-faqs\\\/#breadcrumb\"},\"inLanguage\":\"es\",\"potentialAction\":[{\"@type\":\"ReadAction\",\"target\":[\"https:\\\/\\\/www.iccu.com\\\/es\\\/notices\\\/nydig-faqs\\\/\"]}]},{\"@type\":\"ImageObject\",\"inLanguage\":\"es\",\"@id\":\"https:\\\/\\\/www.iccu.com\\\/es\\\/notices\\\/nydig-faqs\\\/#primaryimage\",\"url\":\"https:\\\/\\\/www.iccu.com\\\/wp-content\\\/uploads\\\/2023\\\/07\\\/NYDIG-logo.jpg\",\"contentUrl\":\"https:\\\/\\\/www.iccu.com\\\/wp-content\\\/uploads\\\/2023\\\/07\\\/NYDIG-logo.jpg\"},{\"@type\":\"BreadcrumbList\",\"@id\":\"https:\\\/\\\/www.iccu.com\\\/es\\\/notices\\\/nydig-faqs\\\/#breadcrumb\",\"itemListElement\":[{\"@type\":\"ListItem\",\"position\":1,\"name\":\"Home\",\"item\":\"https:\\\/\\\/www.iccu.com\\\/es\\\/\"},{\"@type\":\"ListItem\",\"position\":2,\"name\":\"Pol\u00edticas y divulgaciones importantes\",\"item\":\"https:\\\/\\\/www.iccu.com\\\/es\\\/notices\\\/\"},{\"@type\":\"ListItem\",\"position\":3,\"name\":\"Preguntas frecuentes de NYDIG\"}]},{\"@type\":\"WebSite\",\"@id\":\"https:\\\/\\\/www.iccu.com\\\/es\\\/#website\",\"url\":\"https:\\\/\\\/www.iccu.com\\\/es\\\/\",\"name\":\"ICCU\",\"description\":\"Looking after your daily balance.\",\"publisher\":{\"@id\":\"https:\\\/\\\/www.iccu.com\\\/es\\\/#organization\"},\"alternateName\":\"ICCU\",\"potentialAction\":[{\"@type\":\"SearchAction\",\"target\":{\"@type\":\"EntryPoint\",\"urlTemplate\":\"https:\\\/\\\/www.iccu.com\\\/es\\\/?s={search_term_string}\"},\"query-input\":{\"@type\":\"PropertyValueSpecification\",\"valueRequired\":true,\"valueName\":\"search_term_string\"}}],\"inLanguage\":\"es\"},{\"@type\":\"Organization\",\"@id\":\"https:\\\/\\\/www.iccu.com\\\/es\\\/#organization\",\"name\":\"ICCU\",\"url\":\"https:\\\/\\\/www.iccu.com\\\/es\\\/\",\"logo\":{\"@type\":\"ImageObject\",\"inLanguage\":\"es\",\"@id\":\"https:\\\/\\\/www.iccu.com\\\/es\\\/#\\\/schema\\\/logo\\\/image\\\/\",\"url\":\"https:\\\/\\\/www.iccu.com\\\/wp-content\\\/uploads\\\/2025\\\/03\\\/ICCU-logo-2color_696x696.png\",\"contentUrl\":\"https:\\\/\\\/www.iccu.com\\\/wp-content\\\/uploads\\\/2025\\\/03\\\/ICCU-logo-2color_696x696.png\",\"width\":696,\"height\":696,\"caption\":\"ICCU\"},\"image\":{\"@id\":\"https:\\\/\\\/www.iccu.com\\\/es\\\/#\\\/schema\\\/logo\\\/image\\\/\"},\"sameAs\":[\"https:\\\/\\\/www.facebook.com\\\/IdahoCentralCreditUnion\",\"https:\\\/\\\/x.com\\\/Idaho_Central\",\"https:\\\/\\\/www.youtube.com\\\/idahocentralcu\",\"https:\\\/\\\/www.linkedin.com\\\/company\\\/idahocentralcreditunion\\\/\",\"https:\\\/\\\/www.instagram.com\\\/idahocentralcu\\\/\"],\"description\":\"ICCU is a state-chartered credit union in the western United States, headquartered in Chubbuck, Idaho. Whether you\u2019re banking in the branch or banking on the go, ICCU is looking after your daily balance. Get great rates on auto and home loans. Check out our Visa Rewards Cards. Discover more perks with Central Plus Checking. Bank your way with drive-thru, ATM, live video chat, mobile banking. Open Saturdays. We also offer investment, insurance, and business solutions. As a member of ICCU, you\u2019ll have a financial leader that\u2019s helping you achieve financial success. Routing Number: 324173626. NMLS ID: 433926.\",\"email\":\"memberservice@iccu.com\",\"telephone\":\"(800) 456-5067\",\"foundingDate\":\"1940-06-28\",\"taxID\":\"82-0217065\",\"duns\":\"108135278\",\"numberOfEmployees\":{\"@type\":\"QuantitativeValue\",\"minValue\":\"1001\",\"maxValue\":\"5000\"}}]}<\/script>\n<!-- \/ Yoast SEO Premium plugin. -->","yoast_head_json":{"title":"Preguntas frecuentes de NYDIG - ICCU","robots":{"index":"index","follow":"follow","max-snippet":"max-snippet:-1","max-image-preview":"max-image-preview:large","max-video-preview":"max-video-preview:-1"},"canonical":"https:\/\/www.iccu.com\/es\/notices\/nydig-faqs\/","og_locale":"es_ES","og_type":"article","og_title":"Preguntas frecuentes de NYDIG","og_description":"Preguntas frecuentes generales Los servicios Bitcoin te los proporciona exclusivamente NYDIG Execution LLC (\u00abNYDIG\u00bb) al abrir una cuenta con NYDIG. [&hellip;]","og_url":"https:\/\/www.iccu.com\/es\/notices\/nydig-faqs\/","og_site_name":"ICCU","article_publisher":"https:\/\/www.facebook.com\/IdahoCentralCreditUnion","article_modified_time":"2024-09-10T18:44:27+00:00","og_image":[{"url":"https:\/\/www.iccu.com\/wp-content\/uploads\/2023\/07\/NYDIG-logo.jpg","type":"","width":"","height":""}],"twitter_card":"summary_large_image","twitter_site":"@Idaho_Central","twitter_misc":{"Tiempo de lectura":"5 minutos"},"schema":{"@context":"https:\/\/schema.org","@graph":[{"@type":"WebPage","@id":"https:\/\/www.iccu.com\/es\/notices\/nydig-faqs\/","url":"https:\/\/www.iccu.com\/es\/notices\/nydig-faqs\/","name":"Preguntas frecuentes de NYDIG - ICCU","isPartOf":{"@id":"https:\/\/www.iccu.com\/es\/#website"},"primaryImageOfPage":{"@id":"https:\/\/www.iccu.com\/es\/notices\/nydig-faqs\/#primaryimage"},"image":{"@id":"https:\/\/www.iccu.com\/es\/notices\/nydig-faqs\/#primaryimage"},"thumbnailUrl":"https:\/\/www.iccu.com\/wp-content\/uploads\/2023\/07\/NYDIG-logo.jpg","datePublished":"2023-07-21T23:29:01+00:00","dateModified":"2024-09-10T18:44:27+00:00","breadcrumb":{"@id":"https:\/\/www.iccu.com\/es\/notices\/nydig-faqs\/#breadcrumb"},"inLanguage":"es","potentialAction":[{"@type":"ReadAction","target":["https:\/\/www.iccu.com\/es\/notices\/nydig-faqs\/"]}]},{"@type":"ImageObject","inLanguage":"es","@id":"https:\/\/www.iccu.com\/es\/notices\/nydig-faqs\/#primaryimage","url":"https:\/\/www.iccu.com\/wp-content\/uploads\/2023\/07\/NYDIG-logo.jpg","contentUrl":"https:\/\/www.iccu.com\/wp-content\/uploads\/2023\/07\/NYDIG-logo.jpg"},{"@type":"BreadcrumbList","@id":"https:\/\/www.iccu.com\/es\/notices\/nydig-faqs\/#breadcrumb","itemListElement":[{"@type":"ListItem","position":1,"name":"Home","item":"https:\/\/www.iccu.com\/es\/"},{"@type":"ListItem","position":2,"name":"Pol\u00edticas y divulgaciones importantes","item":"https:\/\/www.iccu.com\/es\/notices\/"},{"@type":"ListItem","position":3,"name":"Preguntas frecuentes de NYDIG"}]},{"@type":"WebSite","@id":"https:\/\/www.iccu.com\/es\/#website","url":"https:\/\/www.iccu.com\/es\/","name":"ICCU","description":"Looking after your daily balance.","publisher":{"@id":"https:\/\/www.iccu.com\/es\/#organization"},"alternateName":"ICCU","potentialAction":[{"@type":"SearchAction","target":{"@type":"EntryPoint","urlTemplate":"https:\/\/www.iccu.com\/es\/?s={search_term_string}"},"query-input":{"@type":"PropertyValueSpecification","valueRequired":true,"valueName":"search_term_string"}}],"inLanguage":"es"},{"@type":"Organization","@id":"https:\/\/www.iccu.com\/es\/#organization","name":"ICCU","url":"https:\/\/www.iccu.com\/es\/","logo":{"@type":"ImageObject","inLanguage":"es","@id":"https:\/\/www.iccu.com\/es\/#\/schema\/logo\/image\/","url":"https:\/\/www.iccu.com\/wp-content\/uploads\/2025\/03\/ICCU-logo-2color_696x696.png","contentUrl":"https:\/\/www.iccu.com\/wp-content\/uploads\/2025\/03\/ICCU-logo-2color_696x696.png","width":696,"height":696,"caption":"ICCU"},"image":{"@id":"https:\/\/www.iccu.com\/es\/#\/schema\/logo\/image\/"},"sameAs":["https:\/\/www.facebook.com\/IdahoCentralCreditUnion","https:\/\/x.com\/Idaho_Central","https:\/\/www.youtube.com\/idahocentralcu","https:\/\/www.linkedin.com\/company\/idahocentralcreditunion\/","https:\/\/www.instagram.com\/idahocentralcu\/"],"description":"ICCU is a state-chartered credit union in the western United States, headquartered in Chubbuck, Idaho. Whether you\u2019re banking in the branch or banking on the go, ICCU is looking after your daily balance. Get great rates on auto and home loans. Check out our Visa Rewards Cards. Discover more perks with Central Plus Checking. Bank your way with drive-thru, ATM, live video chat, mobile banking. Open Saturdays. We also offer investment, insurance, and business solutions. As a member of ICCU, you\u2019ll have a financial leader that\u2019s helping you achieve financial success. Routing Number: 324173626. NMLS ID: 433926.","email":"memberservice@iccu.com","telephone":"(800) 456-5067","foundingDate":"1940-06-28","taxID":"82-0217065","duns":"108135278","numberOfEmployees":{"@type":"QuantitativeValue","minValue":"1001","maxValue":"5000"}}]}},"_links":{"self":[{"href":"https:\/\/www.iccu.com\/es\/wp-json\/wp\/v2\/pages\/19268","targetHints":{"allow":["GET"]}}],"collection":[{"href":"https:\/\/www.iccu.com\/es\/wp-json\/wp\/v2\/pages"}],"about":[{"href":"https:\/\/www.iccu.com\/es\/wp-json\/wp\/v2\/types\/page"}],"author":[{"embeddable":true,"href":"https:\/\/www.iccu.com\/es\/wp-json\/wp\/v2\/users\/5"}],"replies":[{"embeddable":true,"href":"https:\/\/www.iccu.com\/es\/wp-json\/wp\/v2\/comments?post=19268"}],"version-history":[{"count":3,"href":"https:\/\/www.iccu.com\/es\/wp-json\/wp\/v2\/pages\/19268\/revisions"}],"predecessor-version":[{"id":19271,"href":"https:\/\/www.iccu.com\/es\/wp-json\/wp\/v2\/pages\/19268\/revisions\/19271"}],"up":[{"embeddable":true,"href":"https:\/\/www.iccu.com\/es\/wp-json\/wp\/v2\/pages\/18946"}],"wp:attachment":[{"href":"https:\/\/www.iccu.com\/es\/wp-json\/wp\/v2\/media?parent=19268"}],"curies":[{"name":"wp","href":"https:\/\/api.w.org\/{rel}","templated":true}]}}