{"id":21091,"date":"2025-03-13T14:20:26","date_gmt":"2025-03-13T20:20:26","guid":{"rendered":"https:\/\/www.iccu.com\/services\/skip-a-pay\/"},"modified":"2026-01-27T15:21:50","modified_gmt":"2026-01-27T22:21:50","slug":"skip-a-pay","status":"publish","type":"page","link":"https:\/\/www.iccu.com\/es\/services\/skip-a-pay\/","title":{"rendered":"Skip-A-Pay"},"content":{"rendered":"\n<div class=\"wp-block-group alignfull has-light-gray-background-color has-background\" id=\"info\"><div class=\"wp-block-group__inner-container is-layout-constrained wp-block-group-is-layout-constrained\">\n<div class=\"wp-block-columns alignwide is-layout-flex wp-container-core-columns-is-layout-9d6595d7 wp-block-columns-is-layout-flex\">\n<div class=\"wp-block-column is-layout-flow wp-block-column-is-layout-flow\">\n<h2 class=\"wp-block-heading\" id=\"h-skip-a-payment-on-eligible-loans-and-credit-cards\">Omitir un pago en pr\u00e9stamos y tarjetas de cr\u00e9dito elegibles<\/h2>\n\n\n\n<p class=\"is-style-default\">El servicio<strong> Skip-A-Pay <\/strong>de ICCU puede utilizarse dos veces al a\u00f1o para la mayor\u00eda de los pr\u00e9stamos a plazos y tarjetas de cr\u00e9dito Visa. Aunque las hipotecas y los pr\u00e9stamos comerciales est\u00e1n excluidos, el proceso es sencillo e incluye una peque\u00f1a comisi\u00f3n de $29.00. <\/p>\n\n\n\n<p>Tanto si te enfrentas a gastos imprevistos como si s\u00f3lo necesitas un poco de espacio para respirar, Skip-A-Pay te ofrece flexibilidad y ayuda, para que puedas mantenerte al d\u00eda en tus objetivos financieros. Los intereses se seguir\u00e1n acumulando durante el mes omitido, pero el pago omitido puede recuperarse m\u00e1s tarde, lo que lo convierte en una opci\u00f3n c\u00f3moda para gestionar tu presupuesto. <\/p>\n<\/div>\n<\/div>\n<\/div><\/div>\n\n<div class=\"wp-block-group alignwide\"><div class=\"wp-block-group__inner-container is-layout-constrained wp-block-group-is-layout-constrained\">\n<div class=\"wp-block-columns alignwide is-layout-flex wp-container-core-columns-is-layout-9d6595d7 wp-block-columns-is-layout-flex\">\n<div class=\"wp-block-column is-layout-flow wp-block-column-is-layout-flow\" style=\"flex-basis:40%\">\n<figure class=\"wp-block-image size-full\"><img loading=\"lazy\" decoding=\"async\" width=\"990\" height=\"775\" src=\"https:\/\/www.iccu.com\/wp-content\/uploads\/2025\/03\/page-image-skip-a-pay.webp\" alt=\"Un hombre con camisa verde mirando su tel&#xE9;fono.\" class=\"wp-image-21085\" style=\"aspect-ratio:3\/2;object-fit:contain\" srcset=\"https:\/\/www.iccu.com\/wp-content\/uploads\/2025\/03\/page-image-skip-a-pay.webp 990w, https:\/\/www.iccu.com\/wp-content\/uploads\/2025\/03\/page-image-skip-a-pay-600x470.webp 600w, https:\/\/www.iccu.com\/wp-content\/uploads\/2025\/03\/page-image-skip-a-pay-768x601.webp 768w\" sizes=\"auto, (max-width: 990px) 100vw, 990px\" \/><\/figure>\n<\/div>\n\n\n\n<div class=\"wp-block-column is-vertically-aligned-center is-layout-flow wp-block-column-is-layout-flow\">\n<p><strong>Elegibilidad<\/strong><\/p>\n\n\n\n<ul class=\"wp-block-list\">\n<li>La mayor\u00eda de los pr\u00e9stamos a plazos pueden saltarse los pagos dos veces al a\u00f1o.<\/li>\n\n\n\n<li>Son elegibles los pr\u00e9stamos para veh\u00edculos recreativos con plazos de 94 meses o menos.<\/li>\n\n\n\n<li>Las tarjetas de cr\u00e9dito Visa con un vencimiento m\u00ednimo superior a $29.00 son elegibles.<\/li>\n\n\n\n<li>Las hipotecas, los PLOC, los HELOC y los pr\u00e9stamos comerciales no son elegibles.<\/li>\n<\/ul>\n<\/div>\n<\/div>\n\n\n\n<div style=\"height:15px\" aria-hidden=\"true\" class=\"wp-block-spacer\"><\/div>\n\n\n\n<div class=\"wp-block-columns alignwide is-layout-flex wp-container-core-columns-is-layout-9d6595d7 wp-block-columns-is-layout-flex\">\n<div class=\"wp-block-column is-layout-flow wp-block-column-is-layout-flow\" style=\"flex-basis:40%\">\n<figure class=\"wp-block-image size-full\"><img loading=\"lazy\" decoding=\"async\" width=\"990\" height=\"775\" src=\"https:\/\/www.iccu.com\/wp-content\/uploads\/2025\/01\/home-equity-image-3.webp\" alt=\"\" class=\"wp-image-20414\" style=\"aspect-ratio:3\/2;object-fit:contain\" srcset=\"https:\/\/www.iccu.com\/wp-content\/uploads\/2025\/01\/home-equity-image-3.webp 990w, https:\/\/www.iccu.com\/wp-content\/uploads\/2025\/01\/home-equity-image-3-600x470.webp 600w, https:\/\/www.iccu.com\/wp-content\/uploads\/2025\/01\/home-equity-image-3-768x601.webp 768w\" sizes=\"auto, (max-width: 990px) 100vw, 990px\" \/><\/figure>\n<\/div>\n\n\n\n<div class=\"wp-block-column is-vertically-aligned-center is-layout-flow wp-block-column-is-layout-flow\">\n<p><strong>Tramitaci\u00f3n y tasas<\/strong><\/p>\n\n\n\n<ul class=\"wp-block-list\">\n<li>Puedes saltarte el pago del mes en curso a trav\u00e9s de eBranch.<\/li>\n\n\n\n<li>El procesamiento manual requiere firmar una carta de Omisi\u00f3n de Pago.<\/li>\n\n\n\n<li>Puede ser necesario detener manualmente los pagos autom\u00e1ticos.<\/li>\n\n\n\n<li>Se aplica una tasa de $29.00, que puede cubrirse con un pago principal.<\/li>\n\n\n\n<li>Los intereses se seguir\u00e1n devengando durante el mes omitido.<\/li>\n<\/ul>\n<\/div>\n<\/div>\n\n\n\n<p><\/p>\n\n\n\n<p><\/p>\n<\/div><\/div>\n","protected":false},"excerpt":{"rendered":"<p>Omitir un pago en pr\u00e9stamos y tarjetas de cr\u00e9dito elegibles El servicio Skip-A-Pay de ICCU puede utilizarse dos veces al [&hellip;]<\/p>\n","protected":false},"author":5,"featured_media":21088,"parent":18454,"menu_order":0,"comment_status":"closed","ping_status":"closed","template":"product-detail-page.php","meta":{"_acf_changed":false,"_searchwp_excluded":"","footnotes":""},"class_list":["post-21091","page","type-page","status-publish","has-post-thumbnail","hentry"],"acf":[],"yoast_head":"<!-- This site is optimized with the Yoast SEO Premium plugin v27.3 (Yoast SEO v27.3) - https:\/\/yoast.com\/product\/yoast-seo-premium-wordpress\/ -->\n<title>Skip-A-Pay - ICCU<\/title>\n<meta name=\"robots\" content=\"index, follow, max-snippet:-1, max-image-preview:large, max-video-preview:-1\" \/>\n<link rel=\"canonical\" href=\"https:\/\/www.iccu.com\/es\/services\/skip-a-pay\/\" \/>\n<meta property=\"og:locale\" content=\"es_ES\" \/>\n<meta property=\"og:type\" content=\"article\" \/>\n<meta property=\"og:title\" content=\"Skip-A-Pay\" \/>\n<meta property=\"og:description\" content=\"Omitir un pago en pr\u00e9stamos y tarjetas de cr\u00e9dito elegibles El servicio Skip-A-Pay de ICCU puede utilizarse dos veces al [&hellip;]\" \/>\n<meta property=\"og:url\" content=\"https:\/\/www.iccu.com\/es\/services\/skip-a-pay\/\" \/>\n<meta property=\"og:site_name\" content=\"ICCU\" \/>\n<meta property=\"article:publisher\" content=\"https:\/\/www.facebook.com\/IdahoCentralCreditUnion\" \/>\n<meta property=\"article:modified_time\" content=\"2026-01-27T22:21:50+00:00\" \/>\n<meta property=\"og:image\" content=\"https:\/\/www.iccu.com\/wp-content\/uploads\/2025\/03\/service-image-skip-a-pay.webp\" \/>\n\t<meta property=\"og:image:width\" content=\"780\" \/>\n\t<meta property=\"og:image:height\" content=\"586\" \/>\n\t<meta property=\"og:image:type\" content=\"image\/webp\" \/>\n<meta name=\"twitter:card\" content=\"summary_large_image\" \/>\n<meta name=\"twitter:site\" content=\"@Idaho_Central\" \/>\n<meta name=\"twitter:label1\" content=\"Tiempo de lectura\" \/>\n\t<meta name=\"twitter:data1\" content=\"2 minutos\" \/>\n<script type=\"application\/ld+json\" class=\"yoast-schema-graph\">{\"@context\":\"https:\\\/\\\/schema.org\",\"@graph\":[{\"@type\":\"WebPage\",\"@id\":\"https:\\\/\\\/www.iccu.com\\\/es\\\/services\\\/skip-a-pay\\\/\",\"url\":\"https:\\\/\\\/www.iccu.com\\\/es\\\/services\\\/skip-a-pay\\\/\",\"name\":\"Skip-A-Pay - ICCU\",\"isPartOf\":{\"@id\":\"https:\\\/\\\/www.iccu.com\\\/es\\\/#website\"},\"primaryImageOfPage\":{\"@id\":\"https:\\\/\\\/www.iccu.com\\\/es\\\/services\\\/skip-a-pay\\\/#primaryimage\"},\"image\":{\"@id\":\"https:\\\/\\\/www.iccu.com\\\/es\\\/services\\\/skip-a-pay\\\/#primaryimage\"},\"thumbnailUrl\":\"https:\\\/\\\/www.iccu.com\\\/wp-content\\\/uploads\\\/2025\\\/03\\\/service-image-skip-a-pay.webp\",\"datePublished\":\"2025-03-13T20:20:26+00:00\",\"dateModified\":\"2026-01-27T22:21:50+00:00\",\"breadcrumb\":{\"@id\":\"https:\\\/\\\/www.iccu.com\\\/es\\\/services\\\/skip-a-pay\\\/#breadcrumb\"},\"inLanguage\":\"es\",\"potentialAction\":[{\"@type\":\"ReadAction\",\"target\":[\"https:\\\/\\\/www.iccu.com\\\/es\\\/services\\\/skip-a-pay\\\/\"]}]},{\"@type\":\"ImageObject\",\"inLanguage\":\"es\",\"@id\":\"https:\\\/\\\/www.iccu.com\\\/es\\\/services\\\/skip-a-pay\\\/#primaryimage\",\"url\":\"https:\\\/\\\/www.iccu.com\\\/wp-content\\\/uploads\\\/2025\\\/03\\\/service-image-skip-a-pay.webp\",\"contentUrl\":\"https:\\\/\\\/www.iccu.com\\\/wp-content\\\/uploads\\\/2025\\\/03\\\/service-image-skip-a-pay.webp\",\"width\":780,\"height\":586,\"caption\":\"With ICCU's Skip-A-Pay service you can skip a Payment on Eligible Loans and Credit Cards\"},{\"@type\":\"BreadcrumbList\",\"@id\":\"https:\\\/\\\/www.iccu.com\\\/es\\\/services\\\/skip-a-pay\\\/#breadcrumb\",\"itemListElement\":[{\"@type\":\"ListItem\",\"position\":1,\"name\":\"Home\",\"item\":\"https:\\\/\\\/www.iccu.com\\\/es\\\/\"},{\"@type\":\"ListItem\",\"position\":2,\"name\":\"Servicios\",\"item\":\"https:\\\/\\\/www.iccu.com\\\/es\\\/services\\\/\"},{\"@type\":\"ListItem\",\"position\":3,\"name\":\"Skip-A-Pay\"}]},{\"@type\":\"WebSite\",\"@id\":\"https:\\\/\\\/www.iccu.com\\\/es\\\/#website\",\"url\":\"https:\\\/\\\/www.iccu.com\\\/es\\\/\",\"name\":\"ICCU\",\"description\":\"Looking after your daily balance.\",\"publisher\":{\"@id\":\"https:\\\/\\\/www.iccu.com\\\/es\\\/#organization\"},\"alternateName\":\"ICCU\",\"potentialAction\":[{\"@type\":\"SearchAction\",\"target\":{\"@type\":\"EntryPoint\",\"urlTemplate\":\"https:\\\/\\\/www.iccu.com\\\/es\\\/?s={search_term_string}\"},\"query-input\":{\"@type\":\"PropertyValueSpecification\",\"valueRequired\":true,\"valueName\":\"search_term_string\"}}],\"inLanguage\":\"es\"},{\"@type\":\"Organization\",\"@id\":\"https:\\\/\\\/www.iccu.com\\\/es\\\/#organization\",\"name\":\"ICCU\",\"url\":\"https:\\\/\\\/www.iccu.com\\\/es\\\/\",\"logo\":{\"@type\":\"ImageObject\",\"inLanguage\":\"es\",\"@id\":\"https:\\\/\\\/www.iccu.com\\\/es\\\/#\\\/schema\\\/logo\\\/image\\\/\",\"url\":\"https:\\\/\\\/www.iccu.com\\\/wp-content\\\/uploads\\\/2025\\\/03\\\/ICCU-logo-2color_696x696.png\",\"contentUrl\":\"https:\\\/\\\/www.iccu.com\\\/wp-content\\\/uploads\\\/2025\\\/03\\\/ICCU-logo-2color_696x696.png\",\"width\":696,\"height\":696,\"caption\":\"ICCU\"},\"image\":{\"@id\":\"https:\\\/\\\/www.iccu.com\\\/es\\\/#\\\/schema\\\/logo\\\/image\\\/\"},\"sameAs\":[\"https:\\\/\\\/www.facebook.com\\\/IdahoCentralCreditUnion\",\"https:\\\/\\\/x.com\\\/Idaho_Central\",\"https:\\\/\\\/www.youtube.com\\\/idahocentralcu\",\"https:\\\/\\\/www.linkedin.com\\\/company\\\/idahocentralcreditunion\\\/\",\"https:\\\/\\\/www.instagram.com\\\/idahocentralcu\\\/\"],\"description\":\"ICCU is a state-chartered credit union in the western United States, headquartered in Chubbuck, Idaho. Whether you\u2019re banking in the branch or banking on the go, ICCU is looking after your daily balance. Get great rates on auto and home loans. Check out our Visa Rewards Cards. Discover more perks with Central Plus Checking. Bank your way with drive-thru, ATM, live video chat, mobile banking. Open Saturdays. We also offer investment, insurance, and business solutions. As a member of ICCU, you\u2019ll have a financial leader that\u2019s helping you achieve financial success. Routing Number: 324173626. NMLS ID: 433926.\",\"email\":\"memberservice@iccu.com\",\"telephone\":\"(800) 456-5067\",\"foundingDate\":\"1940-06-28\",\"taxID\":\"82-0217065\",\"duns\":\"108135278\",\"numberOfEmployees\":{\"@type\":\"QuantitativeValue\",\"minValue\":\"1001\",\"maxValue\":\"5000\"}}]}<\/script>\n<!-- \/ Yoast SEO Premium plugin. -->","yoast_head_json":{"title":"Skip-A-Pay - ICCU","robots":{"index":"index","follow":"follow","max-snippet":"max-snippet:-1","max-image-preview":"max-image-preview:large","max-video-preview":"max-video-preview:-1"},"canonical":"https:\/\/www.iccu.com\/es\/services\/skip-a-pay\/","og_locale":"es_ES","og_type":"article","og_title":"Skip-A-Pay","og_description":"Omitir un pago en pr\u00e9stamos y tarjetas de cr\u00e9dito elegibles El servicio Skip-A-Pay de ICCU puede utilizarse dos veces al [&hellip;]","og_url":"https:\/\/www.iccu.com\/es\/services\/skip-a-pay\/","og_site_name":"ICCU","article_publisher":"https:\/\/www.facebook.com\/IdahoCentralCreditUnion","article_modified_time":"2026-01-27T22:21:50+00:00","og_image":[{"width":780,"height":586,"url":"https:\/\/www.iccu.com\/wp-content\/uploads\/2025\/03\/service-image-skip-a-pay.webp","type":"image\/webp"}],"twitter_card":"summary_large_image","twitter_site":"@Idaho_Central","twitter_misc":{"Tiempo de lectura":"2 minutos"},"schema":{"@context":"https:\/\/schema.org","@graph":[{"@type":"WebPage","@id":"https:\/\/www.iccu.com\/es\/services\/skip-a-pay\/","url":"https:\/\/www.iccu.com\/es\/services\/skip-a-pay\/","name":"Skip-A-Pay - ICCU","isPartOf":{"@id":"https:\/\/www.iccu.com\/es\/#website"},"primaryImageOfPage":{"@id":"https:\/\/www.iccu.com\/es\/services\/skip-a-pay\/#primaryimage"},"image":{"@id":"https:\/\/www.iccu.com\/es\/services\/skip-a-pay\/#primaryimage"},"thumbnailUrl":"https:\/\/www.iccu.com\/wp-content\/uploads\/2025\/03\/service-image-skip-a-pay.webp","datePublished":"2025-03-13T20:20:26+00:00","dateModified":"2026-01-27T22:21:50+00:00","breadcrumb":{"@id":"https:\/\/www.iccu.com\/es\/services\/skip-a-pay\/#breadcrumb"},"inLanguage":"es","potentialAction":[{"@type":"ReadAction","target":["https:\/\/www.iccu.com\/es\/services\/skip-a-pay\/"]}]},{"@type":"ImageObject","inLanguage":"es","@id":"https:\/\/www.iccu.com\/es\/services\/skip-a-pay\/#primaryimage","url":"https:\/\/www.iccu.com\/wp-content\/uploads\/2025\/03\/service-image-skip-a-pay.webp","contentUrl":"https:\/\/www.iccu.com\/wp-content\/uploads\/2025\/03\/service-image-skip-a-pay.webp","width":780,"height":586,"caption":"With ICCU's Skip-A-Pay service you can skip a Payment on Eligible Loans and Credit Cards"},{"@type":"BreadcrumbList","@id":"https:\/\/www.iccu.com\/es\/services\/skip-a-pay\/#breadcrumb","itemListElement":[{"@type":"ListItem","position":1,"name":"Home","item":"https:\/\/www.iccu.com\/es\/"},{"@type":"ListItem","position":2,"name":"Servicios","item":"https:\/\/www.iccu.com\/es\/services\/"},{"@type":"ListItem","position":3,"name":"Skip-A-Pay"}]},{"@type":"WebSite","@id":"https:\/\/www.iccu.com\/es\/#website","url":"https:\/\/www.iccu.com\/es\/","name":"ICCU","description":"Looking after your daily balance.","publisher":{"@id":"https:\/\/www.iccu.com\/es\/#organization"},"alternateName":"ICCU","potentialAction":[{"@type":"SearchAction","target":{"@type":"EntryPoint","urlTemplate":"https:\/\/www.iccu.com\/es\/?s={search_term_string}"},"query-input":{"@type":"PropertyValueSpecification","valueRequired":true,"valueName":"search_term_string"}}],"inLanguage":"es"},{"@type":"Organization","@id":"https:\/\/www.iccu.com\/es\/#organization","name":"ICCU","url":"https:\/\/www.iccu.com\/es\/","logo":{"@type":"ImageObject","inLanguage":"es","@id":"https:\/\/www.iccu.com\/es\/#\/schema\/logo\/image\/","url":"https:\/\/www.iccu.com\/wp-content\/uploads\/2025\/03\/ICCU-logo-2color_696x696.png","contentUrl":"https:\/\/www.iccu.com\/wp-content\/uploads\/2025\/03\/ICCU-logo-2color_696x696.png","width":696,"height":696,"caption":"ICCU"},"image":{"@id":"https:\/\/www.iccu.com\/es\/#\/schema\/logo\/image\/"},"sameAs":["https:\/\/www.facebook.com\/IdahoCentralCreditUnion","https:\/\/x.com\/Idaho_Central","https:\/\/www.youtube.com\/idahocentralcu","https:\/\/www.linkedin.com\/company\/idahocentralcreditunion\/","https:\/\/www.instagram.com\/idahocentralcu\/"],"description":"ICCU is a state-chartered credit union in the western United States, headquartered in Chubbuck, Idaho. Whether you\u2019re banking in the branch or banking on the go, ICCU is looking after your daily balance. Get great rates on auto and home loans. Check out our Visa Rewards Cards. Discover more perks with Central Plus Checking. Bank your way with drive-thru, ATM, live video chat, mobile banking. Open Saturdays. We also offer investment, insurance, and business solutions. As a member of ICCU, you\u2019ll have a financial leader that\u2019s helping you achieve financial success. Routing Number: 324173626. NMLS ID: 433926.","email":"memberservice@iccu.com","telephone":"(800) 456-5067","foundingDate":"1940-06-28","taxID":"82-0217065","duns":"108135278","numberOfEmployees":{"@type":"QuantitativeValue","minValue":"1001","maxValue":"5000"}}]}},"_links":{"self":[{"href":"https:\/\/www.iccu.com\/es\/wp-json\/wp\/v2\/pages\/21091","targetHints":{"allow":["GET"]}}],"collection":[{"href":"https:\/\/www.iccu.com\/es\/wp-json\/wp\/v2\/pages"}],"about":[{"href":"https:\/\/www.iccu.com\/es\/wp-json\/wp\/v2\/types\/page"}],"author":[{"embeddable":true,"href":"https:\/\/www.iccu.com\/es\/wp-json\/wp\/v2\/users\/5"}],"replies":[{"embeddable":true,"href":"https:\/\/www.iccu.com\/es\/wp-json\/wp\/v2\/comments?post=21091"}],"version-history":[{"count":2,"href":"https:\/\/www.iccu.com\/es\/wp-json\/wp\/v2\/pages\/21091\/revisions"}],"predecessor-version":[{"id":32618,"href":"https:\/\/www.iccu.com\/es\/wp-json\/wp\/v2\/pages\/21091\/revisions\/32618"}],"up":[{"embeddable":true,"href":"https:\/\/www.iccu.com\/es\/wp-json\/wp\/v2\/pages\/18454"}],"wp:featuredmedia":[{"embeddable":true,"href":"https:\/\/www.iccu.com\/es\/wp-json\/wp\/v2\/media\/21088"}],"wp:attachment":[{"href":"https:\/\/www.iccu.com\/es\/wp-json\/wp\/v2\/media?parent=21091"}],"curies":[{"name":"wp","href":"https:\/\/api.w.org\/{rel}","templated":true}]}}