{"id":32975,"date":"2025-11-03T16:42:19","date_gmt":"2025-11-03T23:42:19","guid":{"rendered":"https:\/\/www.iccu.com\/?page_id=32975"},"modified":"2026-04-01T16:03:58","modified_gmt":"2026-04-01T22:03:58","slug":"tri-cities-branch-celebration","status":"publish","type":"page","link":"https:\/\/www.iccu.com\/es\/info\/tri-cities-branch-celebration\/","title":{"rendered":"Abierto en Richland"},"content":{"rendered":"<div id=\"navbar\" class=\"m-navbar \">\n    <ul>\n                    <li>\n                <a href=\"#jet-ski\">Gana un par de Kawasaki Jet Ski\u00ae<\/a>\n            <\/li>\n                    <li>\n                <a href=\"#promo\">$150 a los nuevos miembros<\/a>\n            <\/li>\n                    <li>\n                <a href=\"#business-offer\">Ofertas de negocio<\/a>\n            <\/li>\n                    <li>\n                <a href=\"#tri-cities\">Tri-Cities<\/a>\n            <\/li>\n            <\/ul>\n<\/div>\n<div id=\"navbar-spacer\"><\/div>\n\n<div class=\"wp-block-group alignfull\" id=\"jet-ski\"><div class=\"wp-block-group__inner-container is-layout-constrained wp-block-group-is-layout-constrained\">\n<div class=\"wp-block-columns alignwide is-layout-flex wp-container-core-columns-is-layout-9d6595d7 wp-block-columns-is-layout-flex\">\n<div class=\"wp-block-column is-layout-flow wp-block-column-is-layout-flow\">\n<figure class=\"wp-block-image size-full is-resized\"><img loading=\"lazy\" decoding=\"async\" width=\"990\" height=\"775\" src=\"https:\/\/www.iccu.com\/wp-content\/uploads\/2026\/02\/tri-cities-jet-ski-stripes.webp\" alt=\"\" class=\"wp-image-34259\" style=\"object-fit:cover;width:410px;height:313px\" srcset=\"https:\/\/www.iccu.com\/wp-content\/uploads\/2026\/02\/tri-cities-jet-ski-stripes.webp 990w, https:\/\/www.iccu.com\/wp-content\/uploads\/2026\/02\/tri-cities-jet-ski-stripes-600x470.webp 600w, https:\/\/www.iccu.com\/wp-content\/uploads\/2026\/02\/tri-cities-jet-ski-stripes-768x601.webp 768w\" sizes=\"auto, (max-width: 990px) 100vw, 990px\" \/><\/figure>\n<\/div>\n\n\n\n<div class=\"wp-block-column is-vertically-aligned-center is-layout-flow wp-block-column-is-layout-flow\">\n<h2 class=\"wp-block-heading has-green-color has-text-color\" id=\"h-enter-to-win-a-nbsp-kawasaki-jet-ski-package-1\">Participa para ganar un <strong>paquete de moto acu\u00e1tica <\/strong>Kawasaki\u00ae<sup>1<\/sup><\/h2>\n\n\n\n<p class=\"has-lg-font-size\">ICCU se complace en celebrar la gran inauguraci\u00f3n de nuestra nueva <strong>sucursal de Richland en Tri-Cities<\/strong>, situada en 3180 Duportail St, Richland, WA 99352. Para celebrar esta ocasi\u00f3n especial, te damos la oportunidad de ganar un <strong>paquete de moto acu\u00e1tica Kawasaki\u00ae \u00a1con remolque<\/strong>! <\/p>\n\n\n\n<p class=\"has-lg-font-size\"><strong><a href=\"https:\/\/www.iccu.com\/locations\/richland-branch\/\">\u00a1Participa para ganar en la sucursal de Richland!<\/a><\/strong><\/p>\n<\/div>\n<\/div>\n<\/div><\/div>\n\n<div class=\"wp-block-group alignfull has-white-background-color has-background\" id=\"business-offer\"><div class=\"wp-block-group__inner-container is-layout-flow wp-block-group-is-layout-flow\">\n<div class=\"wp-block-columns alignwide is-layout-flex wp-container-core-columns-is-layout-9d6595d7 wp-block-columns-is-layout-flex\">\n<div class=\"wp-block-column is-layout-flow wp-block-column-is-layout-flow\">\n<h2 class=\"wp-block-heading has-text-align-center has-black-color has-text-color\" id=\"h-offers-for-new-business-accounts\">Ofertas para nuevas cuentas de negocio<\/h2>\n\n\n\n<p class=\"has-text-align-center\">Abre una nueva Cuenta de Cheques para negocios y recibe las siguientes ofertas.<sup>2<\/sup><\/p>\n<\/div>\n<\/div>\n\n\n\n<div class=\"wp-block-columns alignwide is-layout-flex wp-container-core-columns-is-layout-9d6595d7 wp-block-columns-is-layout-flex\">\n<div class=\"wp-block-column is-layout-flow wp-block-column-is-layout-flow\">\n<div class=\"wp-block-columns is-layout-flex wp-container-core-columns-is-layout-9d6595d7 wp-block-columns-is-layout-flex\">\n<div class=\"wp-block-column is-layout-flow wp-block-column-is-layout-flow\">\n<div class=\"wp-block-columns is-layout-flex wp-container-core-columns-is-layout-9d6595d7 wp-block-columns-is-layout-flex\">\n<div class=\"wp-block-column is-layout-flow wp-block-column-is-layout-flow\">\n<p style=\"text-align:center; font-size: 3em;\"><i style=\"color: #1C8900;\" class=\"fa-regular fa-mobile-screen\"><\/i><\/p>\n\n\n\n<h4 class=\"wp-block-heading has-text-align-left is-style-default has-black-color has-text-color\" id=\"h-six-months-nbsp-free-nbsp-direct-deposit-service-or-remote-deposit-capture\">Seis meses GRATIS de servicio de Dep\u00f3sito Directo o Captura Remota de Dep\u00f3sitos.<\/h4>\n\n\n\n<p class=\"has-text-align-left has-xs-font-size\"><em><em><em><em><em><em>Primeros 6 meses gratis de Pago Preferente (servicio de Dep\u00f3sito Directo) o servicio de Captura Remota de Dep\u00f3sitos. Se requiere afiliaci\u00f3n. Los negocios s\u00f3lo pueden elegir uno de estos dos servicios. L\u00edmite de uno por negocio. No se incluye el esc\u00e1ner de Captura Remota de Dep\u00f3sitos. Servicio sujeto a cargo por servicio despu\u00e9s de 6 meses. La oferta caduca el 31\/03\/2026<em>.<\/em>      <\/em><\/em><\/em><\/em><\/em><\/em><\/p>\n<\/div>\n\n\n\n<div class=\"wp-block-column is-layout-flow wp-block-column-is-layout-flow\">\n<p style=\"text-align:center; font-size: 3em;\"><i style=\"color: #1C8900;\" class=\"fa-regular fa-credit-card\"><\/i><\/p>\n\n\n\n<h4 class=\"wp-block-heading has-text-align-left is-style-default has-black-color has-text-color\" id=\"h-six-months-0-intro-apr-business-rewards-credit-card-after-that-a-variable-apr-of-12-74-24-00-applies\">Tarjeta de cr\u00e9dito Business Rewards con una TAE inicial del 0% durante seis meses. Despu\u00e9s se aplica una TAE variable del 12.74% &#8211; 24.00%. <\/h4>\n\n\n\n<p class=\"has-text-align-left has-xs-font-size\"><em>La TAE inicial del 0% en nuevas compras s\u00f3lo es v\u00e1lida durante los 6 primeros meses inmediatamente posteriores a la apertura de tu tarjeta <em>ICCU <\/em>Business Premier Rewards Visa\u00ae o de una nueva tarjeta de cr\u00e9dito Business Rewards Visa\u00ae.<em>Despu\u00e9s se aplicar\u00e1 una TAE variable del 12.24% &#8211; 24.00%. En <\/em>La tarjeta de cr\u00e9dito Business Premier Rewards Visa\u00ae tiene una cuota anual inicial de $0 el primer a\u00f1o y de $95 a partir de entonces. <em>Se requiere afiliaci\u00f3n. L\u00edmite de una por negocio. La oferta no es v\u00e1lida para los socios que actualmente sean titulares de una Tarjeta de Cr\u00e9dito ICCU Business Premier Rewards Visa\u00ae o de una nueva Tarjeta de Cr\u00e9dito Business Rewards Visa\u00ae. Tasas actualizadas a fecha 22\/12\/25. Tasas sujetas a cambios sin previo aviso. Con cr\u00e9dito aprobado.      La oferta caduca <\/em>03\/31\/2026<em>. Esta tarjeta es emitida por ICCU en virtud de una licencia de Visa USA Inc.<\/em><\/em><\/p>\n<\/div>\n\n\n<\/div>\n<\/div>\n<\/div>\n\n\n\n<div style=\"height:25px\" aria-hidden=\"true\" class=\"wp-block-spacer\"><\/div>\n\n\n\n<p class=\"has-text-align-center has-black-color has-text-color\">Llama a <a href=\"tel:2088467000\"><strong>1-208-846-7000<\/strong><\/a>, pulsa 2<br\/>o visita <a href=\"https:\/\/www.iccu.com\/locations\/richland-branch\/\">3180 Duportail St, Richland, WA 99352<\/a><\/p>\n<\/div>\n<\/div>\n<\/div><\/div>\n\n<div class=\"wp-block-group alignfull has-green-background-color has-background\" id=\"tri-cities\"><div class=\"wp-block-group__inner-container is-layout-flow wp-block-group-is-layout-flow\">\n<div class=\"wp-block-columns alignwide is-layout-flex wp-container-core-columns-is-layout-9d6595d7 wp-block-columns-is-layout-flex\">\n<div class=\"wp-block-column is-layout-flow wp-block-column-is-layout-flow\">\n<div style=\"height:15px\" aria-hidden=\"true\" class=\"wp-block-spacer\"><\/div>\n\n\n\n<h2 class=\"wp-block-heading has-text-align-center has-white-color has-text-color has-link-color wp-elements-89516d2f2201e8cf40a928bf2fba7ad2\" id=\"h-tri-cities-branches\">Sucursales de Tri-Cities<\/h2>\n\n\n\n<p class=\"has-text-align-center has-white-color has-text-color has-link-color wp-elements-d6ba95c5e44898b712e8464a6c8eb7db\"><strong>\u00a1Estamos creciendo en tu comunidad!<\/strong><\/p>\n\n\n\n<div class=\"wp-block-columns is-layout-flex wp-container-core-columns-is-layout-9d6595d7 wp-block-columns-is-layout-flex\">\n<div class=\"wp-block-column has-light-green-background-color has-background is-layout-flow wp-block-column-is-layout-flow\" id=\"visit\">\n<div style=\"height:10px\" aria-hidden=\"true\" class=\"wp-block-spacer\"><\/div>\n\n\n\n<h3 class=\"wp-block-heading has-text-align-center has-green-color has-text-color has-link-color wp-elements-c557b19df8949964917700a099540938\" id=\"h-kennewick\">Kennewick<\/h3>\n\n\n\n<figure class=\"wp-block-image size-full\"><img loading=\"lazy\" decoding=\"async\" width=\"512\" height=\"341\" src=\"https:\/\/www.iccu.com\/wp-content\/uploads\/2025\/10\/kennewick_branch_location-1.webp\" alt=\"Nueva sucursal de ICCU en Kennewick, Washington\" class=\"wp-image-32971\"\/><\/figure>\n\n\n\n<p class=\"has-text-align-center has-md-font-size\">El encanto <strong>de Kennewick <\/strong>se extiende desde el r\u00edo Columbia hasta los vi\u00f1edos de Red Mountain, donde crecen las familias y prosperan los negocios. La sucursal de ICCU en South Zintel Way est\u00e1 justo en el coraz\u00f3n de todo ello. Estamos orgullosos de servir a las Tri-Cities con servicios bancarios completos que se adaptan a tu estilo de vida.  <\/p>\n\n\n\n<p class=\"has-text-align-center has-md-font-size\">\u00a1P\u00e1sate a vernos!<strong><br\/><\/strong><a href=\"https:\/\/www.iccu.com\/locations\/kennewick-branch\/\">3720 S Zintel Way, Kennewick, WA 99337<\/a><\/p>\n\n\n\n<div style=\"height:10px\" aria-hidden=\"true\" class=\"wp-block-spacer\"><\/div>\n<\/div>\n\n\n\n<div class=\"wp-block-column has-light-green-background-color has-background is-layout-flow wp-block-column-is-layout-flow\" id=\"visit\">\n<div style=\"height:10px\" aria-hidden=\"true\" class=\"wp-block-spacer\"><\/div>\n\n\n\n<h3 class=\"wp-block-heading has-text-align-center has-green-color has-text-color has-link-color wp-elements-f409cbe52d20d6571a90ee4ce2250129\" id=\"h-richland\">Richland<\/h3>\n\n\n\n<figure class=\"wp-block-image size-full\"><img loading=\"lazy\" decoding=\"async\" width=\"512\" height=\"341\" src=\"https:\/\/www.iccu.com\/wp-content\/uploads\/2026\/02\/26006-location-image-richland.webp\" alt=\"Sucursal de Richland de ICCU en Washington\" class=\"wp-image-34316\"\/><\/figure>\n\n\n\n<p class=\"has-text-align-left has-md-font-size\"><strong>Richland<\/strong> es una comunidad acogedora a lo largo del r\u00edo Columbia, con lugares hermosos como el parque Howard Amon y senderos en Badger Mountain. ICCU se complace en formar parte de ella con nuestra nueva sucursal en Duportail St, que ofrece servicios bancarios para tus necesidades cotidianas. <\/p>\n\n\n\n<p class=\"has-text-align-center has-md-font-size\">\u00a1P\u00e1sate a vernos!<strong><br\/><\/strong><a href=\"https:\/\/www.iccu.com\/locations\/richland-branch\/\">3180 Duportail St, Richland, WA 99352<\/a><\/p>\n<\/div>\n\n\n\n<div class=\"wp-block-column has-light-green-background-color has-background is-layout-flow wp-block-column-is-layout-flow\" id=\"visit\">\n<div style=\"height:10px\" aria-hidden=\"true\" class=\"wp-block-spacer\"><\/div>\n\n\n\n<h3 class=\"wp-block-heading has-text-align-center has-green-color has-text-color has-link-color wp-elements-fea39f5b1b52ac9d54934c560ee337a5\" id=\"h-pasco\">Pasco<\/h3>\n\n\n\n<figure class=\"wp-block-image size-full\"><img loading=\"lazy\" decoding=\"async\" width=\"512\" height=\"341\" src=\"https:\/\/www.iccu.com\/wp-content\/uploads\/2025\/10\/coming_soon_text.webp\" alt=\"marcador de posici&#xF3;n de imagen de texto &quot;pr&#xF3;ximamente\" class=\"wp-image-32965\"\/><\/figure>\n\n\n\n<p class=\"has-text-align-center has-md-font-size\"><strong>Pasco ser\u00e1 el siguiente<\/strong>, con una fecha de apertura pr\u00f3xima. Permanece atento y prep\u00e1rate para vivir una experiencia bancaria que se adapte a tu estilo de vida. <\/p>\n<\/div>\n<\/div>\n<\/div>\n<\/div>\n\n\n\n<style>#visit {\n   padding: 20px;\n   border-radius: 10px;\n}\n\n#tri-cities {\n    background-color: #43B02A !important;\n    background-image: url('\/wp-content\/uploads\/2025\/08\/25073-hero-background.webp')!important;\n    background-repeat: no-repeat!important;\n    background-position: center center!important;\n    background-size: cover!important;\n}\n\n.entry-content ol li, .entry-content ul li {\n    margin-bottom: 10px!important;\n}\n<\/style>\n<\/div><\/div>\n\n<div class=\"wp-block-group alignfull has-light-gray-background-color has-background\"><div class=\"wp-block-group__inner-container is-layout-constrained wp-block-group-is-layout-constrained\">\n<div class=\"wp-block-columns alignwide is-layout-flex wp-container-core-columns-is-layout-9d6595d7 wp-block-columns-is-layout-flex\">\n<div class=\"wp-block-column is-layout-flow wp-block-column-is-layout-flow\">\n<p class=\"has-xs-font-size\"><sup>1<\/sup><em><em>Entra en cualquier sucursal de ICCU Tri-Cities hasta el 31\/8\/2026. El premio real puede variar. <a href=\"https:\/\/www.iccu.com\/locations\/richland-branch\/\">Ver sucursal<\/a> o <\/em><a href=\"https:\/\/www.iccu.com\/wp-content\/uploads\/2025\/08\/Tri-Cities-Sweepstakes-Contest-Rules.pdf\" target=\"_blank\" rel=\"noreferrer noopener\"><em>haz clic aqu\u00ed<\/em><\/a><em> para las normas oficiales. No es necesaria ninguna compra ni afiliaci\u00f3n. Premio apto para la declaraci\u00f3n 1099. <\/em><\/em><\/p>\n\n\n\n\n\n<p class=\"has-xs-font-size\"><sup>2<\/sup><em><em>Para poder optar a esta promoci\u00f3n, debes ser un nuevo miembro empresarial de ICCU y abrir una cuenta de cheques para negocios con eBranch, eStatements y una tarjeta de d\u00e9bito. La afiliaci\u00f3n empresarial requiere una cuota \u00fanica de afiliaci\u00f3n de $5 y un dep\u00f3sito m\u00ednimo de apertura de $25 en Cuentas de Ahorros Share para negocios. Se requiere un dep\u00f3sito m\u00ednimo de apertura de cuenta de $100 para una nueva cuenta de cheques para negocios. Las ofertas caducan el 31\/03\/2026<em>. <\/em>    <\/em><strong>Asegurado por la NCUA.<\/strong><\/em><\/p>\n<\/div>\n<\/div>\n<\/div><\/div>\n\n<style>.entry-content .wp-block-group p, .entry-content>p {\n    padding: 0;\n}\n\n.entry-content {\n   margin-top: 0;\n}\n\n.o-hero {\n   background-image: url(\"\/wp-content\/uploads\/2026\/02\/tri-cities-stripe-background.webp\")!important;\n   background-repeat: no-repeat!important;\n   background-position: center center!important;\n   background-size: cover!important;\n}\n\n.o-hero__heading, .o-hero__description p{\n  color: #fff !important;\n}\n\n@media only screen and (max-width: 782px) {\n    .o-hero {\n        padding-top: 40px !important;\n    }\n}\n\n<\/style>\n\n<p><\/p>\n","protected":false},"excerpt":{"rendered":"<p>Participa para ganar un paquete de moto acu\u00e1tica Kawasaki\u00ae1 ICCU se complace en celebrar la gran inauguraci\u00f3n de nuestra nueva [&hellip;]<\/p>\n","protected":false},"author":5,"featured_media":34324,"parent":19867,"menu_order":0,"comment_status":"closed","ping_status":"closed","template":"product-family-page.php","meta":{"_acf_changed":false,"_searchwp_excluded":"1","footnotes":""},"class_list":["post-32975","page","type-page","status-publish","has-post-thumbnail","hentry"],"acf":[],"yoast_head":"<!-- This site is optimized with the Yoast SEO Premium plugin v27.3 (Yoast SEO v27.3) - https:\/\/yoast.com\/product\/yoast-seo-premium-wordpress\/ -->\n<title>Abierto en Richland - ICCU<\/title>\n<meta name=\"robots\" content=\"noindex, nofollow\" \/>\n<meta property=\"og:locale\" content=\"es_ES\" \/>\n<meta property=\"og:type\" content=\"article\" \/>\n<meta property=\"og:title\" content=\"Abierto en Richland\" \/>\n<meta property=\"og:description\" content=\"Participa para ganar un paquete de moto acu\u00e1tica Kawasaki\u00ae1 ICCU se complace en celebrar la gran inauguraci\u00f3n de nuestra nueva [&hellip;]\" \/>\n<meta property=\"og:url\" content=\"https:\/\/www.iccu.com\/es\/info\/tri-cities-branch-celebration\/\" \/>\n<meta property=\"og:site_name\" content=\"ICCU\" \/>\n<meta property=\"article:publisher\" content=\"https:\/\/www.facebook.com\/IdahoCentralCreditUnion\" \/>\n<meta property=\"article:modified_time\" content=\"2026-04-01T22:03:58+00:00\" \/>\n<meta property=\"og:image\" content=\"https:\/\/www.iccu.com\/wp-content\/uploads\/2026\/02\/26006-hero-image-richland-celebration.webp\" \/>\n\t<meta property=\"og:image:width\" content=\"990\" \/>\n\t<meta property=\"og:image:height\" content=\"775\" \/>\n\t<meta property=\"og:image:type\" content=\"image\/webp\" \/>\n<meta name=\"twitter:card\" content=\"summary_large_image\" \/>\n<meta name=\"twitter:site\" content=\"@Idaho_Central\" \/>\n<meta name=\"twitter:label1\" content=\"Tiempo de lectura\" \/>\n\t<meta name=\"twitter:data1\" content=\"8 minutos\" \/>\n<script type=\"application\/ld+json\" class=\"yoast-schema-graph\">{\"@context\":\"https:\\\/\\\/schema.org\",\"@graph\":[{\"@type\":\"WebPage\",\"@id\":\"https:\\\/\\\/www.iccu.com\\\/es\\\/info\\\/tri-cities-branch-celebration\\\/\",\"url\":\"https:\\\/\\\/www.iccu.com\\\/es\\\/info\\\/tri-cities-branch-celebration\\\/\",\"name\":\"Abierto en Richland - ICCU\",\"isPartOf\":{\"@id\":\"https:\\\/\\\/www.iccu.com\\\/es\\\/#website\"},\"primaryImageOfPage\":{\"@id\":\"https:\\\/\\\/www.iccu.com\\\/es\\\/info\\\/tri-cities-branch-celebration\\\/#primaryimage\"},\"image\":{\"@id\":\"https:\\\/\\\/www.iccu.com\\\/es\\\/info\\\/tri-cities-branch-celebration\\\/#primaryimage\"},\"thumbnailUrl\":\"https:\\\/\\\/www.iccu.com\\\/wp-content\\\/uploads\\\/2026\\\/02\\\/26006-hero-image-richland-celebration.webp\",\"datePublished\":\"2025-11-03T23:42:19+00:00\",\"dateModified\":\"2026-04-01T22:03:58+00:00\",\"breadcrumb\":{\"@id\":\"https:\\\/\\\/www.iccu.com\\\/es\\\/info\\\/tri-cities-branch-celebration\\\/#breadcrumb\"},\"inLanguage\":\"es\",\"potentialAction\":[{\"@type\":\"ReadAction\",\"target\":[\"https:\\\/\\\/www.iccu.com\\\/es\\\/info\\\/tri-cities-branch-celebration\\\/\"]}]},{\"@type\":\"ImageObject\",\"inLanguage\":\"es\",\"@id\":\"https:\\\/\\\/www.iccu.com\\\/es\\\/info\\\/tri-cities-branch-celebration\\\/#primaryimage\",\"url\":\"https:\\\/\\\/www.iccu.com\\\/wp-content\\\/uploads\\\/2026\\\/02\\\/26006-hero-image-richland-celebration.webp\",\"contentUrl\":\"https:\\\/\\\/www.iccu.com\\\/wp-content\\\/uploads\\\/2026\\\/02\\\/26006-hero-image-richland-celebration.webp\",\"width\":990,\"height\":775,\"caption\":\"ICCU's new Richland Branch in Washington\"},{\"@type\":\"BreadcrumbList\",\"@id\":\"https:\\\/\\\/www.iccu.com\\\/es\\\/info\\\/tri-cities-branch-celebration\\\/#breadcrumb\",\"itemListElement\":[{\"@type\":\"ListItem\",\"position\":1,\"name\":\"Home\",\"item\":\"https:\\\/\\\/www.iccu.com\\\/es\\\/\"},{\"@type\":\"ListItem\",\"position\":2,\"name\":\"Informaci\u00f3n\",\"item\":\"https:\\\/\\\/www.iccu.com\\\/es\\\/info\\\/\"},{\"@type\":\"ListItem\",\"position\":3,\"name\":\"Abierto en Richland\"}]},{\"@type\":\"WebSite\",\"@id\":\"https:\\\/\\\/www.iccu.com\\\/es\\\/#website\",\"url\":\"https:\\\/\\\/www.iccu.com\\\/es\\\/\",\"name\":\"ICCU\",\"description\":\"Looking after your daily balance.\",\"publisher\":{\"@id\":\"https:\\\/\\\/www.iccu.com\\\/es\\\/#organization\"},\"alternateName\":\"ICCU\",\"potentialAction\":[{\"@type\":\"SearchAction\",\"target\":{\"@type\":\"EntryPoint\",\"urlTemplate\":\"https:\\\/\\\/www.iccu.com\\\/es\\\/?s={search_term_string}\"},\"query-input\":{\"@type\":\"PropertyValueSpecification\",\"valueRequired\":true,\"valueName\":\"search_term_string\"}}],\"inLanguage\":\"es\"},{\"@type\":\"Organization\",\"@id\":\"https:\\\/\\\/www.iccu.com\\\/es\\\/#organization\",\"name\":\"ICCU\",\"url\":\"https:\\\/\\\/www.iccu.com\\\/es\\\/\",\"logo\":{\"@type\":\"ImageObject\",\"inLanguage\":\"es\",\"@id\":\"https:\\\/\\\/www.iccu.com\\\/es\\\/#\\\/schema\\\/logo\\\/image\\\/\",\"url\":\"https:\\\/\\\/www.iccu.com\\\/wp-content\\\/uploads\\\/2025\\\/03\\\/ICCU-logo-2color_696x696.png\",\"contentUrl\":\"https:\\\/\\\/www.iccu.com\\\/wp-content\\\/uploads\\\/2025\\\/03\\\/ICCU-logo-2color_696x696.png\",\"width\":696,\"height\":696,\"caption\":\"ICCU\"},\"image\":{\"@id\":\"https:\\\/\\\/www.iccu.com\\\/es\\\/#\\\/schema\\\/logo\\\/image\\\/\"},\"sameAs\":[\"https:\\\/\\\/www.facebook.com\\\/IdahoCentralCreditUnion\",\"https:\\\/\\\/x.com\\\/Idaho_Central\",\"https:\\\/\\\/www.youtube.com\\\/idahocentralcu\",\"https:\\\/\\\/www.linkedin.com\\\/company\\\/idahocentralcreditunion\\\/\",\"https:\\\/\\\/www.instagram.com\\\/idahocentralcu\\\/\"],\"description\":\"ICCU is a state-chartered credit union in the western United States, headquartered in Chubbuck, Idaho. Whether you\u2019re banking in the branch or banking on the go, ICCU is looking after your daily balance. Get great rates on auto and home loans. Check out our Visa Rewards Cards. Discover more perks with Central Plus Checking. Bank your way with drive-thru, ATM, live video chat, mobile banking. Open Saturdays. We also offer investment, insurance, and business solutions. As a member of ICCU, you\u2019ll have a financial leader that\u2019s helping you achieve financial success. Routing Number: 324173626. NMLS ID: 433926.\",\"email\":\"memberservice@iccu.com\",\"telephone\":\"(800) 456-5067\",\"foundingDate\":\"1940-06-28\",\"taxID\":\"82-0217065\",\"duns\":\"108135278\",\"numberOfEmployees\":{\"@type\":\"QuantitativeValue\",\"minValue\":\"1001\",\"maxValue\":\"5000\"}}]}<\/script>\n<!-- \/ Yoast SEO Premium plugin. -->","yoast_head_json":{"title":"Abierto en Richland - ICCU","robots":{"index":"noindex","follow":"nofollow"},"og_locale":"es_ES","og_type":"article","og_title":"Abierto en Richland","og_description":"Participa para ganar un paquete de moto acu\u00e1tica Kawasaki\u00ae1 ICCU se complace en celebrar la gran inauguraci\u00f3n de nuestra nueva [&hellip;]","og_url":"https:\/\/www.iccu.com\/es\/info\/tri-cities-branch-celebration\/","og_site_name":"ICCU","article_publisher":"https:\/\/www.facebook.com\/IdahoCentralCreditUnion","article_modified_time":"2026-04-01T22:03:58+00:00","og_image":[{"width":990,"height":775,"url":"https:\/\/www.iccu.com\/wp-content\/uploads\/2026\/02\/26006-hero-image-richland-celebration.webp","type":"image\/webp"}],"twitter_card":"summary_large_image","twitter_site":"@Idaho_Central","twitter_misc":{"Tiempo de lectura":"8 minutos"},"schema":{"@context":"https:\/\/schema.org","@graph":[{"@type":"WebPage","@id":"https:\/\/www.iccu.com\/es\/info\/tri-cities-branch-celebration\/","url":"https:\/\/www.iccu.com\/es\/info\/tri-cities-branch-celebration\/","name":"Abierto en Richland - ICCU","isPartOf":{"@id":"https:\/\/www.iccu.com\/es\/#website"},"primaryImageOfPage":{"@id":"https:\/\/www.iccu.com\/es\/info\/tri-cities-branch-celebration\/#primaryimage"},"image":{"@id":"https:\/\/www.iccu.com\/es\/info\/tri-cities-branch-celebration\/#primaryimage"},"thumbnailUrl":"https:\/\/www.iccu.com\/wp-content\/uploads\/2026\/02\/26006-hero-image-richland-celebration.webp","datePublished":"2025-11-03T23:42:19+00:00","dateModified":"2026-04-01T22:03:58+00:00","breadcrumb":{"@id":"https:\/\/www.iccu.com\/es\/info\/tri-cities-branch-celebration\/#breadcrumb"},"inLanguage":"es","potentialAction":[{"@type":"ReadAction","target":["https:\/\/www.iccu.com\/es\/info\/tri-cities-branch-celebration\/"]}]},{"@type":"ImageObject","inLanguage":"es","@id":"https:\/\/www.iccu.com\/es\/info\/tri-cities-branch-celebration\/#primaryimage","url":"https:\/\/www.iccu.com\/wp-content\/uploads\/2026\/02\/26006-hero-image-richland-celebration.webp","contentUrl":"https:\/\/www.iccu.com\/wp-content\/uploads\/2026\/02\/26006-hero-image-richland-celebration.webp","width":990,"height":775,"caption":"ICCU's new Richland Branch in Washington"},{"@type":"BreadcrumbList","@id":"https:\/\/www.iccu.com\/es\/info\/tri-cities-branch-celebration\/#breadcrumb","itemListElement":[{"@type":"ListItem","position":1,"name":"Home","item":"https:\/\/www.iccu.com\/es\/"},{"@type":"ListItem","position":2,"name":"Informaci\u00f3n","item":"https:\/\/www.iccu.com\/es\/info\/"},{"@type":"ListItem","position":3,"name":"Abierto en Richland"}]},{"@type":"WebSite","@id":"https:\/\/www.iccu.com\/es\/#website","url":"https:\/\/www.iccu.com\/es\/","name":"ICCU","description":"Looking after your daily balance.","publisher":{"@id":"https:\/\/www.iccu.com\/es\/#organization"},"alternateName":"ICCU","potentialAction":[{"@type":"SearchAction","target":{"@type":"EntryPoint","urlTemplate":"https:\/\/www.iccu.com\/es\/?s={search_term_string}"},"query-input":{"@type":"PropertyValueSpecification","valueRequired":true,"valueName":"search_term_string"}}],"inLanguage":"es"},{"@type":"Organization","@id":"https:\/\/www.iccu.com\/es\/#organization","name":"ICCU","url":"https:\/\/www.iccu.com\/es\/","logo":{"@type":"ImageObject","inLanguage":"es","@id":"https:\/\/www.iccu.com\/es\/#\/schema\/logo\/image\/","url":"https:\/\/www.iccu.com\/wp-content\/uploads\/2025\/03\/ICCU-logo-2color_696x696.png","contentUrl":"https:\/\/www.iccu.com\/wp-content\/uploads\/2025\/03\/ICCU-logo-2color_696x696.png","width":696,"height":696,"caption":"ICCU"},"image":{"@id":"https:\/\/www.iccu.com\/es\/#\/schema\/logo\/image\/"},"sameAs":["https:\/\/www.facebook.com\/IdahoCentralCreditUnion","https:\/\/x.com\/Idaho_Central","https:\/\/www.youtube.com\/idahocentralcu","https:\/\/www.linkedin.com\/company\/idahocentralcreditunion\/","https:\/\/www.instagram.com\/idahocentralcu\/"],"description":"ICCU is a state-chartered credit union in the western United States, headquartered in Chubbuck, Idaho. Whether you\u2019re banking in the branch or banking on the go, ICCU is looking after your daily balance. Get great rates on auto and home loans. Check out our Visa Rewards Cards. Discover more perks with Central Plus Checking. Bank your way with drive-thru, ATM, live video chat, mobile banking. Open Saturdays. We also offer investment, insurance, and business solutions. As a member of ICCU, you\u2019ll have a financial leader that\u2019s helping you achieve financial success. Routing Number: 324173626. NMLS ID: 433926.","email":"memberservice@iccu.com","telephone":"(800) 456-5067","foundingDate":"1940-06-28","taxID":"82-0217065","duns":"108135278","numberOfEmployees":{"@type":"QuantitativeValue","minValue":"1001","maxValue":"5000"}}]}},"_links":{"self":[{"href":"https:\/\/www.iccu.com\/es\/wp-json\/wp\/v2\/pages\/32975","targetHints":{"allow":["GET"]}}],"collection":[{"href":"https:\/\/www.iccu.com\/es\/wp-json\/wp\/v2\/pages"}],"about":[{"href":"https:\/\/www.iccu.com\/es\/wp-json\/wp\/v2\/types\/page"}],"author":[{"embeddable":true,"href":"https:\/\/www.iccu.com\/es\/wp-json\/wp\/v2\/users\/5"}],"replies":[{"embeddable":true,"href":"https:\/\/www.iccu.com\/es\/wp-json\/wp\/v2\/comments?post=32975"}],"version-history":[{"count":15,"href":"https:\/\/www.iccu.com\/es\/wp-json\/wp\/v2\/pages\/32975\/revisions"}],"predecessor-version":[{"id":34668,"href":"https:\/\/www.iccu.com\/es\/wp-json\/wp\/v2\/pages\/32975\/revisions\/34668"}],"up":[{"embeddable":true,"href":"https:\/\/www.iccu.com\/es\/wp-json\/wp\/v2\/pages\/19867"}],"wp:featuredmedia":[{"embeddable":true,"href":"https:\/\/www.iccu.com\/es\/wp-json\/wp\/v2\/media\/34324"}],"wp:attachment":[{"href":"https:\/\/www.iccu.com\/es\/wp-json\/wp\/v2\/media?parent=32975"}],"curies":[{"name":"wp","href":"https:\/\/api.w.org\/{rel}","templated":true}]}}