{"id":34417,"date":"2026-02-25T14:42:55","date_gmt":"2026-02-25T21:42:55","guid":{"rendered":"https:\/\/www.iccu.com\/membership\/calcoe\/convocatoria-de-reunion-extraordinaria-de-calcoe\/"},"modified":"2026-02-25T15:57:40","modified_gmt":"2026-02-25T22:57:40","slug":"special-meeting-notice","status":"publish","type":"page","link":"https:\/\/www.iccu.com\/es\/membership\/calcoe\/special-meeting-notice\/","title":{"rendered":"Aviso de reuni\u00f3n extraordinaria de CALCOE"},"content":{"rendered":"\n<div class=\"wp-block-group alignwide\"><div class=\"wp-block-group__inner-container is-layout-constrained wp-block-group-is-layout-constrained\">\n<p class=\"is-style-wide\">13 de enero de 2026<\/p>\n\n\n\n<h1 class=\"wp-block-heading alignwide has-text-align-left is-style-wide is-style-h3\" id=\"h-aviso-de-reunion-especial-de-los-miembros-de-calcoe-federal-credit-union\"><strong>Aviso de Reuni\u00f3n Especial de los Miembros de CALCOE Federal Credit Union<\/strong><\/h1>\n\n\n\n<p class=\"is-style-wide\">El 10 de septiembre de 2025, el Consejo de Administraci\u00f3n de CALCOE Federal Credit Union aprob\u00f3 una propuesta para fusionarse con Idaho Central Credit Union (ICCU). El Consejo de Administraci\u00f3n de CALCOE ha convocado una reuni\u00f3n especial para los miembros de CALCOE en la sucursal de Yakima situada en 1209 North 16th Avenue el 6 de marzo de 2026. La reuni\u00f3n especial sobre la fusi\u00f3n propuesta con ICCU comenzar\u00e1 a las 3:00 p.m. PST. Todas las papeletas deber\u00e1n presentarse antes de las 4:00pm PST, momento en el que se cerrar\u00e1 la votaci\u00f3n. El prop\u00f3sito de esta reuni\u00f3n es:    <\/p>\n\n\n\n<div class=\"wp-block-columns alignwide is-layout-flex wp-container-core-columns-is-layout-9d6595d7 wp-block-columns-is-layout-flex\">\n<div class=\"wp-block-column is-layout-flow wp-block-column-is-layout-flow\" style=\"flex-basis:100%\">\n<ol class=\"wp-block-list\">\n<li>Considerar y actuar sobre un plan y una propuesta de fusi\u00f3n de CALCOE con ICCU, por la que todos los activos y pasivos de CALCOE se fusionar\u00e1n con ICCU. Todos los miembros de CALCOE se convertir\u00e1n en miembros de ICCU y tendr\u00e1n derecho y recibir\u00e1n acciones de ICCU por las acciones que posean de CALCOE en la fecha efectiva de la fusi\u00f3n. <\/li>\n\n\n\n<li>Ratificar, confirmar y aprobar la acci\u00f3n del Consejo de Administraci\u00f3n de autorizar a los directivos de CALCOE, sujeto a la aprobaci\u00f3n de los miembros, a hacer todo lo necesario y ejecutar todos los acuerdos, documentos y otros papeles necesarios para llevar a cabo la fusi\u00f3n propuesta.<\/li>\n<\/ol>\n<\/div>\n<\/div>\n\n\n\n<p class=\"is-style-wide\">El Consejo de Administraci\u00f3n de CALCOE te anima a que asistas a la reuni\u00f3n y votes sobre la fusi\u00f3n propuesta. Tanto si esperas asistir a la reuni\u00f3n como si no, te instamos a que firmes, feches y devuelvas puntualmente la papeleta adjunta para votar sobre la fusi\u00f3n propuesta. <\/p>\n\n\n\n<p class=\"is-style-wide\">Si deseas enviar comentarios sobre la fusi\u00f3n para compartirlos con otros miembros, puedes enviarlos a la Administraci\u00f3n Nacional de Cooperativas de Cr\u00e9dito (NCUA) en https:\/\/ncua.gov\/support-services\/credit-union-resources-expansion\/credit union-merger-resources\/comments-proposed-credit-union-mergers.<\/p>\n\n\n\n<p class=\"is-style-wide has-md-font-size\">O por correo a:<br>NCUA &#8211; Office of Credit Union Resources and Expansion<br>1775 Duke Street<br>Alexandria, VA 22314<br>RE: Comunicaci\u00f3n de miembro a miembro para CALCOE FEDERAL CREDIT UNION<\/p>\n\n\n\n<p class=\"is-style-wide\">La NCUA publicar\u00e1 en su sitio web los comentarios recibidos de los miembros, junto con el nombre de \u00e9stos, con sujeci\u00f3n a las limitaciones y requisitos de su normativa.<\/p>\n\n\n\n<h2 class=\"wp-block-heading alignwide has-text-align-left is-style-wide is-style-h3\" id=\"h-otra-informacion-relacionada-con-la-fusion-propuesta\">Otra informaci\u00f3n relacionada con la fusi\u00f3n propuesta<\/h2>\n\n\n\n<p class=\"is-style-wide\">El Consejo de Administraci\u00f3n ha evaluado y analizado cuidadosamente los activos y pasivos de las cooperativas de cr\u00e9dito y el valor de las acciones de ambas cooperativas. Los estados financieros de ambas cooperativas de cr\u00e9dito, as\u00ed como los estados financieros combinados proyectados de la cooperativa de cr\u00e9dito continuadora, siguen como documentos separados. Adem\u00e1s, la siguiente informaci\u00f3n se aplica a la fusi\u00f3n propuesta.  <\/p>\n\n\n\n<p class=\"is-style-wide\">Motivo de la fusi\u00f3n: El Consejo de Administraci\u00f3n ha llegado a la conclusi\u00f3n de que la fusi\u00f3n propuesta es conveniente y redunda en inter\u00e9s de los miembros porque:<\/p>\n\n\n\n<div class=\"wp-block-columns alignwide is-layout-flex wp-container-core-columns-is-layout-9d6595d7 wp-block-columns-is-layout-flex\">\n<div class=\"wp-block-column is-layout-flow wp-block-column-is-layout-flow\" style=\"flex-basis:100%\">\n<ul class=\"wp-block-list is-style-wide\">\n<li>Cada vez es m\u00e1s dif\u00edcil mantenerse al d\u00eda de los r\u00e1pidos cambios normativos. ICCU dispone de los recursos necesarios para garantizar que tu cooperativa de cr\u00e9dito est\u00e9 al d\u00eda y cumpla la normativa. <\/li>\n\n\n\n<li>Cada vez es m\u00e1s dif\u00edcil ofrecer salarios y beneficios competitivos a los empleados que atienden tus cuentas. ICCU dispone de los recursos necesarios para garantizar que los empleados que atienden tus cuentas reciban un salario y unas prestaciones competitivos. La fusi\u00f3n tambi\u00e9n tendr\u00eda un impacto positivo en los empleados de CALCOE al abrir nuevas v\u00edas de promoci\u00f3n profesional, formaci\u00f3n y educaci\u00f3n.  <\/li>\n\n\n\n<li>Te mereces la \u00faltima tecnolog\u00eda para acceder a tus cuentas y protegerlas. El enfoque de ICCU en la seguridad y la tecnolog\u00eda mejorar\u00e1 la experiencia financiera de los miembros de CALCOE. <\/li>\n\n\n\n<li>Nuestra Cooperativa de Cr\u00e9dito, junto con el Valle de Yakima, saldr\u00e1 enormemente beneficiada de la fusi\u00f3n propuesta con ICCU, una cooperativa de cr\u00e9dito profundamente comprometida con el enriquecimiento de las vidas de sus miembros y la elevaci\u00f3n de las comunidades en las que prestan sus servicios.<\/li>\n\n\n\n<li>Creemos que ICCU es una gran elecci\u00f3n para una fusi\u00f3n y que recoger\u00e1n el testigo donde lo dej\u00f3 CALCOE y te llevar\u00e1n hacia el futuro.<\/li>\n<\/ul>\n<\/div>\n<\/div>\n\n\n\n<p class=\"is-style-wide\"><strong>Ajuste o distribuci\u00f3n de acciones:<\/strong> CALCOE no distribuir\u00e1 una parte de su patrimonio neto a sus miembros en la fusi\u00f3n. El Consejo de Administraci\u00f3n ha determinado que es innecesario un ajuste de acciones u otra distribuci\u00f3n del patrimonio neto de CALCOE. ICCU tiene un dep\u00f3sito m\u00ednimo de acciones de $25 y el de CALCOE es de $5. Una vez completada la fusi\u00f3n, ICCU depositar\u00e1 $20 en cada una de las acciones regulares de los miembros que se fusionen para garantizar que todas cumplen el requisito del valor m\u00ednimo de las acciones.   <\/p>\n\n\n\n<p class=\"is-style-wide\"><strong>Patrimonio neto: <\/strong>El patrimonio neto de una cooperativa de cr\u00e9dito que se fusiona se transfiere a la cooperativa de cr\u00e9dito que contin\u00faa en el momento de la fusi\u00f3n. CALCOE tiene un coeficiente de patrimonio neto superior al de ICCU, mientras que el patrimonio neto total de ICCU de $1.07 mil millones de d\u00f3lares es superior al patrimonio neto total de CALCOE de $5.1 millones de d\u00f3lares. <\/p>\n\n\n\n<h2 class=\"wp-block-heading alignwide has-text-align-left is-style-wide is-style-h3\" id=\"h-ubicaciones-de-las-cooperativas-de-credito-que-se-fusionan-y-continuan\">Ubicaciones de las cooperativas de cr\u00e9dito que se fusionan y contin\u00faan<\/h2>\n\n\n\n<p class=\"is-style-wide\">Las sucursales actuales de CALCOE seguir\u00e1n abiertas y disponibles tras la fusi\u00f3n; adem\u00e1s, tendr\u00e1s acceso a la sucursal local de ICCU en Kennewick:<\/p>\n\n\n\n<figure class=\"wp-block-table alignwide has-md-font-size\"><table class=\"has-fixed-layout\"><tbody><tr><td><strong>Sucursal de Yakima &#8211; Oficina principal<\/strong><br>1209 North 16th Avenue<br>Yakima, WA 98902<\/td><td><strong>Sucursal de Moxee<\/strong><br>223 West Moxee Avenue<br>Moxee, WA 98936<\/td><td><strong>ICCU Sucursal de Kennewick<\/strong><br>3270 S Zintel Way<br>Kennewick, WA 99337<\/td><\/tr><\/tbody><\/table><\/figure>\n\n\n\n<h2 class=\"wp-block-heading alignwide is-style-h3\" id=\"h-cambios-en-los-servicios-y-prestaciones-a-los-afiliados\">Cambios en los servicios y prestaciones a los afiliados<\/h2>\n\n\n\n<p class=\"is-style-wide\">Una vez completada la fusi\u00f3n, tendr\u00e1s acceso a tres sucursales locales, as\u00ed como a sucursales y cajeros autom\u00e1ticos en Idaho, Arizona y el este de Washington. Puedes acceder a una lista completa de las ubicaciones de ICCU en <a href=\"https:\/\/www.iccu.com\/es\/locations\/\">https:\/\/www.iccu.com\/es\/locations\/.<\/a><\/p>\n\n\n\n<p class=\"is-style-wide\">Tambi\u00e9n tendr\u00e1s acceso a una amplia gama de servicios digitales, como la extensa red de cajeros autom\u00e1ticos de CO-OP, los servicios de VideoChat y la banca m\u00f3vil y online eBranch. Dentro de la banca online, tendr\u00e1s acceso a varias funciones, como pago de facturas, Zelle\u00ae, dep\u00f3sito m\u00f3vil, CardControl, control de cr\u00e9dito, alertas de cuenta y mucho m\u00e1s. <\/p>\n\n\n\n<h2 class=\"wp-block-heading alignwide is-style-h3\" id=\"h-acuerdos-financieros-relacionados-con-la-fusion\">Acuerdos financieros relacionados con la fusi\u00f3n<\/h2>\n\n\n\n<p class=\"is-style-wide\">Acuerdos financieros relacionados con la fusi\u00f3n: La normativa de la NCUA exige que las cooperativas de cr\u00e9dito que se fusionen revelen ciertos aumentos de remuneraci\u00f3n que cualquiera de los directivos de la cooperativa de cr\u00e9dito fusionada o los cinco empleados mejor remunerados hayan recibido o vayan a recibir en relaci\u00f3n con la fusi\u00f3n.<\/p>\n\n\n\n<p class=\"is-style-wide\">Las divulgaciones que figuran a continuaci\u00f3n son necesarias para los siguientes empleados de CALCOE (denominados \u00abpersonas cubiertas\u00bb):<\/p>\n\n\n\n<div class=\"wp-block-columns alignwide is-layout-flex wp-container-core-columns-is-layout-9d6595d7 wp-block-columns-is-layout-flex\">\n<div class=\"wp-block-column is-layout-flow wp-block-column-is-layout-flow\">\n<ul class=\"wp-block-list\">\n<li>Leslie Johnson, Presidenta\/Directora General<\/li>\n<\/ul>\n<\/div>\n<\/div>\n\n\n\n<p class=\"is-style-wide\"><strong>Bonificaciones por retenci\u00f3n:<\/strong> La cooperativa de cr\u00e9dito continua se compromete a retener al personal de CALCOE que los miembros conocen y en el que conf\u00edan. Las primas de retenci\u00f3n se utilizan habitualmente en las fusiones de cooperativas de cr\u00e9dito para incentivar a los empleados de una cooperativa de cr\u00e9dito que se fusiona para que sigan trabajando en la cooperativa de cr\u00e9dito que contin\u00faa. La retenci\u00f3n de empleados proporciona beneficios a los miembros al garantizar que siguen trabajando con el personal de CALCOE con el que se han acostumbrado a trabajar, al tiempo que reduce los gastos y las ineficiencias asociadas a tener que contratar y formar a nuevos empleados para sustituir a los empleados que se marchan en relaci\u00f3n con la fusi\u00f3n. Siempre que el empleado cubierto permanezca empleado de forma continua en la Cooperativa de Cr\u00e9dito hasta el primer aniversario de la fecha efectiva de la fusi\u00f3n, la Sra. Johnson tendr\u00e1 derecho a recibir una prima de retenci\u00f3n igual a $13,600, pagadera en la primera fecha de n\u00f3mina ordinaria posterior al primer aniversario de la fusi\u00f3n. Adem\u00e1s, siempre que la Sra. Johnson siga empleada de forma continua en la Cooperativa de Cr\u00e9dito hasta el segundo aniversario de la fecha de la fusi\u00f3n, la ejecutiva tendr\u00e1 derecho a recibir una prima de retenci\u00f3n adicional igual a $13,600, pagadera en la primera fecha de n\u00f3mina ordinaria posterior al segundo aniversario de la fusi\u00f3n.    <\/p>\n\n\n\n<p class=\"is-style-wide\"><strong>Acuerdos de empleo:<\/strong> En relaci\u00f3n con la fusi\u00f3n, la Sra. Johnson ha suscrito un acuerdo de empleo con la cooperativa de cr\u00e9dito continuadora que entrar\u00e1 en vigor tras el cierre de la fusi\u00f3n. El acuerdo de empleo confirma que la Sra. Jonson seguir\u00e1 empleada como Estratega de Mercado en la cooperativa de cr\u00e9dito continuadora tras la fusi\u00f3n, lo que beneficia a los miembros al garantizar su disponibilidad para ayudar en la transici\u00f3n de los productos, servicios y tecnolog\u00edas de CALCOE a ICCU. El acuerdo de empleo permanecer\u00e1 en vigor durante dos (2) a\u00f1os tras la fecha efectiva de la fusi\u00f3n. Seg\u00fan el acuerdo de empleo, la Sra. Johnson recibir\u00e1 un salario base de $136,000 anuales que se prorratear\u00e1 a partir de la fecha efectiva. El salario base actual de la Sra. Johnson con CALCOE FCU es de $129,973. Acuerdo de D\u00f3lar Dividido: ICCU establecer\u00e1 un acuerdo de d\u00f3lar dividido de asignaci\u00f3n colateral para el director ejecutivo de la cooperativa de cr\u00e9dito fusionada, que despu\u00e9s de cinco a\u00f1os y medio tras la fecha de entrada en vigor se prev\u00e9 que proporcione acceso a $30,000 anuales durante un periodo de veinte (20) a\u00f1os. En caso de cese del ejecutivo sin causa (que no sea por fallecimiento o incapacidad) o de dimisi\u00f3n voluntaria por motivos justificados (seg\u00fan se definen en el contrato de trabajo), la cooperativa de cr\u00e9dito continuadora pagar\u00e1 las obligaciones devengadas en el plazo de diez (10) d\u00edas a partir de la fecha efectiva de la liberaci\u00f3n, y en la medida en que no se hayan pagado, las primas de retenci\u00f3n ser\u00e1n pagaderas en el plazo de diez (10) d\u00edas a partir de la fecha efectiva de la liberaci\u00f3n. Adem\u00e1s, la(s) persona(s) cubierta(s) tiene(n) derecho a participar en el plan de salud colectivo de la cooperativa de cr\u00e9dito continua conforme a COBRA durante los dieciocho (18) meses siguientes a su fecha de cese, por lo que la cooperativa de cr\u00e9dito continua abonar\u00e1 un pago \u00fanico en efectivo igual al coste de las primas mensuales, que la(s) persona(s) cubierta(s) podr\u00e1(n) utilizar para pagar directamente las primas mensuales.       <\/p>\n\n\n\n<p class=\"is-style-wide\"><strong>Cese Voluntario:<\/strong> La(s) persona(s) cubierta(s) podr\u00e1(n) renunciar a su empleo durante el plazo de vigencia previa notificaci\u00f3n por escrito a la Cooperativa de Cr\u00e9dito con al menos treinta (30) d\u00edas de antelaci\u00f3n, con la condici\u00f3n, no obstante, de que la Cooperativa de Cr\u00e9dito podr\u00e1 acelerar la fecha de rescisi\u00f3n tras la recepci\u00f3n de la notificaci\u00f3n por escrito. En caso de que la(s) persona(s) cubierta(s) renuncie(n), la \u00fanica obligaci\u00f3n de la Cooperativa de Cr\u00e9dito continuadora ser\u00e1 el pago de las obligaciones devengadas. <\/p>\n\n\n\n<p class=\"is-style-wide\">Ning\u00fan miembro del Consejo de Administraci\u00f3n u otro funcionario de CALCOE Federal Credit Union tiene derecho a recibir pagos o beneficios en virtud de ning\u00fan acuerdo financiero relacionado con la fusi\u00f3n.<\/p>\n\n\n\n<p class=\"is-style-wide\">Se adjunta a esta Notificaci\u00f3n de reuni\u00f3n extraordinaria una papeleta de votaci\u00f3n para la propuesta de fusi\u00f3n. Si no puedes asistir a la reuni\u00f3n, rellena la papeleta y env\u00edala a CALCOE Federal Credit Union, 1209 North 16th Avenue, Yakima, WA 98902. Para ser contabilizada, tu papeleta debe recibirse antes del 6 de marzo de 2026. Ten en cuenta que la fusi\u00f3n propuesta debe contar con la aprobaci\u00f3n de la mayor\u00eda de los miembros que voten.   <\/p>\n\n\n\n<p class=\"is-style-wide\"><strong>POR ORDEN DEL CONSEJO DE ADMINISTRACI\u00d3N<\/strong><\/p>\n\n\n\n<p class=\"is-style-wide\">Tony Roth, Presidente de la Junta<\/p>\n<\/div><\/div>\n\n\n\n<style>.entry-content .wp-block-group p, .entry-content>p {\n    padding: 0;\n}\n\n.entry-content ol, .entry-content ul {\n    margin-top: 0 !important;\n}\n\nol, ul {\n    font-family: var(--list--font-family);\n    margin: 0;\n    padding-left: 20px;\n}\n<\/style>\n","protected":false},"excerpt":{"rendered":"<p>13 de enero de 2026 Aviso de Reuni\u00f3n Especial de los Miembros de CALCOE Federal Credit Union El 10 de [&hellip;]<\/p>\n","protected":false},"author":5,"featured_media":0,"parent":34399,"menu_order":0,"comment_status":"closed","ping_status":"closed","template":"landing-page.php","meta":{"_acf_changed":false,"_searchwp_excluded":"","footnotes":""},"class_list":["post-34417","page","type-page","status-publish","hentry"],"acf":[],"yoast_head":"<!-- This site is optimized with the Yoast SEO Premium plugin v27.2 (Yoast SEO v27.3) - https:\/\/yoast.com\/product\/yoast-seo-premium-wordpress\/ -->\n<title>Aviso de reuni\u00f3n extraordinaria de CALCOE - ICCU<\/title>\n<meta name=\"robots\" content=\"noindex, nofollow\" \/>\n<meta property=\"og:locale\" content=\"es_ES\" \/>\n<meta property=\"og:type\" content=\"article\" \/>\n<meta property=\"og:title\" content=\"Aviso de reuni\u00f3n extraordinaria de CALCOE\" \/>\n<meta property=\"og:description\" content=\"13 de enero de 2026 Aviso de Reuni\u00f3n Especial de los Miembros de CALCOE Federal Credit Union El 10 de [&hellip;]\" \/>\n<meta property=\"og:url\" content=\"https:\/\/www.iccu.com\/es\/membership\/calcoe\/special-meeting-notice\/\" \/>\n<meta property=\"og:site_name\" content=\"ICCU\" \/>\n<meta property=\"article:publisher\" content=\"https:\/\/www.facebook.com\/IdahoCentralCreditUnion\" \/>\n<meta property=\"article:modified_time\" content=\"2026-02-25T22:57:40+00:00\" \/>\n<meta name=\"twitter:card\" content=\"summary_large_image\" \/>\n<meta name=\"twitter:site\" content=\"@Idaho_Central\" \/>\n<meta name=\"twitter:label1\" content=\"Tiempo de lectura\" \/>\n\t<meta name=\"twitter:data1\" content=\"9 minutos\" \/>\n<script type=\"application\/ld+json\" class=\"yoast-schema-graph\">{\"@context\":\"https:\\\/\\\/schema.org\",\"@graph\":[{\"@type\":\"WebPage\",\"@id\":\"https:\\\/\\\/www.iccu.com\\\/es\\\/membership\\\/calcoe\\\/special-meeting-notice\\\/\",\"url\":\"https:\\\/\\\/www.iccu.com\\\/es\\\/membership\\\/calcoe\\\/special-meeting-notice\\\/\",\"name\":\"Aviso de reuni\u00f3n extraordinaria de CALCOE - ICCU\",\"isPartOf\":{\"@id\":\"https:\\\/\\\/www.iccu.com\\\/es\\\/#website\"},\"datePublished\":\"2026-02-25T21:42:55+00:00\",\"dateModified\":\"2026-02-25T22:57:40+00:00\",\"breadcrumb\":{\"@id\":\"https:\\\/\\\/www.iccu.com\\\/es\\\/membership\\\/calcoe\\\/special-meeting-notice\\\/#breadcrumb\"},\"inLanguage\":\"es\",\"potentialAction\":[{\"@type\":\"ReadAction\",\"target\":[\"https:\\\/\\\/www.iccu.com\\\/es\\\/membership\\\/calcoe\\\/special-meeting-notice\\\/\"]}]},{\"@type\":\"BreadcrumbList\",\"@id\":\"https:\\\/\\\/www.iccu.com\\\/es\\\/membership\\\/calcoe\\\/special-meeting-notice\\\/#breadcrumb\",\"itemListElement\":[{\"@type\":\"ListItem\",\"position\":1,\"name\":\"Home\",\"item\":\"https:\\\/\\\/www.iccu.com\\\/es\\\/\"},{\"@type\":\"ListItem\",\"position\":2,\"name\":\"Hazte miembro\",\"item\":\"https:\\\/\\\/www.iccu.com\\\/es\\\/membership\\\/\"},{\"@type\":\"ListItem\",\"position\":3,\"name\":\"ICCU + CALCOE: Informaci\u00f3n sobre la fusi\u00f3n\",\"item\":\"https:\\\/\\\/www.iccu.com\\\/es\\\/membership\\\/calcoe\\\/\"},{\"@type\":\"ListItem\",\"position\":4,\"name\":\"Aviso de reuni\u00f3n extraordinaria de CALCOE\"}]},{\"@type\":\"WebSite\",\"@id\":\"https:\\\/\\\/www.iccu.com\\\/es\\\/#website\",\"url\":\"https:\\\/\\\/www.iccu.com\\\/es\\\/\",\"name\":\"ICCU\",\"description\":\"Looking after your daily balance.\",\"publisher\":{\"@id\":\"https:\\\/\\\/www.iccu.com\\\/es\\\/#organization\"},\"alternateName\":\"ICCU\",\"potentialAction\":[{\"@type\":\"SearchAction\",\"target\":{\"@type\":\"EntryPoint\",\"urlTemplate\":\"https:\\\/\\\/www.iccu.com\\\/es\\\/?s={search_term_string}\"},\"query-input\":{\"@type\":\"PropertyValueSpecification\",\"valueRequired\":true,\"valueName\":\"search_term_string\"}}],\"inLanguage\":\"es\"},{\"@type\":\"Organization\",\"@id\":\"https:\\\/\\\/www.iccu.com\\\/es\\\/#organization\",\"name\":\"ICCU\",\"url\":\"https:\\\/\\\/www.iccu.com\\\/es\\\/\",\"logo\":{\"@type\":\"ImageObject\",\"inLanguage\":\"es\",\"@id\":\"https:\\\/\\\/www.iccu.com\\\/es\\\/#\\\/schema\\\/logo\\\/image\\\/\",\"url\":\"https:\\\/\\\/www.iccu.com\\\/wp-content\\\/uploads\\\/2025\\\/03\\\/ICCU-logo-2color_696x696.png\",\"contentUrl\":\"https:\\\/\\\/www.iccu.com\\\/wp-content\\\/uploads\\\/2025\\\/03\\\/ICCU-logo-2color_696x696.png\",\"width\":696,\"height\":696,\"caption\":\"ICCU\"},\"image\":{\"@id\":\"https:\\\/\\\/www.iccu.com\\\/es\\\/#\\\/schema\\\/logo\\\/image\\\/\"},\"sameAs\":[\"https:\\\/\\\/www.facebook.com\\\/IdahoCentralCreditUnion\",\"https:\\\/\\\/x.com\\\/Idaho_Central\",\"https:\\\/\\\/www.youtube.com\\\/idahocentralcu\",\"https:\\\/\\\/www.linkedin.com\\\/company\\\/idahocentralcreditunion\\\/\",\"https:\\\/\\\/www.instagram.com\\\/idahocentralcu\\\/\"],\"description\":\"ICCU is a state-chartered credit union in the western United States, headquartered in Chubbuck, Idaho. Whether you\u2019re banking in the branch or banking on the go, ICCU is looking after your daily balance. Get great rates on auto and home loans. Check out our Visa Rewards Cards. Discover more perks with Central Plus Checking. Bank your way with drive-thru, ATM, live video chat, mobile banking. Open Saturdays. We also offer investment, insurance, and business solutions. As a member of ICCU, you\u2019ll have a financial leader that\u2019s helping you achieve financial success. Routing Number: 324173626. NMLS ID: 433926.\",\"email\":\"memberservice@iccu.com\",\"telephone\":\"(800) 456-5067\",\"foundingDate\":\"1940-06-28\",\"taxID\":\"82-0217065\",\"duns\":\"108135278\",\"numberOfEmployees\":{\"@type\":\"QuantitativeValue\",\"minValue\":\"1001\",\"maxValue\":\"5000\"}}]}<\/script>\n<!-- \/ Yoast SEO Premium plugin. -->","yoast_head_json":{"title":"Aviso de reuni\u00f3n extraordinaria de CALCOE - ICCU","robots":{"index":"noindex","follow":"nofollow"},"og_locale":"es_ES","og_type":"article","og_title":"Aviso de reuni\u00f3n extraordinaria de CALCOE","og_description":"13 de enero de 2026 Aviso de Reuni\u00f3n Especial de los Miembros de CALCOE Federal Credit Union El 10 de [&hellip;]","og_url":"https:\/\/www.iccu.com\/es\/membership\/calcoe\/special-meeting-notice\/","og_site_name":"ICCU","article_publisher":"https:\/\/www.facebook.com\/IdahoCentralCreditUnion","article_modified_time":"2026-02-25T22:57:40+00:00","twitter_card":"summary_large_image","twitter_site":"@Idaho_Central","twitter_misc":{"Tiempo de lectura":"9 minutos"},"schema":{"@context":"https:\/\/schema.org","@graph":[{"@type":"WebPage","@id":"https:\/\/www.iccu.com\/es\/membership\/calcoe\/special-meeting-notice\/","url":"https:\/\/www.iccu.com\/es\/membership\/calcoe\/special-meeting-notice\/","name":"Aviso de reuni\u00f3n extraordinaria de CALCOE - ICCU","isPartOf":{"@id":"https:\/\/www.iccu.com\/es\/#website"},"datePublished":"2026-02-25T21:42:55+00:00","dateModified":"2026-02-25T22:57:40+00:00","breadcrumb":{"@id":"https:\/\/www.iccu.com\/es\/membership\/calcoe\/special-meeting-notice\/#breadcrumb"},"inLanguage":"es","potentialAction":[{"@type":"ReadAction","target":["https:\/\/www.iccu.com\/es\/membership\/calcoe\/special-meeting-notice\/"]}]},{"@type":"BreadcrumbList","@id":"https:\/\/www.iccu.com\/es\/membership\/calcoe\/special-meeting-notice\/#breadcrumb","itemListElement":[{"@type":"ListItem","position":1,"name":"Home","item":"https:\/\/www.iccu.com\/es\/"},{"@type":"ListItem","position":2,"name":"Hazte miembro","item":"https:\/\/www.iccu.com\/es\/membership\/"},{"@type":"ListItem","position":3,"name":"ICCU + CALCOE: Informaci\u00f3n sobre la fusi\u00f3n","item":"https:\/\/www.iccu.com\/es\/membership\/calcoe\/"},{"@type":"ListItem","position":4,"name":"Aviso de reuni\u00f3n extraordinaria de CALCOE"}]},{"@type":"WebSite","@id":"https:\/\/www.iccu.com\/es\/#website","url":"https:\/\/www.iccu.com\/es\/","name":"ICCU","description":"Looking after your daily balance.","publisher":{"@id":"https:\/\/www.iccu.com\/es\/#organization"},"alternateName":"ICCU","potentialAction":[{"@type":"SearchAction","target":{"@type":"EntryPoint","urlTemplate":"https:\/\/www.iccu.com\/es\/?s={search_term_string}"},"query-input":{"@type":"PropertyValueSpecification","valueRequired":true,"valueName":"search_term_string"}}],"inLanguage":"es"},{"@type":"Organization","@id":"https:\/\/www.iccu.com\/es\/#organization","name":"ICCU","url":"https:\/\/www.iccu.com\/es\/","logo":{"@type":"ImageObject","inLanguage":"es","@id":"https:\/\/www.iccu.com\/es\/#\/schema\/logo\/image\/","url":"https:\/\/www.iccu.com\/wp-content\/uploads\/2025\/03\/ICCU-logo-2color_696x696.png","contentUrl":"https:\/\/www.iccu.com\/wp-content\/uploads\/2025\/03\/ICCU-logo-2color_696x696.png","width":696,"height":696,"caption":"ICCU"},"image":{"@id":"https:\/\/www.iccu.com\/es\/#\/schema\/logo\/image\/"},"sameAs":["https:\/\/www.facebook.com\/IdahoCentralCreditUnion","https:\/\/x.com\/Idaho_Central","https:\/\/www.youtube.com\/idahocentralcu","https:\/\/www.linkedin.com\/company\/idahocentralcreditunion\/","https:\/\/www.instagram.com\/idahocentralcu\/"],"description":"ICCU is a state-chartered credit union in the western United States, headquartered in Chubbuck, Idaho. Whether you\u2019re banking in the branch or banking on the go, ICCU is looking after your daily balance. Get great rates on auto and home loans. Check out our Visa Rewards Cards. Discover more perks with Central Plus Checking. Bank your way with drive-thru, ATM, live video chat, mobile banking. Open Saturdays. We also offer investment, insurance, and business solutions. As a member of ICCU, you\u2019ll have a financial leader that\u2019s helping you achieve financial success. Routing Number: 324173626. NMLS ID: 433926.","email":"memberservice@iccu.com","telephone":"(800) 456-5067","foundingDate":"1940-06-28","taxID":"82-0217065","duns":"108135278","numberOfEmployees":{"@type":"QuantitativeValue","minValue":"1001","maxValue":"5000"}}]}},"_links":{"self":[{"href":"https:\/\/www.iccu.com\/es\/wp-json\/wp\/v2\/pages\/34417","targetHints":{"allow":["GET"]}}],"collection":[{"href":"https:\/\/www.iccu.com\/es\/wp-json\/wp\/v2\/pages"}],"about":[{"href":"https:\/\/www.iccu.com\/es\/wp-json\/wp\/v2\/types\/page"}],"author":[{"embeddable":true,"href":"https:\/\/www.iccu.com\/es\/wp-json\/wp\/v2\/users\/5"}],"replies":[{"embeddable":true,"href":"https:\/\/www.iccu.com\/es\/wp-json\/wp\/v2\/comments?post=34417"}],"version-history":[{"count":4,"href":"https:\/\/www.iccu.com\/es\/wp-json\/wp\/v2\/pages\/34417\/revisions"}],"predecessor-version":[{"id":34425,"href":"https:\/\/www.iccu.com\/es\/wp-json\/wp\/v2\/pages\/34417\/revisions\/34425"}],"up":[{"embeddable":true,"href":"https:\/\/www.iccu.com\/es\/wp-json\/wp\/v2\/pages\/34399"}],"wp:attachment":[{"href":"https:\/\/www.iccu.com\/es\/wp-json\/wp\/v2\/media?parent=34417"}],"curies":[{"name":"wp","href":"https:\/\/api.w.org\/{rel}","templated":true}]}}